{"id":7904,"date":"2019-09-18T18:56:58","date_gmt":"2019-09-18T16:56:58","guid":{"rendered":"https:\/\/ebroh.es\/productos\/sem%20categoria\/strada-20th-electric-scooter-bau\/"},"modified":"2023-04-13T09:36:38","modified_gmt":"2023-04-13T07:36:38","slug":"strada-20th-electric-scooter-bau","status":"publish","type":"product","link":"https:\/\/ebroh.eu\/pt-pt\/produto\/e-maxi-scooters-pt-pt\/strada-20th-electric-scooter-bau\/","title":{"rendered":"Strada 20th Electric Scooter Ba\u00fa"},"content":{"rendered":"","protected":false},"excerpt":{"rendered":"<p><span class=\"tlid-translation translation\" lang=\"pt\"><span class=\"\" title=\"\">Ba\u00fa de grande capacidade n\u00e3o incluso no pre\u00e7o.<\/span><\/span><\/p>\n<p><span title=\"\">Suporte refor\u00e7ado.<\/span><\/p>\n<p><span title=\"\">Com refletores catadi\u00f3ptricos para condu\u00e7\u00e3o noturna.<\/span><\/p>\n<p><strong><span title=\"\">Dimens\u00f5es:<\/span><\/strong><\/p>\n<p><span title=\"\">Largura: 60 cm<\/span><br \/>\n<span title=\"\">Altura: 27 cm<\/span><br \/>\n<span class=\"\" title=\"\">Profundidade: 45cm<\/span><\/p>\n","protected":false},"featured_media":5419,"comment_status":"closed","ping_status":"closed","template":"","meta":[],"product_brand":[],"product_cat":[1034],"product_tag":[],"class_list":{"0":"post-7904","1":"product","2":"type-product","3":"status-publish","4":"has-post-thumbnail","6":"product_cat-e-maxi-scooters-pt-pt","8":"first","9":"outofstock","10":"taxable","11":"shipping-taxable","12":"product-type-variable","13":"has-default-attributes"},"_links":{"self":[{"href":"https:\/\/ebroh.eu\/pt-pt\/wp-json\/wp\/v2\/product\/7904","targetHints":{"allow":["GET"]}}],"collection":[{"href":"https:\/\/ebroh.eu\/pt-pt\/wp-json\/wp\/v2\/product"}],"about":[{"href":"https:\/\/ebroh.eu\/pt-pt\/wp-json\/wp\/v2\/types\/product"}],"replies":[{"embeddable":true,"href":"https:\/\/ebroh.eu\/pt-pt\/wp-json\/wp\/v2\/comments?post=7904"}],"wp:featuredmedia":[{"embeddable":true,"href":"https:\/\/ebroh.eu\/pt-pt\/wp-json\/wp\/v2\/media\/5419"}],"wp:attachment":[{"href":"https:\/\/ebroh.eu\/pt-pt\/wp-json\/wp\/v2\/media?parent=7904"}],"wp:term":[{"taxonomy":"product_brand","embeddable":true,"href":"https:\/\/ebroh.eu\/pt-pt\/wp-json\/wp\/v2\/product_brand?post=7904"},{"taxonomy":"product_cat","embeddable":true,"href":"https:\/\/ebroh.eu\/pt-pt\/wp-json\/wp\/v2\/product_cat?post=7904"},{"taxonomy":"product_tag","embeddable":true,"href":"https:\/\/ebroh.eu\/pt-pt\/wp-json\/wp\/v2\/product_tag?post=7904"}],"curies":[{"name":"wp","href":"https:\/\/api.w.org\/{rel}","templated":true}]}}