{"id":7898,"date":"2019-09-19T17:49:20","date_gmt":"2019-09-19T15:49:20","guid":{"rendered":"https:\/\/ebroh.es\/productos\/sem%20categoria\/strada-max-scooter-bau-eletrica\/"},"modified":"2020-12-14T14:13:39","modified_gmt":"2020-12-14T12:13:39","slug":"strada-max-scooter-bau-eletrica","status":"publish","type":"product","link":"https:\/\/ebroh.eu\/pt-pt\/produto\/sem categoria\/strada-max-scooter-bau-eletrica\/","title":{"rendered":"Strada Max Scooter Ba\u00fa El\u00e9trica"},"content":{"rendered":"","protected":false},"excerpt":{"rendered":"<p><span class=\"tlid-translation translation\" lang=\"pt\"><span class=\"\" title=\"\">Ba\u00fa de grande capacidade n\u00e3o incluso no pre\u00e7o.<\/span><\/p>\n<p><span class=\"\" title=\"\">Inclui suporte.<\/span><\/p>\n<p><span class=\"\" title=\"\">Com refletores catadi\u00f3ptricos para condu\u00e7\u00e3o noturna.<\/span><\/p>\n<p><strong><span title=\"\">Dimens\u00f5es:<\/span><\/strong><\/p>\n<p><span title=\"\">Largura: 60 cm<\/span><br \/><span class=\"\" title=\"\">Altura: 27 cm<\/span><br \/><span class=\"\" title=\"\">Profundidade: 45cm<\/span><\/span><\/p>\n","protected":false},"featured_media":0,"comment_status":"closed","ping_status":"closed","template":"","meta":[],"product_brand":[],"product_cat":[],"product_tag":[],"class_list":{"0":"post-7898","1":"product","2":"type-product","3":"status-publish","6":"first","7":"instock","8":"taxable","9":"shipping-taxable","10":"product-type-variable"},"_links":{"self":[{"href":"https:\/\/ebroh.eu\/pt-pt\/wp-json\/wp\/v2\/product\/7898","targetHints":{"allow":["GET"]}}],"collection":[{"href":"https:\/\/ebroh.eu\/pt-pt\/wp-json\/wp\/v2\/product"}],"about":[{"href":"https:\/\/ebroh.eu\/pt-pt\/wp-json\/wp\/v2\/types\/product"}],"replies":[{"embeddable":true,"href":"https:\/\/ebroh.eu\/pt-pt\/wp-json\/wp\/v2\/comments?post=7898"}],"wp:attachment":[{"href":"https:\/\/ebroh.eu\/pt-pt\/wp-json\/wp\/v2\/media?parent=7898"}],"wp:term":[{"taxonomy":"product_brand","embeddable":true,"href":"https:\/\/ebroh.eu\/pt-pt\/wp-json\/wp\/v2\/product_brand?post=7898"},{"taxonomy":"product_cat","embeddable":true,"href":"https:\/\/ebroh.eu\/pt-pt\/wp-json\/wp\/v2\/product_cat?post=7898"},{"taxonomy":"product_tag","embeddable":true,"href":"https:\/\/ebroh.eu\/pt-pt\/wp-json\/wp\/v2\/product_tag?post=7898"}],"curies":[{"name":"wp","href":"https:\/\/api.w.org\/{rel}","templated":true}]}}