{"id":5990,"date":"2020-01-27T19:10:48","date_gmt":"2020-01-27T17:10:50","guid":{"rendered":"https:\/\/ebroh.es\/?post_type=product&#038;p=5990"},"modified":"2023-04-12T08:55:58","modified_gmt":"2023-04-12T06:55:58","slug":"scooter-eletrico-veracruz-5k","status":"publish","type":"product","link":"https:\/\/ebroh.eu\/pt-pt\/produto\/e-scooters-pt-pt\/scooter-eletrico-veracruz-5k\/","title":{"rendered":"Scooter el\u00e9trico Veracruz 5K"},"content":{"rendered":"","protected":false},"excerpt":{"rendered":"<p><span class=\"tlid-translation translation\" lang=\"pt\"><span title=\"\">Dispon\u00edvel em v\u00e1rios cores<\/span><\/span><\/p>\n<p><span title=\"\">Duas baterias de l\u00edtio remov\u00edveis.<\/span><\/p>\n<p>Matr\u00edcula e transporte N\u00c3O inclu\u00eddos no pre\u00e7o.<\/p>\n<p><a href=\"https:\/\/ebroh.es\/pt-pt\/politica-de-garantia\/\"><span title=\"\">Pol\u00edtica de Garantia<\/span><\/a><\/p>\n<p><a href=\"https:\/\/ebroh.es\/pt-pt\/cadastro\/\"><span class=\"\" title=\"\">Documenta\u00e7\u00e3o de Registro<\/span><\/a><\/p>\n","protected":false},"featured_media":14285,"comment_status":"closed","ping_status":"closed","template":"","meta":[],"product_brand":[],"product_cat":[289],"product_tag":[],"class_list":{"0":"post-5990","1":"product","2":"type-product","3":"status-publish","4":"has-post-thumbnail","6":"product_cat-e-scooters-pt-pt","8":"first","9":"instock","10":"taxable","11":"shipping-taxable","12":"product-type-variable","13":"has-default-attributes"},"_links":{"self":[{"href":"https:\/\/ebroh.eu\/pt-pt\/wp-json\/wp\/v2\/product\/5990","targetHints":{"allow":["GET"]}}],"collection":[{"href":"https:\/\/ebroh.eu\/pt-pt\/wp-json\/wp\/v2\/product"}],"about":[{"href":"https:\/\/ebroh.eu\/pt-pt\/wp-json\/wp\/v2\/types\/product"}],"replies":[{"embeddable":true,"href":"https:\/\/ebroh.eu\/pt-pt\/wp-json\/wp\/v2\/comments?post=5990"}],"wp:featuredmedia":[{"embeddable":true,"href":"https:\/\/ebroh.eu\/pt-pt\/wp-json\/wp\/v2\/media\/14285"}],"wp:attachment":[{"href":"https:\/\/ebroh.eu\/pt-pt\/wp-json\/wp\/v2\/media?parent=5990"}],"wp:term":[{"taxonomy":"product_brand","embeddable":true,"href":"https:\/\/ebroh.eu\/pt-pt\/wp-json\/wp\/v2\/product_brand?post=5990"},{"taxonomy":"product_cat","embeddable":true,"href":"https:\/\/ebroh.eu\/pt-pt\/wp-json\/wp\/v2\/product_cat?post=5990"},{"taxonomy":"product_tag","embeddable":true,"href":"https:\/\/ebroh.eu\/pt-pt\/wp-json\/wp\/v2\/product_tag?post=5990"}],"curies":[{"name":"wp","href":"https:\/\/api.w.org\/{rel}","templated":true}]}}