{"id":5658,"date":"2019-09-16T18:58:24","date_gmt":"2019-11-04T17:44:36","guid":{"rendered":"https:\/\/ebroh.es\/productos\/sem%20categoria\/scooter-eletrico-strada-20th\/"},"modified":"2023-04-13T10:25:32","modified_gmt":"2023-04-13T08:25:32","slug":"scooter-eletrico-strada-20th","status":"publish","type":"product","link":"https:\/\/ebroh.eu\/pt-pt\/produto\/e-maxi-scooters-pt-pt\/scooter-eletrico-strada-20th\/","title":{"rendered":"Scooter eletrico Strada 20th-10K"},"content":{"rendered":"","protected":false},"excerpt":{"rendered":"<p><strong>Temporariamente esgotado<\/strong><\/p>\n<p><span class=\"tlid-translation translation\" lang=\"pt\"><span title=\"\">Dispon\u00edvel em v\u00e1rias cores: CINZA, PRETO, BRANCO <\/span><a href=\"info@ebroh.es\"><span title=\"\">Pergunte-nos!<\/span><\/a><\/span><\/p>\n<p><span title=\"\">Possui carregador USB, controle remoto e possibilidade de conectar o leitor OBD2.<\/span><\/p>\n<p><span title=\"\">Ba\u00fa de grande capacidade n\u00e3o incluso no pre\u00e7o.<\/span> <a href=\"https:\/\/ebroh.es\/pt-pt\/produto\/e-scooters-pt-pt\/strada-20th-electric-scooter-bau\/\"><span title=\"\">Comprar!<\/span><\/a><\/p>\n<p><span title=\"\">Bateria de l\u00edtio.<\/span><\/p>\n<p><a href=\"https:\/\/ebroh.es\/pt-pt\/politica-de-garantia\/\"><span title=\"\">Pol\u00edtica de Garantia<\/span><\/a><\/p>\n<p><a href=\"https:\/\/ebroh.es\/pt-pt\/cadastro\/\"><span title=\"\">Documenta\u00e7\u00e3o de Registro<\/span><\/a><\/p>\n","protected":false},"featured_media":5385,"comment_status":"closed","ping_status":"closed","template":"","meta":[],"product_brand":[],"product_cat":[1034],"product_tag":[],"class_list":{"0":"post-5658","1":"product","2":"type-product","3":"status-publish","4":"has-post-thumbnail","6":"product_cat-e-maxi-scooters-pt-pt","8":"first","9":"outofstock","10":"taxable","11":"shipping-taxable","12":"product-type-variable","13":"has-default-attributes"},"_links":{"self":[{"href":"https:\/\/ebroh.eu\/pt-pt\/wp-json\/wp\/v2\/product\/5658","targetHints":{"allow":["GET"]}}],"collection":[{"href":"https:\/\/ebroh.eu\/pt-pt\/wp-json\/wp\/v2\/product"}],"about":[{"href":"https:\/\/ebroh.eu\/pt-pt\/wp-json\/wp\/v2\/types\/product"}],"replies":[{"embeddable":true,"href":"https:\/\/ebroh.eu\/pt-pt\/wp-json\/wp\/v2\/comments?post=5658"}],"wp:featuredmedia":[{"embeddable":true,"href":"https:\/\/ebroh.eu\/pt-pt\/wp-json\/wp\/v2\/media\/5385"}],"wp:attachment":[{"href":"https:\/\/ebroh.eu\/pt-pt\/wp-json\/wp\/v2\/media?parent=5658"}],"wp:term":[{"taxonomy":"product_brand","embeddable":true,"href":"https:\/\/ebroh.eu\/pt-pt\/wp-json\/wp\/v2\/product_brand?post=5658"},{"taxonomy":"product_cat","embeddable":true,"href":"https:\/\/ebroh.eu\/pt-pt\/wp-json\/wp\/v2\/product_cat?post=5658"},{"taxonomy":"product_tag","embeddable":true,"href":"https:\/\/ebroh.eu\/pt-pt\/wp-json\/wp\/v2\/product_tag?post=5658"}],"curies":[{"name":"wp","href":"https:\/\/api.w.org\/{rel}","templated":true}]}}