{"id":2822,"date":"2018-11-26T13:51:36","date_gmt":"2018-11-26T11:51:36","guid":{"rendered":"http:\/\/ebroh.es\/productos\/sem%20categoria\/scooter-electrico-spuma-li\/"},"modified":"2023-04-13T09:56:14","modified_gmt":"2023-04-13T07:56:14","slug":"scooter-eletrico-spuma-li","status":"publish","type":"product","link":"https:\/\/ebroh.eu\/pt-pt\/produto\/e-scooters-pt-pt\/scooter-eletrico-spuma-li\/","title":{"rendered":"Scooter el\u00e9trico Spuma Li"},"content":{"rendered":"","protected":false},"excerpt":{"rendered":"<p><span class=\"tlid-translation translation\" lang=\"pt\"><span class=\"\" title=\"\">Dispon\u00edvel em v\u00e1rias cores<\/span><\/span><\/p>\n<p><span class=\"\" title=\"\">Bateria de l\u00edtio remov\u00edvel.<\/span> <span title=\"\">Ver v\u00eddeo<\/span><\/p>\n<p>Matr\u00edcula e transporte N\u00c3O inclu\u00eddos no pre\u00e7o.<\/p>\n<p><a href=\"https:\/\/ebroh.es\/pt-pt\/politica-de-garantia\/\"><span class=\"\" title=\"\">Pol\u00edtica de Garantia<\/span><\/a><\/p>\n<p><a href=\"https:\/\/ebroh.es\/pt-pt\/cadastro\/\"><span class=\"\" title=\"\">Documenta\u00e7\u00e3o de Registro<\/span><\/a><\/p>\n","protected":false},"featured_media":25323,"comment_status":"closed","ping_status":"closed","template":"","meta":[],"product_brand":[],"product_cat":[289],"product_tag":[],"class_list":{"0":"post-2822","1":"product","2":"type-product","3":"status-publish","4":"has-post-thumbnail","6":"product_cat-e-scooters-pt-pt","8":"first","9":"instock","10":"taxable","11":"shipping-taxable","12":"product-type-variable","13":"has-default-attributes"},"_links":{"self":[{"href":"https:\/\/ebroh.eu\/pt-pt\/wp-json\/wp\/v2\/product\/2822","targetHints":{"allow":["GET"]}}],"collection":[{"href":"https:\/\/ebroh.eu\/pt-pt\/wp-json\/wp\/v2\/product"}],"about":[{"href":"https:\/\/ebroh.eu\/pt-pt\/wp-json\/wp\/v2\/types\/product"}],"replies":[{"embeddable":true,"href":"https:\/\/ebroh.eu\/pt-pt\/wp-json\/wp\/v2\/comments?post=2822"}],"wp:featuredmedia":[{"embeddable":true,"href":"https:\/\/ebroh.eu\/pt-pt\/wp-json\/wp\/v2\/media\/25323"}],"wp:attachment":[{"href":"https:\/\/ebroh.eu\/pt-pt\/wp-json\/wp\/v2\/media?parent=2822"}],"wp:term":[{"taxonomy":"product_brand","embeddable":true,"href":"https:\/\/ebroh.eu\/pt-pt\/wp-json\/wp\/v2\/product_brand?post=2822"},{"taxonomy":"product_cat","embeddable":true,"href":"https:\/\/ebroh.eu\/pt-pt\/wp-json\/wp\/v2\/product_cat?post=2822"},{"taxonomy":"product_tag","embeddable":true,"href":"https:\/\/ebroh.eu\/pt-pt\/wp-json\/wp\/v2\/product_tag?post=2822"}],"curies":[{"name":"wp","href":"https:\/\/api.w.org\/{rel}","templated":true}]}}