{"id":2686,"date":"2018-12-24T14:45:04","date_gmt":"2018-12-24T12:45:04","guid":{"rendered":"http:\/\/ebroh.es\/productos\/sem%20categoria\/bicicleta-eletrica-pasione\/"},"modified":"2023-06-14T13:27:29","modified_gmt":"2023-06-14T11:27:29","slug":"bicicleta-eletrica-pasione","status":"publish","type":"product","link":"https:\/\/ebroh.eu\/pt-pt\/produto\/e-bikes-pt-pt\/dobraveis\/bicicleta-eletrica-pasione\/","title":{"rendered":"Bicicleta el\u00e9trica Pasione"},"content":{"rendered":"","protected":false},"excerpt":{"rendered":"<p>Dispon\u00edvel em v\u00e1rias cores<\/p>\n<p>Leve e dobr\u00e1vel: <a href=\"https:\/\/www.youtube.com\/watch?v=hQ0F--piuOM\" target=\"_blank\" rel=\"noopener noreferrer\">assista ao v\u00eddeo<\/a><\/p>\n<p>Baixe o <a href=\"http:\/\/www.ebroh.es\/manueldelutilisateur-pasione-MANEBROHB001FR.pdf\" target=\"_blank\" rel=\"noopener noreferrer\">manual do usu\u00e1rio<\/a><\/p>\n<p><a href=\"https:\/\/ebroh.es\/pt-pt\/politica-de-garantia-de-bicicletas-eletricas\/\">Pol\u00edtica de Garant\u00eda<\/a><\/p>\n<p>ACESS\u00d3RIO DE KIT DE CONFORTO (n\u00e3o incluido): Suporte de p\u00e9, bagageiro e p\u00e1ra-choque dianteiro e traseiro.<\/p>\n","protected":false},"featured_media":2080,"comment_status":"closed","ping_status":"closed","template":"","meta":[],"product_brand":[],"product_cat":[292],"product_tag":[],"class_list":{"0":"post-2686","1":"product","2":"type-product","3":"status-publish","4":"has-post-thumbnail","6":"product_cat-dobraveis","8":"first","9":"instock","10":"taxable","11":"shipping-taxable","12":"product-type-variable","13":"has-default-attributes"},"_links":{"self":[{"href":"https:\/\/ebroh.eu\/pt-pt\/wp-json\/wp\/v2\/product\/2686","targetHints":{"allow":["GET"]}}],"collection":[{"href":"https:\/\/ebroh.eu\/pt-pt\/wp-json\/wp\/v2\/product"}],"about":[{"href":"https:\/\/ebroh.eu\/pt-pt\/wp-json\/wp\/v2\/types\/product"}],"replies":[{"embeddable":true,"href":"https:\/\/ebroh.eu\/pt-pt\/wp-json\/wp\/v2\/comments?post=2686"}],"wp:featuredmedia":[{"embeddable":true,"href":"https:\/\/ebroh.eu\/pt-pt\/wp-json\/wp\/v2\/media\/2080"}],"wp:attachment":[{"href":"https:\/\/ebroh.eu\/pt-pt\/wp-json\/wp\/v2\/media?parent=2686"}],"wp:term":[{"taxonomy":"product_brand","embeddable":true,"href":"https:\/\/ebroh.eu\/pt-pt\/wp-json\/wp\/v2\/product_brand?post=2686"},{"taxonomy":"product_cat","embeddable":true,"href":"https:\/\/ebroh.eu\/pt-pt\/wp-json\/wp\/v2\/product_cat?post=2686"},{"taxonomy":"product_tag","embeddable":true,"href":"https:\/\/ebroh.eu\/pt-pt\/wp-json\/wp\/v2\/product_tag?post=2686"}],"curies":[{"name":"wp","href":"https:\/\/api.w.org\/{rel}","templated":true}]}}