{"id":25680,"date":"2022-09-29T10:11:57","date_gmt":"2022-09-29T08:12:10","guid":{"rendered":"https:\/\/ebroh.es\/?post_type=product&#038;p=25680"},"modified":"2023-03-08T14:57:25","modified_gmt":"2023-03-08T12:57:25","slug":"maxi-scooter-eletrico-strada-9k","status":"publish","type":"product","link":"https:\/\/ebroh.eu\/pt-pt\/produto\/e-maxi-scooters-pt-pt\/maxi-scooter-eletrico-strada-9k\/","title":{"rendered":"Maxi Scooter el\u00e9trico Strada 9K"},"content":{"rendered":"","protected":false},"excerpt":{"rendered":"<p>Cores: CINZA, PRETO e BRANCO.<\/p>\n<p>Carregador USB.<\/p>\n<p>Ba\u00fa de grande capacidade (espa\u00e7o para dois capacetes homologados) e suporte N\u00c3O inclu\u00eddos no pre\u00e7o. C<a href=\"mailto: info@ebroh.es\">omprar!<\/a><\/p>\n<p><a href=\"https:\/\/ebroh.es\/pt-pt\/politica-de-garantia\/\"><span title=\"\">Pol\u00edtica de Garantia<\/span><\/a><\/p>\n<p><a href=\"https:\/\/ebroh.es\/pt-pt\/cadastro\/\"><span title=\"\">Documenta\u00e7\u00e3o de Registro<\/span><\/a><\/p>\n<p><img loading=\"lazy\" decoding=\"async\" class=\"alignnone wp-image-27554\" src=\"https:\/\/ebroh.es\/wp-content\/uploads\/2022\/09\/strada-20th-negro-fron-lat.jpg\" alt=\"\" width=\"200\" height=\"191\" srcset=\"https:\/\/ebroh.eu\/wp-content\/uploads\/2022\/09\/strada-20th-negro-fron-lat.jpg 800w, https:\/\/ebroh.eu\/wp-content\/uploads\/2022\/09\/strada-20th-negro-fron-lat-300x286.jpg 300w, https:\/\/ebroh.eu\/wp-content\/uploads\/2022\/09\/strada-20th-negro-fron-lat-768x732.jpg 768w, https:\/\/ebroh.eu\/wp-content\/uploads\/2022\/09\/strada-20th-negro-fron-lat-600x572.jpg 600w\" sizes=\"auto, (max-width: 200px) 100vw, 200px\" \/> <img loading=\"lazy\" decoding=\"async\" class=\"alignnone wp-image-17497\" src=\"https:\/\/ebroh.es\/wp-content\/uploads\/2021\/07\/strada-20th-blanco-lat-low.jpg\" alt=\"\" width=\"300\" height=\"200\" srcset=\"https:\/\/ebroh.eu\/wp-content\/uploads\/2021\/07\/strada-20th-blanco-lat-low.jpg 800w, https:\/\/ebroh.eu\/wp-content\/uploads\/2021\/07\/strada-20th-blanco-lat-low-300x200.jpg 300w, https:\/\/ebroh.eu\/wp-content\/uploads\/2021\/07\/strada-20th-blanco-lat-low-768x512.jpg 768w, https:\/\/ebroh.eu\/wp-content\/uploads\/2021\/07\/strada-20th-blanco-lat-low-600x400.jpg 600w\" sizes=\"auto, (max-width: 300px) 100vw, 300px\" \/><\/p>\n","protected":false},"featured_media":25075,"comment_status":"closed","ping_status":"closed","template":"","meta":[],"product_brand":[],"product_cat":[1034],"product_tag":[],"class_list":{"0":"post-25680","1":"product","2":"type-product","3":"status-publish","4":"has-post-thumbnail","6":"product_cat-e-maxi-scooters-pt-pt","8":"first","9":"onbackorder","10":"taxable","11":"shipping-taxable","12":"product-type-variable","13":"has-default-attributes"},"_links":{"self":[{"href":"https:\/\/ebroh.eu\/pt-pt\/wp-json\/wp\/v2\/product\/25680","targetHints":{"allow":["GET"]}}],"collection":[{"href":"https:\/\/ebroh.eu\/pt-pt\/wp-json\/wp\/v2\/product"}],"about":[{"href":"https:\/\/ebroh.eu\/pt-pt\/wp-json\/wp\/v2\/types\/product"}],"replies":[{"embeddable":true,"href":"https:\/\/ebroh.eu\/pt-pt\/wp-json\/wp\/v2\/comments?post=25680"}],"wp:featuredmedia":[{"embeddable":true,"href":"https:\/\/ebroh.eu\/pt-pt\/wp-json\/wp\/v2\/media\/25075"}],"wp:attachment":[{"href":"https:\/\/ebroh.eu\/pt-pt\/wp-json\/wp\/v2\/media?parent=25680"}],"wp:term":[{"taxonomy":"product_brand","embeddable":true,"href":"https:\/\/ebroh.eu\/pt-pt\/wp-json\/wp\/v2\/product_brand?post=25680"},{"taxonomy":"product_cat","embeddable":true,"href":"https:\/\/ebroh.eu\/pt-pt\/wp-json\/wp\/v2\/product_cat?post=25680"},{"taxonomy":"product_tag","embeddable":true,"href":"https:\/\/ebroh.eu\/pt-pt\/wp-json\/wp\/v2\/product_tag?post=25680"}],"curies":[{"name":"wp","href":"https:\/\/api.w.org\/{rel}","templated":true}]}}