{"id":25621,"date":"2022-09-28T11:54:24","date_gmt":"2022-09-28T09:54:30","guid":{"rendered":"https:\/\/ebroh.es\/?post_type=product&#038;p=25621"},"modified":"2023-03-08T15:47:10","modified_gmt":"2023-03-08T13:47:10","slug":"scooter-eletrico-spum-on-x-1-bateria-amoviveis","status":"publish","type":"product","link":"https:\/\/ebroh.eu\/pt-pt\/produto\/e-scooters-pt-pt\/scooter-eletrico-spum-on-x-1-bateria-amoviveis\/","title":{"rendered":"Scooter el\u00e9trico SPUM-ON"},"content":{"rendered":"","protected":false},"excerpt":{"rendered":"<p>Dispon\u00edvel em branco, vermelho, azul e preto<\/p>\n<p>x1 Baterias de l\u00edtio remov\u00edveis.<\/p>\n<p>Matr\u00edcula e transporte N\u00c3O inclu\u00eddos no pre\u00e7o.<\/p>\n<p><a href=\"https:\/\/ebroh.es\/pt-pt\/politica-de-garantia\/\"><span class=\"\" title=\"\">Pol\u00edtica de Garantia<\/span><\/a><\/p>\n<p><a href=\"https:\/\/ebroh.es\/pt-pt\/cadastro\/\"><span class=\"\" title=\"\">Documenta\u00e7\u00e3o de Registro<\/span><\/a><\/p>\n<p><img loading=\"lazy\" decoding=\"async\" class=\"alignnone wp-image-27776\" src=\"https:\/\/ebroh.es\/wp-content\/uploads\/2022\/09\/spumon-3-web.jpg\" alt=\"\" width=\"274\" height=\"200\" srcset=\"https:\/\/ebroh.eu\/wp-content\/uploads\/2022\/09\/spumon-3-web.jpg 800w, https:\/\/ebroh.eu\/wp-content\/uploads\/2022\/09\/spumon-3-web-300x219.jpg 300w, https:\/\/ebroh.eu\/wp-content\/uploads\/2022\/09\/spumon-3-web-768x560.jpg 768w, https:\/\/ebroh.eu\/wp-content\/uploads\/2022\/09\/spumon-3-web-600x437.jpg 600w\" sizes=\"auto, (max-width: 274px) 100vw, 274px\" \/> <img loading=\"lazy\" decoding=\"async\" class=\"alignnone wp-image-27502\" src=\"https:\/\/ebroh.es\/wp-content\/uploads\/2022\/09\/spumon_negro.jpg\" alt=\"\" width=\"139\" height=\"260\" srcset=\"https:\/\/ebroh.eu\/wp-content\/uploads\/2022\/09\/spumon_negro.jpg 428w, https:\/\/ebroh.eu\/wp-content\/uploads\/2022\/09\/spumon_negro-161x300.jpg 161w\" sizes=\"auto, (max-width: 139px) 100vw, 139px\" \/><\/p>\n","protected":false},"featured_media":27507,"comment_status":"closed","ping_status":"closed","template":"","meta":[],"product_brand":[],"product_cat":[289],"product_tag":[],"class_list":{"0":"post-25621","1":"product","2":"type-product","3":"status-publish","4":"has-post-thumbnail","6":"product_cat-e-scooters-pt-pt","8":"first","9":"instock","10":"taxable","11":"shipping-taxable","12":"product-type-variable","13":"has-default-attributes"},"_links":{"self":[{"href":"https:\/\/ebroh.eu\/pt-pt\/wp-json\/wp\/v2\/product\/25621","targetHints":{"allow":["GET"]}}],"collection":[{"href":"https:\/\/ebroh.eu\/pt-pt\/wp-json\/wp\/v2\/product"}],"about":[{"href":"https:\/\/ebroh.eu\/pt-pt\/wp-json\/wp\/v2\/types\/product"}],"replies":[{"embeddable":true,"href":"https:\/\/ebroh.eu\/pt-pt\/wp-json\/wp\/v2\/comments?post=25621"}],"wp:featuredmedia":[{"embeddable":true,"href":"https:\/\/ebroh.eu\/pt-pt\/wp-json\/wp\/v2\/media\/27507"}],"wp:attachment":[{"href":"https:\/\/ebroh.eu\/pt-pt\/wp-json\/wp\/v2\/media?parent=25621"}],"wp:term":[{"taxonomy":"product_brand","embeddable":true,"href":"https:\/\/ebroh.eu\/pt-pt\/wp-json\/wp\/v2\/product_brand?post=25621"},{"taxonomy":"product_cat","embeddable":true,"href":"https:\/\/ebroh.eu\/pt-pt\/wp-json\/wp\/v2\/product_cat?post=25621"},{"taxonomy":"product_tag","embeddable":true,"href":"https:\/\/ebroh.eu\/pt-pt\/wp-json\/wp\/v2\/product_tag?post=25621"}],"curies":[{"name":"wp","href":"https:\/\/api.w.org\/{rel}","templated":true}]}}