{"id":25066,"date":"2022-09-08T14:12:46","date_gmt":"2022-09-08T12:12:59","guid":{"rendered":"https:\/\/ebroh.es\/?post_type=product&#038;p=25066"},"modified":"2023-04-11T10:29:34","modified_gmt":"2023-04-11T08:29:34","slug":"maxi-scooter-eletrico-strada-12k","status":"publish","type":"product","link":"https:\/\/ebroh.eu\/pt-pt\/produto\/e-maxi-scooters-pt-pt\/maxi-scooter-eletrico-strada-12k\/","title":{"rendered":"Maxi Scooter el\u00e9trico Strada 12K"},"content":{"rendered":"","protected":false},"excerpt":{"rendered":"<p><strong>Novos modelos!<\/strong><\/p>\n<p>Cores: CINZA, PRETO e BRANCO. Consulte-nos e fa\u00e7a sua reserva!<\/p>\n<p>Carregador USB.<\/p>\n<p>Ba\u00fa de grande capacidade (espa\u00e7o para dois capacetes homologados) e suporte N\u00c3O inclu\u00eddos no pre\u00e7o. C<a href=\"mailto: info@ebroh.es\">omprar!<\/a><\/p>\n<p>Matr\u00edcula e transporte N\u00c3O inclu\u00eddos no pre\u00e7o.<\/p>\n<p><a href=\"https:\/\/ebroh.es\/pt-pt\/politica-de-garantia\/\"><span title=\"\">Pol\u00edtica de Garantia<\/span><\/a><\/p>\n<p><a href=\"https:\/\/ebroh.es\/pt-pt\/cadastro\/\"><span title=\"\">Documenta\u00e7\u00e3o de Registro<\/span><\/a><\/p>\n","protected":false},"featured_media":27533,"comment_status":"closed","ping_status":"closed","template":"","meta":[],"product_brand":[],"product_cat":[1034],"product_tag":[],"class_list":{"0":"post-25066","1":"product","2":"type-product","3":"status-publish","4":"has-post-thumbnail","6":"product_cat-e-maxi-scooters-pt-pt","8":"first","9":"instock","10":"taxable","11":"shipping-taxable","12":"product-type-variable","13":"has-default-attributes"},"_links":{"self":[{"href":"https:\/\/ebroh.eu\/pt-pt\/wp-json\/wp\/v2\/product\/25066","targetHints":{"allow":["GET"]}}],"collection":[{"href":"https:\/\/ebroh.eu\/pt-pt\/wp-json\/wp\/v2\/product"}],"about":[{"href":"https:\/\/ebroh.eu\/pt-pt\/wp-json\/wp\/v2\/types\/product"}],"replies":[{"embeddable":true,"href":"https:\/\/ebroh.eu\/pt-pt\/wp-json\/wp\/v2\/comments?post=25066"}],"wp:featuredmedia":[{"embeddable":true,"href":"https:\/\/ebroh.eu\/pt-pt\/wp-json\/wp\/v2\/media\/27533"}],"wp:attachment":[{"href":"https:\/\/ebroh.eu\/pt-pt\/wp-json\/wp\/v2\/media?parent=25066"}],"wp:term":[{"taxonomy":"product_brand","embeddable":true,"href":"https:\/\/ebroh.eu\/pt-pt\/wp-json\/wp\/v2\/product_brand?post=25066"},{"taxonomy":"product_cat","embeddable":true,"href":"https:\/\/ebroh.eu\/pt-pt\/wp-json\/wp\/v2\/product_cat?post=25066"},{"taxonomy":"product_tag","embeddable":true,"href":"https:\/\/ebroh.eu\/pt-pt\/wp-json\/wp\/v2\/product_tag?post=25066"}],"curies":[{"name":"wp","href":"https:\/\/api.w.org\/{rel}","templated":true}]}}