{"id":23638,"date":"2022-07-25T13:53:32","date_gmt":"2022-07-25T11:53:48","guid":{"rendered":"https:\/\/ebroh.es\/?post_type=product&#038;p=23638"},"modified":"2023-03-08T10:48:25","modified_gmt":"2023-03-08T08:48:25","slug":"scooter-eletrico-smart","status":"publish","type":"product","link":"https:\/\/ebroh.eu\/pt-pt\/produto\/e-scooters-pt-pt\/scooter-eletrico-smart\/","title":{"rendered":"Scooter el\u00e9trico SMART"},"content":{"rendered":"","protected":false},"excerpt":{"rendered":"<p>Dispon\u00edvel em cinza\/preto<\/p>\n<p>x2 Baterias de l\u00edtio remov\u00edveis.<\/p>\n<p>Matr\u00edcula e transporte N\u00c3O inclu\u00eddos no pre\u00e7o.<\/p>\n<p><a href=\"https:\/\/ebroh.es\/pt-pt\/politica-de-garantia\/\"><span class=\"\" title=\"\">Pol\u00edtica de Garantia<\/span><\/a><\/p>\n<p><a href=\"https:\/\/ebroh.es\/pt-pt\/cadastro\/\"><span class=\"\" title=\"\">Documenta\u00e7\u00e3o de Registro<\/span><\/a><\/p>\n","protected":false},"featured_media":23664,"comment_status":"closed","ping_status":"closed","template":"","meta":[],"product_brand":[],"product_cat":[289],"product_tag":[],"class_list":{"0":"post-23638","1":"product","2":"type-product","3":"status-publish","4":"has-post-thumbnail","6":"product_cat-e-scooters-pt-pt","8":"first","9":"instock","10":"taxable","11":"shipping-taxable","12":"product-type-variable","13":"has-default-attributes"},"_links":{"self":[{"href":"https:\/\/ebroh.eu\/pt-pt\/wp-json\/wp\/v2\/product\/23638","targetHints":{"allow":["GET"]}}],"collection":[{"href":"https:\/\/ebroh.eu\/pt-pt\/wp-json\/wp\/v2\/product"}],"about":[{"href":"https:\/\/ebroh.eu\/pt-pt\/wp-json\/wp\/v2\/types\/product"}],"replies":[{"embeddable":true,"href":"https:\/\/ebroh.eu\/pt-pt\/wp-json\/wp\/v2\/comments?post=23638"}],"wp:featuredmedia":[{"embeddable":true,"href":"https:\/\/ebroh.eu\/pt-pt\/wp-json\/wp\/v2\/media\/23664"}],"wp:attachment":[{"href":"https:\/\/ebroh.eu\/pt-pt\/wp-json\/wp\/v2\/media?parent=23638"}],"wp:term":[{"taxonomy":"product_brand","embeddable":true,"href":"https:\/\/ebroh.eu\/pt-pt\/wp-json\/wp\/v2\/product_brand?post=23638"},{"taxonomy":"product_cat","embeddable":true,"href":"https:\/\/ebroh.eu\/pt-pt\/wp-json\/wp\/v2\/product_cat?post=23638"},{"taxonomy":"product_tag","embeddable":true,"href":"https:\/\/ebroh.eu\/pt-pt\/wp-json\/wp\/v2\/product_tag?post=23638"}],"curies":[{"name":"wp","href":"https:\/\/api.w.org\/{rel}","templated":true}]}}