{"id":21954,"date":"2022-05-27T10:36:26","date_gmt":"2022-05-27T08:36:33","guid":{"rendered":"https:\/\/ebroh.es\/?post_type=product&#038;p=21954"},"modified":"2023-04-11T10:49:29","modified_gmt":"2023-04-11T08:49:29","slug":"scooter-eletrico-strada-20th-xt-duo","status":"publish","type":"product","link":"https:\/\/ebroh.eu\/pt-pt\/produto\/e-maxi-scooters-pt-pt\/scooter-eletrico-strada-20th-xt-duo\/","title":{"rendered":"Scooter el\u00e9trico Strada 20th XT Duo"},"content":{"rendered":"","protected":false},"excerpt":{"rendered":"<p><strong>Temporariamente fora de stock<\/strong><br \/>\n<a href=\"mailto: info@ebroh.es\"><strong>Reserve j\u00e1 o seu Maxi Scooter!<\/strong><\/a><\/p>\n<p>Cores: CINZA, PRETO e BRANCO. Consulte-nos e fa\u00e7a sua reserva!<\/p>\n<p>Carregador USB, controle remoto e a capacidade de conectar o leitor OBD2<\/p>\n<p>Ba\u00fa de grande capacidade (espa\u00e7o para dois capacetes homologados) e suporte N\u00c3O inclu\u00eddos no pre\u00e7o. Comprar!<\/p>\n<p>Matr\u00edcula e transporte N\u00c3O inclu\u00eddos no pre\u00e7o.<\/p>\n<p>x2 Baterias de l\u00edtio EXTRA\u00cdVEIS 72V-40Ah e 72V-50Ah<\/p>\n<table style=\"width: 657px; border-collapse: collapse; background-color: #009fde; height: 109px;\" border=\"1\">\n<tbody>\n<tr>\n<td style=\"width: 100%; text-align: center;\">\n<p style=\"text-align: left;\"><strong>\u00a0 <a href=\"mailto: info@ebroh.es\">Bateria Extra Opcional 40Ah: COMPRAR por 1.476 euros IVA inclu\u00eddo<\/a><\/strong><\/p>\n<p style=\"text-align: left;\"><strong>\u00a0 Bateria suplementar opcional 50Ah: COMPRAR por 1.749 euros IVA inclu\u00eddo<\/strong><\/p>\n<\/td>\n<\/tr>\n<\/tbody>\n<\/table>\n<p><a href=\"https:\/\/ebroh.es\/pt-pt\/politica-de-garantia\/\"><span title=\"\">Pol\u00edtica de Garantia<\/span><\/a><\/p>\n<p><a href=\"https:\/\/ebroh.es\/pt-pt\/cadastro\/\"><span title=\"\">Documenta\u00e7\u00e3o de Registro<\/span><\/a><\/p>\n","protected":false},"featured_media":5385,"comment_status":"closed","ping_status":"closed","template":"","meta":[],"product_brand":[],"product_cat":[1034],"product_tag":[],"class_list":{"0":"post-21954","1":"product","2":"type-product","3":"status-publish","4":"has-post-thumbnail","6":"product_cat-e-maxi-scooters-pt-pt","8":"first","9":"outofstock","10":"taxable","11":"shipping-taxable","12":"product-type-variable","13":"has-default-attributes"},"_links":{"self":[{"href":"https:\/\/ebroh.eu\/pt-pt\/wp-json\/wp\/v2\/product\/21954","targetHints":{"allow":["GET"]}}],"collection":[{"href":"https:\/\/ebroh.eu\/pt-pt\/wp-json\/wp\/v2\/product"}],"about":[{"href":"https:\/\/ebroh.eu\/pt-pt\/wp-json\/wp\/v2\/types\/product"}],"replies":[{"embeddable":true,"href":"https:\/\/ebroh.eu\/pt-pt\/wp-json\/wp\/v2\/comments?post=21954"}],"wp:featuredmedia":[{"embeddable":true,"href":"https:\/\/ebroh.eu\/pt-pt\/wp-json\/wp\/v2\/media\/5385"}],"wp:attachment":[{"href":"https:\/\/ebroh.eu\/pt-pt\/wp-json\/wp\/v2\/media?parent=21954"}],"wp:term":[{"taxonomy":"product_brand","embeddable":true,"href":"https:\/\/ebroh.eu\/pt-pt\/wp-json\/wp\/v2\/product_brand?post=21954"},{"taxonomy":"product_cat","embeddable":true,"href":"https:\/\/ebroh.eu\/pt-pt\/wp-json\/wp\/v2\/product_cat?post=21954"},{"taxonomy":"product_tag","embeddable":true,"href":"https:\/\/ebroh.eu\/pt-pt\/wp-json\/wp\/v2\/product_tag?post=21954"}],"curies":[{"name":"wp","href":"https:\/\/api.w.org\/{rel}","templated":true}]}}