{"id":16351,"date":"2021-06-18T15:54:13","date_gmt":"2021-06-18T13:54:17","guid":{"rendered":"https:\/\/ebroh.es\/?post_type=product&#038;p=16351"},"modified":"2023-04-11T11:14:00","modified_gmt":"2023-04-11T09:14:00","slug":"bau-scooter-eletrico-spuma-li-5k","status":"publish","type":"product","link":"https:\/\/ebroh.eu\/pt-pt\/produto\/e-scooters-pt-pt\/bau-scooter-eletrico-spuma-li-5k\/","title":{"rendered":"Ba\u00fa Scooter el\u00e9trico Spuma Li 5k"},"content":{"rendered":"","protected":false},"excerpt":{"rendered":"<p>Ba\u00fa de grande capacidade com suporte, n\u00e3o inclu\u00eddo no pre\u00e7o do Scooter Spuma Li 5K<br \/>\nSuporte refor\u00e7ado inclu\u00eddo, senhor.<br \/>\nRetrorreflectores para condu\u00e7\u00e3o nocturna.<\/p>\n","protected":false},"featured_media":16359,"comment_status":"closed","ping_status":"closed","template":"","meta":[],"product_brand":[],"product_cat":[289],"product_tag":[],"class_list":{"0":"post-16351","1":"product","2":"type-product","3":"status-publish","4":"has-post-thumbnail","6":"product_cat-e-scooters-pt-pt","8":"first","9":"instock","10":"taxable","11":"shipping-taxable","12":"product-type-variable","13":"has-default-attributes"},"_links":{"self":[{"href":"https:\/\/ebroh.eu\/pt-pt\/wp-json\/wp\/v2\/product\/16351","targetHints":{"allow":["GET"]}}],"collection":[{"href":"https:\/\/ebroh.eu\/pt-pt\/wp-json\/wp\/v2\/product"}],"about":[{"href":"https:\/\/ebroh.eu\/pt-pt\/wp-json\/wp\/v2\/types\/product"}],"replies":[{"embeddable":true,"href":"https:\/\/ebroh.eu\/pt-pt\/wp-json\/wp\/v2\/comments?post=16351"}],"wp:featuredmedia":[{"embeddable":true,"href":"https:\/\/ebroh.eu\/pt-pt\/wp-json\/wp\/v2\/media\/16359"}],"wp:attachment":[{"href":"https:\/\/ebroh.eu\/pt-pt\/wp-json\/wp\/v2\/media?parent=16351"}],"wp:term":[{"taxonomy":"product_brand","embeddable":true,"href":"https:\/\/ebroh.eu\/pt-pt\/wp-json\/wp\/v2\/product_brand?post=16351"},{"taxonomy":"product_cat","embeddable":true,"href":"https:\/\/ebroh.eu\/pt-pt\/wp-json\/wp\/v2\/product_cat?post=16351"},{"taxonomy":"product_tag","embeddable":true,"href":"https:\/\/ebroh.eu\/pt-pt\/wp-json\/wp\/v2\/product_tag?post=16351"}],"curies":[{"name":"wp","href":"https:\/\/api.w.org\/{rel}","templated":true}]}}