{"id":16123,"date":"2021-06-15T14:12:12","date_gmt":"2021-06-15T12:12:15","guid":{"rendered":"https:\/\/ebroh.es\/?post_type=product&#038;p=16123"},"modified":"2023-04-11T11:37:32","modified_gmt":"2023-04-11T09:37:32","slug":"malas-e-suportes-bravo","status":"publish","type":"product","link":"https:\/\/ebroh.eu\/pt-pt\/produto\/naked-eletrico\/malas-e-suportes-bravo\/","title":{"rendered":"Malas e suportes Bravo"},"content":{"rendered":"","protected":false},"excerpt":{"rendered":"<p><strong>SUPORTE + GRELHA + BA\u00da<\/strong><\/p>\n<p>Compat\u00edvel com bravo GLE Pro &#8211; GLS &#8211; CR<\/p>\n<p><strong>Suporte e Grelha<\/strong><\/p>\n<p><img loading=\"lazy\" decoding=\"async\" class=\"alignnone wp-image-22926\" src=\"https:\/\/ebroh.es\/wp-content\/uploads\/2021\/06\/parrilla-monolock-givi-m5m.jpg\" alt=\"\" width=\"134\" height=\"122\" \/><img loading=\"lazy\" decoding=\"async\" class=\"alignnone wp-image-22932\" src=\"https:\/\/ebroh.es\/wp-content\/uploads\/2021\/06\/soporte.jpg\" alt=\"\" width=\"150\" height=\"150\" srcset=\"https:\/\/ebroh.eu\/wp-content\/uploads\/2021\/06\/soporte.jpg 600w, https:\/\/ebroh.eu\/wp-content\/uploads\/2021\/06\/soporte-300x300.jpg 300w, https:\/\/ebroh.eu\/wp-content\/uploads\/2021\/06\/soporte-150x150.jpg 150w, https:\/\/ebroh.eu\/wp-content\/uploads\/2021\/06\/soporte-450x450.jpg 450w, https:\/\/ebroh.eu\/wp-content\/uploads\/2021\/06\/soporte-100x100.jpg 100w\" sizes=\"auto, (max-width: 150px) 100vw, 150px\" \/><\/p>\n<p>Design robusto e dur\u00e1vel.<br \/>\nKit completo com todos os acess\u00f3rios.<br \/>\nMonorack preto fosco sem marcadores.<br \/>\nGrelha para top case GIVI MONOLOCK<br \/>\nCompat\u00edvel com mais de 25 ba\u00fas GIVI.<\/p>\n<p><strong>Ba\u00fa<\/strong><\/p>\n<p><img loading=\"lazy\" decoding=\"async\" class=\"alignnone wp-image-22938\" src=\"https:\/\/ebroh.es\/wp-content\/uploads\/2021\/06\/baul_givi.jpg\" alt=\"\" width=\"163\" height=\"136\" srcset=\"https:\/\/ebroh.eu\/wp-content\/uploads\/2021\/06\/baul_givi.jpg 1000w, https:\/\/ebroh.eu\/wp-content\/uploads\/2021\/06\/baul_givi-300x249.jpg 300w, https:\/\/ebroh.eu\/wp-content\/uploads\/2021\/06\/baul_givi-768x637.jpg 768w, https:\/\/ebroh.eu\/wp-content\/uploads\/2021\/06\/baul_givi-600x498.jpg 600w\" sizes=\"auto, (max-width: 163px) 100vw, 163px\" \/><\/p>\n<p>MODELO GIVI E470NT<br \/>\nCapacidade 47 lt (para 2 capacetes integrais)<br \/>\nCarga M\u00e1xima: 3 kg.<br \/>\nCor Preta de Mate.<br \/>\nReflectores na parte lateral.<br \/>\nDimens\u00f5es: 325 x 425 x 555 mm (altura x largura x profundidade)<\/p>\n<p>Transporte <strong>N\u00c3O inclu\u00eddo no pre\u00e7o.<\/strong><\/p>\n<p>\u00a0<\/p>\n","protected":false},"featured_media":22949,"comment_status":"closed","ping_status":"closed","template":"","meta":[],"product_brand":[],"product_cat":[486],"product_tag":[],"class_list":{"0":"post-16123","1":"product","2":"type-product","3":"status-publish","4":"has-post-thumbnail","6":"product_cat-naked-eletrico","8":"first","9":"instock","10":"taxable","11":"shipping-taxable","12":"product-type-variable","13":"has-default-attributes"},"_links":{"self":[{"href":"https:\/\/ebroh.eu\/pt-pt\/wp-json\/wp\/v2\/product\/16123","targetHints":{"allow":["GET"]}}],"collection":[{"href":"https:\/\/ebroh.eu\/pt-pt\/wp-json\/wp\/v2\/product"}],"about":[{"href":"https:\/\/ebroh.eu\/pt-pt\/wp-json\/wp\/v2\/types\/product"}],"replies":[{"embeddable":true,"href":"https:\/\/ebroh.eu\/pt-pt\/wp-json\/wp\/v2\/comments?post=16123"}],"wp:featuredmedia":[{"embeddable":true,"href":"https:\/\/ebroh.eu\/pt-pt\/wp-json\/wp\/v2\/media\/22949"}],"wp:attachment":[{"href":"https:\/\/ebroh.eu\/pt-pt\/wp-json\/wp\/v2\/media?parent=16123"}],"wp:term":[{"taxonomy":"product_brand","embeddable":true,"href":"https:\/\/ebroh.eu\/pt-pt\/wp-json\/wp\/v2\/product_brand?post=16123"},{"taxonomy":"product_cat","embeddable":true,"href":"https:\/\/ebroh.eu\/pt-pt\/wp-json\/wp\/v2\/product_cat?post=16123"},{"taxonomy":"product_tag","embeddable":true,"href":"https:\/\/ebroh.eu\/pt-pt\/wp-json\/wp\/v2\/product_tag?post=16123"}],"curies":[{"name":"wp","href":"https:\/\/api.w.org\/{rel}","templated":true}]}}