{"id":16049,"date":"2021-06-15T12:56:19","date_gmt":"2021-06-15T10:56:28","guid":{"rendered":"https:\/\/ebroh.es\/?post_type=product&#038;p=16049"},"modified":"2023-02-28T15:50:03","modified_gmt":"2023-02-28T13:50:03","slug":"scooter-eletrico-strada-20th-10k-copia","status":"publish","type":"product","link":"https:\/\/ebroh.eu\/pt-pt\/produto\/sem categoria\/scooter-eletrico-strada-20th-10k-copia\/","title":{"rendered":"Scooter eletrico Strada 20th-10K"},"content":{"rendered":"","protected":false},"excerpt":{"rendered":"<p><span class=\"tlid-translation translation\" lang=\"pt\"><span title=\"\">Dispon\u00edvel em v\u00e1rias cores: CINZA, PRETO, BRANCO E OURO.<\/span><a href=\"info@ebroh.es\"> <span title=\"\">Pergunte-nos!<\/span><\/a><\/span><\/p>\n<p><span title=\"\">Possui carregador USB, controle remoto e possibilidade de conectar o leitor OBD2.<\/span><\/p>\n<p><span title=\"\">Ba\u00fa de grande capacidade n\u00e3o incluso no pre\u00e7o.<\/span> <a href=\"https:\/\/ebroh.es\/pt-pt\/produto\/e-scooters-pt-pt\/strada-20th-electric-scooter-bau\/\"><span title=\"\">Comprar!<\/span><\/a><\/p>\n<p><span title=\"\">Bateria de l\u00edtio.<\/span><\/p>\n<p><a href=\"https:\/\/ebroh.es\/pt-pt\/politica-de-garantia\/\"><span title=\"\">Pol\u00edtica de Garantia<\/span><\/a><\/p>\n<p><a href=\"https:\/\/ebroh.es\/pt-pt\/cadastro\/\"><span title=\"\">Documenta\u00e7\u00e3o de Registro<\/span><\/a><\/p>\n","protected":false},"featured_media":0,"comment_status":"closed","ping_status":"closed","template":"","meta":[],"product_brand":[],"product_cat":[],"product_tag":[],"class_list":{"0":"post-16049","1":"product","2":"type-product","3":"status-publish","6":"first","7":"outofstock","8":"taxable","9":"shipping-taxable","10":"purchasable","11":"product-type-variable"},"_links":{"self":[{"href":"https:\/\/ebroh.eu\/pt-pt\/wp-json\/wp\/v2\/product\/16049","targetHints":{"allow":["GET"]}}],"collection":[{"href":"https:\/\/ebroh.eu\/pt-pt\/wp-json\/wp\/v2\/product"}],"about":[{"href":"https:\/\/ebroh.eu\/pt-pt\/wp-json\/wp\/v2\/types\/product"}],"replies":[{"embeddable":true,"href":"https:\/\/ebroh.eu\/pt-pt\/wp-json\/wp\/v2\/comments?post=16049"}],"wp:attachment":[{"href":"https:\/\/ebroh.eu\/pt-pt\/wp-json\/wp\/v2\/media?parent=16049"}],"wp:term":[{"taxonomy":"product_brand","embeddable":true,"href":"https:\/\/ebroh.eu\/pt-pt\/wp-json\/wp\/v2\/product_brand?post=16049"},{"taxonomy":"product_cat","embeddable":true,"href":"https:\/\/ebroh.eu\/pt-pt\/wp-json\/wp\/v2\/product_cat?post=16049"},{"taxonomy":"product_tag","embeddable":true,"href":"https:\/\/ebroh.eu\/pt-pt\/wp-json\/wp\/v2\/product_tag?post=16049"}],"curies":[{"name":"wp","href":"https:\/\/api.w.org\/{rel}","templated":true}]}}