{"id":15805,"date":"2021-05-11T14:53:26","date_gmt":"2021-05-11T12:53:34","guid":{"rendered":"https:\/\/ebroh.es\/?post_type=product&#038;p=15805"},"modified":"2023-06-14T13:09:34","modified_gmt":"2023-06-14T11:09:34","slug":"scooter-eletrico-strada-20th-xt","status":"publish","type":"product","link":"https:\/\/ebroh.eu\/pt-pt\/produto\/e-maxi-scooters-pt-pt\/scooter-eletrico-strada-20th-xt\/","title":{"rendered":"Scooter el\u00e9trico Strada 20th XT"},"content":{"rendered":"","protected":false},"excerpt":{"rendered":"<p>Cores: CINZA, BRANCO e PRETO. Consulte-nos e fa\u00e7a sua reserva!<\/p>\n<p>Tem Carregador USB.<\/p>\n<p>Ba\u00fa de grande capacidade (espa\u00e7o para dois capacetes homologados) e suporte inclu\u00eddos no pre\u00e7o. Comprar!<\/p>\n<p>Bateria de l\u00edtio REMOV\u00cdVEL<\/p>\n<p><a href=\"mailto: info@ebroh.es\">Bateria Extra Opcional: Aumenta at\u00e9 120 Km de autonomia. COMPRAR por 1.476 euros IVA inclu\u00eddo<\/a><\/p>\n<p><a href=\"https:\/\/ebroh.es\/pt-pt\/politica-de-garantia\/\"><span title=\"\">Pol\u00edtica de Garantia<\/span><\/a><\/p>\n<p><a href=\"https:\/\/ebroh.es\/pt-pt\/cadastro\/\"><span title=\"\">Documenta\u00e7\u00e3o de Registro<\/span><\/a><\/p>\n","protected":false},"featured_media":5385,"comment_status":"closed","ping_status":"closed","template":"","meta":[],"product_brand":[],"product_cat":[1034],"product_tag":[],"class_list":{"0":"post-15805","1":"product","2":"type-product","3":"status-publish","4":"has-post-thumbnail","6":"product_cat-e-maxi-scooters-pt-pt","8":"first","9":"instock","10":"taxable","11":"shipping-taxable","12":"product-type-variable","13":"has-default-attributes"},"_links":{"self":[{"href":"https:\/\/ebroh.eu\/pt-pt\/wp-json\/wp\/v2\/product\/15805","targetHints":{"allow":["GET"]}}],"collection":[{"href":"https:\/\/ebroh.eu\/pt-pt\/wp-json\/wp\/v2\/product"}],"about":[{"href":"https:\/\/ebroh.eu\/pt-pt\/wp-json\/wp\/v2\/types\/product"}],"replies":[{"embeddable":true,"href":"https:\/\/ebroh.eu\/pt-pt\/wp-json\/wp\/v2\/comments?post=15805"}],"wp:featuredmedia":[{"embeddable":true,"href":"https:\/\/ebroh.eu\/pt-pt\/wp-json\/wp\/v2\/media\/5385"}],"wp:attachment":[{"href":"https:\/\/ebroh.eu\/pt-pt\/wp-json\/wp\/v2\/media?parent=15805"}],"wp:term":[{"taxonomy":"product_brand","embeddable":true,"href":"https:\/\/ebroh.eu\/pt-pt\/wp-json\/wp\/v2\/product_brand?post=15805"},{"taxonomy":"product_cat","embeddable":true,"href":"https:\/\/ebroh.eu\/pt-pt\/wp-json\/wp\/v2\/product_cat?post=15805"},{"taxonomy":"product_tag","embeddable":true,"href":"https:\/\/ebroh.eu\/pt-pt\/wp-json\/wp\/v2\/product_tag?post=15805"}],"curies":[{"name":"wp","href":"https:\/\/api.w.org\/{rel}","templated":true}]}}