{"id":15559,"date":"2021-05-10T11:15:18","date_gmt":"2021-05-10T09:15:25","guid":{"rendered":"https:\/\/ebroh.es\/?post_type=product&#038;p=15559"},"modified":"2022-01-18T14:21:12","modified_gmt":"2022-01-18T12:21:12","slug":"quattrolete-scooter-electrico-especial","status":"publish","type":"product","link":"https:\/\/ebroh.eu\/pt-pt\/produto\/sem categoria\/quattrolete-scooter-electrico-especial\/","title":{"rendered":"Quattrolete Scooter El\u00e9ctrico especial"},"content":{"rendered":"","protected":false},"excerpt":{"rendered":"<p>4 rodas e assento anat\u00f4mico<\/p>\n<p><span class=\"VIiyi\" lang=\"pt\"><span class=\"JLqJ4b ChMk0b\" data-language-for-alternatives=\"pt\" data-language-to-translate-into=\"es\" data-phrase-index=\"0\">Dispon\u00edvel em tr\u00eas cores: vermelho, prata e azul.<\/span><\/span><\/p>\n<p>N\u00e3o \u00e9 necess\u00e1rio matricular<\/p>\n<p>Sistema antiderrapante<\/p>\n<p>Banco regul\u00e1vel<\/p>\n<p>Suspens\u00e3o \u00e0 frente e \u00e0 retaguarda<\/p>\n<p><a href=\"https:\/\/ebroh.es\/pt-pt\/politica-de-garantia\/\"><span class=\"\" title=\"\">Pol\u00edtica de Garant\u00eda<\/span><\/a><\/p>\n","protected":false},"featured_media":17899,"comment_status":"open","ping_status":"closed","template":"","meta":[],"product_brand":[],"product_cat":[],"product_tag":[],"class_list":{"0":"post-15559","1":"product","2":"type-product","3":"status-publish","4":"has-post-thumbnail","7":"first","8":"instock","9":"taxable","10":"shipping-taxable","11":"product-type-variable"},"_links":{"self":[{"href":"https:\/\/ebroh.eu\/pt-pt\/wp-json\/wp\/v2\/product\/15559","targetHints":{"allow":["GET"]}}],"collection":[{"href":"https:\/\/ebroh.eu\/pt-pt\/wp-json\/wp\/v2\/product"}],"about":[{"href":"https:\/\/ebroh.eu\/pt-pt\/wp-json\/wp\/v2\/types\/product"}],"replies":[{"embeddable":true,"href":"https:\/\/ebroh.eu\/pt-pt\/wp-json\/wp\/v2\/comments?post=15559"}],"wp:featuredmedia":[{"embeddable":true,"href":"https:\/\/ebroh.eu\/pt-pt\/wp-json\/wp\/v2\/media\/17899"}],"wp:attachment":[{"href":"https:\/\/ebroh.eu\/pt-pt\/wp-json\/wp\/v2\/media?parent=15559"}],"wp:term":[{"taxonomy":"product_brand","embeddable":true,"href":"https:\/\/ebroh.eu\/pt-pt\/wp-json\/wp\/v2\/product_brand?post=15559"},{"taxonomy":"product_cat","embeddable":true,"href":"https:\/\/ebroh.eu\/pt-pt\/wp-json\/wp\/v2\/product_cat?post=15559"},{"taxonomy":"product_tag","embeddable":true,"href":"https:\/\/ebroh.eu\/pt-pt\/wp-json\/wp\/v2\/product_tag?post=15559"}],"curies":[{"name":"wp","href":"https:\/\/api.w.org\/{rel}","templated":true}]}}