{"id":8479,"date":"2020-09-23T13:12:15","date_gmt":"2020-09-23T11:12:15","guid":{"rendered":"https:\/\/ebroh.es\/cadastro\/"},"modified":"2020-09-23T14:42:42","modified_gmt":"2020-09-23T12:42:42","slug":"cadastro","status":"publish","type":"page","link":"https:\/\/ebroh.eu\/pt-pt\/cadastro\/","title":{"rendered":"Cadastro"},"content":{"rendered":"<section class=\"wpb-content-wrapper\"><p>[vc_row][vc_column][vc_custom_heading text=&#8221;Documenta\u00e7\u00e3o de registro&#8221; font_container=&#8221;tag:h2|text_align:center&#8221; use_theme_fonts=&#8221;yes&#8221;][vc_column_text]<\/p>\n<p><span class=\"tlid-translation translation\" lang=\"pt\"><span class=\"\" title=\"\"><strong>Pedido de formul\u00e1rio oficial Pessoas singulares:<\/strong> documento oficial que comprove a identidade e morada do titular (DNI, carta de condu\u00e7\u00e3o espanhola, cart\u00e3o de resid\u00eancia, passaporte com n\u00famero de identifica\u00e7\u00e3o de estrangeiro).<\/span> <span class=\"\" title=\"\">Com isso, a Ebroh emite o formul\u00e1rio e a nota fiscal que entrega ao comprador para proceder ao cadastro.<\/span> <span class=\"\" title=\"\">Para fazer isso por meio de uma ag\u00eancia, Ebroh emitir\u00e1 um &#8220;mandato&#8221; para autoriz\u00e1-la a se registrar.<\/span> <span class=\"\" title=\"\"><strong>Pessoa Jur\u00eddica:<\/strong> carteira de identidade fiscal da empresa e comprovante de representa\u00e7\u00e3o e identidade do procurador \u201cmandato\u201d.<\/span> <span class=\"\" title=\"\"><strong>Menores ou deficientes:<\/strong> dados e assinatura do pai, m\u00e3e ou respons\u00e1vel, documento de identidade e documento que comprove o conceito pelo qual atuam.<\/span> <span class=\"\" title=\"\"><strong>Pa\u00edses da UE:<\/strong> a Ebroh emite a factura e o documento COC (Certificado de Conformidade Europeu) para que o comprador se possa registar no pa\u00eds onde o ve\u00edculo vai circular.<\/span><\/span><\/p>\n<p>[\/vc_column_text][\/vc_column][\/vc_row]<\/p>\n<\/section>","protected":false},"excerpt":{"rendered":"<p>[vc_row][vc_column][vc_custom_heading text=&#8221;Documenta\u00e7\u00e3o de registro&#8221; font_container=&#8221;tag:h2|text_align:center&#8221; use_theme_fonts=&#8221;yes&#8221;][vc_column_text] Pedido de formul\u00e1rio oficial Pessoas singulares: documento oficial que comprove a identidade e morada do titular (DNI, carta de condu\u00e7\u00e3o espanhola, cart\u00e3o de resid\u00eancia, passaporte com n\u00famero de identifica\u00e7\u00e3o de estrangeiro). Com isso, a Ebroh emite o formul\u00e1rio e a nota fiscal que entrega [&hellip;]<\/p>\n","protected":false},"author":3,"featured_media":0,"parent":0,"menu_order":0,"comment_status":"closed","ping_status":"closed","template":"","meta":{"footnotes":""},"class_list":["post-8479","page","type-page","status-publish","hentry"],"_links":{"self":[{"href":"https:\/\/ebroh.eu\/pt-pt\/wp-json\/wp\/v2\/pages\/8479","targetHints":{"allow":["GET"]}}],"collection":[{"href":"https:\/\/ebroh.eu\/pt-pt\/wp-json\/wp\/v2\/pages"}],"about":[{"href":"https:\/\/ebroh.eu\/pt-pt\/wp-json\/wp\/v2\/types\/page"}],"author":[{"embeddable":true,"href":"https:\/\/ebroh.eu\/pt-pt\/wp-json\/wp\/v2\/users\/3"}],"replies":[{"embeddable":true,"href":"https:\/\/ebroh.eu\/pt-pt\/wp-json\/wp\/v2\/comments?post=8479"}],"version-history":[{"count":3,"href":"https:\/\/ebroh.eu\/pt-pt\/wp-json\/wp\/v2\/pages\/8479\/revisions"}],"predecessor-version":[{"id":8484,"href":"https:\/\/ebroh.eu\/pt-pt\/wp-json\/wp\/v2\/pages\/8479\/revisions\/8484"}],"wp:attachment":[{"href":"https:\/\/ebroh.eu\/pt-pt\/wp-json\/wp\/v2\/media?parent=8479"}],"curies":[{"name":"wp","href":"https:\/\/api.w.org\/{rel}","templated":true}]}}