{"id":7218,"date":"2020-06-18T15:33:44","date_gmt":"2020-06-18T13:33:44","guid":{"rendered":"https:\/\/ebroh.es\/?page_id=7218"},"modified":"2021-06-25T15:02:03","modified_gmt":"2021-06-25T13:02:03","slug":"naked-eletrico","status":"publish","type":"page","link":"https:\/\/ebroh.eu\/pt-pt\/naked-eletrico\/","title":{"rendered":"Naked El\u00e9trico"},"content":{"rendered":"<section class=\"wpb-content-wrapper\"><p>[vc_row full_width=&#8221;stretch_row_content_no_spaces&#8221; full_height=&#8221;yes&#8221; columns_placement=&#8221;stretch&#8221; equal_height=&#8221;yes&#8221; content_placement=&#8221;middle&#8221; video_bg=&#8221;yes&#8221; video_bg_url=&#8221;https:\/\/www.youtube.com\/watch?v=8HtJYaW0dgE&#8221; css=&#8221;.vc_custom_1592209763465{padding-top: 0px !important;padding-bottom: 0px !important;}&#8221; el_id=&#8221;home-video&#8221;][vc_column]<div class=\"vntd-icon-box vntd-content-element box-centered-outline icon-size-lg box-centered box-with-bg bg-color-custom  animated vntd-animated  icon-box-with-link\" data-animation=\"fadeIn\" data-animation-delay=\"3000\"><a href=\"https:\/\/ebroh.es\/productos\/naked-electricas\/bravo-gle\/\" target=\"_self\"><div class=\"icon-box-icon color-dark\"><i class=\"fa fa-heart-o\"><\/i><\/div><div class=\"icon-box-content\"><h5 class=\"icon-box-title\"style=\"color:ffffff!important;\"><\/h5><p class=\"icon-description\"><\/p><\/div><\/a><\/div>[vc_column_text css_animation=&#8221;appear&#8221; font_size=&#8221;xlarger&#8221;]<\/p>\n<h1 style=\"text-align: center;\"><span style=\"color: #999999;\"><span style=\"color: #ffffff;\"><strong>Novo<\/strong><\/span><strong> BRAVO GLE<\/strong><\/span><\/h1>\n<h2 style=\"text-align: center;\"><span style=\"color: #00ffff;\"><span class=\"tlid-translation translation\" lang=\"pt\"><span class=\"\" title=\"\">Cora\u00e7\u00e3o el\u00e9trico<\/span><\/span><\/span><\/h2>\n<p>[\/vc_column_text][\/vc_column][\/vc_row][vc_row full_width=&#8221;stretch_row_content&#8221; css=&#8221;.vc_custom_1542911284138{margin-bottom: 30px !important;}&#8221;][vc_column width=&#8221;1\/6&#8243;][\/vc_column][vc_column width=&#8221;2\/3&#8243;][vc_custom_heading text=&#8221;Modelo el\u00e9trico NAKED BRAVO GLE&#8221; font_container=&#8221;tag:h2|font_size:46px|text_align:center&#8221; use_theme_fonts=&#8221;yes&#8221;][vc_separator][vc_column_text font_size=&#8221;xlarge&#8221; el_class=&#8221;claim&#8221;]<\/p>\n<p style=\"text-align: center;\"><span class=\"tlid-translation translation\" lang=\"pt\"><span class=\"\" title=\"\">O projeto<strong> Ebroh Bravo GLE<\/strong> come\u00e7ou h\u00e1 quase dois anos com sua homologa\u00e7\u00e3o na Espanha, nas instala\u00e7\u00f5es da IDIADA em Tarragona, que criaram a base para o desenvolvimento da primeira motocicleta esportiva el\u00e9trica desenvolvida na Espanha.<\/span><\/span><\/p>\n<p><span class=\"\" title=\"\">O perfil do <strong>Ebroh Bravo GLE<\/strong> el\u00e9trico \u00e9 a imagem da motocicleta que permanece em nossa retina, a silhueta de uma motocicleta moderna e esportiva.<\/span> <span title=\"\">A <strong>Ebroh<\/strong> optou por uma abordagem puramente &#8220;Sport Touring&#8221; para sua primeira motocicleta el\u00e9trica, desenvolvida e ajustada em Zaragoza para todo o mercado europeu.<\/span> <span title=\"\">O <strong>Ebroh Bravo GLE<\/strong> segue essa tend\u00eancia observada na grande maioria das bicicletas esportivas polivalentes.<\/span> <span class=\"\" title=\"\">Isso suaviza sua postura de dire\u00e7\u00e3o, buscando adotar uma posi\u00e7\u00e3o de dire\u00e7\u00e3o mais ergon\u00f4mica e, assim, mitiga o m\u00e1ximo poss\u00edvel o aparecimento de fadiga quando os quil\u00f4metros se acumulam.<\/span><\/p>\n<h1 style=\"text-align: center;\"><a href=\"https:\/\/ebroh.es\/pt-pt\/produto\/naked-eletrico\/bravo-gle\/\"><span class=\"tlid-translation translation\" lang=\"pt\" style=\"color: #808080;\"><span title=\"\">DESCOBRIR<\/span><\/span><\/a><\/h1>\n<p>[\/vc_column_text][\/vc_column][vc_column width=&#8221;1\/6&#8243;][\/vc_column][\/vc_row][vc_row css=&#8221;.vc_custom_1542282900615{margin-top: 0px !important;margin-bottom: 0px !important;border-bottom-width: 0px !important;padding-top: 0px !important;}&#8221;][vc_column width=&#8221;1\/3&#8243; css=&#8221;.vc_custom_1542282847412{margin-bottom: 0px !important;padding-bottom: 0px !important;}&#8221;][vc_images_carousel images=&#8221;6862,6793,7041&#8243; img_size=&#8221;medium&#8221; onclick=&#8221;link_no&#8221; speed=&#8221;2500&#8243; autoplay=&#8221;yes&#8221; hide_pagination_control=&#8221;yes&#8221; hide_prev_next_buttons=&#8221;yes&#8221; wrap=&#8221;yes&#8221; css_animation=&#8221;fadeIn&#8221;][\/vc_column][vc_column width=&#8221;1\/3&#8243;][vc_images_carousel images=&#8221;6086,6082,6078&#8243; img_size=&#8221;medium&#8221; onclick=&#8221;link_no&#8221; speed=&#8221;2500&#8243; autoplay=&#8221;yes&#8221; hide_pagination_control=&#8221;yes&#8221; hide_prev_next_buttons=&#8221;yes&#8221; wrap=&#8221;yes&#8221; css_animation=&#8221;fadeIn&#8221;][\/vc_column][vc_column width=&#8221;1\/3&#8243;][vc_images_carousel images=&#8221;6090,6098,6094&#8243; img_size=&#8221;medium&#8221; onclick=&#8221;link_no&#8221; speed=&#8221;2500&#8243; autoplay=&#8221;yes&#8221; hide_pagination_control=&#8221;yes&#8221; hide_prev_next_buttons=&#8221;yes&#8221; wrap=&#8221;yes&#8221; css_animation=&#8221;fadeIn&#8221;][\/vc_column][\/vc_row][vc_row full_width=&#8221;stretch_row_content&#8221; equal_height=&#8221;yes&#8221;][vc_column width=&#8221;1\/6&#8243;][\/vc_column][vc_column width=&#8221;2\/3&#8243; col_padding_side=&#8221;top_bottom&#8221;][vc_row_inner equal_height=&#8221;yes&#8221; content_placement=&#8221;middle&#8221; el_class=&#8221;caracteristicas&#8221;][vc_column_inner width=&#8221;1\/2&#8243;][vc_single_image image=&#8221;7058&#8243; img_size=&#8221;500&#215;500&#8243; alignment=&#8221;center&#8221; onclick=&#8221;zoom&#8221; css_animation=&#8221;fadeIn&#8221;][\/vc_column_inner][vc_column_inner width=&#8221;1\/2&#8243;][vc_custom_heading text=&#8221;Dimens\u00f5es generosas&#8221; font_container=&#8221;tag:h2|text_align:center&#8221; use_theme_fonts=&#8221;yes&#8221; link=&#8221;url:https%3A%2F%2Febroh.es%2Fpt-pt%2Fproduto%2Fnaked-eletrico%2Fbravo-gle%2F|&#8221;][vc_column_text font_size=&#8221;xlarge&#8221;]<br \/>\n<span class=\"tlid-translation translation\" lang=\"pt\"><span title=\"\">As dimens\u00f5es gerais do novo<strong> Ebroh Bravo GLE<\/strong> foram generosamente tra\u00e7adas.<\/span> <span class=\"\" title=\"\">Suas medidas s\u00e3o de 2.060 mm de comprimento por 1.110 mm de altura.<\/span> <span title=\"\">A dist\u00e2ncia entre eixos de 1.410 mm.<\/span> <span class=\"\" title=\"\">Seu peso \u00e9 147 kg.<\/span><\/p>\n<p><span class=\"\" title=\"\">A estrutura consiste em um ber\u00e7o superior duplo e um segundo ber\u00e7o inferior, abra\u00e7ando seu acumulador de n\u00edquel cobalto nos quatro lados.<\/span> <span class=\"\" title=\"\">A estrutura do tubo de a\u00e7o que nos fornece, al\u00e9m de um peso leve, estabilidade, rigidez e capacidade de tor\u00e7\u00e3o.<\/span><\/span><br \/>\n[\/vc_column_text][\/vc_column_inner][\/vc_row_inner][\/vc_column][vc_column width=&#8221;1\/6&#8243;][\/vc_column][\/vc_row][vc_row full_width=&#8221;stretch_row_content&#8221; equal_height=&#8221;yes&#8221;][vc_column width=&#8221;1\/6&#8243;][\/vc_column][vc_column width=&#8221;2\/3&#8243; col_padding_side=&#8221;top_bottom&#8221;][vc_row_inner equal_height=&#8221;yes&#8221; content_placement=&#8221;middle&#8221; el_class=&#8221;caracteristicas&#8221;][vc_column_inner width=&#8221;1\/2&#8243;][vc_custom_heading text=&#8221;Pe\u00e7a do ciclo&#8221; font_container=&#8221;tag:h2|text_align:center&#8221; use_theme_fonts=&#8221;yes&#8221; link=&#8221;url:https%3A%2F%2Febroh.es%2Fpt-pt%2Fproduto%2Fnaked-eletrico%2Fbravo-gle%2F|&#8221;][vc_column_text font_size=&#8221;xlarger&#8221;]<\/p>\n<div class=\"text-wrap tlid-copy-target\">\n<div class=\"result-shield-container tlid-copy-target\" tabindex=\"0\"><span class=\"tlid-translation translation\" lang=\"pt\"><span title=\"\">Para o <strong>Ebroh Bravo GLE<\/strong>, foi selecionado um garfo hidr\u00e1ulico com um di\u00e2metro de 35 mm sem ajustes.<\/span> <span title=\"\">Os espig\u00f5es de selim tamb\u00e9m s\u00e3o grandes, com um tamanho de 194 mm.<\/span> <span class=\"\" title=\"\">entre os centros das \u00e2ncoras das barras de suspens\u00e3o.<\/span> <span title=\"\">Atr\u00e1s, opera um simples absorvedor mono-choque com curso de 100 mm.<\/span> <span class=\"\" title=\"\">A parte do ciclo \u00e9 completada com um bom suprimento de jantes (17 &#8221;), rodas (110\/70 dianteira; 140\/70 traseira), pneus sem c\u00e2mara de ar e freios a disco duplos na roda dianteira e pin\u00e7as paralelas de pist\u00e3o duplo e disco \u00fanico<\/span> <span class=\"\" title=\"\">atr\u00e1s.<\/span> <span class=\"\" title=\"\">Ele incorpora um sistema de distribui\u00e7\u00e3o de freio CBS.<\/span><\/span><\/div>\n<\/div>\n<div class=\"tlid-result-transliteration-container result-transliteration-container transliteration-container\">\n<div class=\"tlid-transliteration-content transliteration-content full\"><\/div>\n<\/div>\n<p>[\/vc_column_text][\/vc_column_inner][vc_column_inner width=&#8221;1\/2&#8243;][vc_single_image image=&#8221;7053&#8243; img_size=&#8221;500&#215;500&#8243; alignment=&#8221;center&#8221; onclick=&#8221;zoom&#8221; css_animation=&#8221;fadeIn&#8221;][\/vc_column_inner][\/vc_row_inner][\/vc_column][vc_column width=&#8221;1\/6&#8243;][\/vc_column][\/vc_row][vc_row full_width=&#8221;stretch_row_content&#8221; equal_height=&#8221;yes&#8221;][vc_column width=&#8221;1\/6&#8243;][\/vc_column][vc_column width=&#8221;2\/3&#8243; col_padding_side=&#8221;top_bottom&#8221;][vc_row_inner equal_height=&#8221;yes&#8221; content_placement=&#8221;middle&#8221; el_class=&#8221;caracteristicas&#8221;][vc_column_inner width=&#8221;1\/2&#8243;][vc_single_image image=&#8221;7063&#8243; img_size=&#8221;500&#215;500&#8243; alignment=&#8221;center&#8221; onclick=&#8221;zoom&#8221; css_animation=&#8221;fadeIn&#8221;][\/vc_column_inner][vc_column_inner width=&#8221;1\/2&#8243;][vc_custom_heading text=&#8221;Bateria central e motor @Brushless de 5kW&#8221; font_container=&#8221;tag:h2|text_align:center&#8221; use_theme_fonts=&#8221;yes&#8221; link=&#8221;url:https%3A%2F%2Febroh.es%2Fpt-pt%2Fproduto%2Fnaked-eletrico%2Fbravo-gle%2F|&#8221;][vc_column_text font_size=&#8221;xlarger&#8221;]<\/p>\n<p><span class=\"tlid-translation translation\" lang=\"pt\"><span class=\"\" title=\"\">Bateria central de <em>\u00edon de l\u00edtio tern\u00e1rio<\/em>, Ni-Co, 72V 80Ah, com um peso total de 35 Kg. A posi\u00e7\u00e3o central e na parte inferior do <strong>Bravo GLE<\/strong> favorece a estabilidade, o controle de in\u00e9rcias e a carga em movimentos<\/span> <span title=\"\">.<\/span> <span title=\"\">O sistema de recarga \u00e9 monitorado, opera com uma tens\u00e3o dom\u00e9stica.<\/span> <span class=\"\" title=\"\">O carregador \u00e9 externo e o tempo m\u00e9dio de recarga total \u00e9 de aproximadamente 5 horas.<\/span> <span class=\"\" title=\"\">O motor trabalha com uma tens\u00e3o de 72V e produz 5kW.<\/span> <span title=\"\">\u00c9 um motor &#8220;Brushless&#8221; s\u00edncrono.<\/span> <span class=\"\" title=\"\">Em termos de desempenho, a velocidade m\u00e1xima do <strong>Ebroh Bravo GLE<\/strong> \u00e9 de 90 km \/ h e oferece um alcance de 100 km.<\/span><\/span><\/p>\n<p>[\/vc_column_text][\/vc_column_inner][\/vc_row_inner][\/vc_column][vc_column width=&#8221;1\/6&#8243;][\/vc_column][\/vc_row][vc_row full_width=&#8221;stretch_row_content&#8221; equal_height=&#8221;yes&#8221;][vc_column width=&#8221;1\/6&#8243;][\/vc_column][vc_column width=&#8221;2\/3&#8243; col_padding_side=&#8221;top_bottom&#8221;][vc_row_inner equal_height=&#8221;yes&#8221; content_placement=&#8221;middle&#8221; el_class=&#8221;caracteristicas&#8221;][vc_column_inner width=&#8221;1\/2&#8243;][vc_custom_heading text=&#8221;Controles, instrumenta\u00e7\u00e3o e ilumina\u00e7\u00e3o.&#8221; font_container=&#8221;tag:h2|text_align:center&#8221; use_theme_fonts=&#8221;yes&#8221; link=&#8221;url:https%3A%2F%2Febroh.es%2Fpt-pt%2Fproduto%2Fnaked-eletrico%2Fbravo-gle%2F|&#8221;][vc_column_text font_size=&#8221;xlarger&#8221;]<br \/>\n<span class=\"tlid-translation translation\" lang=\"pt\"><span class=\"\" title=\"\">Cada alavanca do<strong> Bravo GLE<\/strong> aplica os freios em cada eixo, desconsiderando a caixa de c\u00e2mbio e a alavanca de embreagem usual dos motores a gasolina.<\/span> <span class=\"\" title=\"\">Possui um bot\u00e3o rotativo para selecionar os modos de dire\u00e7\u00e3o, marcha \u00e0 r\u00e9, cidade, estrada ou posi\u00e7\u00e3o neutra.<\/span><\/p>\n<p><span class=\"\" title=\"\">A instrumenta\u00e7\u00e3o \u00e9 unificada em um rel\u00f3gio digital central com veloc\u00edmetro, od\u00f4metro, carga da bateria, rel\u00f3gio e luzes indicadoras, piscas e modo de dire\u00e7\u00e3o selecionado.<\/span><\/p>\n<p><span title=\"\">As luzes da frente, traseira e pisca s\u00e3o LEDs.<\/span> <span class=\"\" title=\"\">O farol central \u00e9 constitu\u00eddo por uma lente elipsoidal de LED duplo.<\/span><\/span><br \/>\n[\/vc_column_text][\/vc_column_inner][vc_column_inner width=&#8221;1\/2&#8243;][vc_single_image image=&#8221;7068&#8243; img_size=&#8221;500&#215;500&#8243; alignment=&#8221;center&#8221; onclick=&#8221;zoom&#8221; css_animation=&#8221;fadeIn&#8221;][\/vc_column_inner][\/vc_row_inner][\/vc_column][vc_column width=&#8221;1\/6&#8243;][\/vc_column][\/vc_row][vc_row][vc_column][vc_gallery type=&#8221;image_grid&#8221; images=&#8221;7194,7190,7186,7182&#8243; img_size=&#8221;medium&#8221; css_animation=&#8221;fadeIn&#8221;][vc_custom_heading text=&#8221;IR AT\u00c9 A LOJA&#8221; font_container=&#8221;tag:h3|text_align:center|color:%23df4104&#8243; use_theme_fonts=&#8221;yes&#8221; css_animation=&#8221;fadeInRight&#8221; link=&#8221;url:https%3A%2F%2Febroh.es%2Fpt-pt%2Fproduto%2Fnaked-eletrico%2Fbravo-gle%2F|&#8221;][\/vc_column][\/vc_row]<\/p>\n<\/section>","protected":false},"excerpt":{"rendered":"<p>[vc_row full_width=&#8221;stretch_row_content_no_spaces&#8221; full_height=&#8221;yes&#8221; columns_placement=&#8221;stretch&#8221; equal_height=&#8221;yes&#8221; content_placement=&#8221;middle&#8221; video_bg=&#8221;yes&#8221; video_bg_url=&#8221;https:\/\/www.youtube.com\/watch?v=8HtJYaW0dgE&#8221; css=&#8221;.vc_custom_1592209763465{padding-top: 0px !important;padding-bottom: 0px !important;}&#8221; el_id=&#8221;home-video&#8221;][vc_column][vc_column_text css_animation=&#8221;appear&#8221; font_size=&#8221;xlarger&#8221;] Novo BRAVO GLE Cora\u00e7\u00e3o el\u00e9trico [\/vc_column_text][\/vc_column][\/vc_row][vc_row full_width=&#8221;stretch_row_content&#8221; css=&#8221;.vc_custom_1542911284138{margin-bottom: 30px !important;}&#8221;][vc_column width=&#8221;1\/6&#8243;][\/vc_column][vc_column width=&#8221;2\/3&#8243;][vc_custom_heading text=&#8221;Modelo el\u00e9trico NAKED BRAVO GLE&#8221; font_container=&#8221;tag:h2|font_size:46px|text_align:center&#8221; use_theme_fonts=&#8221;yes&#8221;][vc_separator][vc_column_text font_size=&#8221;xlarge&#8221; el_class=&#8221;claim&#8221;] O projeto Ebroh Bravo GLE come\u00e7ou h\u00e1 quase dois anos com sua homologa\u00e7\u00e3o [&hellip;]<\/p>\n","protected":false},"author":3,"featured_media":0,"parent":0,"menu_order":0,"comment_status":"closed","ping_status":"closed","template":"","meta":{"footnotes":""},"class_list":["post-7218","page","type-page","status-publish","hentry"],"_links":{"self":[{"href":"https:\/\/ebroh.eu\/pt-pt\/wp-json\/wp\/v2\/pages\/7218","targetHints":{"allow":["GET"]}}],"collection":[{"href":"https:\/\/ebroh.eu\/pt-pt\/wp-json\/wp\/v2\/pages"}],"about":[{"href":"https:\/\/ebroh.eu\/pt-pt\/wp-json\/wp\/v2\/types\/page"}],"author":[{"embeddable":true,"href":"https:\/\/ebroh.eu\/pt-pt\/wp-json\/wp\/v2\/users\/3"}],"replies":[{"embeddable":true,"href":"https:\/\/ebroh.eu\/pt-pt\/wp-json\/wp\/v2\/comments?post=7218"}],"version-history":[{"count":20,"href":"https:\/\/ebroh.eu\/pt-pt\/wp-json\/wp\/v2\/pages\/7218\/revisions"}],"predecessor-version":[{"id":16988,"href":"https:\/\/ebroh.eu\/pt-pt\/wp-json\/wp\/v2\/pages\/7218\/revisions\/16988"}],"wp:attachment":[{"href":"https:\/\/ebroh.eu\/pt-pt\/wp-json\/wp\/v2\/media?parent=7218"}],"curies":[{"name":"wp","href":"https:\/\/api.w.org\/{rel}","templated":true}]}}