{"id":5474,"date":"2019-10-28T19:38:52","date_gmt":"2019-10-28T17:38:52","guid":{"rendered":"https:\/\/ebroh.es\/politica-de-garantia-de-bicicletas-eletricas\/"},"modified":"2021-04-13T09:42:26","modified_gmt":"2021-04-13T07:42:26","slug":"politica-de-garantia-de-bicicletas-eletricas","status":"publish","type":"page","link":"https:\/\/ebroh.eu\/pt-pt\/politica-de-garantia-de-bicicletas-eletricas\/","title":{"rendered":"Pol\u00edtica de garantia de bicicletas el\u00e9tricas"},"content":{"rendered":"<header id=\"gb\" class=\"gb_ja gb_Oa gb_Re gb_Ec\" role=\"banner\">\n<div class=\"gb_8d\">\n<div class=\"gb_zc gb_xc gb_Ec\">\n<div class=\"gb_Kc\"><span class=\"tlid-translation translation\" lang=\"pt\">A EBROH oferece uma garantia de 2 anos contra qualquer defeito de fabrica\u00e7\u00e3o ao primeiro propriet\u00e1rio.<\/span><\/div>\n<\/div>\n<\/div>\n<\/header>\n<div class=\"gb_8d\">\n<div class=\"gb_zc gb_xc gb_Ec\">\n<div class=\"gb_Fc\" role=\"menu\">\n<div class=\"gb_Hc\"><\/div>\n<\/div>\n<\/div>\n<\/div>\n<header id=\"gb\" class=\"gb_ja gb_Oa gb_Re gb_Ec\" role=\"banner\"><\/header>\n<div class=\"source-wrap\">\n<div class=\"input-full-height-wrapper tlid-input-full-height-wrapper\">\n<div class=\"source-input\">\n<div id=\"input-wrap\" class=\"tlid-input-area input-area less-padding\">\n<div class=\"result-shield-container tlid-copy-target\" tabindex=\"0\"><span class=\"tlid-translation translation\" lang=\"pt\">Todos os outros componentes montados na bicicleta, como garfos, rodas, transmiss\u00e3o, freios, espig\u00e3o de selim, for\u00e7a e guid\u00e3o t\u00eam uma<br \/>\nGarantia de 2 anos para defeitos de fabrica\u00e7\u00e3o, com as condi\u00e7\u00f5es de garantia oferecidas pelos respectivos fabricantes ou distribuidores de<br \/>\ncomponentes de outras marcas montadas originalmente.<br \/>\nTodas as pe\u00e7as e componentes expostos ao desgaste, como tampas, buchas, redutores, rolamentos, estar\u00e3o isentos de garantia.<br \/>\ncorrentes, placas, rodas dentadas, raios, pastilhas de freio, discos de freio e manguitos quando o motivo da falha \u00e9 atribu\u00edvel ao desgaste.<br \/>\nA bateria e outros componentes el\u00e9tricos da bicicleta, como controlador, tela, fia\u00e7\u00e3o e motor, ter\u00e3o uma garantia padr\u00e3o de<br \/>\nFabrica\u00e7\u00e3o, 2 anos.<br \/>\nEsta garantia n\u00e3o cobre nenhum problema causado por montagem incorreta, uso indevido ou uso do modelo de bicicleta diferente para o qual \u00e9<br \/>\nFoi projetado, falta de manuten\u00e7\u00e3o, neglig\u00eancia, impacto, acidentes, uso da bicicleta ou do quadro em condi\u00e7\u00f5es que n\u00e3o s\u00e3o consideradas<br \/>\ncomuns, como concorr\u00eancia, aluguel ou uso em atividades comerciais.<br \/>\nTodas as bicicletas, quadros e componentes t\u00eam per\u00edodos de manuten\u00e7\u00e3o recomendados e devem ser verificados periodicamente por um revendedor<br \/>\noficial O n\u00e3o cumprimento dessas condi\u00e7\u00f5es invalida a garantia contra defeitos de fabrica\u00e7\u00e3o.<\/span><\/div>\n<\/div>\n<\/div>\n<\/div>\n<\/div>\n","protected":false},"excerpt":{"rendered":"<p>A EBROH oferece uma garantia de 2 anos contra qualquer defeito de fabrica\u00e7\u00e3o ao primeiro propriet\u00e1rio. Todos os outros componentes montados na bicicleta, como garfos, rodas, transmiss\u00e3o, freios, espig\u00e3o de selim, for\u00e7a e guid\u00e3o t\u00eam uma Garantia de 2 anos para defeitos de fabrica\u00e7\u00e3o, com as condi\u00e7\u00f5es de garantia oferecidas [&hellip;]<\/p>\n","protected":false},"author":3,"featured_media":0,"parent":0,"menu_order":0,"comment_status":"closed","ping_status":"closed","template":"","meta":{"footnotes":""},"class_list":["post-5474","page","type-page","status-publish","hentry"],"_links":{"self":[{"href":"https:\/\/ebroh.eu\/pt-pt\/wp-json\/wp\/v2\/pages\/5474","targetHints":{"allow":["GET"]}}],"collection":[{"href":"https:\/\/ebroh.eu\/pt-pt\/wp-json\/wp\/v2\/pages"}],"about":[{"href":"https:\/\/ebroh.eu\/pt-pt\/wp-json\/wp\/v2\/types\/page"}],"author":[{"embeddable":true,"href":"https:\/\/ebroh.eu\/pt-pt\/wp-json\/wp\/v2\/users\/3"}],"replies":[{"embeddable":true,"href":"https:\/\/ebroh.eu\/pt-pt\/wp-json\/wp\/v2\/comments?post=5474"}],"version-history":[{"count":1,"href":"https:\/\/ebroh.eu\/pt-pt\/wp-json\/wp\/v2\/pages\/5474\/revisions"}],"predecessor-version":[{"id":15067,"href":"https:\/\/ebroh.eu\/pt-pt\/wp-json\/wp\/v2\/pages\/5474\/revisions\/15067"}],"wp:attachment":[{"href":"https:\/\/ebroh.eu\/pt-pt\/wp-json\/wp\/v2\/media?parent=5474"}],"curies":[{"name":"wp","href":"https:\/\/api.w.org\/{rel}","templated":true}]}}