{"id":5473,"date":"2019-10-28T19:34:35","date_gmt":"2019-10-28T17:34:35","guid":{"rendered":"https:\/\/ebroh.es\/politica-de-garantia\/"},"modified":"2021-06-25T11:25:14","modified_gmt":"2021-06-25T09:25:14","slug":"politica-de-garantia","status":"publish","type":"page","link":"https:\/\/ebroh.eu\/pt-pt\/politica-de-garantia\/","title":{"rendered":"Pol\u00edtica de Garantia"},"content":{"rendered":"<p><span class=\"tlid-translation translation\" lang=\"pt\">Pol\u00edtica de Garantia<\/span><\/p>\n<p>Todas as nossas scooters Ebroh t\u00eam garantia de defeitos de fabrica\u00e7\u00e3o por 24 meses a partir do momento da entrega.<\/p>\n<p>Todos os componentes suscet\u00edveis ao desgaste, como pastilhas de freio, pneus, eixos, rolamentos e l\u00e2mpadas, est\u00e3o exclu\u00eddos da garantia.<\/p>\n<p>A garantia ser\u00e1 anulada quando qualquer um dos seguintes casos for atendido:<\/p>\n<p>Quando \u00e9 demonstrado um mau funcionamento devido a erro humano ou neglig\u00eancia do usu\u00e1rio da m\u00e1quina.<br \/>\nCausas do tempo.<br \/>\nQuando o limite de uso da m\u00e1quina \u00e9 for\u00e7ado.<br \/>\nUso profissional ou comercial, podendo gerar uma garantia oportuna.<br \/>\nQuando pe\u00e7as n\u00e3o originais da Ebroh s\u00e3o usadas durante os reparos ou voc\u00ea realiza qualquer opera\u00e7\u00e3o de manuten\u00e7\u00e3o ou reparo em um servi\u00e7o t\u00e9cnico n\u00e3o autorizado pela Ebroh<br \/>\nTodas as motocicletas e componentes t\u00eam prazos de manuten\u00e7\u00e3o recomendados e devem ser verificados periodicamente por um revendedor oficial. O n\u00e3o cumprimento dessas condi\u00e7\u00f5es invalida a garantia contra defeitos de fabrica\u00e7\u00e3o<\/p>\n","protected":false},"excerpt":{"rendered":"<p>Pol\u00edtica de Garantia Todas as nossas scooters Ebroh t\u00eam garantia de defeitos de fabrica\u00e7\u00e3o por 24 meses a partir do momento da entrega. Todos os componentes suscet\u00edveis ao desgaste, como pastilhas de freio, pneus, eixos, rolamentos e l\u00e2mpadas, est\u00e3o exclu\u00eddos da garantia. A garantia ser\u00e1 anulada quando qualquer um dos [&hellip;]<\/p>\n","protected":false},"author":3,"featured_media":0,"parent":0,"menu_order":0,"comment_status":"closed","ping_status":"closed","template":"","meta":{"footnotes":""},"class_list":["post-5473","page","type-page","status-publish","hentry"],"_links":{"self":[{"href":"https:\/\/ebroh.eu\/pt-pt\/wp-json\/wp\/v2\/pages\/5473","targetHints":{"allow":["GET"]}}],"collection":[{"href":"https:\/\/ebroh.eu\/pt-pt\/wp-json\/wp\/v2\/pages"}],"about":[{"href":"https:\/\/ebroh.eu\/pt-pt\/wp-json\/wp\/v2\/types\/page"}],"author":[{"embeddable":true,"href":"https:\/\/ebroh.eu\/pt-pt\/wp-json\/wp\/v2\/users\/3"}],"replies":[{"embeddable":true,"href":"https:\/\/ebroh.eu\/pt-pt\/wp-json\/wp\/v2\/comments?post=5473"}],"version-history":[{"count":2,"href":"https:\/\/ebroh.eu\/pt-pt\/wp-json\/wp\/v2\/pages\/5473\/revisions"}],"predecessor-version":[{"id":7544,"href":"https:\/\/ebroh.eu\/pt-pt\/wp-json\/wp\/v2\/pages\/5473\/revisions\/7544"}],"wp:attachment":[{"href":"https:\/\/ebroh.eu\/pt-pt\/wp-json\/wp\/v2\/media?parent=5473"}],"curies":[{"name":"wp","href":"https:\/\/api.w.org\/{rel}","templated":true}]}}