{"id":29766,"date":"2023-06-14T10:44:11","date_gmt":"2023-06-14T08:44:11","guid":{"rendered":"https:\/\/ebroh.eu\/naked-pt\/"},"modified":"2023-06-14T10:44:11","modified_gmt":"2023-06-14T08:44:11","slug":"naked-pt","status":"publish","type":"page","link":"https:\/\/ebroh.eu\/pt-pt\/naked-pt\/","title":{"rendered":"Naked-pt"},"content":{"rendered":"<section class=\"wpb-content-wrapper\"><p>[vc_row][vc_column]<div class=\"woocommerce columns-4 \"><ul class=\"products columns-4\">\n<li class=\"product type-product post-18244 status-publish first instock product_cat-naked-electrique has-post-thumbnail taxable shipping-taxable product-type-variable has-default-attributes\">\n\t<a href=\"https:\/\/ebroh.eu\/fr\/produit\/naked-electrique\/bravo-cr-edition-speciale\/\" class=\"woocommerce-LoopProduct-link woocommerce-loop-product__link\"><div class=\"product-thumbnail-wrap vntd-accent-bg-color\"><img loading=\"lazy\" decoding=\"async\" width=\"450\" height=\"447\" src=\"https:\/\/ebroh.eu\/wp-content\/uploads\/2021\/11\/bravo_cr_naranja_front_fondobl-low-450x447.jpg\" class=\"attachment-woocommerce_thumbnail size-woocommerce_thumbnail\" alt=\"BRAVO CR \u00c9dition sp\u00e9ciale\" srcset=\"https:\/\/ebroh.eu\/wp-content\/uploads\/2021\/11\/bravo_cr_naranja_front_fondobl-low-450x447.jpg 450w, https:\/\/ebroh.eu\/wp-content\/uploads\/2021\/11\/bravo_cr_naranja_front_fondobl-low-150x150.jpg 150w, https:\/\/ebroh.eu\/wp-content\/uploads\/2021\/11\/bravo_cr_naranja_front_fondobl-low-100x100.jpg 100w\" sizes=\"auto, (max-width: 450px) 100vw, 450px\" \/><div class=\"overlay-rating\"><\/div><div class=\"product-overlay\"><div class=\"product-overlay-inner\">Ver detalles<\/div><\/div><\/div><div class=\"product-details-wrap\"><div class=\"product-category\">Naked \u00c9lectrique<\/div><h2 class=\"woocommerce-loop-product__title\">BRAVO CR \u00c9dition sp\u00e9ciale<\/h2><h3 class=\"vntd-product-title\"><a href=\"https:\/\/ebroh.eu\/fr\/produit\/naked-electrique\/bravo-cr-edition-speciale\/\">BRAVO CR \u00c9dition sp\u00e9ciale<\/a><\/h3><div class=\"vntd-product-details btn btn-style-default btn-dark btn-icon accent-hover-bg\"><i class=\"fa fa-file-text-o\"><\/i>Ver detalles<\/div><div class=\"vntd-product-price\">\n<div class=\"vntd-product-rating\"><\/div><\/div><\/div><\/a><a href=\"https:\/\/ebroh.eu\/fr\/produit\/naked-electrique\/bravo-cr-edition-speciale\/\" aria-describedby=\"woocommerce_loop_add_to_cart_link_describedby_18244\" data-quantity=\"1\" class=\"button product_type_variable\" data-product_id=\"18244\" data-product_sku=\"\" aria-label=\"Seleccione as op\u00e7\u00f5es para &ldquo;BRAVO CR \u00c9dition sp\u00e9ciale&rdquo;\" rel=\"nofollow\">Ler mais<\/a>\t<span id=\"woocommerce_loop_add_to_cart_link_describedby_18244\" class=\"screen-reader-text\">\n\t\t\t<\/span>\n<span class=\"gtm4wp_productdata\" style=\"display:none; visibility:hidden;\" data-gtm4wp_product_data=\"{&quot;internal_id&quot;:18244,&quot;item_id&quot;:18244,&quot;item_name&quot;:&quot;BRAVO CR \\u00c9dition sp\\u00e9ciale&quot;,&quot;sku&quot;:18244,&quot;price&quot;:0,&quot;stocklevel&quot;:null,&quot;stockstatus&quot;:&quot;instock&quot;,&quot;google_business_vertical&quot;:&quot;retail&quot;,&quot;item_category&quot;:&quot;Naked \\u00c9lectrique&quot;,&quot;id&quot;:18244,&quot;productlink&quot;:&quot;https:\\\/\\\/ebroh.eu\\\/fr\\\/produit\\\/naked-electrique\\\/bravo-cr-edition-speciale\\\/&quot;,&quot;item_list_name&quot;:&quot;General Product List&quot;,&quot;index&quot;:1,&quot;product_type&quot;:&quot;variable&quot;,&quot;item_brand&quot;:&quot;&quot;}\"><\/span><\/li>\n<li class=\"product type-product post-13520 status-publish instock product_cat-naked-electrique has-post-thumbnail taxable shipping-taxable product-type-variable has-default-attributes\">\n\t<a href=\"https:\/\/ebroh.eu\/fr\/produit\/naked-electrique\/bravo-gle-pro-2\/\" class=\"woocommerce-LoopProduct-link woocommerce-loop-product__link\"><div class=\"product-thumbnail-wrap vntd-accent-bg-color\"><img loading=\"lazy\" decoding=\"async\" width=\"450\" height=\"450\" src=\"https:\/\/ebroh.eu\/wp-content\/uploads\/2021\/01\/bravo-negro-bumper-negro-450x450.jpg\" class=\"attachment-woocommerce_thumbnail size-woocommerce_thumbnail\" alt=\"Bravo GLE Pro\" srcset=\"https:\/\/ebroh.eu\/wp-content\/uploads\/2021\/01\/bravo-negro-bumper-negro-450x450.jpg 450w, https:\/\/ebroh.eu\/wp-content\/uploads\/2021\/01\/bravo-negro-bumper-negro-100x100.jpg 100w, https:\/\/ebroh.eu\/wp-content\/uploads\/2021\/01\/bravo-negro-bumper-negro-150x150.jpg 150w, https:\/\/ebroh.eu\/wp-content\/uploads\/2021\/01\/bravo-negro-bumper-negro-600x600.jpg 600w\" sizes=\"auto, (max-width: 450px) 100vw, 450px\" \/><div class=\"overlay-rating\"><\/div><div class=\"product-overlay\"><div class=\"product-overlay-inner\">Ver detalles<\/div><\/div><\/div><div class=\"product-details-wrap\"><div class=\"product-category\">Naked \u00c9lectrique<\/div><h2 class=\"woocommerce-loop-product__title\">Bravo GLE Pro<\/h2><h3 class=\"vntd-product-title\"><a href=\"https:\/\/ebroh.eu\/fr\/produit\/naked-electrique\/bravo-gle-pro-2\/\">Bravo GLE Pro<\/a><\/h3><div class=\"vntd-product-details btn btn-style-default btn-dark btn-icon accent-hover-bg\"><i class=\"fa fa-file-text-o\"><\/i>Ver detalles<\/div><div class=\"vntd-product-price\">\n<div class=\"vntd-product-rating\"><\/div><\/div><\/div><\/a><a href=\"https:\/\/ebroh.eu\/fr\/produit\/naked-electrique\/bravo-gle-pro-2\/\" aria-describedby=\"woocommerce_loop_add_to_cart_link_describedby_13520\" data-quantity=\"1\" class=\"button product_type_variable\" data-product_id=\"13520\" data-product_sku=\"\" aria-label=\"Seleccione as op\u00e7\u00f5es para &ldquo;Bravo GLE Pro&rdquo;\" rel=\"nofollow\">Ler mais<\/a>\t<span id=\"woocommerce_loop_add_to_cart_link_describedby_13520\" class=\"screen-reader-text\">\n\t\t\t<\/span>\n<span class=\"gtm4wp_productdata\" style=\"display:none; visibility:hidden;\" data-gtm4wp_product_data=\"{&quot;internal_id&quot;:13520,&quot;item_id&quot;:13520,&quot;item_name&quot;:&quot;Bravo GLE Pro&quot;,&quot;sku&quot;:13520,&quot;price&quot;:0,&quot;stocklevel&quot;:null,&quot;stockstatus&quot;:&quot;instock&quot;,&quot;google_business_vertical&quot;:&quot;retail&quot;,&quot;item_category&quot;:&quot;Naked \\u00c9lectrique&quot;,&quot;id&quot;:13520,&quot;productlink&quot;:&quot;https:\\\/\\\/ebroh.eu\\\/fr\\\/produit\\\/naked-electrique\\\/bravo-gle-pro-2\\\/&quot;,&quot;item_list_name&quot;:&quot;General Product List&quot;,&quot;index&quot;:2,&quot;product_type&quot;:&quot;variable&quot;,&quot;item_brand&quot;:&quot;&quot;}\"><\/span><\/li>\n<li class=\"product type-product post-15704 status-publish outofstock product_cat-naked-electrique has-post-thumbnail taxable shipping-taxable product-type-variable has-default-attributes\">\n\t<a href=\"https:\/\/ebroh.eu\/fr\/produit\/naked-electrique\/bravo-cr\/\" class=\"woocommerce-LoopProduct-link woocommerce-loop-product__link\"><div class=\"product-thumbnail-wrap vntd-accent-bg-color\"><img loading=\"lazy\" decoding=\"async\" width=\"450\" height=\"450\" src=\"https:\/\/ebroh.eu\/wp-content\/uploads\/2021\/05\/bravo-cr-verde2-450x450.jpg\" class=\"attachment-woocommerce_thumbnail size-woocommerce_thumbnail\" alt=\"BRAVO CR\" srcset=\"https:\/\/ebroh.eu\/wp-content\/uploads\/2021\/05\/bravo-cr-verde2-450x450.jpg 450w, https:\/\/ebroh.eu\/wp-content\/uploads\/2021\/05\/bravo-cr-verde2-150x150.jpg 150w, https:\/\/ebroh.eu\/wp-content\/uploads\/2021\/05\/bravo-cr-verde2-600x600.jpg 600w, https:\/\/ebroh.eu\/wp-content\/uploads\/2021\/05\/bravo-cr-verde2-100x100.jpg 100w\" sizes=\"auto, (max-width: 450px) 100vw, 450px\" \/><div class=\"overlay-rating\"><\/div><div class=\"product-overlay\"><div class=\"product-overlay-inner\">Ver detalles<\/div><\/div><\/div><div class=\"product-details-wrap\"><div class=\"product-category\">Naked \u00c9lectrique<\/div><h2 class=\"woocommerce-loop-product__title\">BRAVO CR<\/h2><h3 class=\"vntd-product-title\"><a href=\"https:\/\/ebroh.eu\/fr\/produit\/naked-electrique\/bravo-cr\/\">BRAVO CR<\/a><\/h3><div class=\"vntd-product-details btn btn-style-default btn-dark btn-icon accent-hover-bg\"><i class=\"fa fa-file-text-o\"><\/i>Ver detalles<\/div><div class=\"vntd-product-price\">\n<div class=\"vntd-product-rating\"><\/div><\/div><\/div><\/a><a href=\"https:\/\/ebroh.eu\/fr\/produit\/naked-electrique\/bravo-cr\/\" aria-describedby=\"woocommerce_loop_add_to_cart_link_describedby_15704\" data-quantity=\"1\" class=\"button product_type_variable\" data-product_id=\"15704\" data-product_sku=\"\" aria-label=\"Seleccione as op\u00e7\u00f5es para &ldquo;BRAVO CR&rdquo;\" rel=\"nofollow\">Ler mais<\/a>\t<span id=\"woocommerce_loop_add_to_cart_link_describedby_15704\" class=\"screen-reader-text\">\n\t\t\t<\/span>\n<span class=\"gtm4wp_productdata\" style=\"display:none; visibility:hidden;\" data-gtm4wp_product_data=\"{&quot;internal_id&quot;:15704,&quot;item_id&quot;:15704,&quot;item_name&quot;:&quot;BRAVO CR&quot;,&quot;sku&quot;:15704,&quot;price&quot;:0,&quot;stocklevel&quot;:null,&quot;stockstatus&quot;:&quot;outofstock&quot;,&quot;google_business_vertical&quot;:&quot;retail&quot;,&quot;item_category&quot;:&quot;Naked \\u00c9lectrique&quot;,&quot;id&quot;:15704,&quot;productlink&quot;:&quot;https:\\\/\\\/ebroh.eu\\\/fr\\\/produit\\\/naked-electrique\\\/bravo-cr\\\/&quot;,&quot;item_list_name&quot;:&quot;General Product List&quot;,&quot;index&quot;:3,&quot;product_type&quot;:&quot;variable&quot;,&quot;item_brand&quot;:&quot;&quot;}\"><\/span><\/li>\n<li class=\"product type-product post-13588 status-publish last instock product_cat-naked-electrique has-post-thumbnail taxable shipping-taxable product-type-variable has-default-attributes\">\n\t<a href=\"https:\/\/ebroh.eu\/fr\/produit\/naked-electrique\/bravo-gls\/\" class=\"woocommerce-LoopProduct-link woocommerce-loop-product__link\"><div class=\"product-thumbnail-wrap vntd-accent-bg-color\"><img loading=\"lazy\" decoding=\"async\" width=\"450\" height=\"450\" src=\"https:\/\/ebroh.eu\/wp-content\/uploads\/2021\/01\/bravo-gle-lat-450x450.jpg\" class=\"attachment-woocommerce_thumbnail size-woocommerce_thumbnail\" alt=\"Bravo GLS\" srcset=\"https:\/\/ebroh.eu\/wp-content\/uploads\/2021\/01\/bravo-gle-lat-450x450.jpg 450w, https:\/\/ebroh.eu\/wp-content\/uploads\/2021\/01\/bravo-gle-lat-100x100.jpg 100w, https:\/\/ebroh.eu\/wp-content\/uploads\/2021\/01\/bravo-gle-lat-150x150.jpg 150w, https:\/\/ebroh.eu\/wp-content\/uploads\/2021\/01\/bravo-gle-lat-600x600.jpg 600w\" sizes=\"auto, (max-width: 450px) 100vw, 450px\" \/><div class=\"overlay-rating\"><\/div><div class=\"product-overlay\"><div class=\"product-overlay-inner\">Ver detalles<\/div><\/div><\/div><div class=\"product-details-wrap\"><div class=\"product-category\">Naked \u00c9lectrique<\/div><h2 class=\"woocommerce-loop-product__title\">Bravo GLS<\/h2><h3 class=\"vntd-product-title\"><a href=\"https:\/\/ebroh.eu\/fr\/produit\/naked-electrique\/bravo-gls\/\">Bravo GLS<\/a><\/h3><div class=\"vntd-product-details btn btn-style-default btn-dark btn-icon accent-hover-bg\"><i class=\"fa fa-file-text-o\"><\/i>Ver detalles<\/div><div class=\"vntd-product-price\">\n<div class=\"vntd-product-rating\"><\/div><\/div><\/div><\/a><a href=\"https:\/\/ebroh.eu\/fr\/produit\/naked-electrique\/bravo-gls\/\" aria-describedby=\"woocommerce_loop_add_to_cart_link_describedby_13588\" data-quantity=\"1\" class=\"button product_type_variable\" data-product_id=\"13588\" data-product_sku=\"\" aria-label=\"Seleccione as op\u00e7\u00f5es para &ldquo;Bravo GLS&rdquo;\" rel=\"nofollow\">Ler mais<\/a>\t<span id=\"woocommerce_loop_add_to_cart_link_describedby_13588\" class=\"screen-reader-text\">\n\t\t\t<\/span>\n<span class=\"gtm4wp_productdata\" style=\"display:none; visibility:hidden;\" data-gtm4wp_product_data=\"{&quot;internal_id&quot;:13588,&quot;item_id&quot;:13588,&quot;item_name&quot;:&quot;Bravo GLS&quot;,&quot;sku&quot;:13588,&quot;price&quot;:0,&quot;stocklevel&quot;:null,&quot;stockstatus&quot;:&quot;instock&quot;,&quot;google_business_vertical&quot;:&quot;retail&quot;,&quot;item_category&quot;:&quot;Naked \\u00c9lectrique&quot;,&quot;id&quot;:13588,&quot;productlink&quot;:&quot;https:\\\/\\\/ebroh.eu\\\/fr\\\/produit\\\/naked-electrique\\\/bravo-gls\\\/&quot;,&quot;item_list_name&quot;:&quot;General Product List&quot;,&quot;index&quot;:4,&quot;product_type&quot;:&quot;variable&quot;,&quot;item_brand&quot;:&quot;&quot;}\"><\/span><\/li>\n<\/ul>\n<\/div>[\/vc_column][\/vc_row]<\/p>\n<\/section>","protected":false},"excerpt":{"rendered":"<p>[vc_row][vc_column][\/vc_column][\/vc_row]<\/p>\n","protected":false},"author":3,"featured_media":0,"parent":0,"menu_order":0,"comment_status":"closed","ping_status":"closed","template":"","meta":{"footnotes":""},"class_list":["post-29766","page","type-page","status-publish","hentry"],"_links":{"self":[{"href":"https:\/\/ebroh.eu\/pt-pt\/wp-json\/wp\/v2\/pages\/29766","targetHints":{"allow":["GET"]}}],"collection":[{"href":"https:\/\/ebroh.eu\/pt-pt\/wp-json\/wp\/v2\/pages"}],"about":[{"href":"https:\/\/ebroh.eu\/pt-pt\/wp-json\/wp\/v2\/types\/page"}],"author":[{"embeddable":true,"href":"https:\/\/ebroh.eu\/pt-pt\/wp-json\/wp\/v2\/users\/3"}],"replies":[{"embeddable":true,"href":"https:\/\/ebroh.eu\/pt-pt\/wp-json\/wp\/v2\/comments?post=29766"}],"version-history":[{"count":0,"href":"https:\/\/ebroh.eu\/pt-pt\/wp-json\/wp\/v2\/pages\/29766\/revisions"}],"wp:attachment":[{"href":"https:\/\/ebroh.eu\/pt-pt\/wp-json\/wp\/v2\/media?parent=29766"}],"curies":[{"name":"wp","href":"https:\/\/api.w.org\/{rel}","templated":true}]}}