{"id":2628,"date":"2018-11-14T14:39:18","date_gmt":"2018-11-14T12:39:18","guid":{"rendered":"http:\/\/ebroh.es\/e-scooters\/"},"modified":"2021-12-09T16:38:08","modified_gmt":"2021-12-09T14:38:08","slug":"e-scooters","status":"publish","type":"page","link":"https:\/\/ebroh.eu\/pt-pt\/e-scooters\/","title":{"rendered":"E-Scooters"},"content":{"rendered":"<section class=\"wpb-content-wrapper\"><p>[vc_row full_width=&#8221;stretch_row_content_no_spaces&#8221; full_height=&#8221;yes&#8221; columns_placement=&#8221;stretch&#8221; equal_height=&#8221;yes&#8221; content_placement=&#8221;middle&#8221; video_bg=&#8221;yes&#8221; video_bg_url=&#8221;https:\/\/www.youtube.com\/watch?v=hky76zovTzc&#8221; css=&#8221;.vc_custom_1613383231588{padding-top: 0px !important;padding-bottom: 0px !important;}&#8221; el_id=&#8221;home-video&#8221;][vc_column]<div class=\"vntd-icon-box vntd-content-element box-centered-outline icon-size-lg box-centered box-with-bg bg-color-custom  animated vntd-animated\" data-animation=\"fadeIn\" data-animation-delay=\"3000\"><div class=\"icon-box-icon color-dark\"><i class=\"fa fa-heart-o\"><\/i><\/div><div class=\"icon-box-content\"><h5 class=\"icon-box-title\"style=\"color:ffffff!important;\"><\/h5><p class=\"icon-description\"><\/p><\/div><\/div>[vc_column_text css_animation=&#8221;appear&#8221; font_size=&#8221;xlarger&#8221;]<\/p>\n<h1 style=\"text-align: center;\" data-mce-style=\"text-align: center;\"><span style=\"color: #999999;\" data-mce-style=\"color: #999999;\"><span style=\"color: #ffffff;\" data-mce-style=\"color: #ffffff;\"><strong>EBROH <\/strong><\/span><strong>SCOOTERS<\/strong><\/span><\/h1>\n<h2 style=\"text-align: center;\" data-mce-style=\"text-align: center;\"><span style=\"color: #00ffff;\" data-mce-style=\"color: #00ffff;\"><span class=\"tlid-translation translation\" lang=\"pt\"><span class=\"\" title=\"\">EL\u00c9TRICO<\/span><\/span><\/span><\/h2>\n<p>[\/vc_column_text][\/vc_column][\/vc_row][vc_row full_width=&#8221;stretch_row_content&#8221; css=&#8221;.vc_custom_1542911284138{margin-bottom: 30px !important;}&#8221;][vc_column width=&#8221;1\/6&#8243;][\/vc_column][vc_column width=&#8221;2\/3&#8243;][vc_custom_heading text=&#8221;Modelos EBROH EL\u00c9TRICOS&#8221; font_container=&#8221;tag:h2|font_size:46px|text_align:center&#8221; use_theme_fonts=&#8221;yes&#8221;][vc_separator][vc_column_text font_size=&#8221;xlarge&#8221; el_class=&#8221;claim&#8221;]<\/p>\n<p style=\"text-align: center;\" data-mce-style=\"text-align: center;\"><span class=\"tlid-translation translation\" lang=\"pt\"><span class=\"\" title=\"\">Consciente da import\u00e2ncia e do potencial das scooters el\u00e9tricas, a empresa de capital 100% espanhol Ebroh nasceu com a voca\u00e7\u00e3o de se tornarem aut\u00eanticos especialistas em alternativas de mobilidade el\u00e9trica, oferecendo ao mercado diferentes gamas de scooters el\u00e9tricas, tanto para o seu tipo de utiliza\u00e7\u00e3o como para<\/span> <span class=\"\" title=\"\">sua segmenta\u00e7\u00e3o de pre\u00e7o.<\/span> <span class=\"\" title=\"\">Tanto \u00e9 que a Ebroh se define como \u201cThe Electric Bike and Scooter Company\u201d, com a firme inten\u00e7\u00e3o de ser uma refer\u00eancia em motos el\u00e9tricas.<\/span><\/span><\/p>\n<h1 style=\"text-align: center;\" data-mce-style=\"text-align: center;\"><span style=\"color: #808080;\" data-mce-style=\"color: #808080;\"><strong><span class=\"tlid-translation translation\" lang=\"pt\"><span class=\"\" title=\"\">DESCOBRIR<\/span><\/span><\/strong><\/span><\/h1>\n<p>[\/vc_column_text][\/vc_column][vc_column width=&#8221;1\/6&#8243;][\/vc_column][\/vc_row][vc_row css=&#8221;.vc_custom_1542282900615{margin-top: 0px !important;margin-bottom: 0px !important;border-bottom-width: 0px !important;padding-top: 0px !important;}&#8221;][vc_column width=&#8221;1\/3&#8243; css=&#8221;.vc_custom_1542282847412{margin-bottom: 0px !important;padding-bottom: 0px !important;}&#8221;][vc_images_carousel images=&#8221;3262,3258,3254&#8243; img_size=&#8221;medium&#8221; onclick=&#8221;custom_link&#8221; custom_links_target=&#8221;_blank&#8221; speed=&#8221;2500&#8243; autoplay=&#8221;yes&#8221; hide_pagination_control=&#8221;yes&#8221; hide_prev_next_buttons=&#8221;yes&#8221; wrap=&#8221;yes&#8221; css_animation=&#8221;fadeIn&#8221; title=&#8221;Spuma Li 3K&#8221; custom_links=&#8221;#E-8_aHR0cHMlM0ElMkYlMkZlYnJvaC5lcyUyRnB0LXB0JTJGcHJvZHV0byUyRmUtc2Nvb3RlcnMtcHQtcHQlMkZzY29vdGVyLWVsZXRyaWNvLXNwdW1hLWxpJTJGJTJDaHR0cHMlM0ElMkYlMkZlYnJvaC5lcyUyRnB0LXB0JTJGcHJvZHV0byUyRmUtc2Nvb3RlcnMtcHQtcHQlMkZzY29vdGVyLWVsZXRyaWNvLXNwdW1hLWxpJTJGJTJDaHR0cHMlM0ElMkYlMkZlYnJvaC5lcyUyRnB0LXB0JTJGcHJvZHV0byUyRmUtc2Nvb3RlcnMtcHQtcHQlMkZzY29vdGVyLWVsZXRyaWNvLXNwdW1hLWxpJTJG&#8221;][\/vc_column][vc_column width=&#8221;1\/3&#8243;][vc_images_carousel images=&#8221;5753,5749,5745&#8243; img_size=&#8221;medium&#8221; onclick=&#8221;custom_link&#8221; custom_links_target=&#8221;_blank&#8221; speed=&#8221;2500&#8243; autoplay=&#8221;yes&#8221; hide_pagination_control=&#8221;yes&#8221; hide_prev_next_buttons=&#8221;yes&#8221; wrap=&#8221;yes&#8221; css_animation=&#8221;fadeIn&#8221; title=&#8221;Spuma Li 5K&#8221; custom_links=&#8221;#E-8_aHR0cHMlM0ElMkYlMkZlYnJvaC5lcyUyRnB0LXB0JTJGcHJvZHV0byUyRmUtc2Nvb3RlcnMtcHQtcHQlMkZzY29vdGVyLWVsZXRyaWNvLXNwdW1hLWxpLTVrJTJGJTJDaHR0cHMlM0ElMkYlMkZlYnJvaC5lcyUyRnB0LXB0JTJGcHJvZHV0byUyRmUtc2Nvb3RlcnMtcHQtcHQlMkZzY29vdGVyLWVsZXRyaWNvLXNwdW1hLWxpLTVrJTJGJTJDaHR0cHMlM0ElMkYlMkZlYnJvaC5lcyUyRnB0LXB0JTJGcHJvZHV0byUyRmUtc2Nvb3RlcnMtcHQtcHQlMkZzY29vdGVyLWVsZXRyaWNvLXNwdW1hLWxpLTVrJTJG&#8221;][\/vc_column][vc_column width=&#8221;1\/3&#8243;][vc_images_carousel images=&#8221;4939,4955,4951&#8243; img_size=&#8221;medium&#8221; onclick=&#8221;custom_link&#8221; custom_links_target=&#8221;_blank&#8221; speed=&#8221;2500&#8243; autoplay=&#8221;yes&#8221; hide_pagination_control=&#8221;yes&#8221; hide_prev_next_buttons=&#8221;yes&#8221; wrap=&#8221;yes&#8221; css_animation=&#8221;fadeIn&#8221; title=&#8221;Club Comfort&#8221; custom_links=&#8221;#E-8_aHR0cHMlM0ElMkYlMkZlYnJvaC5lcyUyRnB0LXB0JTJGcHJvZHV0byUyRmUtc2Nvb3RlcnMtcHQtcHQlMkZzY29vdGVyLWVsZXRyaWNvLXNwdW1hLWxpLWNvbmZvcnQlMkYlMkNodHRwcyUzQSUyRiUyRmVicm9oLmVzJTJGcHQtcHQlMkZwcm9kdXRvJTJGZS1zY29vdGVycy1wdC1wdCUyRnNjb290ZXItZWxldHJpY28tc3B1bWEtbGktY29uZm9ydCUyRiUyQ2h0dHBzJTNBJTJGJTJGZWJyb2guZXMlMkZwdC1wdCUyRnByb2R1dG8lMkZlLXNjb290ZXJzLXB0LXB0JTJGc2Nvb3Rlci1lbGV0cmljby1zcHVtYS1saS1jb25mb3J0JTJG&#8221;][\/vc_column][\/vc_row][vc_row css=&#8221;.vc_custom_1542282900615{margin-top: 0px !important;margin-bottom: 0px !important;border-bottom-width: 0px !important;padding-top: 0px !important;}&#8221;][vc_column width=&#8221;1\/3&#8243; css=&#8221;.vc_custom_1542282847412{margin-bottom: 0px !important;padding-bottom: 0px !important;}&#8221;][vc_images_carousel images=&#8221;5008,5042,5038&#8243; img_size=&#8221;medium&#8221; onclick=&#8221;custom_link&#8221; custom_links_target=&#8221;_blank&#8221; speed=&#8221;2500&#8243; autoplay=&#8221;yes&#8221; hide_pagination_control=&#8221;yes&#8221; hide_prev_next_buttons=&#8221;yes&#8221; wrap=&#8221;yes&#8221; css_animation=&#8221;fadeIn&#8221; title=&#8221;Strada Li&#8221; custom_links=&#8221;#E-8_aHR0cHMlM0ElMkYlMkZlYnJvaC5lcyUyRnB0LXB0JTJGcHJvZHV0byUyRmUtc2Nvb3RlcnMtcHQtcHQlMkZzY29vdGVyLWVsZXRyaWNvLXN0cmFkYS1saSUyRiUyQ2h0dHBzJTNBJTJGJTJGZWJyb2guZXMlMkZwdC1wdCUyRnByb2R1dG8lMkZlLXNjb290ZXJzLXB0LXB0JTJGc2Nvb3Rlci1lbGV0cmljby1zdHJhZGEtbGklMkYlMkNodHRwcyUzQSUyRiUyRmVicm9oLmVzJTJGcHQtcHQlMkZwcm9kdXRvJTJGZS1zY29vdGVycy1wdC1wdCUyRnNjb290ZXItZWxldHJpY28tc3RyYWRhLWxpJTJG&#8221;][\/vc_column][vc_column width=&#8221;1\/3&#8243;][vc_images_carousel images=&#8221;5964,5972,5960&#8243; img_size=&#8221;medium&#8221; onclick=&#8221;custom_link&#8221; custom_links_target=&#8221;_blank&#8221; speed=&#8221;2500&#8243; autoplay=&#8221;yes&#8221; hide_pagination_control=&#8221;yes&#8221; hide_prev_next_buttons=&#8221;yes&#8221; wrap=&#8221;yes&#8221; css_animation=&#8221;fadeIn&#8221; title=&#8221;Spuma Li Cargo&#8221; custom_links=&#8221;#E-8_aHR0cHMlM0ElMkYlMkZlYnJvaC5lcyUyRnB0LXB0JTJGcHJvZHV0byUyRmUtc2Nvb3RlcnMtcHQtcHQlMkZzY29vdGVyLWVsZXRyaWNvLXNwdW1hLWxpLWNhcmdvJTJGJTJDaHR0cHMlM0ElMkYlMkZlYnJvaC5lcyUyRnB0LXB0JTJGcHJvZHV0byUyRmUtc2Nvb3RlcnMtcHQtcHQlMkZzY29vdGVyLWVsZXRyaWNvLXNwdW1hLWxpLWNhcmdvJTJGJTJDaHR0cHMlM0ElMkYlMkZlYnJvaC5lcyUyRnB0LXB0JTJGcHJvZHV0byUyRmUtc2Nvb3RlcnMtcHQtcHQlMkZzY29vdGVyLWVsZXRyaWNvLXNwdW1hLWxpLWNhcmdvJTJG&#8221;][\/vc_column][vc_column width=&#8221;1\/3&#8243;][vc_images_carousel images=&#8221;5428,5401,5419&#8243; img_size=&#8221;medium&#8221; onclick=&#8221;custom_link&#8221; custom_links_target=&#8221;_blank&#8221; speed=&#8221;2500&#8243; autoplay=&#8221;yes&#8221; hide_pagination_control=&#8221;yes&#8221; hide_prev_next_buttons=&#8221;yes&#8221; wrap=&#8221;yes&#8221; css_animation=&#8221;fadeIn&#8221; title=&#8221;Strada 20Th 10K&#8221; custom_links=&#8221;#E-8_aHR0cHMlM0ElMkYlMkZlYnJvaC5lcyUyRnB0LXB0JTJGcHJvZHV0byUyRmUtbWF4aS1zY29vdGVycy1wdC1wdCUyRnNjb290ZXItZWxldHJpY28tc3RyYWRhLTIwdGglMkYlMkNodHRwcyUzQSUyRiUyRmVicm9oLmVzJTJGcHQtcHQlMkZwcm9kdXRvJTJGZS1tYXhpLXNjb290ZXJzLXB0LXB0JTJGc2Nvb3Rlci1lbGV0cmljby1zdHJhZGEtMjB0aCUyRiUyQ2h0dHBzJTNBJTJGJTJGZWJyb2guZXMlMkZwdC1wdCUyRnByb2R1dG8lMkZlLW1heGktc2Nvb3RlcnMtcHQtcHQlMkZzY29vdGVyLWVsZXRyaWNvLXN0cmFkYS0yMHRoJTJG&#8221;][\/vc_column][\/vc_row][vc_row full_width=&#8221;stretch_row_content&#8221; equal_height=&#8221;yes&#8221;][vc_column width=&#8221;1\/6&#8243;][\/vc_column][vc_column width=&#8221;2\/3&#8243; col_padding_side=&#8221;top_bottom&#8221;][vc_row_inner equal_height=&#8221;yes&#8221; content_placement=&#8221;middle&#8221; el_class=&#8221;caracteristicas&#8221;][vc_column_inner width=&#8221;1\/2&#8243;][vc_single_image image=&#8221;3274&#8243; img_size=&#8221;500&#215;500&#8243; alignment=&#8221;center&#8221; onclick=&#8221;zoom&#8221; css_animation=&#8221;fadeIn&#8221;][\/vc_column_inner][vc_column_inner width=&#8221;1\/2&#8243;][vc_custom_heading text=&#8221;Spuma Li 3K&#8221; font_container=&#8221;tag:h2|text_align:center&#8221; use_theme_fonts=&#8221;yes&#8221; link=&#8221;url:https%3A%2F%2Febroh.es%2Fpt-pt%2Fproduto%2Fe-scooters-pt-pt%2Fscooter-eletrico-spuma-li%2F|title:Spuma%20Li|target:%20_blank|&#8221;][vc_column_text font_size=&#8221;xlarge&#8221;]<\/p>\n<p style=\"text-align: center;\" data-mce-style=\"text-align: center;\"><span class=\"tlid-translation translation\" lang=\"pt\"><span title=\"\"><strong>Spuma Li<\/strong> \u00e9 distribu\u00eddo na Europa e em Portugal a partir de Sarago\u00e7a pela <strong>Ebroh<\/strong>.<\/span> <span title=\"\">Nosso departamento de P&amp;D escolheu os melhores fabricantes de componentes para conseguir uma scooter bem projetada.<\/span> <span class=\"\" title=\"\">Oferecemos dois anos de garantia e um servi\u00e7o completo de assist\u00eancia, pe\u00e7as de reposi\u00e7\u00e3o e acess\u00f3rios.<\/span><\/span><\/p>\n<p>[\/vc_column_text][\/vc_column_inner][\/vc_row_inner][\/vc_column][vc_column width=&#8221;1\/6&#8243;][\/vc_column][\/vc_row][vc_row full_width=&#8221;stretch_row_content&#8221; equal_height=&#8221;yes&#8221;][vc_column width=&#8221;1\/6&#8243;][\/vc_column][vc_column width=&#8221;2\/3&#8243; col_padding_side=&#8221;top_bottom&#8221;][vc_row_inner equal_height=&#8221;yes&#8221; content_placement=&#8221;middle&#8221; el_class=&#8221;caracteristicas&#8221;][vc_column_inner width=&#8221;1\/2&#8243;][vc_custom_heading text=&#8221;Spuma Li 5K&#8221; font_container=&#8221;tag:h2|text_align:center&#8221; use_theme_fonts=&#8221;yes&#8221; link=&#8221;url:https%3A%2F%2Febroh.es%2Fpt-pt%2Fproduto%2Fe-scooters-pt-pt%2Fscooter-eletrico-spuma-li-5k%2F|title:Spuma%20Li%205K|target:%20_blank|&#8221;][vc_column_text font_size=&#8221;xlarger&#8221;]<\/p>\n<p style=\"text-align: center;\" data-mce-style=\"text-align: center;\"><span class=\"tlid-translation translation\" lang=\"pt\"><span class=\"\" title=\"\">Modelo Spuma Li mais potente, com motor el\u00e9trico BOSCH 4700W, tr\u00eas modos de energia e duas baterias remov\u00edveis.<\/span> <span class=\"\" title=\"\">Tem autonomia de at\u00e9 80 km e velocidade m\u00e1xima de 80 km \/ h, equivalente a uma scooter a gasolina de 125 cc.<\/span><\/span><\/p>\n<p>[\/vc_column_text][\/vc_column_inner][vc_column_inner width=&#8221;1\/2&#8243;][vc_single_image image=&#8221;5753&#8243; img_size=&#8221;500&#215;500&#8243; alignment=&#8221;center&#8221; onclick=&#8221;zoom&#8221; css_animation=&#8221;fadeIn&#8221;][\/vc_column_inner][\/vc_row_inner][\/vc_column][vc_column width=&#8221;1\/6&#8243;][\/vc_column][\/vc_row][vc_row full_width=&#8221;stretch_row_content&#8221; equal_height=&#8221;yes&#8221;][vc_column width=&#8221;1\/6&#8243;][\/vc_column][vc_column width=&#8221;2\/3&#8243; col_padding_side=&#8221;top_bottom&#8221;][vc_row_inner equal_height=&#8221;yes&#8221; content_placement=&#8221;middle&#8221; el_class=&#8221;caracteristicas&#8221;][vc_column_inner width=&#8221;1\/2&#8243;][vc_custom_heading text=&#8221;Club Comfort&#8221; font_container=&#8221;tag:h2|text_align:center&#8221; use_theme_fonts=&#8221;yes&#8221; link=&#8221;url:https%3A%2F%2Febroh.es%2Fpt-pt%2Fproduto%2Fe-scooters-pt-pt%2Fscooter-eletrico-spuma-li-confort%2F|title:Bicicleta%20com%20suspens%C3%A3o%20total%20de%20carbono%20Trail%20DS140|target:%20_blank|&#8221;][vc_column_text font_size=&#8221;xlarger&#8221;]<\/p>\n<p style=\"text-align: center;\" data-mce-style=\"text-align: center;\"><span class=\"tlid-translation translation\" lang=\"pt\"><span title=\"\">A <strong>Club Comfort<\/strong>, uma scooter el\u00e9trica que alia agilidade e conforto.<\/span> <span title=\"\">Gra\u00e7as \u00e0 sua configura\u00e7\u00e3o de 3 rodas, oferece seguran\u00e7a extra.<\/span> <span title=\"\">Possui assento anat\u00f4mico que, gra\u00e7as ao seu amplo espaldar, proporciona o m\u00e1ximo conforto.<\/span> <span class=\"\" title=\"\">\u00d3ticas traseiras duplas, que proporcionam maior visibilidade do ve\u00edculo de qualquer \u00e2ngulo de vis\u00e3o.<\/span><\/span><\/p>\n<p>[\/vc_column_text][\/vc_column_inner][vc_column_inner width=&#8221;1\/2&#8243;][vc_single_image image=&#8221;4939&#8243; img_size=&#8221;500&#215;500&#8243; alignment=&#8221;center&#8221; onclick=&#8221;zoom&#8221; css_animation=&#8221;fadeIn&#8221;][\/vc_column_inner][\/vc_row_inner][vc_row_inner equal_height=&#8221;yes&#8221; content_placement=&#8221;middle&#8221; el_class=&#8221;caracteristicas&#8221;][vc_column_inner width=&#8221;1\/2&#8243;][vc_single_image image=&#8221;5057&#8243; img_size=&#8221;500&#215;500&#8243; alignment=&#8221;center&#8221; onclick=&#8221;zoom&#8221; css_animation=&#8221;fadeIn&#8221;][\/vc_column_inner][vc_column_inner width=&#8221;1\/2&#8243;][vc_custom_heading text=&#8221;Strada Li&#8221; font_container=&#8221;tag:h2|text_align:center&#8221; use_theme_fonts=&#8221;yes&#8221; link=&#8221;url:https%3A%2F%2Febroh.es%2Fpt-pt%2Fproduto%2Fe-scooters-pt-pt%2Fscooter-eletrico-strada-li%2F|title:Veracruz|target:%20_blank|&#8221;][vc_column_text font_size=&#8221;xlarger&#8221;]<\/p>\n<p style=\"text-align: center;\" data-mce-style=\"text-align: center;\"><span class=\"tlid-translation translation\" lang=\"pt\"><span title=\"\">A S<strong>trada Li<\/strong> combina sustentabilidade e conforto em partes iguais em uma scooter el\u00e9trica do tipo Sport.<\/span> <span class=\"\" title=\"\">Perfeito para circular na cidade atual, com bateria de l\u00edtio, motor Bosch 3000w e velocidade m\u00e1xima de 45 km \/ h.<\/span><\/span><\/p>\n<p>[\/vc_column_text][\/vc_column_inner][\/vc_row_inner][\/vc_column][vc_column width=&#8221;1\/6&#8243;][\/vc_column][\/vc_row][vc_row full_width=&#8221;stretch_row_content&#8221; equal_height=&#8221;yes&#8221;][vc_column width=&#8221;1\/6&#8243;][\/vc_column][vc_column width=&#8221;2\/3&#8243; col_padding_side=&#8221;top_bottom&#8221;][vc_row_inner equal_height=&#8221;yes&#8221; content_placement=&#8221;middle&#8221; el_class=&#8221;caracteristicas&#8221;][vc_column_inner width=&#8221;1\/2&#8243;][vc_custom_heading text=&#8221;Spuma Li Cargo&#8221; font_container=&#8221;tag:h2|text_align:center&#8221; use_theme_fonts=&#8221;yes&#8221; link=&#8221;url:https%3A%2F%2Febroh.es%2Fpt-pt%2Fproduto%2Fe-scooters-pt-pt%2Fscooter-eletrico-spuma-li-cargo%2F|title:Spuma%20Li%20Cargo|target:%20_blank|&#8221;][vc_column_text font_size=&#8221;xlarger&#8221;]<\/p>\n<p style=\"text-align: center;\" data-mce-style=\"text-align: center;\"><span class=\"tlid-translation translation\" lang=\"pt\"><span title=\"\">Vers\u00e3o <strong>CARGO<\/strong> da <strong>Spuma Li 5K<\/strong>, com as mesmas caracter\u00edsticas da nossa Scooter, mas concebida e desenhada para entrega na cidade.<\/span> <span class=\"\" title=\"\">Com grande autonomia para poder cumprir a jornada de trabalho, \u00e9 a op\u00e7\u00e3o mais adequada para se deslocar com agilidade nos congestionamentos da cidade e chegar rapidamente aos sub\u00farbios.<\/span><\/span><\/p>\n<p>[\/vc_column_text][\/vc_column_inner][vc_column_inner width=&#8221;1\/2&#8243;][vc_single_image image=&#8221;7498&#8243; img_size=&#8221;500&#215;500&#8243; alignment=&#8221;center&#8221; onclick=&#8221;zoom&#8221; css_animation=&#8221;fadeIn&#8221;][\/vc_column_inner][\/vc_row_inner][vc_row_inner equal_height=&#8221;yes&#8221; content_placement=&#8221;middle&#8221; el_class=&#8221;caracteristicas&#8221;][vc_column_inner width=&#8221;1\/2&#8243;][vc_single_image image=&#8221;5385&#8243; img_size=&#8221;500&#215;500&#8243; alignment=&#8221;center&#8221; onclick=&#8221;zoom&#8221; css_animation=&#8221;fadeIn&#8221;][\/vc_column_inner][vc_column_inner width=&#8221;1\/2&#8243;][vc_custom_heading text=&#8221;Strada 20th 10K&#8221; font_container=&#8221;tag:h2|text_align:center&#8221; use_theme_fonts=&#8221;yes&#8221; link=&#8221;url:https%3A%2F%2Febroh.es%2Fpt-pt%2Fproduto%2Fe-maxi-scooters-pt-pt%2Fscooter-eletrico-strada-20th%2F|title:Strada%2020th|target:%20_blank|&#8221;][vc_column_text font_size=&#8221;xlarger&#8221;]<\/p>\n<p style=\"text-align: center;\" data-mce-style=\"text-align: center;\"><span class=\"tlid-translation translation\" lang=\"pt\"><span title=\"\"><strong>Ebroh<\/strong> Maxi Scooter com as qualidades perfeitas para circular pela cidade atual.<\/span> <span title=\"\">A <strong>Strada 20th 10K<\/strong> combina velocidade e conforto em uma scooter do tipo Sport.<\/span> <span title=\"\">At\u00e9 130 km \/ h.<\/span> <span class=\"\" title=\"\">Autonomia de at\u00e9 150 Km. Freio REGENERATIVO.<\/span> <span title=\"\">Bateria de l\u00edtio 72 V com 93 Ah.<\/span> <span class=\"\" title=\"\">Motor com desempenho de 10.000 Watt e novo BMS com for\u00e7a de acelera\u00e7\u00e3o 260A.<\/span><\/span><\/p>\n<p>[\/vc_column_text][\/vc_column_inner][\/vc_row_inner][\/vc_column][vc_column width=&#8221;1\/6&#8243;][\/vc_column][\/vc_row]<\/p>\n<\/section>","protected":false},"excerpt":{"rendered":"<p>[vc_row full_width=&#8221;stretch_row_content_no_spaces&#8221; full_height=&#8221;yes&#8221; columns_placement=&#8221;stretch&#8221; equal_height=&#8221;yes&#8221; content_placement=&#8221;middle&#8221; video_bg=&#8221;yes&#8221; video_bg_url=&#8221;https:\/\/www.youtube.com\/watch?v=hky76zovTzc&#8221; css=&#8221;.vc_custom_1613383231588{padding-top: 0px !important;padding-bottom: 0px !important;}&#8221; el_id=&#8221;home-video&#8221;][vc_column][vc_column_text css_animation=&#8221;appear&#8221; font_size=&#8221;xlarger&#8221;] EBROH SCOOTERS EL\u00c9TRICO [\/vc_column_text][\/vc_column][\/vc_row][vc_row full_width=&#8221;stretch_row_content&#8221; css=&#8221;.vc_custom_1542911284138{margin-bottom: 30px !important;}&#8221;][vc_column width=&#8221;1\/6&#8243;][\/vc_column][vc_column width=&#8221;2\/3&#8243;][vc_custom_heading text=&#8221;Modelos EBROH EL\u00c9TRICOS&#8221; font_container=&#8221;tag:h2|font_size:46px|text_align:center&#8221; use_theme_fonts=&#8221;yes&#8221;][vc_separator][vc_column_text font_size=&#8221;xlarge&#8221; el_class=&#8221;claim&#8221;] Consciente da import\u00e2ncia e do potencial das scooters el\u00e9tricas, a empresa de capital 100% espanhol Ebroh nasceu [&hellip;]<\/p>\n","protected":false},"author":1,"featured_media":0,"parent":0,"menu_order":0,"comment_status":"closed","ping_status":"closed","template":"","meta":{"footnotes":""},"class_list":["post-2628","page","type-page","status-publish","hentry"],"_links":{"self":[{"href":"https:\/\/ebroh.eu\/pt-pt\/wp-json\/wp\/v2\/pages\/2628","targetHints":{"allow":["GET"]}}],"collection":[{"href":"https:\/\/ebroh.eu\/pt-pt\/wp-json\/wp\/v2\/pages"}],"about":[{"href":"https:\/\/ebroh.eu\/pt-pt\/wp-json\/wp\/v2\/types\/page"}],"author":[{"embeddable":true,"href":"https:\/\/ebroh.eu\/pt-pt\/wp-json\/wp\/v2\/users\/1"}],"replies":[{"embeddable":true,"href":"https:\/\/ebroh.eu\/pt-pt\/wp-json\/wp\/v2\/comments?post=2628"}],"version-history":[{"count":31,"href":"https:\/\/ebroh.eu\/pt-pt\/wp-json\/wp\/v2\/pages\/2628\/revisions"}],"predecessor-version":[{"id":18313,"href":"https:\/\/ebroh.eu\/pt-pt\/wp-json\/wp\/v2\/pages\/2628\/revisions\/18313"}],"wp:attachment":[{"href":"https:\/\/ebroh.eu\/pt-pt\/wp-json\/wp\/v2\/media?parent=2628"}],"curies":[{"name":"wp","href":"https:\/\/api.w.org\/{rel}","templated":true}]}}