{"id":2599,"date":"2018-11-14T14:36:42","date_gmt":"2018-11-14T12:36:42","guid":{"rendered":"http:\/\/ebroh.es\/e-bikes\/"},"modified":"2021-06-25T15:19:17","modified_gmt":"2021-06-25T13:19:17","slug":"e-bikes","status":"publish","type":"page","link":"https:\/\/ebroh.eu\/pt-pt\/e-bikes\/","title":{"rendered":"E-Bikes"},"content":{"rendered":"<section class=\"wpb-content-wrapper\"><p>[vc_row full_width=&#8221;stretch_row_content_no_spaces&#8221; full_height=&#8221;yes&#8221; columns_placement=&#8221;stretch&#8221; equal_height=&#8221;yes&#8221; content_placement=&#8221;middle&#8221; video_bg=&#8221;yes&#8221; video_bg_url=&#8221;https:\/\/www.youtube.com\/watch?v=hQ0F&#8211;piuOM&amp;t=61s&#8221; css=&#8221;.vc_custom_1597412021351{padding-top: 0px !important;padding-bottom: 0px !important;}&#8221; el_id=&#8221;home-video&#8221;][vc_column]<div class=\"vntd-icon-box vntd-content-element box-centered-outline icon-size-lg box-centered box-with-bg bg-color-custom  animated vntd-animated  icon-box-with-link\" data-animation=\"fadeIn\" data-animation-delay=\"3000\"><a href=\"https:\/\/ebroh.es\/productos\/e-bikes\/plegables\/bicicleta-electrica-pasione\/\" target=\"_self\"><div class=\"icon-box-icon color-dark\"><i class=\"fa fa-heart-o\"><\/i><\/div><div class=\"icon-box-content\"><h5 class=\"icon-box-title\"style=\"color:ffffff!important;\"><\/h5><p class=\"icon-description\"><\/p><\/div><\/a><\/div>[vc_column_text css_animation=&#8221;appear&#8221; font_size=&#8221;xlarger&#8221;]<\/p>\n<h1 style=\"text-align: center;\"><span style=\"color: #999999;\"><span style=\"color: #ffffff;\"><strong>EBROH <\/strong><\/span><strong>PASIONE<\/strong><\/span><\/h1>\n<h2 style=\"text-align: center;\"><span style=\"color: #00ffff;\"><span class=\"tlid-translation translation\" lang=\"pt\"><span class=\"\" title=\"\">URBANO, DOBR\u00c1VEL, EL\u00c9TRICO<\/span><\/span><\/span><\/h2>\n<p>[\/vc_column_text][\/vc_column][\/vc_row][vc_row full_width=&#8221;stretch_row_content&#8221; css=&#8221;.vc_custom_1542911284138{margin-bottom: 30px !important;}&#8221;][vc_column width=&#8221;1\/6&#8243;][\/vc_column][vc_column width=&#8221;2\/3&#8243;][vc_custom_heading text=&#8221;Bicicleta el\u00e9trica dobr\u00e1vel&#8221; font_container=&#8221;tag:h2|font_size:46px|text_align:center&#8221; use_theme_fonts=&#8221;yes&#8221;][vc_separator][vc_column_text font_size=&#8221;xlarge&#8221; el_class=&#8221;claim&#8221;]<span class=\"tlid-translation translation\" lang=\"pt\"><span title=\"\">Ebroh Pasion &amp; Pasione, uma grande maravilha da bicicleta, urbana, dobr\u00e1vel, super leve e acess\u00edvel.<\/span> <span title=\"\">A origem da Pasion &amp; Pasione est\u00e1 localizada na Alemanha, onde se originou um grupo de desenvolvedores e equipe de cria\u00e7\u00e3o dedicada \u00e0 cria\u00e7\u00e3o de bicicletas profissionais de alta competi\u00e7\u00e3o.<\/span> <span class=\"\" title=\"\">A assist\u00eancia el\u00e9trica do Pasione, configurada em cinco n\u00edveis de assist\u00eancia, permitir\u00e1 que voc\u00ea enfrente qualquer viagem com o m\u00e1ximo conforto.<\/span><\/span><\/p>\n<h1 style=\"text-align: center;\"><span style=\"color: #808080;\"><strong><span class=\"tlid-translation translation\" lang=\"pt\"><span class=\"\" title=\"\">Voc\u00ea s\u00f3 precisa de 20 segundos!<\/span><\/span><\/strong><\/span><\/h1>\n<p><span class=\"tlid-translation translation\" lang=\"pt\"><span title=\"\">20 segundos s\u00e3o suficientes para coletar um Pasione.<\/span> <span class=\"\" title=\"\">O baixo peso de seu chassi em fibra de carbono Toray \u00ae T 800 de apenas 1 kg torna o dobramento do Pasione r\u00e1pido e f\u00e1cil.<\/span><\/span>[\/vc_column_text][\/vc_column][vc_column width=&#8221;1\/6&#8243;][\/vc_column][\/vc_row][vc_row css=&#8221;.vc_custom_1542282900615{margin-top: 0px !important;margin-bottom: 0px !important;border-bottom-width: 0px !important;padding-top: 0px !important;}&#8221;][vc_column width=&#8221;1\/4&#8243; css=&#8221;.vc_custom_1542282847412{margin-bottom: 0px !important;padding-bottom: 0px !important;}&#8221;][vc_images_carousel images=&#8221;7574&#8243; img_size=&#8221;medium&#8221; onclick=&#8221;link_no&#8221; speed=&#8221;2500&#8243; autoplay=&#8221;yes&#8221; hide_pagination_control=&#8221;yes&#8221; hide_prev_next_buttons=&#8221;yes&#8221; wrap=&#8221;yes&#8221; css_animation=&#8221;fadeIn&#8221;][\/vc_column][vc_column width=&#8221;1\/4&#8243;][vc_images_carousel images=&#8221;7578&#8243; img_size=&#8221;medium&#8221; onclick=&#8221;link_no&#8221; speed=&#8221;2500&#8243; autoplay=&#8221;yes&#8221; hide_pagination_control=&#8221;yes&#8221; hide_prev_next_buttons=&#8221;yes&#8221; wrap=&#8221;yes&#8221; css_animation=&#8221;fadeIn&#8221;][\/vc_column][vc_column width=&#8221;1\/4&#8243;][vc_images_carousel images=&#8221;7582&#8243; img_size=&#8221;medium&#8221; onclick=&#8221;link_no&#8221; speed=&#8221;2500&#8243; autoplay=&#8221;yes&#8221; hide_pagination_control=&#8221;yes&#8221; hide_prev_next_buttons=&#8221;yes&#8221; wrap=&#8221;yes&#8221; css_animation=&#8221;fadeIn&#8221;][\/vc_column][vc_column width=&#8221;1\/4&#8243;][vc_images_carousel images=&#8221;7586&#8243; img_size=&#8221;medium&#8221; onclick=&#8221;link_no&#8221; speed=&#8221;2500&#8243; autoplay=&#8221;yes&#8221; hide_pagination_control=&#8221;yes&#8221; hide_prev_next_buttons=&#8221;yes&#8221; wrap=&#8221;yes&#8221; css_animation=&#8221;fadeIn&#8221;][\/vc_column][\/vc_row][vc_row full_width=&#8221;stretch_row_content&#8221; equal_height=&#8221;yes&#8221;][vc_column width=&#8221;1\/6&#8243;][\/vc_column][vc_column width=&#8221;2\/3&#8243; col_padding_side=&#8221;top_bottom&#8221;][vc_row_inner equal_height=&#8221;yes&#8221; content_placement=&#8221;middle&#8221; el_class=&#8221;caracteristicas&#8221;][vc_column_inner width=&#8221;1\/2&#8243;][vc_single_image image=&#8221;7595&#8243; img_size=&#8221;500&#215;500&#8243; alignment=&#8221;center&#8221; onclick=&#8221;zoom&#8221; css_animation=&#8221;fadeIn&#8221;][\/vc_column_inner][vc_column_inner width=&#8221;1\/2&#8243;][vc_custom_heading text=&#8221;Motor&#8221; font_container=&#8221;tag:h2|text_align:center&#8221; use_theme_fonts=&#8221;yes&#8221; link=&#8221;url:https%3A%2F%2Febroh.es%2Fpt-pt%2Fproduto%2Fbikes-pt-pt%2Fm75-carbon%2F|title:Bicicleta%20MTB%20Carbon%20M75|target:%20_blank|&#8221;][vc_column_text font_size=&#8221;xlarge&#8221;]<\/p>\n<div>\n<div>\n<div>\n<div>\n<div>\n<p style=\"text-align: left;\"><span class=\"tlid-translation translation\" lang=\"pt\"><span title=\"\">O cora\u00e7\u00e3o do Pasione \u00e9 o seu motor 250 W Bafang \u00ae, tipo brushless (brushless), que funciona com corrente de 36 volts, com sensor Hall duplo e um CURTIS KD21C multifuncional, que nos mostra a carga da bateria, o<\/span> <span title=\"\">rela\u00e7\u00e3o de pot\u00eancia do motor, velocidade, quil\u00f4metros percorridos e outras fun\u00e7\u00f5es.<\/span> <span title=\"\">Bafang \u00e9 um dos maiores fabricantes de motores de ebike sem escova.<\/span> <span class=\"\" title=\"\">Seu torque e opera\u00e7\u00e3o totalmente silenciosa conferem ao Pasione um car\u00e1ter especial.<\/span><\/span><\/p>\n<\/div>\n<\/div>\n<\/div>\n<\/div>\n<\/div>\n<p>[\/vc_column_text][\/vc_column_inner][\/vc_row_inner][\/vc_column][vc_column width=&#8221;1\/6&#8243;][\/vc_column][\/vc_row][vc_row full_width=&#8221;stretch_row_content&#8221; equal_height=&#8221;yes&#8221;][vc_column width=&#8221;1\/6&#8243;][\/vc_column][vc_column width=&#8221;2\/3&#8243; col_padding_side=&#8221;top_bottom&#8221;][vc_row_inner equal_height=&#8221;yes&#8221; content_placement=&#8221;middle&#8221; el_class=&#8221;caracteristicas&#8221;][vc_column_inner width=&#8221;1\/2&#8243;][vc_custom_heading text=&#8221;Bater\u00eda&#8221; font_container=&#8221;tag:h2|text_align:center&#8221; use_theme_fonts=&#8221;yes&#8221; link=&#8221;url:https%3A%2F%2Febroh.es%2Fpt-pt%2Fproduto%2Fsem-categoria%2Fm90-carbon%2F|title:Bicicleta%20t%C3%A9cnica%20em%20carbono%20M90|target:%20_blank|&#8221;][vc_column_text font_size=&#8221;xlarger&#8221;]<\/p>\n<p style=\"text-align: left;\"><span class=\"tlid-translation translation\" lang=\"pt\"><span title=\"\">O sistema el\u00e9ctrico \u00e9 baseado na sua bateria Samsung de 36 V e com uma capacidade de 8,7 Ah, capaz de nos fornecer uma autonomia entre 50 e 60 km, dependendo da fisionomia, do tipo de condu\u00e7\u00e3o ou das condi\u00e7\u00f5es da estrada.<\/span> <span title=\"\">.<\/span> <span title=\"\">Sua bateria com certifica\u00e7\u00e3o IP67 garante desempenho est\u00e1vel e desempenho seguro em condi\u00e7\u00f5es de chuva.<\/span> <span class=\"\" title=\"\">O tempo total de carregamento \u00e9 de 2 a 3 horas e o custo da eletricidade, dependendo da tarifa, nunca excede 10 centavos de euro.<\/span> <span class=\"\" title=\"\">O acumulador \u00e9 extra\u00eddo em dois segundos e inclui um pr\u00e1tico conector USB auxiliar para nossos dispositivos eletr\u00f4nicos pessoais.<\/span><\/span><\/p>\n<p>[\/vc_column_text][\/vc_column_inner][vc_column_inner width=&#8221;1\/2&#8243;][vc_single_image image=&#8221;7599&#8243; img_size=&#8221;500&#215;500&#8243; alignment=&#8221;center&#8221; onclick=&#8221;zoom&#8221; css_animation=&#8221;fadeIn&#8221;][\/vc_column_inner][\/vc_row_inner][\/vc_column][vc_column width=&#8221;1\/6&#8243;][\/vc_column][\/vc_row][vc_row full_width=&#8221;stretch_row_content&#8221; equal_height=&#8221;yes&#8221;][vc_column width=&#8221;1\/6&#8243;][\/vc_column][vc_column width=&#8221;2\/3&#8243; col_padding_side=&#8221;top_bottom&#8221;][vc_row_inner equal_height=&#8221;yes&#8221; content_placement=&#8221;middle&#8221; el_class=&#8221;caracteristicas&#8221;][vc_column_inner width=&#8221;1\/2&#8243;][vc_single_image image=&#8221;7603&#8243; img_size=&#8221;500&#215;500&#8243; alignment=&#8221;center&#8221; onclick=&#8221;zoom&#8221; css_animation=&#8221;fadeIn&#8221;][\/vc_column_inner][vc_column_inner width=&#8221;1\/2&#8243;][vc_custom_heading text=&#8221;Instrumenta\u00e7\u00e3o&#8221; font_container=&#8221;tag:h2|text_align:center&#8221; use_theme_fonts=&#8221;yes&#8221; link=&#8221;url:https%3A%2F%2Febroh.es%2Fpt-pt%2Fproduto%2Fbikes-pt-pt%2Fm115-carbon%2F|title:Bicicleta%20de%20BTT%20Rally%20M115%20Carbon|target:%20_blank|&#8221;][vc_column_text font_size=&#8221;xlarger&#8221;]<span class=\"tlid-translation translation\" lang=\"pt\"><span title=\"\">Boa parte de sua ergonomia \u00e9 conseguida por seu guiador ergon\u00f4mico reto de 56 cm de comprimento e di\u00e2metro vari\u00e1vel.<\/span> <span class=\"\" title=\"\">os punhos s\u00e3o moldados em uma forma anat\u00f4mica com apoios flex\u00edveis para as m\u00e3os.<\/span> <span class=\"\" title=\"\">Um visor simples com tela LCD e bot\u00f5es nos permite regular o grau de assist\u00eancia do motor, carga da bateria, velocidade e dist\u00e2ncia percorrida.<\/span> <span class=\"\" title=\"\">O rel\u00f3gio possui um sistema de luz de fundo.<\/span> <span class=\"\" title=\"\">O Pasione tamb\u00e9m possui um segundo controle para operar os indicadores de dire\u00e7\u00e3o.<\/span><\/span>[\/vc_column_text][\/vc_column_inner][\/vc_row_inner][\/vc_column][vc_column width=&#8221;1\/6&#8243;][\/vc_column][\/vc_row][vc_row full_width=&#8221;stretch_row_content&#8221; equal_height=&#8221;yes&#8221;][vc_column width=&#8221;1\/6&#8243;][\/vc_column][vc_column width=&#8221;2\/3&#8243; col_padding_side=&#8221;top_bottom&#8221;][vc_row_inner equal_height=&#8221;yes&#8221; content_placement=&#8221;middle&#8221; el_class=&#8221;caracteristicas&#8221;][vc_column_inner width=&#8221;1\/2&#8243;][vc_custom_heading text=&#8221;Cambio&#8221; font_container=&#8221;tag:h2|text_align:center&#8221; use_theme_fonts=&#8221;yes&#8221; link=&#8221;url:https%3A%2F%2Febroh.es%2Fpt-pt%2Fproduto%2Fsem-categoria%2Fds140-carbono-suspensao-dupla%2F|title:Bicicleta%20de%20suspens%C3%A3o%20dupla%20Trail%20DS140%20Carbon|target:%20_blank|&#8221;][vc_column_text font_size=&#8221;xlarger&#8221;]<span class=\"tlid-translation translation\" lang=\"pt\"><span class=\"\" title=\"\">Boa parte de sua ergonomia \u00e9 conseguida por seu guiador ergon\u00f4mico reto de 56 cm de comprimento e di\u00e2metro vari\u00e1vel.<\/span> <span class=\"\" title=\"\">os punhos s\u00e3o moldados em uma forma anat\u00f4mica com apoios flex\u00edveis para as m\u00e3os.<\/span> <span class=\"\" title=\"\">Um visor simples com tela LCD e bot\u00f5es nos permite regular o grau de assist\u00eancia do motor, carga da bateria, velocidade e dist\u00e2ncia percorrida.<\/span> <span class=\"\" title=\"\">O rel\u00f3gio possui um sistema de luz de fundo.<\/span> <span class=\"\" title=\"\">O Pasione tamb\u00e9m possui um segundo controle para operar os indicadores de dire\u00e7\u00e3o.<\/span><\/span>[\/vc_column_text][\/vc_column_inner][vc_column_inner width=&#8221;1\/2&#8243;][vc_single_image image=&#8221;7607&#8243; img_size=&#8221;500&#215;500&#8243; alignment=&#8221;center&#8221; onclick=&#8221;zoom&#8221; css_animation=&#8221;fadeIn&#8221;][\/vc_column_inner][\/vc_row_inner][\/vc_column][vc_column width=&#8221;1\/6&#8243;][\/vc_column][\/vc_row][vc_row full_width=&#8221;stretch_row_content&#8221; equal_height=&#8221;yes&#8221;][vc_column width=&#8221;1\/6&#8243;][\/vc_column][vc_column width=&#8221;2\/3&#8243; col_padding_side=&#8221;top_bottom&#8221;][vc_row_inner equal_height=&#8221;yes&#8221; content_placement=&#8221;middle&#8221; el_class=&#8221;caracteristicas&#8221;][vc_column_inner width=&#8221;1\/2&#8243;][vc_single_image image=&#8221;7612&#8243; img_size=&#8221;500&#215;500&#8243; alignment=&#8221;center&#8221; onclick=&#8221;zoom&#8221; css_animation=&#8221;fadeIn&#8221;][\/vc_column_inner][vc_column_inner width=&#8221;1\/2&#8243;][vc_custom_heading text=&#8221;Freios&#8221; font_container=&#8221;tag:h2|text_align:center&#8221; use_theme_fonts=&#8221;yes&#8221; link=&#8221;url:https%3A%2F%2Febroh.es%2Fpt-pt%2Fproduto%2Fsem-categoria%2Fds140-carbono-suspensao-dupla%2F|title:Bicicleta%20de%20suspens%C3%A3o%20dupla%20Trail%20DS140%20Carbon|target:%20_blank|&#8221;][vc_column_text font_size=&#8221;xlarger&#8221;]<\/p>\n<p style=\"text-align: left;\"><span class=\"tlid-translation translation\" lang=\"pt\"><span title=\"\">Os freios Shimano \u00ae M 315, acionados hidraulicamente, com alavancas e bombas de alum\u00ednio, assim como as pin\u00e7as, proporcionam uma frenagem firme e eficiente.<\/span> <span title=\"\">Os cubos apresentam discos de a\u00e7o ultraleves de 160 mm.<\/span> <span title=\"\">de di\u00e2metro, com desenho de contorno irregular.<\/span> <span class=\"\" title=\"\">As mangueiras s\u00e3o da prestigiada marca taiwanesa Jagwire.<\/span><\/span><\/p>\n<p>[\/vc_column_text][\/vc_column_inner][\/vc_row_inner][\/vc_column][vc_column width=&#8221;1\/6&#8243;][\/vc_column][\/vc_row][vc_row full_width=&#8221;stretch_row_content&#8221; equal_height=&#8221;yes&#8221;][vc_column width=&#8221;1\/6&#8243;][\/vc_column][vc_column width=&#8221;2\/3&#8243; col_padding_side=&#8221;top_bottom&#8221;][vc_row_inner equal_height=&#8221;yes&#8221; content_placement=&#8221;middle&#8221; el_class=&#8221;caracteristicas&#8221;][vc_column_inner width=&#8221;1\/2&#8243;][vc_custom_heading text=&#8221;Arma\u00e7\u00e3o&#8221; font_container=&#8221;tag:h2|text_align:center&#8221; use_theme_fonts=&#8221;yes&#8221; link=&#8221;url:https%3A%2F%2Febroh.es%2Fpt-pt%2Fproduto%2Fsem-categoria%2Fds140-carbono-suspensao-dupla%2F|title:Bicicleta%20de%20suspens%C3%A3o%20dupla%20Trail%20DS140%20Carbon|target:%20_blank|&#8221;][vc_column_text font_size=&#8221;xlarger&#8221;]<span class=\"tlid-translation translation\" lang=\"pt\"><span class=\"\" title=\"\">O quadro de fibra de carbono Toray \u00ae T 800 de 20 \u2033 pesa apenas 1 kg no total e d\u00e1 \u00e0 bicicleta uma estrutura excepcionalmente forte e leve ao mesmo tempo.<\/span> <span class=\"\" title=\"\">Todas as arma\u00e7\u00f5es s\u00e3o projetadas e constru\u00eddas exclusivamente pelo departamento de P&amp;D da SAVA \u00ae, que s\u00e3o dur\u00e1veis \u200b\u200be superiores \u00e0 concorr\u00eancia.<\/span> <span class=\"\" title=\"\">A fibra de carbono garante o menor peso poss\u00edvel junto com a resist\u00eancia e flexibilidade necess\u00e1rias para dar resist\u00eancia a esta bicicleta.<\/span><\/span>[\/vc_column_text][\/vc_column_inner][vc_column_inner width=&#8221;1\/2&#8243;][vc_single_image image=&#8221;7616&#8243; img_size=&#8221;500&#215;500&#8243; alignment=&#8221;center&#8221; onclick=&#8221;zoom&#8221; css_animation=&#8221;fadeIn&#8221;][\/vc_column_inner][\/vc_row_inner][\/vc_column][vc_column width=&#8221;1\/6&#8243;][\/vc_column][\/vc_row][vc_row full_width=&#8221;stretch_row_content&#8221; equal_height=&#8221;yes&#8221;][vc_column width=&#8221;1\/6&#8243;][\/vc_column][vc_column width=&#8221;2\/3&#8243; col_padding_side=&#8221;top_bottom&#8221;][vc_row_inner equal_height=&#8221;yes&#8221; content_placement=&#8221;middle&#8221; el_class=&#8221;caracteristicas&#8221;][vc_column_inner width=&#8221;1\/2&#8243;][vc_single_image image=&#8221;7629&#8243; img_size=&#8221;500&#215;500&#8243; alignment=&#8221;center&#8221; onclick=&#8221;zoom&#8221; css_animation=&#8221;fadeIn&#8221;][\/vc_column_inner][vc_column_inner width=&#8221;1\/2&#8243;][vc_custom_heading text=&#8221;Roda&#8221; font_container=&#8221;tag:h2|text_align:center&#8221; use_theme_fonts=&#8221;yes&#8221; link=&#8221;url:https%3A%2F%2Febroh.es%2Fpt-pt%2Fproduto%2Fsem-categoria%2Fds140-carbono-suspensao-dupla%2F|title:Bicicleta%20de%20suspens%C3%A3o%20dupla%20Trail%20DS140%20Carbon|target:%20_blank|&#8221;][vc_column_text font_size=&#8221;xlarger&#8221;]<span class=\"tlid-translation translation\" lang=\"pt\"><span title=\"\">Outro aspecto fundamental para a estabilidade e seguran\u00e7a do Pasione s\u00e3o as rodas de 20 \u2033.<\/span> <span title=\"\">Um tamanho maior das rodas proporciona um maior efeito de autoalinhamento da bicicleta, o que nos d\u00e1 uma maior sensa\u00e7\u00e3o de estabilidade e, portanto, mais seguran\u00e7a ao dirigir.<\/span> <span class=\"\" title=\"\">Suas medidas s\u00e3o de 20 x 17,5 \u2033, equipando as rodas com o tubo de assinatura CST \u00ae.<\/span><\/span>[\/vc_column_text][\/vc_column_inner][\/vc_row_inner][\/vc_column][vc_column width=&#8221;1\/6&#8243;][\/vc_column][\/vc_row][vc_row full_width=&#8221;stretch_row_content&#8221; equal_height=&#8221;yes&#8221;][vc_column width=&#8221;1\/6&#8243;][\/vc_column][vc_column width=&#8221;2\/3&#8243; col_padding_side=&#8221;top_bottom&#8221;][vc_row_inner equal_height=&#8221;yes&#8221; content_placement=&#8221;middle&#8221; el_class=&#8221;caracteristicas&#8221;][vc_column_inner width=&#8221;1\/2&#8243;][vc_custom_heading text=&#8221;Componentes&#8221; font_container=&#8221;tag:h2|text_align:center&#8221; use_theme_fonts=&#8221;yes&#8221; link=&#8221;url:https%3A%2F%2Febroh.es%2Fpt-pt%2Fproduto%2Fsem-categoria%2Fds140-carbono-suspensao-dupla%2F|title:Bicicleta%20de%20suspens%C3%A3o%20dupla%20Trail%20DS140%20Carbon|target:%20_blank|&#8221;][vc_column_text font_size=&#8221;xlarger&#8221;]<\/p>\n<p style=\"text-align: left;\"><span class=\"tlid-translation translation\" lang=\"pt\"><span title=\"\">Cada detalhe da Pasione exala qualidade.<\/span> <span class=\"\" title=\"\">De seu elegante chassi de fibra de carbono, bateria compacta, tubo de dire\u00e7\u00e3o e guid\u00e3o de alum\u00ednio leve, hardware embutido de alta qualidade, luzes dianteiras e traseiras, indicadores de dire\u00e7\u00e3o e at\u00e9 mesmo o belo selim Selle Royal \u00ae em couro sint\u00e9tico.<\/span><\/span><\/p>\n<p>[\/vc_column_text][\/vc_column_inner][vc_column_inner width=&#8221;1\/2&#8243;][vc_single_image image=&#8221;7634&#8243; img_size=&#8221;500&#215;500&#8243; alignment=&#8221;center&#8221; onclick=&#8221;zoom&#8221; css_animation=&#8221;fadeIn&#8221;][\/vc_column_inner][\/vc_row_inner][\/vc_column][vc_column width=&#8221;1\/6&#8243;][\/vc_column][\/vc_row][vc_row][vc_column][vc_custom_heading text=&#8221;Mais bicicletas el\u00e9tricas &#8230;&#8221; use_theme_fonts=&#8221;yes&#8221;][vc_gallery type=&#8221;image_grid&#8221; images=&#8221;1963,14221,14924&#8243; img_size=&#8221;medium&#8221; onclick=&#8221;custom_link&#8221; custom_links_target=&#8221;_blank&#8221; custom_links=&#8221;#E-8_aHR0cHMlM0ElMkYlMkZlYnJvaC5lcyUyRnB0LXB0JTJGcHJvZHV0byUyRmUtYmlrZXMtcHQtcHQlMkZtdGItcHQtcHQlMkZiaWNpY2xldGEtZWxldHJpY2EtY2llcnpvJTJGJTJDaHR0cHMlM0ElMkYlMkZlYnJvaC5lcyUyRnB0LXB0JTJGcHJvZHV0byUyRmUtYmlrZXMtcHQtcHQlMkZ1cmJhbm8lMkZiaWNpY2xldGEtZWxldHJpY2EtaGF0eSUyRiUyQ2h0dHBzJTNBJTJGJTJGZWJyb2guZXMlMkZwdC1wdCUyRnByb2R1dG8lMkZlLWJpa2VzLXB0LXB0JTJGZG9icmF2ZWlzJTJGYmljaWNsZXRhLWVsZXRyaWNhLW5lcnRhJTJGJTJDaHR0cHMlM0ElMkYlMkZlYnJvaC5lcyUyRnB0LXB0JTJGcHJvZHV0byUyRmUtYmlrZXMtcHQtcHQlMkZtdGItcHQtcHQlMkZiaWNpY2xldGEtZWxldHJpY2EtdGhvciUyRg==&#8221;][\/vc_column][\/vc_row]<\/p>\n<\/section>","protected":false},"excerpt":{"rendered":"<p>[vc_row full_width=&#8221;stretch_row_content_no_spaces&#8221; full_height=&#8221;yes&#8221; columns_placement=&#8221;stretch&#8221; equal_height=&#8221;yes&#8221; content_placement=&#8221;middle&#8221; video_bg=&#8221;yes&#8221; video_bg_url=&#8221;https:\/\/www.youtube.com\/watch?v=hQ0F&#8211;piuOM&amp;t=61s&#8221; css=&#8221;.vc_custom_1597412021351{padding-top: 0px !important;padding-bottom: 0px !important;}&#8221; el_id=&#8221;home-video&#8221;][vc_column][vc_column_text css_animation=&#8221;appear&#8221; font_size=&#8221;xlarger&#8221;] EBROH PASIONE URBANO, DOBR\u00c1VEL, EL\u00c9TRICO [\/vc_column_text][\/vc_column][\/vc_row][vc_row full_width=&#8221;stretch_row_content&#8221; css=&#8221;.vc_custom_1542911284138{margin-bottom: 30px !important;}&#8221;][vc_column width=&#8221;1\/6&#8243;][\/vc_column][vc_column width=&#8221;2\/3&#8243;][vc_custom_heading text=&#8221;Bicicleta el\u00e9trica dobr\u00e1vel&#8221; font_container=&#8221;tag:h2|font_size:46px|text_align:center&#8221; use_theme_fonts=&#8221;yes&#8221;][vc_separator][vc_column_text font_size=&#8221;xlarge&#8221; el_class=&#8221;claim&#8221;]Ebroh Pasion &amp; Pasione, uma grande maravilha da bicicleta, urbana, dobr\u00e1vel, super leve e acess\u00edvel. A [&hellip;]<\/p>\n","protected":false},"author":1,"featured_media":0,"parent":0,"menu_order":0,"comment_status":"closed","ping_status":"closed","template":"","meta":{"footnotes":""},"class_list":["post-2599","page","type-page","status-publish","hentry"],"_links":{"self":[{"href":"https:\/\/ebroh.eu\/pt-pt\/wp-json\/wp\/v2\/pages\/2599","targetHints":{"allow":["GET"]}}],"collection":[{"href":"https:\/\/ebroh.eu\/pt-pt\/wp-json\/wp\/v2\/pages"}],"about":[{"href":"https:\/\/ebroh.eu\/pt-pt\/wp-json\/wp\/v2\/types\/page"}],"author":[{"embeddable":true,"href":"https:\/\/ebroh.eu\/pt-pt\/wp-json\/wp\/v2\/users\/1"}],"replies":[{"embeddable":true,"href":"https:\/\/ebroh.eu\/pt-pt\/wp-json\/wp\/v2\/comments?post=2599"}],"version-history":[{"count":18,"href":"https:\/\/ebroh.eu\/pt-pt\/wp-json\/wp\/v2\/pages\/2599\/revisions"}],"predecessor-version":[{"id":17040,"href":"https:\/\/ebroh.eu\/pt-pt\/wp-json\/wp\/v2\/pages\/2599\/revisions\/17040"}],"wp:attachment":[{"href":"https:\/\/ebroh.eu\/pt-pt\/wp-json\/wp\/v2\/media?parent=2599"}],"curies":[{"name":"wp","href":"https:\/\/api.w.org\/{rel}","templated":true}]}}