{"id":2562,"date":"2018-11-12T16:05:32","date_gmt":"2018-11-12T16:05:32","guid":{"rendered":"http:\/\/ebroh.es\/politica-de-privacidad\/"},"modified":"2019-01-16T18:01:24","modified_gmt":"2019-01-16T16:01:24","slug":"politica-de-privacidade","status":"publish","type":"page","link":"https:\/\/ebroh.eu\/pt-pt\/politica-de-privacidade\/","title":{"rendered":"Pol\u00edtica de privacidade"},"content":{"rendered":"<section class=\"wpb-content-wrapper\"><p>[vc_row][vc_column][vc_column_text]<strong><u>POL\u00cdTICA DE PRIVACIDADE<\/u><\/strong><\/p>\n<p><strong>1. Propriedade do dom\u00ednio Ebroh Bikes.<br \/>\n<\/strong><\/p>\n<p style=\"text-align: justify;\">Em conformidade com a Lei 34\/2002 sobre Servi\u00e7os da Sociedade da Informa\u00e7\u00e3o e Com\u00e9rcio Eletr\u00f4nico (LSSICE), informamos que a propriedade do dom\u00ednio de nossa loja virtual, www.ebroh.es, corresponde \u00e0 Zeppelin Maquinaria SL, Plataforma Log\u00edstica Zaragoza Plaza, Tarento, 12, nave 9, 50197 Zaragoza, NIF B-99400822. Para mais informa\u00e7\u00f5es, voc\u00ea pode ser contactado por info@ebroh.es e-mail, no celular 876 269 494 910 589 \u00f2 696. Nosso hor\u00e1rio de telefone s\u00e3o de 09:00 a 20:00, de segunda a sexta-feira.<\/p>\n<p><strong>2. Objeto e escopo de aplica\u00e7\u00e3o.<br \/>\n<\/strong><\/p>\n<p style=\"text-align: justify;\">O objetivo destas Condi\u00e7\u00f5es Gerais de contrata\u00e7\u00e3o e uso \u00e9 regular o fornecimento das informa\u00e7\u00f5es fornecidas na loja online www.ebroh.es. Quer navegar na loja online como a compra de quaisquer produtos oferecidos nele, suponha que o usu\u00e1rio aceita\u00e7\u00e3o sem reservas de qualquer tipo, todas e cada uma das presentes condi\u00e7\u00f5es gerais de recrutamento e usar Ebroh Bikes pode modificar o p\u00e1gina web para fazer altera\u00e7\u00f5es e modifica\u00e7\u00f5es que julgar conveniente e fazer necess\u00e1rio para o bom funcionalidade dele, sem aviso pr\u00e9vio.<\/p>\n<p><strong>3. Informa\u00e7\u00f5es fornecidas no site.<br \/>\n<\/strong><\/p>\n<p>Fazemos todos os esfor\u00e7os para oferecer as informa\u00e7\u00f5es contidas no site com sinceridade e sem erros tipogr\u00e1ficos. No caso em que a qualquer momento h\u00e1 um erro deste tipo, alheio a todos os tempos \u00e0 vontade de Ebroh Bikes, ser\u00e1 imediatamente corrigido. Se houver um erro tipogr\u00e1fico em qualquer um dos pre\u00e7os mostrados que tenha uma natureza substancial e que envolva um pre\u00e7o significativamente inferior ao produto usual e um cliente tenha tomado uma decis\u00e3o de compra com base nesse erro, comunicaremos esse erro e o cliente ter\u00e1 direito a Rescindir sua compra sem nenhum custo de sua parte. O envio de uma confirma\u00e7\u00e3o de compra autom\u00e1tica n\u00e3o valida as condi\u00e7\u00f5es de pre\u00e7o erradas.<\/p>\n<p>Da mesma forma, \u00e9 poss\u00edvel que o conte\u00fado do site mostre, ocasionalmente, informa\u00e7\u00f5es provis\u00f3rias sobre alguns produtos. No caso de as informa\u00e7\u00f5es fornecidas n\u00e3o corresponderem \u00e0s caracter\u00edsticas do produto, o cliente ter\u00e1 o direito de rescindir sua compra sem qualquer custo de sua parte.<\/p>\n<p>As imagens publicadas n\u00e3o precisam corresponder aos produtos vendidos, expondo o mesmo como um guia. A Ebrob Bikes reserva-se o direito de alterar as especifica\u00e7\u00f5es a qualquer momento e sem aviso pr\u00e9vio, a fim de melhorar as caracter\u00edsticas de seus produtos.<\/p>\n<p><strong>4. Propriedade intelectual e industrial.<\/strong><\/p>\n<p>Todo o conte\u00fado publicado na loja e especialmente os desenhos, textos, gr\u00e1ficos, logotipos, \u00edcones, bot\u00f5es, bem como software, nomes comerciais, marcas comerciais ou desenhos industriais e quaisquer outros sinais suscet\u00edveis de uso industrial e comercial est\u00e3o sujeitos a direitos. de propriedade intelectual e industrial da Ebroh Bikes ou de terceiros que autorizaram sua inclus\u00e3o no site.<\/p>\n<p>Em nenhum caso deve ser entendido que qualquer licen\u00e7a ou ren\u00fancia, transfer\u00eancia, cess\u00e3o total ou parcial de tais direitos \u00e9 concedida ou qualquer direito ou expectativa de direito \u00e9 conferido, e especialmente, de altera\u00e7\u00e3o, explora\u00e7\u00e3o, reprodu\u00e7\u00e3o, distribui\u00e7\u00e3o ou comunica\u00e7\u00e3o p\u00fablica sobre ditos conte\u00fados sem a pr\u00e9via autoriza\u00e7\u00e3o expressa da Ebroh Bikes ou dos respectivos propriet\u00e1rios.<\/p>\n<p>Portanto, o uso do site de Ebroh Bikes para fins p\u00fablicos ou comerciais \u00e9 proibido, portanto, n\u00e3o ser\u00e1 poss\u00edvel explorar, reproduzir, distribuir, modificar, comunicar publicamente, atribuir, transformar ou usar o conte\u00fado do site. \u00c9 expressamente proibido introduzir hiperlinks para fins comerciais em p\u00e1ginas da Web que n\u00e3o sejam www.ebroh.es, que permitem o acesso ao nosso site sem o consentimento pr\u00e9vio. Em qualquer caso, a exist\u00eancia de hiperlinks em sites fora de n\u00f3s, n\u00e3o implicar\u00e1 em nenhum caso a exist\u00eancia de rela\u00e7\u00f5es comerciais ou comerciais com o propriet\u00e1rio do site onde o hiperlink est\u00e1 estabelecido, nem a aceita\u00e7\u00e3o pela Ebroh Bikes de seu link. conte\u00fados ou servi\u00e7os.<\/p>\n<p><strong>5. Responsabilidade das Ebroh Bikes<\/strong><\/p>\n<p>Os produtos apresentados no site est\u00e3o de acordo com a legisla\u00e7\u00e3o espanhola. A responsabilidade da Ebroh Bikes n\u00e3o pode ser invocada no caso de produtos que n\u00e3o estejam em conformidade com a legisla\u00e7\u00e3o dos pa\u00edses para os quais eles possam ter sido enviados de acordo com o pedido do cliente. Por conseguinte, \u00e9 da responsabilidade dos clientes de fora de Espanha verificar a possibilidade de importar ou utilizar os produtos que solicitam.<\/p>\n<p>O acesso ao site ser\u00e1 volunt\u00e1rio e, portanto, de responsabilidade do usu\u00e1rio, que ser\u00e1 respons\u00e1vel por qualquer efeito direto ou indireto que deriva do uso do site ou servi\u00e7o telef\u00f4nico, incluindo, mas n\u00e3o limitado a, qualquer resultado econ\u00f4mico, t\u00e9cnico e \/ ou jur\u00eddico adverso, bem como a decep\u00e7\u00e3o das expectativas geradas por nosso site, obrigando o usu\u00e1rio a manter a Ebroh Bikes isenta de qualquer reivindica\u00e7\u00e3o derivada, direta ou indiretamente, de tais eventos. A Ebroh Bikes n\u00e3o se responsabiliza por danos que possam surgir de interfer\u00eancias, omiss\u00f5es, interrup\u00e7\u00f5es, v\u00edrus de computador, avarias e \/ ou desconex\u00f5es no funcionamento operacional deste sistema eletr\u00f4nico ou nos computadores e equipamentos dos usu\u00e1rios, motivados por causas alien\u00edgenas \u00e0 Ebroh Bikes, que impedem ou atrasam a presta\u00e7\u00e3o de servi\u00e7os ou navega\u00e7\u00e3o atrav\u00e9s da loja, ou atrasos ou bloqueios de uso causados ??por defici\u00eancias ou sobrecargas da Internet ou outros sistemas eletr\u00f4nicos, ou a impossibilidade de dar o servi\u00e7o ou permitir o acesso por motivos n\u00e3o imput\u00e1veis ??\u00e0 Ebroh Bikes, devido ao utilizador, a terceiros, ou a casos de for\u00e7a maior. A Ebroh Bikes n\u00e3o controla, em geral, o uso que os usu\u00e1rios fazem do site.<\/p>\n<p>Em particular, a Ebroh Bikes n\u00e3o responde em nenhum caso que os usu\u00e1rios usam o site de acordo com a lei, estas Condi\u00e7\u00f5es Gerais, moralidade e bons costumes geralmente aceitos e ordem p\u00fablica, nem que o fa\u00e7am com dilig\u00eancia e prud\u00eancia.<\/p>\n<p><strong>6. Obriga\u00e7\u00f5es dos clientes e usu\u00e1rios.<\/strong><\/p>\n<p style=\"text-align: justify;\">Em geral, o usu\u00e1rio concorda em cumprir com estas condi\u00e7\u00f5es gerais e para atender \u00e0s advert\u00eancias especiais ou instru\u00e7\u00f5es nele contidas, no site ou no processo de televendas e sempre agir de acordo com a lei, moralidade e as exig\u00eancias da boa-f\u00e9, usando a devida dilig\u00eancia e abstendo-se de utilizar o site de qualquer forma que possa impedir, danificar ou prejudicar o funcionamento normal, bens ou direitos de Bikes Ebroh, seus fornecedores, resto de usu\u00e1rios ou em geral de qualquer terceiro. acesso e utilizar o portal para os menores sem o consentimento expresso de seus pais, Bicicletas Ebroh n\u00e3o respons\u00e1veis ??pela precis\u00e3o dos dados preenchidos pelo usu\u00e1rio e, portanto, n\u00e3o pode verificar a idade deles \u00e9 proibida. Especificamente, e sem que tal implique qualquer restri\u00e7\u00e3o \u00e0 se\u00e7\u00e3o anterior ao usar o website www.ebroh.es o usu\u00e1rio concorda em:<\/p>\n<p style=\"text-align: justify;\">a) Fornecer informa\u00e7\u00f5es verdadeiras sobre os dados solicitados no formul\u00e1rio de registro do usu\u00e1rio ou a execu\u00e7\u00e3o do pedido e mant\u00ea-los atualizados.<\/p>\n<p style=\"text-align: justify;\">b) N\u00e3o entrar, armazenar ou transmitir para ou a partir do site, qualquer informa\u00e7\u00e3o ou material que seja difamat\u00f3rio, obsceno, amea\u00e7ador, xen\u00f3fobo, incite \u00e0 viol\u00eancia ou discrimina\u00e7\u00e3o com base na ra\u00e7a, sexo, ideologia, religi\u00e3o ou na qualquer forma viola a moral, a ordem p\u00fablica, os direitos fundamentais, as liberdades p\u00fablicas, a honra, a privacidade ou a imagem de terceiros e, em geral, os regulamentos vigentes.<\/p>\n<p style=\"text-align: justify;\">c) N\u00e3o entrar, armazenar ou transmitir atrav\u00e9s do site da loja de qualquer programa, dados, v\u00edrus, c\u00f3digo ou qualquer outro dispositivo eletr\u00f4nico ou f\u00edsico que \u00e9 capaz de causar danos ao website, em qualquer um dos servi\u00e7os, ou qualquer um dos os equipamentos, sistemas ou redes da Ebroh Bikes, de qualquer outro usu\u00e1rio, de seus fornecedores ou em geral de qualquer terceiro.<\/p>\n<p style=\"text-align: justify;\">d) Salve diligentemente o &#8220;nome de usu\u00e1rio&#8221; e a &#8220;senha&#8221; fornecidos pela Ebroh Bikes, assumindo a responsabilidade pelos danos que possam advir de seu uso indevido.<\/p>\n<p style=\"text-align: justify;\">e) N\u00e3o realizar atividades de publicidade ou explora\u00e7\u00e3o comercial atrav\u00e9s do site, e n\u00e3o usar o conte\u00fado e suas informa\u00e7\u00f5es para enviar publicidade, ou enviar mensagens para qualquer outra finalidade comercial, ou para coletar ou armazenar dados pessoais de terceiros.<\/p>\n<p style=\"text-align: justify;\">f) N\u00e3o usar identidades falsas, ou personificar a identidade de outras pessoas no uso do site ou no uso de qualquer um de seus servi\u00e7os, incluindo o uso de senhas ou senhas de terceiros ou de qualquer outra forma.<\/p>\n<p style=\"text-align: justify;\">g) N\u00e3o destruir, alterar, usar para o seu uso, desativar ou danificar os dados, informa\u00e7\u00f5es, programas ou documentos eletr\u00f4nicos da Ebroh Bikes, seus fornecedores ou terceiros.<\/p>\n<p style=\"text-align: justify;\">h) N\u00e3o entre, armazene ou divulgue atrav\u00e9s da p\u00e1gina da loja qualquer conte\u00fado que viole direitos de propriedade intelectual, segredos industriais ou comerciais de terceiros, ou em geral qualquer conte\u00fado que n\u00e3o mantenha, de acordo com a lei, o direito de colocar \u00e0 disposi\u00e7\u00e3o de terceiros.<\/p>\n<p style=\"text-align: justify;\">O cliente concorda em permitir a entrega do pedido solicitado, fornecendo um endere\u00e7o de entrega no qual o pedido solicitado pode ser entregue dentro do cronograma habitual de entrega de mercadorias. Em caso de incumprimento pelo cliente desta obriga\u00e7\u00e3o, a Fnac.es n\u00e3o ter\u00e1 qualquer responsabilidade pelo atraso ou impossibilidade de entrega da encomenda solicitada pelo cliente.<\/p>\n<p><strong>7. Privacidade e prote\u00e7\u00e3o de dados pessoais.<\/strong><\/p>\n<p style=\"text-align: justify;\">Para os fins das disposi\u00e7\u00f5es da Lei Org\u00e2nica 15\/1999, de 13 de dezembro, Prote\u00e7\u00e3o de Dados Pessoais, bem como em R.D. 1720\/2007 de 21 de dezembro pelo qual o regulamento que desenvolve o L.O. 15\/1999, Ebroh Bikes informa a exist\u00eancia de um arquivo de dados pessoais criado por e sob a responsabilidade da Ebroh Bikes com os dados obtidos no site www.ebroh.es. O objetivo deste arquivo \u00e9 gerenciar sua rela\u00e7\u00e3o contratual conosco, bem como a realiza\u00e7\u00e3o de atividades promocionais e publicit\u00e1rias de sua prefer\u00eancia por qualquer meio, tanto por telefone, como o envio de mensagens comerciais por SMS, etc., que possam ser de seu interesse , com base no estudo e segmenta\u00e7\u00e3o dos dados coletados durante a navega\u00e7\u00e3o do site, dos dados fornecidos pelo preenchimento de qualquer formul\u00e1rio, bem como aqueles derivados da rela\u00e7\u00e3o comercial ou entrega dos produtos adquiridos. Se voc\u00ea n\u00e3o deseja receber publicidade, basta inserir sua conta e desativar a Newsletter e as informa\u00e7\u00f5es. Ao utilizar o website, voc\u00ea autoriza seus dados a serem automatizados e processados ??no banco de dados da Ebroh Bikes, para que voc\u00ea possa comunicar, da mesma forma, promo\u00e7\u00f5es e ofertas comerciais, respeitando estritamente as disposi\u00e7\u00f5es da legisla\u00e7\u00e3o vigente sobre Prote\u00e7\u00e3o. de dados.<\/p>\n<p style=\"text-align: justify;\">Em conformidade com as disposi\u00e7\u00f5es do regulamento de execu\u00e7\u00e3o da Lei Org\u00e2nica de Protec\u00e7\u00e3o de Dados 15\/1999 de 13 de Dezembro, aprovado pelo Real Decreto 1720\/2007 de 21 de Dezembro, Lei 34\/2002 de 11 de Julho, servi\u00e7os da sociedade da informa\u00e7\u00e3o e do com\u00e9rcio electr\u00f3nico e outras disposi\u00e7\u00f5es passou em seu desenvolvimento, clientes e usu\u00e1rios de www.ebroh.es pode, a qualquer tempo exercer os seus direitos de acesso, retifica\u00e7\u00e3o, cancelamento e oposi\u00e7\u00e3o dos seus dados pessoais escrevendo para: Zeppelin Maquinaria, Plataforma Log\u00edstica Zaragoza Plaza, Tarento, 12, NAVE 9, 50197 Zaragoza, onde o nome, usu\u00e1rio e e-mail com o qual voc\u00ea se inscreveu ser\u00e1 indicado, e anexando uma fotoc\u00f3pia do bilhete de identidade do usu\u00e1rio . No caso de os dados fornecidos estarem associados a uma compra, a legisla\u00e7\u00e3o espanhola nos obriga a mant\u00ea-los por pelo menos seis anos, para que eles n\u00e3o possam ser exclu\u00eddos ou retificados, mesmo que o cliente assim solicite.<\/p>\n<p style=\"text-align: justify;\">Bikes Ebroh est\u00e1 comprometida com a utiliza\u00e7\u00e3o dos dados inclu\u00eddos no arquivo de respeitar a sua confidencialidade e utiliza\u00e7\u00e3o de acordo com a finalidade do arquivo, e para cumprir com a sua obriga\u00e7\u00e3o de mant\u00ea-lo e adotar todas as medidas para evitar a altera\u00e7\u00e3o, perda , tratamento ou acesso n\u00e3o autorizado, de acordo com as disposi\u00e7\u00f5es do Regulamento sobre Medidas de Seguran\u00e7a de arquivos automatizados que contenham dados pessoais, aprovado pelo Real Decreto 1720\/2007 de 21 de dezembro. Nosso servidor seguro garante a privacidade dos dados que voc\u00ea nos transmite. Essa privacidade \u00e9 obtida atrav\u00e9s do protocolo SSL, criptografando os dados enviados pelo sistema de criptografia RSA, para que ningu\u00e9m possa se apropriar deles, pois n\u00e3o possuem a senha necess\u00e1ria. Voc\u00ea pode verificar se o seu navegador est\u00e1 seguro se o s\u00edmbolo do cadeado aparecer e voc\u00ea tamb\u00e9m pode ver que o URL varia um pouco: ele n\u00e3o inicia com http, mas com https.<\/p>\n<p><strong>8. Pol\u00edtica de privacidade<\/strong><\/p>\n<p><em>Quem \u00e9 respons\u00e1vel pelo processamento dos seus dados pessoais?<br \/>\n<\/em><\/p>\n<p style=\"padding-left: 30px; text-align: justify;\">O processamento dos seus dados pessoais ser\u00e1 da responsabilidade da Zeppelin Maquinaria S.L., Plataforma Log\u00edstica Sarago\u00e7a Plaza, Taranto, 12, Nave 9, 50197 Zaragoza NIF B-99400822. Se voc\u00ea tiver alguma d\u00favida sobre o processamento de suas informa\u00e7\u00f5es pessoais, poder\u00e1 entrar em contato com a Ebroh Bikes atrav\u00e9s dos seguintes formul\u00e1rios de contato:<\/p>\n<p style=\"padding-left: 30px; text-align: justify;\">Email: info@ebroh.es<br \/>\nTelefones: 876 269 494 ou 910 589 696<\/p>\n<p><em>Para que a Ebroh Bikes usar\u00e1 suas informa\u00e7\u00f5es pessoais? Durante quanto tempo? Por que isso \u00e9 legal?<br \/>\n<\/em><\/p>\n<p style=\"padding-left: 30px; text-align: justify;\">Objetivo: Fornecer informa\u00e7\u00f5es sobre produtos e processo de compra. Se voc\u00ea solicitar, envie publicidade por e-mail.<br \/>\nBase jur\u00eddica: Necess\u00e1ria para a execu\u00e7\u00e3o do contrato com usu\u00e1rios cadastrados.<br \/>\nMedidas de seguran\u00e7a: Adequadas de acordo com a atividade desenvolvida e levando em conta crit\u00e9rios como o escopo, contexto e finalidades do tratamento; o estado da arte e os riscos existentes.<br \/>\nDireitos: Voc\u00ea pode exercer seus direitos de acesso, retifica\u00e7\u00e3o, exclus\u00e3o, portabilidade e limita\u00e7\u00e3o de oposi\u00e7\u00e3o por e-mail info@ebroh.es<br \/>\nDestinat\u00e1rios: Seus dados pessoais n\u00e3o ser\u00e3o transferidos para outras pessoas ou empresas para serem usados ??para seus pr\u00f3prios fins.<br \/>\nCookies: Se o usu\u00e1rio aceitar, o site instalar\u00e1 cookies em seu navegador.<\/p>\n<p style=\"padding-left: 30px; text-align: justify;\">Naturalmente, voc\u00ea pode nos pedir a qualquer momento que pare de tratar seus dados pessoais para os fins indicados. Para isso, voc\u00ea simplesmente tem que nos enviar uma solicita\u00e7\u00e3o para o endere\u00e7o de e-mail info@ebroh.es.<\/p>\n<p><em>Quais medidas de seguran\u00e7a a Ebroh Bikes implementou para proteger seus dados pessoais?<br \/>\n<\/em><\/p>\n<p style=\"padding-left: 30px; text-align: justify;\">A Ebroh Bikes ir\u00e1 tratar os seus dados pessoais de uma forma absolutamente confidencial. Da mesma forma, implementou medidas t\u00e9cnicas e organizacionais adequadas para garantir sua seguran\u00e7a e impedir sua destrui\u00e7\u00e3o, perda, acesso il\u00edcito ou altera\u00e7\u00e3o ilegal. Ao determinar essas medidas, crit\u00e9rios como escopo, contexto e finalidades do tratamento foram levados em considera\u00e7\u00e3o; o estado da arte e os riscos existentes.<\/p>\n<p><em>Quais s\u00e3o meus direitos?<br \/>\n<\/em><\/p>\n<p style=\"padding-left: 30px; text-align: justify;\">Voc\u00ea tem os seguintes direitos de prote\u00e7\u00e3o de dados:<\/p>\n<p style=\"padding-left: 30px; text-align: justify;\">Certo O que \u00e9 isso?<br \/>\nDireito de acesso: Veja com que informa\u00e7\u00f5es pessoais a Ebroh Bikes lida.<br \/>\nDireito de retifica\u00e7\u00e3o: Modifique os dados pessoais com os quais a Ebroh Bikes lida quando eles s\u00e3o imprecisos.<br \/>\nDireito de oposi\u00e7\u00e3o: Solicite que a Ebroh Bikes n\u00e3o trate seus dados pessoais para determinados fins espec\u00edficos.<br \/>\nDireito de supress\u00e3o: Solicite que a Ebroh Bikes exclua seus dados pessoais.<br \/>\nDireito de limita\u00e7\u00e3o: Solicite que a Ebroh Bikes limite o processamento de seus dados pessoais.<br \/>\nDireito de portabilidade: Solicite que a Ebroh Bikes lhe forne\u00e7a em formato de computador as informa\u00e7\u00f5es sobre voc\u00ea.<br \/>\nDireito de apresentar uma reclama\u00e7\u00e3o junto da autoridade competente: Para exercer esses direitos, basta enviar uma comunica\u00e7\u00e3o \u00e0 Ebroh Bikes. O requerimento deve conter uma c\u00f3pia do seu documento de identidade ou outro documento de identifica\u00e7\u00e3o equivalente, bem como o conte\u00fado m\u00ednimo previsto nos regulamentos aplic\u00e1veis. Se o aplicativo n\u00e3o atender aos requisitos especificados, a Ebroh Bikes pode exigir que voc\u00ea o envie. O exerc\u00edcio desses direitos \u00e9 gratuito, embora possa ser cobrada uma taxa quando os pedidos s\u00e3o infundados, excessivos ou repetitivos.<\/p>\n<p><em>Existem outras entidades que podem acessar meus dados pessoais para ajudar a Ebroh Bikes em alguma das tarefas relacionadas ao neg\u00f3cio de bicicletas?<br \/>\n<\/em><\/p>\n<p style=\"padding-left: 30px; text-align: justify;\">N\u00e3o. A Ebroh Bikes n\u00e3o possui essas entidades colaboradoras.<\/p>\n<p><em>A Ebroh Bikes transfere minhas informa\u00e7\u00f5es pessoais para terceiros para que possam us\u00e1-las para seus pr\u00f3prios fins? Por que cada uma dessas atribui\u00e7\u00f5es \u00e9 legal?<br \/>\n<\/em><\/p>\n<p style=\"padding-left: 30px; text-align: justify;\">N\u00e3o. A Ebroh Bikes n\u00e3o fornece seus dados a terceiros para uso para seus pr\u00f3prios fins.<\/p>\n<p>[\/vc_column_text][\/vc_column][\/vc_row]<\/p>\n<\/section>","protected":false},"excerpt":{"rendered":"<p>[vc_row][vc_column][vc_column_text]POL\u00cdTICA DE PRIVACIDADE 1. Propriedade do dom\u00ednio Ebroh Bikes. Em conformidade com a Lei 34\/2002 sobre Servi\u00e7os da Sociedade da Informa\u00e7\u00e3o e Com\u00e9rcio Eletr\u00f4nico (LSSICE), informamos que a propriedade do dom\u00ednio de nossa loja virtual, www.ebroh.es, corresponde \u00e0 Zeppelin Maquinaria SL, Plataforma Log\u00edstica Zaragoza Plaza, Tarento, 12, nave 9, 50197 [&hellip;]<\/p>\n","protected":false},"author":1,"featured_media":0,"parent":0,"menu_order":0,"comment_status":"closed","ping_status":"open","template":"","meta":{"footnotes":""},"class_list":["post-2562","page","type-page","status-publish","hentry"],"_links":{"self":[{"href":"https:\/\/ebroh.eu\/pt-pt\/wp-json\/wp\/v2\/pages\/2562","targetHints":{"allow":["GET"]}}],"collection":[{"href":"https:\/\/ebroh.eu\/pt-pt\/wp-json\/wp\/v2\/pages"}],"about":[{"href":"https:\/\/ebroh.eu\/pt-pt\/wp-json\/wp\/v2\/types\/page"}],"author":[{"embeddable":true,"href":"https:\/\/ebroh.eu\/pt-pt\/wp-json\/wp\/v2\/users\/1"}],"replies":[{"embeddable":true,"href":"https:\/\/ebroh.eu\/pt-pt\/wp-json\/wp\/v2\/comments?post=2562"}],"version-history":[{"count":1,"href":"https:\/\/ebroh.eu\/pt-pt\/wp-json\/wp\/v2\/pages\/2562\/revisions"}],"predecessor-version":[{"id":2565,"href":"https:\/\/ebroh.eu\/pt-pt\/wp-json\/wp\/v2\/pages\/2562\/revisions\/2565"}],"wp:attachment":[{"href":"https:\/\/ebroh.eu\/pt-pt\/wp-json\/wp\/v2\/media?parent=2562"}],"curies":[{"name":"wp","href":"https:\/\/api.w.org\/{rel}","templated":true}]}}