{"id":16713,"date":"2021-06-23T12:39:03","date_gmt":"2021-06-23T10:39:03","guid":{"rendered":"https:\/\/ebroh.es\/e-maxi-scooters\/"},"modified":"2021-06-25T14:47:30","modified_gmt":"2021-06-25T12:47:30","slug":"e-maxi-scooters","status":"publish","type":"page","link":"https:\/\/ebroh.eu\/pt-pt\/e-maxi-scooters\/","title":{"rendered":"E-Maxi Scooters"},"content":{"rendered":"<section class=\"wpb-content-wrapper\"><p>[vc_row full_width=&#8221;stretch_row_content_no_spaces&#8221; full_height=&#8221;yes&#8221; columns_placement=&#8221;stretch&#8221; equal_height=&#8221;yes&#8221; content_placement=&#8221;middle&#8221; video_bg=&#8221;yes&#8221; video_bg_url=&#8221;https:\/\/www.youtube.com\/watch?v=hky76zovTzc&#8221; css=&#8221;.vc_custom_1613383231588{padding-top: 0px !important;padding-bottom: 0px !important;}&#8221; el_id=&#8221;home-video&#8221;][vc_column]<div class=\"vntd-icon-box vntd-content-element box-centered-outline icon-size-lg box-centered box-with-bg bg-color-custom  animated vntd-animated\" data-animation=\"fadeIn\" data-animation-delay=\"3000\"><div class=\"icon-box-icon color-dark\"><i class=\"fa fa-heart-o\"><\/i><\/div><div class=\"icon-box-content\"><h5 class=\"icon-box-title\"style=\"color:ffffff!important;\"><\/h5><p class=\"icon-description\"><\/p><\/div><\/div>[vc_column_text css_animation=&#8221;appear&#8221; font_size=&#8221;xlarger&#8221;]<\/p>\n<h1 style=\"text-align: center;\"><span style=\"color: #999999;\"><span style=\"color: #ffffff;\"><strong>EBROH Maxi<\/strong><\/span><strong> SCOOTERS<\/strong><\/span><\/h1>\n<h2 style=\"text-align: center;\"><span style=\"color: #00ffff;\">EL\u00c9TRICAS<\/span><\/h2>\n<p>[\/vc_column_text][\/vc_column][\/vc_row][vc_row full_width=&#8221;stretch_row_content&#8221; css=&#8221;.vc_custom_1542911284138{margin-bottom: 30px !important;}&#8221;][vc_column width=&#8221;1\/6&#8243;][\/vc_column][vc_column width=&#8221;2\/3&#8243;][vc_custom_heading text=&#8221;Modelos EBROH EL\u00c9TRICOS&#8221; font_container=&#8221;tag:h2|font_size:46px|text_align:center&#8221; use_theme_fonts=&#8221;yes&#8221;][vc_separator][vc_column_text font_size=&#8221;xlarge&#8221; el_class=&#8221;claim&#8221;]<br \/>\nConsciente da import\u00e2ncia e do potencial das motos el\u00e9ctricas, a empresa com capital 100% espanhol <strong>Ebroh<\/strong> nasceu com voca\u00e7\u00e3o para se tornar um verdadeiro especialista em alternativas de mobilidade el\u00e9ctrica, oferecendo ao mercado diferentes gamas de scooters el\u00e9ctricas, tanto pelo seu tipo de utiliza\u00e7\u00e3o como pela sua segmenta\u00e7\u00e3o de pre\u00e7os. Tanto \u00e9 assim que <strong>Ebroh<\/strong> \u00e9 definido como &#8220;The Electric Bike and Scooter Company&#8221;, com o prop\u00f3sito firme de ser uma refer\u00eancia em moto el\u00e9trica.<\/p>\n<h1 style=\"text-align: center;\"><span style=\"color: #808080;\"><strong>DESCUBRA<\/strong><\/span><\/h1>\n<p>[\/vc_column_text][\/vc_column][vc_column width=&#8221;1\/6&#8243;][\/vc_column][\/vc_row][vc_row css=&#8221;.vc_custom_1542282900615{margin-top: 0px !important;margin-bottom: 0px !important;border-bottom-width: 0px !important;padding-top: 0px !important;}&#8221;][vc_column width=&#8221;1\/3&#8243; css=&#8221;.vc_custom_1542282847412{margin-bottom: 0px !important;padding-bottom: 0px !important;}&#8221;][vc_images_carousel images=&#8221;5385,5405,5401&#8243; img_size=&#8221;medium&#8221; onclick=&#8221;custom_link&#8221; custom_links_target=&#8221;_blank&#8221; speed=&#8221;2500&#8243; autoplay=&#8221;yes&#8221; hide_pagination_control=&#8221;yes&#8221; hide_prev_next_buttons=&#8221;yes&#8221; wrap=&#8221;yes&#8221; css_animation=&#8221;fadeIn&#8221; title=&#8221;Strada 20th 10K&#8221;][\/vc_column][vc_column width=&#8221;1\/3&#8243;][vc_images_carousel images=&#8221;5428,5419,5401&#8243; img_size=&#8221;medium&#8221; onclick=&#8221;custom_link&#8221; custom_links_target=&#8221;_blank&#8221; speed=&#8221;2500&#8243; autoplay=&#8221;yes&#8221; hide_pagination_control=&#8221;yes&#8221; hide_prev_next_buttons=&#8221;yes&#8221; wrap=&#8221;yes&#8221; css_animation=&#8221;fadeIn&#8221; title=&#8221;Strada 20th XT&#8221;][\/vc_column][vc_column width=&#8221;1\/3&#8243;][vc_images_carousel images=&#8221;5434,6161,6157&#8243; img_size=&#8221;medium&#8221; onclick=&#8221;custom_link&#8221; custom_links_target=&#8221;_blank&#8221; speed=&#8221;2500&#8243; autoplay=&#8221;yes&#8221; hide_pagination_control=&#8221;yes&#8221; hide_prev_next_buttons=&#8221;yes&#8221; wrap=&#8221;yes&#8221; css_animation=&#8221;fadeIn&#8221; title=&#8221;Strada Mak 10&#8243;][\/vc_column][\/vc_row][vc_row full_width=&#8221;stretch_row_content&#8221; equal_height=&#8221;yes&#8221;][vc_column width=&#8221;1\/6&#8243;][\/vc_column][vc_column width=&#8221;2\/3&#8243; col_padding_side=&#8221;top_bottom&#8221;][vc_row_inner equal_height=&#8221;yes&#8221; content_placement=&#8221;middle&#8221; el_class=&#8221;caracteristicas&#8221;][vc_column_inner width=&#8221;1\/2&#8243;][vc_single_image image=&#8221;5405&#8243; img_size=&#8221;500&#215;500&#8243; alignment=&#8221;center&#8221; onclick=&#8221;zoom&#8221; css_animation=&#8221;fadeIn&#8221;][\/vc_column_inner][vc_column_inner width=&#8221;1\/2&#8243;][vc_custom_heading text=&#8221;Strada 20th 10K&#8221; font_container=&#8221;tag:h2|text_align:center&#8221; use_theme_fonts=&#8221;yes&#8221; link=&#8221;|||&#8221;][vc_column_text font_size=&#8221;xlarge&#8221;]<br \/>\nMaxi <strong>Ebroh<\/strong> Scooter com as qualidades perfeitas para circular na cidade atual. <strong>Strada 20th 10K<\/strong> re\u00fane velocidade e conforto em uma scooter tipo Sport. At\u00e9 130 Km \/ h. Autonomia de at\u00e9 150 Km. Freio REGENERATIVO. Bateria de L\u00edtio de 72 V com 93 Ah. Motor com rendimento de 10.000 Watt e novo BMS com impulso de acelera\u00e7\u00e3o de 260A.<br \/>\n[\/vc_column_text][\/vc_column_inner][\/vc_row_inner][\/vc_column][vc_column width=&#8221;1\/6&#8243;][\/vc_column][\/vc_row][vc_row full_width=&#8221;stretch_row_content&#8221; equal_height=&#8221;yes&#8221;][vc_column width=&#8221;1\/6&#8243;][\/vc_column][vc_column width=&#8221;2\/3&#8243; col_padding_side=&#8221;top_bottom&#8221;][vc_row_inner equal_height=&#8221;yes&#8221; content_placement=&#8221;middle&#8221; el_class=&#8221;caracteristicas&#8221;][vc_column_inner width=&#8221;1\/2&#8243;][vc_custom_heading text=&#8221;Strada 20th XT&#8221; font_container=&#8221;tag:h2|text_align:center&#8221; use_theme_fonts=&#8221;yes&#8221; link=&#8221;|||&#8221;][vc_column_text font_size=&#8221;xlarger&#8221;]<br \/>\nMaxi <strong>Ebroh<\/strong> Scooter com as qualidades perfeitas para circular na cidade atual. <strong>Strada 20th XT<\/strong> re\u00fane velocidade e conforto em uma scooter tipo Sport. At\u00e9 85 Km \/ h. Autonomia de at\u00e9 60 Km. Freio REGENERATIVO. Bateria de L\u00edtio extra\u00edvel de 72 V com 40 Ah, com possibilidade de adicionar bateria suplementar e aumentar at\u00e9 120 km de autonomia. Motor com rendimento de 3.000 Watt.<br \/>\n[\/vc_column_text][\/vc_column_inner][vc_column_inner width=&#8221;1\/2&#8243;][vc_single_image image=&#8221;5419&#8243; img_size=&#8221;500&#215;500&#8243; alignment=&#8221;center&#8221; onclick=&#8221;zoom&#8221; css_animation=&#8221;fadeIn&#8221;][\/vc_column_inner][\/vc_row_inner][\/vc_column][vc_column width=&#8221;1\/6&#8243;][\/vc_column][\/vc_row][vc_row full_width=&#8221;stretch_row_content&#8221; equal_height=&#8221;yes&#8221;][vc_column width=&#8221;1\/6&#8243;][\/vc_column][vc_column width=&#8221;2\/3&#8243; col_padding_side=&#8221;top_bottom&#8221;][vc_row_inner equal_height=&#8221;yes&#8221; content_placement=&#8221;middle&#8221; el_class=&#8221;caracteristicas&#8221;][vc_column_inner width=&#8221;1\/2&#8243;][vc_single_image image=&#8221;5434&#8243; img_size=&#8221;500&#215;500&#8243; alignment=&#8221;center&#8221; onclick=&#8221;zoom&#8221; css_animation=&#8221;fadeIn&#8221;][\/vc_column_inner][vc_column_inner width=&#8221;1\/2&#8243;][vc_custom_heading text=&#8221;Strada Mak 10&#8243; font_container=&#8221;tag:h2|text_align:center&#8221; use_theme_fonts=&#8221;yes&#8221; link=&#8221;|||&#8221;][vc_column_text font_size=&#8221;xlarger&#8221;]<br \/>\nNova Maxi Scooter de <strong>Ebroh<\/strong> com as qualidades perfeitas para circular na cidade atual. <strong>Strada Mak 10<\/strong> re\u00fane velocidade e conforto em uma scooter tipo Sport. At\u00e9 130 Km \/ h. Autonomia de at\u00e9 150 Km. Freio REGENERATIVO. Bateria de L\u00edtio de 72 V com 93 Ah. Motor com rendimento de 10.000 Watt e novo BMS com impulso de acelera\u00e7\u00e3o de 260A.<br \/>\n[\/vc_column_text][\/vc_column_inner][\/vc_row_inner][\/vc_column][vc_column width=&#8221;1\/6&#8243;][\/vc_column][\/vc_row]<\/p>\n<\/section>","protected":false},"excerpt":{"rendered":"<p>[vc_row full_width=&#8221;stretch_row_content_no_spaces&#8221; full_height=&#8221;yes&#8221; columns_placement=&#8221;stretch&#8221; equal_height=&#8221;yes&#8221; content_placement=&#8221;middle&#8221; video_bg=&#8221;yes&#8221; video_bg_url=&#8221;https:\/\/www.youtube.com\/watch?v=hky76zovTzc&#8221; css=&#8221;.vc_custom_1613383231588{padding-top: 0px !important;padding-bottom: 0px !important;}&#8221; el_id=&#8221;home-video&#8221;][vc_column][vc_column_text css_animation=&#8221;appear&#8221; font_size=&#8221;xlarger&#8221;] EBROH Maxi SCOOTERS EL\u00c9TRICAS [\/vc_column_text][\/vc_column][\/vc_row][vc_row full_width=&#8221;stretch_row_content&#8221; css=&#8221;.vc_custom_1542911284138{margin-bottom: 30px !important;}&#8221;][vc_column width=&#8221;1\/6&#8243;][\/vc_column][vc_column width=&#8221;2\/3&#8243;][vc_custom_heading text=&#8221;Modelos EBROH EL\u00c9TRICOS&#8221; font_container=&#8221;tag:h2|font_size:46px|text_align:center&#8221; use_theme_fonts=&#8221;yes&#8221;][vc_separator][vc_column_text font_size=&#8221;xlarge&#8221; el_class=&#8221;claim&#8221;] Consciente da import\u00e2ncia e do potencial das motos el\u00e9ctricas, a empresa com capital 100% espanhol Ebroh [&hellip;]<\/p>\n","protected":false},"author":3,"featured_media":0,"parent":0,"menu_order":0,"comment_status":"closed","ping_status":"closed","template":"","meta":{"footnotes":""},"class_list":["post-16713","page","type-page","status-publish","hentry"],"_links":{"self":[{"href":"https:\/\/ebroh.eu\/pt-pt\/wp-json\/wp\/v2\/pages\/16713","targetHints":{"allow":["GET"]}}],"collection":[{"href":"https:\/\/ebroh.eu\/pt-pt\/wp-json\/wp\/v2\/pages"}],"about":[{"href":"https:\/\/ebroh.eu\/pt-pt\/wp-json\/wp\/v2\/types\/page"}],"author":[{"embeddable":true,"href":"https:\/\/ebroh.eu\/pt-pt\/wp-json\/wp\/v2\/users\/3"}],"replies":[{"embeddable":true,"href":"https:\/\/ebroh.eu\/pt-pt\/wp-json\/wp\/v2\/comments?post=16713"}],"version-history":[{"count":7,"href":"https:\/\/ebroh.eu\/pt-pt\/wp-json\/wp\/v2\/pages\/16713\/revisions"}],"predecessor-version":[{"id":16944,"href":"https:\/\/ebroh.eu\/pt-pt\/wp-json\/wp\/v2\/pages\/16713\/revisions\/16944"}],"wp:attachment":[{"href":"https:\/\/ebroh.eu\/pt-pt\/wp-json\/wp\/v2\/media?parent=16713"}],"curies":[{"name":"wp","href":"https:\/\/api.w.org\/{rel}","templated":true}]}}