{"id":13826,"date":"2021-01-11T12:27:12","date_gmt":"2021-01-11T10:27:12","guid":{"rendered":"https:\/\/ebroh.es\/recursos-bravo-gls\/"},"modified":"2021-01-22T14:52:49","modified_gmt":"2021-01-22T12:52:49","slug":"recursos-bravo-gls","status":"publish","type":"page","link":"https:\/\/ebroh.eu\/pt-pt\/recursos-bravo-gls\/","title":{"rendered":"Recursos Bravo GLS"},"content":{"rendered":"<section class=\"wpb-content-wrapper\"><p>[vc_row full_width=&#8221;stretch_row_content_no_spaces&#8221; full_height=&#8221;yes&#8221; columns_placement=&#8221;stretch&#8221; equal_height=&#8221;yes&#8221; content_placement=&#8221;middle&#8221; video_bg=&#8221;yes&#8221; video_bg_url=&#8221;https:\/\/www.youtube.com\/watch?v=Fa1r06A3Jng&#8221; css=&#8221;.vc_custom_1611318913824{padding-top: 0px !important;padding-bottom: 0px !important;}&#8221; el_id=&#8221;home-video&#8221;][vc_column]<div class=\"vntd-icon-box vntd-content-element box-centered-outline icon-size-lg box-centered box-with-bg bg-color-custom  animated vntd-animated  icon-box-with-link\" data-animation=\"fadeIn\" data-animation-delay=\"3000\"><a href=\"https:\/\/ebroh.es\/productos\/naked-electricas\/bravo-gle\/\" target=\"_self\"><div class=\"icon-box-icon color-dark\"><i class=\"fa fa-heart-o\"><\/i><\/div><div class=\"icon-box-content\"><h5 class=\"icon-box-title\"style=\"color:ffffff!important;\"><\/h5><p class=\"icon-description\"><\/p><\/div><\/a><\/div>[vc_column_text css_animation=&#8221;appear&#8221; font_size=&#8221;xlarger&#8221;]<\/p>\n<h1 style=\"text-align: center;\"><span style=\"color: #999999;\"><strong><span style=\"color: #ffffff;\"><span class=\"VIiyi\" lang=\"pt\"><span class=\"JLqJ4b ChMk0b\" data-language-for-alternatives=\"pt\" data-language-to-translate-into=\"es\" data-phrase-index=\"0\">Novo<\/span><\/span> BRAVO GLS<\/span><br \/>\n<\/strong><\/span><\/h1>\n<h2 style=\"text-align: center;\"><span style=\"color: #00ffff;\"><span class=\"VIiyi\" lang=\"pt\"><span class=\"JLqJ4b ChMk0b\" data-language-for-alternatives=\"pt\" data-language-to-translate-into=\"es\" data-phrase-index=\"0\">Cora\u00e7\u00e3o El\u00e9trico<\/span><\/span><\/span><\/h2>\n<p>[\/vc_column_text][\/vc_column][\/vc_row][vc_row full_width=&#8221;stretch_row_content&#8221; css=&#8221;.vc_custom_1542911284138{margin-bottom: 30px !important;}&#8221;][vc_column width=&#8221;1\/6&#8243;][\/vc_column][vc_column width=&#8221;2\/3&#8243;][vc_custom_heading text=&#8221;Modelo el\u00e9trico NAKED BRAVO GLS&#8221; font_container=&#8221;tag:h2|font_size:46px|text_align:center&#8221; use_theme_fonts=&#8221;yes&#8221;][vc_separator][vc_column_text font_size=&#8221;xlarge&#8221; el_class=&#8221;claim&#8221;]<span class=\"VIiyi\" lang=\"pt\"><span class=\"JLqJ4b ChMk0b\" data-language-for-alternatives=\"pt\" data-language-to-translate-into=\"es\" data-phrase-index=\"0\">O projecto <strong>Ebroh Bravo GLE<\/strong> teve in\u00edcio h\u00e1 quase dois anos com a sua homologa\u00e7\u00e3o em Espanha, nas instala\u00e7\u00f5es da IDIADA em Tarragona, que deu origem ao desenvolvimento da primeira moto desportiva el\u00e9ctrica desenvolvida em Espanha.<\/span> <\/span><\/p>\n<p><span class=\"VIiyi\" lang=\"pt\"><span class=\"JLqJ4b ChMk0b\" data-language-for-alternatives=\"pt\" data-language-to-translate-into=\"es\" data-phrase-index=\"2\">O perfil da Nova<strong> Ebroh Bravo GLS<\/strong> el\u00e9trica \u00e9 a imagem da motocicleta que permanece em nossa retina, a silhueta de uma motocicleta moderna e esportiva.<\/span> <span class=\"JLqJ4b ChMk0b\" data-language-for-alternatives=\"pt\" data-language-to-translate-into=\"es\" data-phrase-index=\"3\"><strong>Ebroh<\/strong> optou por uma abordagem puramente &#8220;Sport Touring&#8221; para melhorar sua primeira motocicleta el\u00e9trica, desenvolvida e ajustada em Sarago\u00e7a para todo o mercado europeu.<\/span> <span class=\"JLqJ4b ChMk0b\" data-language-for-alternatives=\"pt\" data-language-to-translate-into=\"es\" data-phrase-index=\"4\">A Nova <strong>Ebroh Bravo GLS<\/strong> segue esta tend\u00eancia observada na grande maioria das bicicletas desportivas polivalentes.<\/span> <span class=\"JLqJ4b ChMk0b\" data-language-for-alternatives=\"pt\" data-language-to-translate-into=\"es\" data-phrase-index=\"5\">Estes suavizam a sua postura de dire\u00e7\u00e3o buscando adotar uma postura de dire\u00e7\u00e3o mais ergon\u00f4mica, e assim amenizam ao m\u00e1ximo o aparecimento de cansa\u00e7o com o ac\u00famulo de quil\u00f4metros.<\/span><\/span><\/p>\n<h1 style=\"text-align: center;\"><span style=\"color: #808080;\"><strong><span class=\"VIiyi\" lang=\"pt\"><span class=\"JLqJ4b ChMk0b\" data-language-for-alternatives=\"pt\" data-language-to-translate-into=\"es\" data-phrase-index=\"0\">DESCOBRIR<\/span><\/span><\/strong><\/span><\/h1>\n<p>[\/vc_column_text][\/vc_column][vc_column width=&#8221;1\/6&#8243;][\/vc_column][\/vc_row][vc_row css=&#8221;.vc_custom_1542282900615{margin-top: 0px !important;margin-bottom: 0px !important;border-bottom-width: 0px !important;padding-top: 0px !important;}&#8221;][vc_column width=&#8221;1\/3&#8243; css=&#8221;.vc_custom_1542282847412{margin-bottom: 0px !important;padding-bottom: 0px !important;}&#8221;][vc_images_carousel images=&#8221;13740&#8243; img_size=&#8221;medium&#8221; onclick=&#8221;link_no&#8221; speed=&#8221;2500&#8243; autoplay=&#8221;yes&#8221; hide_pagination_control=&#8221;yes&#8221; hide_prev_next_buttons=&#8221;yes&#8221; wrap=&#8221;yes&#8221; css_animation=&#8221;fadeIn&#8221;][\/vc_column][vc_column width=&#8221;1\/3&#8243;][\/vc_column][vc_column width=&#8221;1\/3&#8243;][vc_images_carousel images=&#8221;13643&#8243; img_size=&#8221;medium&#8221; onclick=&#8221;link_no&#8221; speed=&#8221;2500&#8243; autoplay=&#8221;yes&#8221; hide_pagination_control=&#8221;yes&#8221; hide_prev_next_buttons=&#8221;yes&#8221; wrap=&#8221;yes&#8221; css_animation=&#8221;fadeIn&#8221;][\/vc_column][\/vc_row][vc_row full_width=&#8221;stretch_row_content&#8221; equal_height=&#8221;yes&#8221;][vc_column width=&#8221;1\/6&#8243;][\/vc_column][vc_column width=&#8221;2\/3&#8243; col_padding_side=&#8221;top_bottom&#8221;][vc_row_inner equal_height=&#8221;yes&#8221; content_placement=&#8221;middle&#8221; el_class=&#8221;caracteristicas&#8221;][vc_column_inner width=&#8221;1\/2&#8243;][vc_single_image image=&#8221;13761&#8243; img_size=&#8221;500&#215;500&#8243; alignment=&#8221;center&#8221; onclick=&#8221;zoom&#8221; css_animation=&#8221;fadeIn&#8221;][\/vc_column_inner][vc_column_inner width=&#8221;1\/2&#8243;][vc_custom_heading text=&#8221;Dimens\u00f5es generosas&#8221; font_container=&#8221;tag:h2|text_align:center&#8221; use_theme_fonts=&#8221;yes&#8221; link=&#8221;url:https%3A%2F%2Febroh.es%2Fpt-pt%2Fproduto%2Fnaked-eletrico%2Fbravo-gle%2F|&#8221;][vc_column_text font_size=&#8221;xlarge&#8221;]<br \/>\n<span class=\"VIiyi\" lang=\"pt\"><span class=\"JLqJ4b ChMk0b\" data-language-for-alternatives=\"pt\" data-language-to-translate-into=\"es\" data-phrase-index=\"0\">As dimens\u00f5es gerais do novo <strong>Ebroh Bravo GLS<\/strong> foram generosamente desenhadas.<\/span> <span class=\"JLqJ4b ChMk0b\" data-language-for-alternatives=\"pt\" data-language-to-translate-into=\"es\" data-phrase-index=\"1\">Suas medidas s\u00e3o 2.060 mm de comprimento por 1.110 mm de altura.<\/span> <span class=\"JLqJ4b ChMk0b\" data-language-for-alternatives=\"pt\" data-language-to-translate-into=\"es\" data-phrase-index=\"2\">A dist\u00e2ncia entre eixos de 1.410 mm.<\/span> <span class=\"JLqJ4b ChMk0b\" data-language-for-alternatives=\"pt\" data-language-to-translate-into=\"es\" data-phrase-index=\"3\">Seu peso \u00e9 de 147 kg.<\/span><\/span><\/p>\n<p><span class=\"VIiyi\" lang=\"pt\"> <span class=\"JLqJ4b ChMk0b\" data-language-for-alternatives=\"pt\" data-language-to-translate-into=\"es\" data-phrase-index=\"5\">O quadro consiste em um ber\u00e7o superior duplo e um segundo inferior, envolvendo seu acumulador de N\u00edquel Cobalto em seus quatro lados.<\/span> <span class=\"JLqJ4b ChMk0b\" data-language-for-alternatives=\"pt\" data-language-to-translate-into=\"es\" data-phrase-index=\"6\">A estrutura em tubo de a\u00e7o que nos proporciona, al\u00e9m de leveza, estabilidade, rigidez e capacidade de tor\u00e7\u00e3o semelhantes.<\/span><\/span><br \/>\n[\/vc_column_text][\/vc_column_inner][\/vc_row_inner][\/vc_column][vc_column width=&#8221;1\/6&#8243;][\/vc_column][\/vc_row][vc_row full_width=&#8221;stretch_row_content&#8221; equal_height=&#8221;yes&#8221;][vc_column width=&#8221;1\/6&#8243;][\/vc_column][vc_column width=&#8221;2\/3&#8243; col_padding_side=&#8221;top_bottom&#8221;][vc_row_inner equal_height=&#8221;yes&#8221; content_placement=&#8221;middle&#8221; el_class=&#8221;caracteristicas&#8221;][vc_column_inner width=&#8221;1\/2&#8243;][vc_custom_heading text=&#8221;Pe\u00e7a do ciclo&#8221; font_container=&#8221;tag:h2|text_align:center&#8221; use_theme_fonts=&#8221;yes&#8221; link=&#8221;url:https%3A%2F%2Febroh.es%2Fpt-pt%2Fproduto%2Fnaked-eletrico%2Fbravo-gle%2F|&#8221;][vc_column_text font_size=&#8221;xlarger&#8221;]<br \/>\n<span class=\"VIiyi\" lang=\"pt\"><span class=\"JLqJ4b ChMk0b\" data-language-for-alternatives=\"pt\" data-language-to-translate-into=\"es\" data-phrase-index=\"0\">Para o Novo <strong>Ebroh Bravo GLS<\/strong>, um garfo hidr\u00e1ulico com um di\u00e2metro de 35 mm foi selecionado sem ajustes.<\/span> <span class=\"JLqJ4b ChMk0b\" data-language-for-alternatives=\"pt\" data-language-to-translate-into=\"es\" data-phrase-index=\"1\">Os espig\u00f5es de selim tamb\u00e9m s\u00e3o superdimensionados, com um tamanho de 194 mm.<\/span> <span class=\"JLqJ4b ChMk0b\" data-language-for-alternatives=\"pt\" data-language-to-translate-into=\"es\" data-phrase-index=\"2\">entre os centros das \u00e2ncoras da barra suspensa.<\/span> <span class=\"JLqJ4b ChMk0b\" data-language-for-alternatives=\"pt\" data-language-to-translate-into=\"es\" data-phrase-index=\"3\">Atr\u00e1s dele est\u00e1 um monochoque simples com um curso de 100 mm.<\/span> <span class=\"JLqJ4b ChMk0b\" data-language-for-alternatives=\"pt\" data-language-to-translate-into=\"es\" data-phrase-index=\"4\">A parte do ciclo \u00e9 completada com uma boa dota\u00e7\u00e3o de aros (17 &#8221;), rodas (110\/70 dianteiro; 140\/70 traseiro), pneus sem c\u00e2mara e freios de disco duplo na roda dianteira e pin\u00e7as de pist\u00e3o paralelas duplas e disco \u00fanico<\/span> <span class=\"JLqJ4b ChMk0b\" data-language-for-alternatives=\"pt\" data-language-to-translate-into=\"es\" data-phrase-index=\"5\">atr\u00e1s.<\/span> <span class=\"JLqJ4b ChMk0b\" data-language-for-alternatives=\"pt\" data-language-to-translate-into=\"es\" data-phrase-index=\"6\">Incorpora sistema de distribui\u00e7\u00e3o de frenagem CBS.<\/span><\/span><br \/>\n[\/vc_column_text][\/vc_column_inner][vc_column_inner width=&#8221;1\/2&#8243;][vc_single_image image=&#8221;13769&#8243; img_size=&#8221;500&#215;500&#8243; alignment=&#8221;center&#8221; onclick=&#8221;zoom&#8221; css_animation=&#8221;fadeIn&#8221;][\/vc_column_inner][\/vc_row_inner][\/vc_column][vc_column width=&#8221;1\/6&#8243;][\/vc_column][\/vc_row][vc_row full_width=&#8221;stretch_row_content&#8221; equal_height=&#8221;yes&#8221;][vc_column width=&#8221;1\/6&#8243;][\/vc_column][vc_column width=&#8221;2\/3&#8243; col_padding_side=&#8221;top_bottom&#8221;][vc_row_inner equal_height=&#8221;yes&#8221; content_placement=&#8221;middle&#8221; el_class=&#8221;caracteristicas&#8221;][vc_column_inner width=&#8221;1\/2&#8243;][vc_single_image image=&#8221;13778&#8243; img_size=&#8221;500&#215;500&#8243; alignment=&#8221;center&#8221; onclick=&#8221;zoom&#8221; css_animation=&#8221;fadeIn&#8221;][\/vc_column_inner][vc_column_inner width=&#8221;1\/2&#8243;][vc_custom_heading text=&#8221;Bateria central e motor @Brushless de 5kW&#8221; font_container=&#8221;tag:h2|text_align:center&#8221; use_theme_fonts=&#8221;yes&#8221; link=&#8221;url:https%3A%2F%2Febroh.es%2Fpt-pt%2Fproduto%2Fnaked-eletrico%2Fbravo-gle%2F|&#8221;][vc_column_text font_size=&#8221;xlarger&#8221;]<br \/>\n<span class=\"VIiyi\" lang=\"pt\"><span class=\"JLqJ4b ChMk0b\" data-language-for-alternatives=\"pt\" data-language-to-translate-into=\"es\" data-phrase-index=\"0\">Bateria central de \u00edons de l\u00edtio tern\u00e1ria, Ni-Co, 72V 100Ah.<\/span> <span class=\"JLqJ4b ChMk0b\" data-language-for-alternatives=\"pt\" data-language-to-translate-into=\"es\" data-phrase-index=\"1\">A posi\u00e7\u00e3o central e baixa do Novo<strong> Bravo GLS<\/strong> favorece a estabilidade, o controle da in\u00e9rcia e a carga nos movimentos.<\/span> <span class=\"JLqJ4b ChMk0b\" data-language-for-alternatives=\"pt\" data-language-to-translate-into=\"es\" data-phrase-index=\"2\">O sistema de recarga \u00e9 monitorado, funciona com tens\u00e3o de instala\u00e7\u00e3o dom\u00e9stica.<\/span> <span class=\"JLqJ4b ChMk0b\" data-language-for-alternatives=\"pt\" data-language-to-translate-into=\"es\" data-phrase-index=\"3\">O carregador \u00e9 externo e o tempo m\u00e9dio de recarga total \u00e9 de cerca de 5 horas.<\/span><\/span><\/p>\n<p><span class=\"VIiyi\" lang=\"pt\"> <span class=\"JLqJ4b ChMk0b\" data-language-for-alternatives=\"pt\" data-language-to-translate-into=\"es\" data-phrase-index=\"5\">O motor funciona com uma tens\u00e3o de 72V e rende 5000W.<\/span> <span class=\"JLqJ4b ChMk0b\" data-language-for-alternatives=\"pt\" data-language-to-translate-into=\"es\" data-phrase-index=\"6\">\u00c9 um motor s\u00edncrono &#8220;Brushless&#8221;.<\/span> <span class=\"JLqJ4b ChMk0b\" data-language-for-alternatives=\"pt\" data-language-to-translate-into=\"es\" data-phrase-index=\"7\">Em termos de desempenho, a velocidade m\u00e1xima do Novo <strong>Ebroh Bravo GLS<\/strong> \u00e9 de 120 km \/ he oferece uma autonomia de 100 km.<\/span><\/span><br \/>\n[\/vc_column_text][\/vc_column_inner][\/vc_row_inner][\/vc_column][vc_column width=&#8221;1\/6&#8243;][\/vc_column][\/vc_row][vc_row full_width=&#8221;stretch_row_content&#8221; equal_height=&#8221;yes&#8221;][vc_column width=&#8221;1\/6&#8243;][\/vc_column][vc_column width=&#8221;2\/3&#8243; col_padding_side=&#8221;top_bottom&#8221;][vc_row_inner equal_height=&#8221;yes&#8221; content_placement=&#8221;middle&#8221; el_class=&#8221;caracteristicas&#8221;][vc_column_inner width=&#8221;1\/2&#8243;][vc_custom_heading text=&#8221;Controles, instrumenta\u00e7\u00e3o e ilumina\u00e7\u00e3o.&#8221; font_container=&#8221;tag:h2|text_align:center&#8221; use_theme_fonts=&#8221;yes&#8221; link=&#8221;url:https%3A%2F%2Febroh.es%2Fpt-pt%2Fproduto%2Fnaked-eletrico%2Fbravo-gle%2F|&#8221;][vc_column_text font_size=&#8221;xlarger&#8221;]<br \/>\n<span class=\"VIiyi\" lang=\"pt\"><span class=\"JLqJ4b ChMk0b\" data-language-for-alternatives=\"pt\" data-language-to-translate-into=\"es\" data-phrase-index=\"0\">Cada alavanca do Novo <strong>Bravo GLS<\/strong> aciona os freios em cada eixo, dispensando a caixa de c\u00e2mbio e a usual alavanca de embreagem encontrada nos motores a gasolina.<\/span> <span class=\"JLqJ4b ChMk0b\" data-language-for-alternatives=\"pt\" data-language-to-translate-into=\"es\" data-phrase-index=\"1\">Possui um bot\u00e3o girat\u00f3rio para selecionar os modos de condu\u00e7\u00e3o, marcha \u00e0 r\u00e9, cidade, rodovia ou posi\u00e7\u00e3o neutra.<\/span> <\/span><\/p>\n<p><span class=\"VIiyi\" lang=\"pt\"><span class=\"JLqJ4b ChMk0b\" data-language-for-alternatives=\"pt\" data-language-to-translate-into=\"es\" data-phrase-index=\"3\">A instrumenta\u00e7\u00e3o \u00e9 unificada em um rel\u00f3gio digital central com veloc\u00edmetro, hod\u00f4metro, carga da bateria, rel\u00f3gio e indicadores de luzes, piscas e modo de dire\u00e7\u00e3o selecionado.<\/span> <\/span><\/p>\n<p><span class=\"VIiyi\" lang=\"pt\"><span class=\"JLqJ4b ChMk0b\" data-language-for-alternatives=\"pt\" data-language-to-translate-into=\"es\" data-phrase-index=\"5\">As luzes dianteiras, traseiras e pisca-pisca s\u00e3o feitas de diodos LED.<\/span> <span class=\"JLqJ4b ChMk0b\" data-language-for-alternatives=\"pt\" data-language-to-translate-into=\"es\" data-phrase-index=\"6\">O farol central \u00e9 composto por uma \u00f3ptica elipsoidal dupla, tamb\u00e9m LED.<\/span><\/span><br \/>\n[\/vc_column_text][\/vc_column_inner][vc_column_inner width=&#8221;1\/2&#8243;][vc_single_image image=&#8221;7068&#8243; img_size=&#8221;500&#215;500&#8243; alignment=&#8221;center&#8221; onclick=&#8221;zoom&#8221; css_animation=&#8221;fadeIn&#8221;][\/vc_column_inner][\/vc_row_inner][\/vc_column][vc_column width=&#8221;1\/6&#8243;][\/vc_column][\/vc_row][vc_row][vc_column][vc_gallery type=&#8221;image_grid&#8221; images=&#8221;13749,13786,13800,13793&#8243; img_size=&#8221;medium&#8221; css_animation=&#8221;fadeIn&#8221;][vc_custom_heading text=&#8221;IR AT\u00c9 A LOJA&#8221; font_container=&#8221;tag:h3|text_align:center|color:%23df4104&#8243; use_theme_fonts=&#8221;yes&#8221; css_animation=&#8221;fadeInRight&#8221; link=&#8221;url:https%3A%2F%2Febroh.es%2Fpt-pt%2Fproduto%2Fnaked-eletrico%2Fbravo-gls%2F|title:BRAVO%20GLE%20Pro|&#8221;][\/vc_column][\/vc_row]<\/p>\n<\/section>","protected":false},"excerpt":{"rendered":"<p>[vc_row full_width=&#8221;stretch_row_content_no_spaces&#8221; full_height=&#8221;yes&#8221; columns_placement=&#8221;stretch&#8221; equal_height=&#8221;yes&#8221; content_placement=&#8221;middle&#8221; video_bg=&#8221;yes&#8221; video_bg_url=&#8221;https:\/\/www.youtube.com\/watch?v=Fa1r06A3Jng&#8221; css=&#8221;.vc_custom_1611318913824{padding-top: 0px !important;padding-bottom: 0px !important;}&#8221; el_id=&#8221;home-video&#8221;][vc_column][vc_column_text css_animation=&#8221;appear&#8221; font_size=&#8221;xlarger&#8221;] Novo BRAVO GLS Cora\u00e7\u00e3o El\u00e9trico [\/vc_column_text][\/vc_column][\/vc_row][vc_row full_width=&#8221;stretch_row_content&#8221; css=&#8221;.vc_custom_1542911284138{margin-bottom: 30px !important;}&#8221;][vc_column width=&#8221;1\/6&#8243;][\/vc_column][vc_column width=&#8221;2\/3&#8243;][vc_custom_heading text=&#8221;Modelo el\u00e9trico NAKED BRAVO GLS&#8221; font_container=&#8221;tag:h2|font_size:46px|text_align:center&#8221; use_theme_fonts=&#8221;yes&#8221;][vc_separator][vc_column_text font_size=&#8221;xlarge&#8221; el_class=&#8221;claim&#8221;]O projecto Ebroh Bravo GLE teve in\u00edcio h\u00e1 quase dois anos com a sua [&hellip;]<\/p>\n","protected":false},"author":3,"featured_media":0,"parent":0,"menu_order":0,"comment_status":"closed","ping_status":"closed","template":"","meta":{"footnotes":""},"class_list":["post-13826","page","type-page","status-publish","hentry"],"_links":{"self":[{"href":"https:\/\/ebroh.eu\/pt-pt\/wp-json\/wp\/v2\/pages\/13826","targetHints":{"allow":["GET"]}}],"collection":[{"href":"https:\/\/ebroh.eu\/pt-pt\/wp-json\/wp\/v2\/pages"}],"about":[{"href":"https:\/\/ebroh.eu\/pt-pt\/wp-json\/wp\/v2\/types\/page"}],"author":[{"embeddable":true,"href":"https:\/\/ebroh.eu\/pt-pt\/wp-json\/wp\/v2\/users\/3"}],"replies":[{"embeddable":true,"href":"https:\/\/ebroh.eu\/pt-pt\/wp-json\/wp\/v2\/comments?post=13826"}],"version-history":[{"count":10,"href":"https:\/\/ebroh.eu\/pt-pt\/wp-json\/wp\/v2\/pages\/13826\/revisions"}],"predecessor-version":[{"id":13940,"href":"https:\/\/ebroh.eu\/pt-pt\/wp-json\/wp\/v2\/pages\/13826\/revisions\/13940"}],"wp:attachment":[{"href":"https:\/\/ebroh.eu\/pt-pt\/wp-json\/wp\/v2\/media?parent=13826"}],"curies":[{"name":"wp","href":"https:\/\/api.w.org\/{rel}","templated":true}]}}