{"id":11102,"date":"2020-10-20T11:50:03","date_gmt":"2020-10-20T09:50:03","guid":{"rendered":"https:\/\/ebroh.es\/ser-um-distribuidor\/"},"modified":"2020-10-20T11:50:05","modified_gmt":"2020-10-20T09:50:05","slug":"ser-um-distribuidor","status":"publish","type":"page","link":"https:\/\/ebroh.eu\/pt-pt\/ser-um-distribuidor\/","title":{"rendered":"Ser um distribuidor"},"content":{"rendered":"<section class=\"wpb-content-wrapper\"><p>[vc_row css=&#8221;.vc_custom_1545910977002{padding-top: 50px !important;padding-bottom: 50px !important;}&#8221;][vc_column][vc_column_text]<\/p>\n<p><span class=\"tlid-translation translation\" lang=\"pt\"><span title=\"\">A EBROH \u00e9 uma empresa com capital 100% espanhol.<\/span> <span class=\"\" title=\"\">A EBROH nasceu com a voca\u00e7\u00e3o de se tornarem aut\u00eanticos especialistas em alternativas de mobilidade el\u00e9trica, oferecendo ao mercado diferentes gamas de bicicletas el\u00e9tricas, tanto pelo seu tipo de uso como pela sua segmenta\u00e7\u00e3o de pre\u00e7o.<\/span><\/span><\/p>\n<p>[\/vc_column_text][vc_column_text]<\/p>\n<p><span class=\"tlid-translation translation\" lang=\"pt\"><span class=\"\" title=\"\">A EBROH aposta nas op\u00e7\u00f5es mais pr\u00e1ticas, eficientes e que satisfazem o utilizador na hora de escolher o ve\u00edculo mais adequado para as viagens di\u00e1rias ou de lazer.<\/span><\/span><\/p>\n<p>[\/vc_column_text][vc_column_text]<\/p>\n<p><span class=\"tlid-translation translation\" lang=\"pt\"><span class=\"\" title=\"\">A EBROH iniciou a sua atividade comercial em 2017 com uma gama de BTT, bicicletas urbanas e dobr\u00e1veis, bem como scooters el\u00e9tricas, com o intuito de se tornar um dos principais \u201cplayers\u201d em Espanha da mobilidade adaptada a cada necessidade.<\/span><\/span><\/p>\n<p>[\/vc_column_text][vc_column_text]<\/p>\n<p><span class=\"tlid-translation translation\" lang=\"pt\"><span class=\"\" title=\"\">VOC\u00ca QUER SER DISTRIBUIDOR?<\/span><\/span><\/p>\n<p>[\/vc_column_text][\/vc_column][\/vc_row][vc_row full_width=&#8221;stretch_row_content&#8221; equal_height=&#8221;yes&#8221; parallax=&#8221;content-moving&#8221; parallax_image=&#8221;2220&#8243; css=&#8221;.vc_custom_1546019062335{padding-top: 50px !important;padding-right: 50px !important;padding-bottom: 50px !important;padding-left: 50px !important;}&#8221; el_class=&#8221;distribuidores&#8221;][vc_column width=&#8221;1\/4&#8243;][vc_empty_space height=&#8221;25px&#8221;][vc_custom_heading text=&#8221;N\u00d3S ADAPTAMOS AO SEU NEG\u00d3CIO&#8221; font_container=&#8221;tag:h2|font_size:30|text_align:center|color:%23ffffff&#8221; use_theme_fonts=&#8221;yes&#8221;][vc_column_text text_color=&#8221;white&#8221;]<\/p>\n<p><span class=\"tlid-translation translation\" lang=\"pt\"><span class=\"\" title=\"\">Nos esfor\u00e7amos todos os dias para entender melhor as necessidades do seu neg\u00f3cio e fornecer solu\u00e7\u00f5es \u00e1geis e personalizadas que permitem melhorar o atendimento ao cliente<\/span><\/span><\/p>\n<p>[\/vc_column_text][\/vc_column][vc_column width=&#8221;1\/4&#8243;][vc_empty_space height=&#8221;25px&#8221;][vc_custom_heading text=&#8221;SEMPRE DISPON\u00cdVEL&#8221; font_container=&#8221;tag:h2|font_size:30|text_align:center|color:%23ffffff&#8221; use_theme_fonts=&#8221;yes&#8221;][vc_column_text text_color=&#8221;white&#8221;]<\/p>\n<p><span class=\"tlid-translation translation\" lang=\"pt\"><span class=\"\" title=\"\">Prestamos especial aten\u00e7\u00e3o em lhe prestar o melhor servi\u00e7o p\u00f3s-venda, garantindo um grande stock de produtos e pe\u00e7as sobressalentes que lhe enviamos em tempo recorde<\/span><\/span><\/p>\n<p>[\/vc_column_text][\/vc_column][vc_column width=&#8221;1\/4&#8243;][vc_empty_space height=&#8221;25px&#8221;][vc_custom_heading text=&#8221;CUIDAMOS DO CANAL DE VENDAS&#8221; font_container=&#8221;tag:h2|font_size:30|text_align:center|color:%23ffffff&#8221; use_theme_fonts=&#8221;yes&#8221;][vc_column_text text_color=&#8221;white&#8221;]<\/p>\n<p><span class=\"tlid-translation translation\" lang=\"pt\"><span title=\"\">Asseguramos-nos de que disp\u00f5e das melhores condi\u00e7\u00f5es comerciais para que o seu neg\u00f3cio n\u00e3o pare de crescer.<\/span> <span title=\"\">Concentramos todos os nossos esfor\u00e7os em direcionar os clientes ao seu ponto de venda atrav\u00e9s do cross online Mkt, anunciando na RR.SS.<\/span> <span class=\"\" title=\"\">e publicidade na m\u00eddia tradicional<\/span><\/span><\/p>\n<p>[\/vc_column_text][\/vc_column][vc_column width=&#8221;1\/4&#8243;][vc_empty_space height=&#8221;25px&#8221;][vc_custom_heading text=&#8221;EXPERIMENTE AS NOSSAS BICICLETAS E MOTOCICLETAS&#8221; font_container=&#8221;tag:h2|font_size:30|text_align:center|color:%23ffffff&#8221; use_theme_fonts=&#8221;yes&#8221;][vc_column_text text_color=&#8221;white&#8221;]<\/p>\n<p><span class=\"tlid-translation translation\" lang=\"pt\"><span class=\"\" title=\"\">Antes de se tornar um ponto de venda EBROH, queremos que fique totalmente satisfeito com os nossos produtos, pe\u00e7a aos nossos representantes de vendas um ve\u00edculo de teste<\/span><\/span><\/p>\n<p>[\/vc_column_text][\/vc_column][\/vc_row][vc_row full_width=&#8221;stretch_row_content_no_spaces&#8221;][vc_column]<div class=\"vntd-image-gallery vntd-content-element \"><div id=\"vntd-gallery-8115\" class=\"vntd-grid grid-items vntd-gallery-grid grid-cols-4 hover-effect-scale hover-icon\" data-cols=\"4\" data-data-cols-tablet=\"2\" data-data-cols-mobile=\"1\" data-item-gap=\"15\"><div class=\"item grid-item cbp-item vntd-gallery-item mp-gallery\"><a href=\"https:\/\/ebroh.eu\/wp-content\/uploads\/2018\/12\/GALERIA1.jpg\"><div class=\"gallery-item-overlay\"><i class=\"vntd-gallery-zoom-icon engage-icon-icon engage-icon-zoom-2\"><\/i><\/div><img loading=\"lazy\" decoding=\"async\" width=\"600\" height=\"507\" src=\"https:\/\/ebroh.eu\/wp-content\/uploads\/2018\/12\/GALERIA1-600x507.jpg\" class=\"attachment-engage-masonry-square\" alt=\"\" title=\"GALERIA1\" srcset=\"https:\/\/ebroh.eu\/wp-content\/uploads\/2018\/12\/GALERIA1.jpg 600w, https:\/\/ebroh.eu\/wp-content\/uploads\/2018\/12\/GALERIA1-300x254.jpg 300w\" sizes=\"auto, (max-width: 600px) 100vw, 600px\" \/><\/a><\/div><div class=\"item grid-item cbp-item vntd-gallery-item mp-gallery\"><a href=\"https:\/\/ebroh.eu\/wp-content\/uploads\/2018\/12\/GALERIA2.jpg\"><div class=\"gallery-item-overlay\"><i class=\"vntd-gallery-zoom-icon engage-icon-icon engage-icon-zoom-2\"><\/i><\/div><img loading=\"lazy\" decoding=\"async\" width=\"600\" height=\"508\" src=\"https:\/\/ebroh.eu\/wp-content\/uploads\/2018\/12\/GALERIA2-600x508.jpg\" class=\"attachment-engage-masonry-square\" alt=\"\" title=\"GALERIA2\" srcset=\"https:\/\/ebroh.eu\/wp-content\/uploads\/2018\/12\/GALERIA2.jpg 600w, https:\/\/ebroh.eu\/wp-content\/uploads\/2018\/12\/GALERIA2-300x254.jpg 300w\" sizes=\"auto, (max-width: 600px) 100vw, 600px\" \/><\/a><\/div><div class=\"item grid-item cbp-item vntd-gallery-item mp-gallery\"><a href=\"https:\/\/ebroh.eu\/wp-content\/uploads\/2018\/12\/GALERIA3.jpg\"><div class=\"gallery-item-overlay\"><i class=\"vntd-gallery-zoom-icon engage-icon-icon engage-icon-zoom-2\"><\/i><\/div><img loading=\"lazy\" decoding=\"async\" width=\"600\" height=\"507\" src=\"https:\/\/ebroh.eu\/wp-content\/uploads\/2018\/12\/GALERIA3-600x507.jpg\" class=\"attachment-engage-masonry-square\" alt=\"\" title=\"GALERIA3\" srcset=\"https:\/\/ebroh.eu\/wp-content\/uploads\/2018\/12\/GALERIA3.jpg 600w, https:\/\/ebroh.eu\/wp-content\/uploads\/2018\/12\/GALERIA3-300x254.jpg 300w\" sizes=\"auto, (max-width: 600px) 100vw, 600px\" \/><\/a><\/div><div class=\"item grid-item cbp-item vntd-gallery-item mp-gallery\"><a href=\"https:\/\/ebroh.eu\/wp-content\/uploads\/2018\/12\/GALERIA4.jpg\"><div class=\"gallery-item-overlay\"><i class=\"vntd-gallery-zoom-icon engage-icon-icon engage-icon-zoom-2\"><\/i><\/div><img loading=\"lazy\" decoding=\"async\" width=\"600\" height=\"507\" src=\"https:\/\/ebroh.eu\/wp-content\/uploads\/2018\/12\/GALERIA4-600x507.jpg\" class=\"attachment-engage-masonry-square\" alt=\"\" title=\"GALERIA4\" srcset=\"https:\/\/ebroh.eu\/wp-content\/uploads\/2018\/12\/GALERIA4.jpg 600w, https:\/\/ebroh.eu\/wp-content\/uploads\/2018\/12\/GALERIA4-300x254.jpg 300w\" sizes=\"auto, (max-width: 600px) 100vw, 600px\" \/><\/a><\/div><div class=\"item grid-item cbp-item vntd-gallery-item mp-gallery\"><a href=\"https:\/\/ebroh.eu\/wp-content\/uploads\/2018\/12\/GALERIA5.jpg\"><div class=\"gallery-item-overlay\"><i class=\"vntd-gallery-zoom-icon engage-icon-icon engage-icon-zoom-2\"><\/i><\/div><img loading=\"lazy\" decoding=\"async\" width=\"600\" height=\"508\" src=\"https:\/\/ebroh.eu\/wp-content\/uploads\/2018\/12\/GALERIA5-600x508.jpg\" class=\"attachment-engage-masonry-square\" alt=\"\" title=\"GALERIA5\" srcset=\"https:\/\/ebroh.eu\/wp-content\/uploads\/2018\/12\/GALERIA5.jpg 600w, https:\/\/ebroh.eu\/wp-content\/uploads\/2018\/12\/GALERIA5-300x254.jpg 300w\" sizes=\"auto, (max-width: 600px) 100vw, 600px\" \/><\/a><\/div><div class=\"item grid-item cbp-item vntd-gallery-item mp-gallery\"><a href=\"https:\/\/ebroh.eu\/wp-content\/uploads\/2018\/12\/GALERIA6.jpg\"><div class=\"gallery-item-overlay\"><i class=\"vntd-gallery-zoom-icon engage-icon-icon engage-icon-zoom-2\"><\/i><\/div><img loading=\"lazy\" decoding=\"async\" width=\"600\" height=\"507\" src=\"https:\/\/ebroh.eu\/wp-content\/uploads\/2018\/12\/GALERIA6-600x507.jpg\" class=\"attachment-engage-masonry-square\" alt=\"\" title=\"GALERIA6\" srcset=\"https:\/\/ebroh.eu\/wp-content\/uploads\/2018\/12\/GALERIA6.jpg 600w, https:\/\/ebroh.eu\/wp-content\/uploads\/2018\/12\/GALERIA6-300x254.jpg 300w\" sizes=\"auto, (max-width: 600px) 100vw, 600px\" \/><\/a><\/div><div class=\"item grid-item cbp-item vntd-gallery-item mp-gallery\"><a href=\"https:\/\/ebroh.eu\/wp-content\/uploads\/2018\/12\/GALERIA7.jpg\"><div class=\"gallery-item-overlay\"><i class=\"vntd-gallery-zoom-icon engage-icon-icon engage-icon-zoom-2\"><\/i><\/div><img loading=\"lazy\" decoding=\"async\" width=\"600\" height=\"507\" src=\"https:\/\/ebroh.eu\/wp-content\/uploads\/2018\/12\/GALERIA7-600x507.jpg\" class=\"attachment-engage-masonry-square\" alt=\"\" title=\"GALERIA7\" srcset=\"https:\/\/ebroh.eu\/wp-content\/uploads\/2018\/12\/GALERIA7.jpg 600w, https:\/\/ebroh.eu\/wp-content\/uploads\/2018\/12\/GALERIA7-300x254.jpg 300w\" sizes=\"auto, (max-width: 600px) 100vw, 600px\" \/><\/a><\/div><div class=\"item grid-item cbp-item vntd-gallery-item mp-gallery\"><a href=\"https:\/\/ebroh.eu\/wp-content\/uploads\/2018\/12\/GALERIA8.jpg\"><div class=\"gallery-item-overlay\"><i class=\"vntd-gallery-zoom-icon engage-icon-icon engage-icon-zoom-2\"><\/i><\/div><img loading=\"lazy\" decoding=\"async\" width=\"600\" height=\"504\" src=\"https:\/\/ebroh.eu\/wp-content\/uploads\/2018\/12\/GALERIA8-600x504.jpg\" class=\"attachment-engage-masonry-square\" alt=\"\" title=\"GALERIA8\" srcset=\"https:\/\/ebroh.eu\/wp-content\/uploads\/2018\/12\/GALERIA8.jpg 600w, https:\/\/ebroh.eu\/wp-content\/uploads\/2018\/12\/GALERIA8-300x252.jpg 300w\" sizes=\"auto, (max-width: 600px) 100vw, 600px\" \/><\/a><\/div><\/div><\/div>[\/vc_column][\/vc_row]<\/p>\n<\/section>","protected":false},"excerpt":{"rendered":"<p>[vc_row css=&#8221;.vc_custom_1545910977002{padding-top: 50px !important;padding-bottom: 50px !important;}&#8221;][vc_column][vc_column_text] A EBROH \u00e9 uma empresa com capital 100% espanhol. A EBROH nasceu com a voca\u00e7\u00e3o de se tornarem aut\u00eanticos especialistas em alternativas de mobilidade el\u00e9trica, oferecendo ao mercado diferentes gamas de bicicletas el\u00e9tricas, tanto pelo seu tipo de uso como pela sua segmenta\u00e7\u00e3o de [&hellip;]<\/p>\n","protected":false},"author":1,"featured_media":0,"parent":0,"menu_order":0,"comment_status":"closed","ping_status":"closed","template":"","meta":{"footnotes":""},"class_list":["post-11102","page","type-page","status-publish","hentry"],"_links":{"self":[{"href":"https:\/\/ebroh.eu\/pt-pt\/wp-json\/wp\/v2\/pages\/11102","targetHints":{"allow":["GET"]}}],"collection":[{"href":"https:\/\/ebroh.eu\/pt-pt\/wp-json\/wp\/v2\/pages"}],"about":[{"href":"https:\/\/ebroh.eu\/pt-pt\/wp-json\/wp\/v2\/types\/page"}],"author":[{"embeddable":true,"href":"https:\/\/ebroh.eu\/pt-pt\/wp-json\/wp\/v2\/users\/1"}],"replies":[{"embeddable":true,"href":"https:\/\/ebroh.eu\/pt-pt\/wp-json\/wp\/v2\/comments?post=11102"}],"version-history":[{"count":2,"href":"https:\/\/ebroh.eu\/pt-pt\/wp-json\/wp\/v2\/pages\/11102\/revisions"}],"predecessor-version":[{"id":11104,"href":"https:\/\/ebroh.eu\/pt-pt\/wp-json\/wp\/v2\/pages\/11102\/revisions\/11104"}],"wp:attachment":[{"href":"https:\/\/ebroh.eu\/pt-pt\/wp-json\/wp\/v2\/media?parent=11102"}],"curies":[{"name":"wp","href":"https:\/\/api.w.org\/{rel}","templated":true}]}}