{"id":25676,"date":"2022-09-29T10:11:57","date_gmt":"2022-09-29T08:12:08","guid":{"rendered":"https:\/\/ebroh.es\/?post_type=product&#038;p=25676"},"modified":"2023-03-08T14:53:15","modified_gmt":"2023-03-08T12:53:15","slug":"maxi-elektryczny-scooter-strada-9k","status":"publish","type":"product","link":"https:\/\/ebroh.eu\/pl\/productos\/e-maxi-scooters-pl\/maxi-elektryczny-scooter-strada-9k\/","title":{"rendered":"Maxi elektryczny Scooter Strada 9K"},"content":{"rendered":"","protected":false},"excerpt":{"rendered":"<p>KOLORY: SZARY, BIA\u0141Y I CZARNY.<\/p>\n<p>Urz\u0105dzenie jest wyposa\u017cone w \u0142adowark\u0119 USB.<\/p>\n<p>Du\u017cy baga\u017cnik (miejsce na dwa zatwierdzone kaski) i stojak nie s\u0105 wliczone w cen\u0119.<a href=\"mailto: info@ebroh.es\"> Kup!<\/a><\/p>\n<p><a href=\"https:\/\/ebroh.es\/it\/politica-di-garanzia\/\">Pol\u00edtica de Garant\u00eda<\/a><\/p>\n<p><a href=\"https:\/\/ebroh.es\/it\/registrazione\/\">Documentaci\u00f3n Matriculaci\u00f3n<\/a><\/p>\n<p><img loading=\"lazy\" decoding=\"async\" class=\"alignnone wp-image-27554\" src=\"https:\/\/ebroh.es\/wp-content\/uploads\/2022\/09\/strada-20th-negro-fron-lat.jpg\" alt=\"\" width=\"200\" height=\"191\" srcset=\"https:\/\/ebroh.eu\/wp-content\/uploads\/2022\/09\/strada-20th-negro-fron-lat.jpg 800w, https:\/\/ebroh.eu\/wp-content\/uploads\/2022\/09\/strada-20th-negro-fron-lat-300x286.jpg 300w, https:\/\/ebroh.eu\/wp-content\/uploads\/2022\/09\/strada-20th-negro-fron-lat-768x732.jpg 768w, https:\/\/ebroh.eu\/wp-content\/uploads\/2022\/09\/strada-20th-negro-fron-lat-600x572.jpg 600w\" sizes=\"auto, (max-width: 200px) 100vw, 200px\" \/> <img loading=\"lazy\" decoding=\"async\" class=\"alignnone wp-image-17497\" src=\"https:\/\/ebroh.es\/wp-content\/uploads\/2021\/07\/strada-20th-blanco-lat-low.jpg\" alt=\"\" width=\"300\" height=\"200\" srcset=\"https:\/\/ebroh.eu\/wp-content\/uploads\/2021\/07\/strada-20th-blanco-lat-low.jpg 800w, https:\/\/ebroh.eu\/wp-content\/uploads\/2021\/07\/strada-20th-blanco-lat-low-300x200.jpg 300w, https:\/\/ebroh.eu\/wp-content\/uploads\/2021\/07\/strada-20th-blanco-lat-low-768x512.jpg 768w, https:\/\/ebroh.eu\/wp-content\/uploads\/2021\/07\/strada-20th-blanco-lat-low-600x400.jpg 600w\" sizes=\"auto, (max-width: 300px) 100vw, 300px\" \/><\/p>\n","protected":false},"featured_media":25074,"comment_status":"closed","ping_status":"closed","template":"","meta":[],"product_brand":[],"product_cat":[1033],"product_tag":[],"class_list":{"0":"post-25676","1":"product","2":"type-product","3":"status-publish","4":"has-post-thumbnail","6":"product_cat-e-maxi-scooters-pl","8":"first","9":"onbackorder","10":"taxable","11":"shipping-taxable","12":"product-type-variable","13":"has-default-attributes"},"_links":{"self":[{"href":"https:\/\/ebroh.eu\/pl\/wp-json\/wp\/v2\/product\/25676","targetHints":{"allow":["GET"]}}],"collection":[{"href":"https:\/\/ebroh.eu\/pl\/wp-json\/wp\/v2\/product"}],"about":[{"href":"https:\/\/ebroh.eu\/pl\/wp-json\/wp\/v2\/types\/product"}],"replies":[{"embeddable":true,"href":"https:\/\/ebroh.eu\/pl\/wp-json\/wp\/v2\/comments?post=25676"}],"wp:featuredmedia":[{"embeddable":true,"href":"https:\/\/ebroh.eu\/pl\/wp-json\/wp\/v2\/media\/25074"}],"wp:attachment":[{"href":"https:\/\/ebroh.eu\/pl\/wp-json\/wp\/v2\/media?parent=25676"}],"wp:term":[{"taxonomy":"product_brand","embeddable":true,"href":"https:\/\/ebroh.eu\/pl\/wp-json\/wp\/v2\/product_brand?post=25676"},{"taxonomy":"product_cat","embeddable":true,"href":"https:\/\/ebroh.eu\/pl\/wp-json\/wp\/v2\/product_cat?post=25676"},{"taxonomy":"product_tag","embeddable":true,"href":"https:\/\/ebroh.eu\/pl\/wp-json\/wp\/v2\/product_tag?post=25676"}],"curies":[{"name":"wp","href":"https:\/\/api.w.org\/{rel}","templated":true}]}}