{"id":25062,"date":"2022-09-08T14:12:46","date_gmt":"2022-09-08T12:12:57","guid":{"rendered":"https:\/\/ebroh.es\/?post_type=product&#038;p=25062"},"modified":"2023-04-11T10:29:10","modified_gmt":"2023-04-11T08:29:10","slug":"maxi-elektryczny-scooter-strada-12k","status":"publish","type":"product","link":"https:\/\/ebroh.eu\/pl\/productos\/e-maxi-scooters-pl\/maxi-elektryczny-scooter-strada-12k\/","title":{"rendered":"Maxi elektryczny Scooter Strada 12K"},"content":{"rendered":"","protected":false},"excerpt":{"rendered":"<p><strong>\u00a1Nowe modele!<\/strong><\/p>\n<p>KOLORY: SZARY, BIA\u0141Y I CZARNY. Skontaktuj si\u0119 z nami i dokonaj rezerwacji!<\/p>\n<p>Urz\u0105dzenie jest wyposa\u017cone w \u0142adowark\u0119 USB.<\/p>\n<p>Du\u017cy baga\u017cnik (miejsce na dwa zatwierdzone kaski) i stojak nie s\u0105 wliczone w cen\u0119.<a href=\"mailto: info@ebroh.es\"> Kup!<\/a><\/p>\n<p>Rejestracja i transport nie s\u0105 wliczone w cen\u0119.<\/p>\n<p><a href=\"https:\/\/ebroh.es\/it\/politica-di-garanzia\/\">Pol\u00edtica de Garant\u00eda<\/a><\/p>\n<p><a href=\"https:\/\/ebroh.es\/it\/registrazione\/\">Documentaci\u00f3n Matriculaci\u00f3n<\/a><\/p>\n","protected":false},"featured_media":27532,"comment_status":"closed","ping_status":"closed","template":"","meta":[],"product_brand":[],"product_cat":[1033],"product_tag":[],"class_list":{"0":"post-25062","1":"product","2":"type-product","3":"status-publish","4":"has-post-thumbnail","6":"product_cat-e-maxi-scooters-pl","8":"first","9":"instock","10":"taxable","11":"shipping-taxable","12":"product-type-variable","13":"has-default-attributes"},"_links":{"self":[{"href":"https:\/\/ebroh.eu\/pl\/wp-json\/wp\/v2\/product\/25062","targetHints":{"allow":["GET"]}}],"collection":[{"href":"https:\/\/ebroh.eu\/pl\/wp-json\/wp\/v2\/product"}],"about":[{"href":"https:\/\/ebroh.eu\/pl\/wp-json\/wp\/v2\/types\/product"}],"replies":[{"embeddable":true,"href":"https:\/\/ebroh.eu\/pl\/wp-json\/wp\/v2\/comments?post=25062"}],"wp:featuredmedia":[{"embeddable":true,"href":"https:\/\/ebroh.eu\/pl\/wp-json\/wp\/v2\/media\/27532"}],"wp:attachment":[{"href":"https:\/\/ebroh.eu\/pl\/wp-json\/wp\/v2\/media?parent=25062"}],"wp:term":[{"taxonomy":"product_brand","embeddable":true,"href":"https:\/\/ebroh.eu\/pl\/wp-json\/wp\/v2\/product_brand?post=25062"},{"taxonomy":"product_cat","embeddable":true,"href":"https:\/\/ebroh.eu\/pl\/wp-json\/wp\/v2\/product_cat?post=25062"},{"taxonomy":"product_tag","embeddable":true,"href":"https:\/\/ebroh.eu\/pl\/wp-json\/wp\/v2\/product_tag?post=25062"}],"curies":[{"name":"wp","href":"https:\/\/api.w.org\/{rel}","templated":true}]}}