{"id":24951,"date":"2022-09-06T13:05:06","date_gmt":"2022-09-06T11:05:18","guid":{"rendered":"https:\/\/ebroh.es\/?post_type=product&#038;p=24951"},"modified":"2023-04-27T12:17:53","modified_gmt":"2023-04-27T10:17:53","slug":"skuter-elektryczny-veracruz-gls2","status":"publish","type":"product","link":"https:\/\/ebroh.eu\/pl\/productos\/e-scooters-pl\/skuter-elektryczny-veracruz-gls2\/","title":{"rendered":"Skuter elektryczny Veracruz GLS2"},"content":{"rendered":"","protected":false},"excerpt":{"rendered":"<p>Dost\u0119pne w r\u00f3\u017cnych kolorach<\/p>\n<p>wymienne baterie litowe x2.<\/p>\n<p>Rejestracja i transport NIE s\u0105 wliczone w cen\u0119.<\/p>\n<p>Opcjonalny dodatkowy akumulator 40Ah za jedyne 1.313 euro. K<a href=\"info@ebroh.es\">UP TUTAJ<\/a><\/p>\n<p><a href=\"https:\/\/ebroh.es\/pl\/polityka-gwarancyjna\/\">Zasady gwarancji<\/a><\/p>\n<p><a href=\"https:\/\/ebroh.es\/pl\/rejestracja\/\">Rejestracja dokumentacji<\/a><\/p>\n","protected":false},"featured_media":22373,"comment_status":"closed","ping_status":"closed","template":"","meta":[],"product_brand":[],"product_cat":[957],"product_tag":[],"class_list":{"0":"post-24951","1":"product","2":"type-product","3":"status-publish","4":"has-post-thumbnail","6":"product_cat-e-scooters-pl","8":"first","9":"outofstock","10":"taxable","11":"shipping-taxable","12":"product-type-variable","13":"has-default-attributes"},"_links":{"self":[{"href":"https:\/\/ebroh.eu\/pl\/wp-json\/wp\/v2\/product\/24951","targetHints":{"allow":["GET"]}}],"collection":[{"href":"https:\/\/ebroh.eu\/pl\/wp-json\/wp\/v2\/product"}],"about":[{"href":"https:\/\/ebroh.eu\/pl\/wp-json\/wp\/v2\/types\/product"}],"replies":[{"embeddable":true,"href":"https:\/\/ebroh.eu\/pl\/wp-json\/wp\/v2\/comments?post=24951"}],"wp:featuredmedia":[{"embeddable":true,"href":"https:\/\/ebroh.eu\/pl\/wp-json\/wp\/v2\/media\/22373"}],"wp:attachment":[{"href":"https:\/\/ebroh.eu\/pl\/wp-json\/wp\/v2\/media?parent=24951"}],"wp:term":[{"taxonomy":"product_brand","embeddable":true,"href":"https:\/\/ebroh.eu\/pl\/wp-json\/wp\/v2\/product_brand?post=24951"},{"taxonomy":"product_cat","embeddable":true,"href":"https:\/\/ebroh.eu\/pl\/wp-json\/wp\/v2\/product_cat?post=24951"},{"taxonomy":"product_tag","embeddable":true,"href":"https:\/\/ebroh.eu\/pl\/wp-json\/wp\/v2\/product_tag?post=24951"}],"curies":[{"name":"wp","href":"https:\/\/api.w.org\/{rel}","templated":true}]}}