{"id":22344,"date":"2022-06-14T13:39:04","date_gmt":"2022-06-14T11:39:15","guid":{"rendered":"https:\/\/ebroh.es\/?post_type=product&#038;p=22344"},"modified":"2023-04-11T10:44:17","modified_gmt":"2023-04-11T08:44:17","slug":"skuter-elektryczny-veracruz-gle1","status":"publish","type":"product","link":"https:\/\/ebroh.eu\/pl\/productos\/e-scooters-pl\/skuter-elektryczny-veracruz-gle1\/","title":{"rendered":"Skuter elektryczny Veracruz GLE1"},"content":{"rendered":"","protected":false},"excerpt":{"rendered":"<p>Dost\u0119pne w r\u00f3\u017cnych kolorach<\/p>\n<p>wymienne baterie litowe x1.<\/p>\n<p>Rejestracja i transport NIE s\u0105 wliczone w cen\u0119.<\/p>\n<p><a href=\"https:\/\/ebroh.es\/pl\/polityka-gwarancyjna\/\">Zasady gwarancji<\/a><\/p>\n<p><a href=\"https:\/\/ebroh.es\/pl\/rejestracja\/\">Rejestracja dokumentacji<\/a><\/p>\n","protected":false},"featured_media":22373,"comment_status":"closed","ping_status":"closed","template":"","meta":[],"product_brand":[],"product_cat":[957],"product_tag":[],"class_list":{"0":"post-22344","1":"product","2":"type-product","3":"status-publish","4":"has-post-thumbnail","6":"product_cat-e-scooters-pl","8":"first","9":"instock","10":"taxable","11":"shipping-taxable","12":"product-type-variable","13":"has-default-attributes"},"_links":{"self":[{"href":"https:\/\/ebroh.eu\/pl\/wp-json\/wp\/v2\/product\/22344","targetHints":{"allow":["GET"]}}],"collection":[{"href":"https:\/\/ebroh.eu\/pl\/wp-json\/wp\/v2\/product"}],"about":[{"href":"https:\/\/ebroh.eu\/pl\/wp-json\/wp\/v2\/types\/product"}],"replies":[{"embeddable":true,"href":"https:\/\/ebroh.eu\/pl\/wp-json\/wp\/v2\/comments?post=22344"}],"wp:featuredmedia":[{"embeddable":true,"href":"https:\/\/ebroh.eu\/pl\/wp-json\/wp\/v2\/media\/22373"}],"wp:attachment":[{"href":"https:\/\/ebroh.eu\/pl\/wp-json\/wp\/v2\/media?parent=22344"}],"wp:term":[{"taxonomy":"product_brand","embeddable":true,"href":"https:\/\/ebroh.eu\/pl\/wp-json\/wp\/v2\/product_brand?post=22344"},{"taxonomy":"product_cat","embeddable":true,"href":"https:\/\/ebroh.eu\/pl\/wp-json\/wp\/v2\/product_cat?post=22344"},{"taxonomy":"product_tag","embeddable":true,"href":"https:\/\/ebroh.eu\/pl\/wp-json\/wp\/v2\/product_tag?post=22344"}],"curies":[{"name":"wp","href":"https:\/\/api.w.org\/{rel}","templated":true}]}}