{"id":21950,"date":"2022-05-27T10:36:26","date_gmt":"2022-05-27T08:36:32","guid":{"rendered":"https:\/\/ebroh.es\/?post_type=product&#038;p=21950"},"modified":"2023-04-11T10:48:57","modified_gmt":"2023-04-11T08:48:57","slug":"strada-20th-xt-duo-elektryczny-hulajnogi","status":"publish","type":"product","link":"https:\/\/ebroh.eu\/pl\/productos\/e-maxi-scooters-pl\/strada-20th-xt-duo-elektryczny-hulajnogi\/","title":{"rendered":"Strada 20th XT Duo elektryczny hulajnogi"},"content":{"rendered":"","protected":false},"excerpt":{"rendered":"<p><strong>Chwilowo brak w magazynie<\/strong><br \/>\n<a href=\"info@ebroh.es\"><strong>Zarezerwuj teraz Maxi Scoter!<\/strong><\/a><\/p>\n<p>KOLORY: SZARY, BIA\u0141Y I CZARNY. Skontaktuj si\u0119 z nami i dokonaj rezerwacji!<\/p>\n<p>Urz\u0105dzenie jest wyposa\u017cone w \u0142adowark\u0119 USB, pilot zdalnego sterowania i z\u0142\u0105cze OBD2<\/p>\n<p>Du\u017cy baga\u017cnik (miejsce na dwa zatwierdzone kaski) i stojak nie s\u0105 wliczone w cen\u0119. Kup!<\/p>\n<p>Rejestracja i transport nie s\u0105 wliczone w cen\u0119.<\/p>\n<p>Wymienne baterie litowe x2 72V-40Ah i 72V-50Ah<\/p>\n<table style=\"width: 623px; border-collapse: collapse; background-color: #009fde; height: 96px;\" border=\"1\">\n<tbody>\n<tr>\n<td style=\"width: 100%; text-align: center;\"><a href=\"mailto: info@ebroh.es\"><strong>Dodatkowa bateria opcjonalna 40Ah: KUP za 1.476 euro VAT<\/strong><\/a><\/p>\n<p><strong>Opcjonalny dodatkowy akumulator 50Ah: KUP za 1.749 euro VAT<\/strong><\/td>\n<\/tr>\n<\/tbody>\n<\/table>\n<p><a href=\"https:\/\/ebroh.es\/it\/politica-di-garanzia\/\">Pol\u00edtica de Garant\u00eda<\/a><\/p>\n<p><a href=\"https:\/\/ebroh.es\/it\/registrazione\/\">Documentaci\u00f3n Matriculaci\u00f3n<\/a><\/p>\n","protected":false},"featured_media":12714,"comment_status":"closed","ping_status":"closed","template":"","meta":[],"product_brand":[],"product_cat":[1033],"product_tag":[],"class_list":{"0":"post-21950","1":"product","2":"type-product","3":"status-publish","4":"has-post-thumbnail","6":"product_cat-e-maxi-scooters-pl","8":"first","9":"outofstock","10":"taxable","11":"shipping-taxable","12":"product-type-variable","13":"has-default-attributes"},"_links":{"self":[{"href":"https:\/\/ebroh.eu\/pl\/wp-json\/wp\/v2\/product\/21950","targetHints":{"allow":["GET"]}}],"collection":[{"href":"https:\/\/ebroh.eu\/pl\/wp-json\/wp\/v2\/product"}],"about":[{"href":"https:\/\/ebroh.eu\/pl\/wp-json\/wp\/v2\/types\/product"}],"replies":[{"embeddable":true,"href":"https:\/\/ebroh.eu\/pl\/wp-json\/wp\/v2\/comments?post=21950"}],"wp:featuredmedia":[{"embeddable":true,"href":"https:\/\/ebroh.eu\/pl\/wp-json\/wp\/v2\/media\/12714"}],"wp:attachment":[{"href":"https:\/\/ebroh.eu\/pl\/wp-json\/wp\/v2\/media?parent=21950"}],"wp:term":[{"taxonomy":"product_brand","embeddable":true,"href":"https:\/\/ebroh.eu\/pl\/wp-json\/wp\/v2\/product_brand?post=21950"},{"taxonomy":"product_cat","embeddable":true,"href":"https:\/\/ebroh.eu\/pl\/wp-json\/wp\/v2\/product_cat?post=21950"},{"taxonomy":"product_tag","embeddable":true,"href":"https:\/\/ebroh.eu\/pl\/wp-json\/wp\/v2\/product_tag?post=21950"}],"curies":[{"name":"wp","href":"https:\/\/api.w.org\/{rel}","templated":true}]}}