{"id":18108,"date":"2021-10-27T11:20:26","date_gmt":"2021-10-27T09:20:31","guid":{"rendered":"https:\/\/ebroh.es\/?post_type=product&#038;p=18108"},"modified":"2023-06-14T13:39:38","modified_gmt":"2023-06-14T11:39:38","slug":"rower-techniczny-m90-carbon-3","status":"publish","type":"product","link":"https:\/\/ebroh.eu\/pl\/productos\/bikes-pl\/rower-techniczny-m90-carbon-3\/","title":{"rendered":"Rower techniczny M95 Carbon"},"content":{"rendered":"","protected":false},"excerpt":{"rendered":"<p><img loading=\"lazy\" decoding=\"async\" class=\"alignleft wp-image-6668\" src=\"https:\/\/ebroh.es\/wp-content\/uploads\/2020\/05\/advance-carbon.png\" alt=\"\" width=\"86\" height=\"129\" \/><\/p>\n<h3><img loading=\"lazy\" decoding=\"async\" class=\"alignnone wp-image-7350\" src=\"https:\/\/ebroh.es\/wp-content\/uploads\/2020\/05\/Logo-ebroh-sava-ok.jpg\" alt=\"\" width=\"144\" height=\"50\" \/><\/h3>\n<p><span class=\"VIiyi\" lang=\"pl\"><span class=\"JLqJ4b ChMk0b\" data-language-for-alternatives=\"pl\" data-language-to-translate-into=\"es\" data-phrase-index=\"0\">Dost\u0119pne w r\u00f3\u017cnych kolorach i rozmiarach<\/span> <\/span><\/p>\n<h3><strong>MODELE ROZLICZE\u0143 2022<\/strong><\/h3>\n<p><span class=\"VIiyi\" lang=\"pl\"><span class=\"JLqJ4b ChMk0b\" data-language-for-alternatives=\"pl\" data-language-to-translate-into=\"es\" data-phrase-index=\"2\">Pobierz instrukcj\u0119 obs\u0142ugi<\/span> <\/span><\/p>\n<p><span class=\"VIiyi\" lang=\"pl\"><span class=\"JLqJ4b ChMk0b\" data-language-for-alternatives=\"pl\" data-language-to-translate-into=\"es\" data-phrase-index=\"4\">Polityka gwarancyjna<\/span><\/span><\/p>\n","protected":false},"featured_media":15268,"comment_status":"closed","ping_status":"closed","template":"","meta":[],"product_brand":[],"product_cat":[946],"product_tag":[],"class_list":{"0":"post-18108","1":"product","2":"type-product","3":"status-publish","4":"has-post-thumbnail","6":"product_cat-bikes-pl","8":"first","9":"instock","10":"taxable","11":"shipping-taxable","12":"product-type-variable","13":"has-default-attributes"},"_links":{"self":[{"href":"https:\/\/ebroh.eu\/pl\/wp-json\/wp\/v2\/product\/18108","targetHints":{"allow":["GET"]}}],"collection":[{"href":"https:\/\/ebroh.eu\/pl\/wp-json\/wp\/v2\/product"}],"about":[{"href":"https:\/\/ebroh.eu\/pl\/wp-json\/wp\/v2\/types\/product"}],"replies":[{"embeddable":true,"href":"https:\/\/ebroh.eu\/pl\/wp-json\/wp\/v2\/comments?post=18108"}],"wp:featuredmedia":[{"embeddable":true,"href":"https:\/\/ebroh.eu\/pl\/wp-json\/wp\/v2\/media\/15268"}],"wp:attachment":[{"href":"https:\/\/ebroh.eu\/pl\/wp-json\/wp\/v2\/media?parent=18108"}],"wp:term":[{"taxonomy":"product_brand","embeddable":true,"href":"https:\/\/ebroh.eu\/pl\/wp-json\/wp\/v2\/product_brand?post=18108"},{"taxonomy":"product_cat","embeddable":true,"href":"https:\/\/ebroh.eu\/pl\/wp-json\/wp\/v2\/product_cat?post=18108"},{"taxonomy":"product_tag","embeddable":true,"href":"https:\/\/ebroh.eu\/pl\/wp-json\/wp\/v2\/product_tag?post=18108"}],"curies":[{"name":"wp","href":"https:\/\/api.w.org\/{rel}","templated":true}]}}