{"id":16349,"date":"2021-06-18T15:54:13","date_gmt":"2021-06-18T13:54:17","guid":{"rendered":"https:\/\/ebroh.es\/?post_type=product&#038;p=16349"},"modified":"2023-04-11T11:16:40","modified_gmt":"2023-04-11T09:16:40","slug":"bagaznik-elektryczny-scooter-spuma-li-5k","status":"publish","type":"product","link":"https:\/\/ebroh.eu\/pl\/productos\/e-scooters-pl\/bagaznik-elektryczny-scooter-spuma-li-5k\/","title":{"rendered":"Baga\u017cnik elektryczny Scooter Spuma Li 5k"},"content":{"rendered":"","protected":false},"excerpt":{"rendered":"<p>Baga\u017cnik o du\u017cej pojemno\u015bci ze wsparciem, nieuwzgl\u0119dniony w cenie hulajnogi Skuma Li 5K<br \/>\nW zestawie wzmocnione wsparcie.<br \/>\nZ reflektorami do jazdy w nocy.<\/p>\n","protected":false},"featured_media":16358,"comment_status":"closed","ping_status":"closed","template":"","meta":[],"product_brand":[],"product_cat":[957],"product_tag":[],"class_list":{"0":"post-16349","1":"product","2":"type-product","3":"status-publish","4":"has-post-thumbnail","6":"product_cat-e-scooters-pl","8":"first","9":"instock","10":"taxable","11":"shipping-taxable","12":"product-type-variable","13":"has-default-attributes"},"_links":{"self":[{"href":"https:\/\/ebroh.eu\/pl\/wp-json\/wp\/v2\/product\/16349","targetHints":{"allow":["GET"]}}],"collection":[{"href":"https:\/\/ebroh.eu\/pl\/wp-json\/wp\/v2\/product"}],"about":[{"href":"https:\/\/ebroh.eu\/pl\/wp-json\/wp\/v2\/types\/product"}],"replies":[{"embeddable":true,"href":"https:\/\/ebroh.eu\/pl\/wp-json\/wp\/v2\/comments?post=16349"}],"wp:featuredmedia":[{"embeddable":true,"href":"https:\/\/ebroh.eu\/pl\/wp-json\/wp\/v2\/media\/16358"}],"wp:attachment":[{"href":"https:\/\/ebroh.eu\/pl\/wp-json\/wp\/v2\/media?parent=16349"}],"wp:term":[{"taxonomy":"product_brand","embeddable":true,"href":"https:\/\/ebroh.eu\/pl\/wp-json\/wp\/v2\/product_brand?post=16349"},{"taxonomy":"product_cat","embeddable":true,"href":"https:\/\/ebroh.eu\/pl\/wp-json\/wp\/v2\/product_cat?post=16349"},{"taxonomy":"product_tag","embeddable":true,"href":"https:\/\/ebroh.eu\/pl\/wp-json\/wp\/v2\/product_tag?post=16349"}],"curies":[{"name":"wp","href":"https:\/\/api.w.org\/{rel}","templated":true}]}}