{"id":16121,"date":"2021-06-15T14:12:12","date_gmt":"2021-06-15T12:12:14","guid":{"rendered":"https:\/\/ebroh.es\/?post_type=product&#038;p=16121"},"modified":"2023-04-11T11:37:13","modified_gmt":"2023-04-11T09:37:13","slug":"walizki-i-obudowy-bravo","status":"publish","type":"product","link":"https:\/\/ebroh.eu\/pl\/productos\/naked-elektryczna\/walizki-i-obudowy-bravo\/","title":{"rendered":"Walizki i obudowy Bravo"},"content":{"rendered":"","protected":false},"excerpt":{"rendered":"<p><strong>PODSTAWA + PIT STOPU + BAGA\u017bNIK<\/strong><\/p>\n<p>Kompatybilny z bravo GLE Pro &#8211; GLS &#8211; CR<\/p>\n<p><strong>Podstawa i <em>pit stopu<\/em><br \/>\n<\/strong><\/p>\n<p><img loading=\"lazy\" decoding=\"async\" class=\"alignnone wp-image-22926\" src=\"https:\/\/ebroh.es\/wp-content\/uploads\/2021\/06\/parrilla-monolock-givi-m5m.jpg\" alt=\"\" width=\"134\" height=\"122\" \/><img loading=\"lazy\" decoding=\"async\" class=\"alignnone wp-image-22932\" src=\"https:\/\/ebroh.es\/wp-content\/uploads\/2021\/06\/soporte.jpg\" alt=\"\" width=\"150\" height=\"150\" srcset=\"https:\/\/ebroh.eu\/wp-content\/uploads\/2021\/06\/soporte.jpg 600w, https:\/\/ebroh.eu\/wp-content\/uploads\/2021\/06\/soporte-300x300.jpg 300w, https:\/\/ebroh.eu\/wp-content\/uploads\/2021\/06\/soporte-150x150.jpg 150w, https:\/\/ebroh.eu\/wp-content\/uploads\/2021\/06\/soporte-450x450.jpg 450w, https:\/\/ebroh.eu\/wp-content\/uploads\/2021\/06\/soporte-100x100.jpg 100w\" sizes=\"auto, (max-width: 150px) 100vw, 150px\" \/><\/p>\n<p>Solidna i trwa\u0142a konstrukcja.<br \/>\nKompletny zestaw ze wszystkimi akcesoriami.<br \/>\nMonorack czarny matowy bez marker\u00f3w.<br \/>\nPit Stopu do g\u00f3rnej obudowy GIVI MONOLOCK<br \/>\nZgodno\u015b\u0107 z ponad 25 magistralami GIVI.<\/p>\n<p><strong>Baga\u017cnik<\/strong><\/p>\n<p><img loading=\"lazy\" decoding=\"async\" class=\"alignnone wp-image-22938\" src=\"https:\/\/ebroh.es\/wp-content\/uploads\/2021\/06\/baul_givi.jpg\" alt=\"\" width=\"163\" height=\"136\" srcset=\"https:\/\/ebroh.eu\/wp-content\/uploads\/2021\/06\/baul_givi.jpg 1000w, https:\/\/ebroh.eu\/wp-content\/uploads\/2021\/06\/baul_givi-300x249.jpg 300w, https:\/\/ebroh.eu\/wp-content\/uploads\/2021\/06\/baul_givi-768x637.jpg 768w, https:\/\/ebroh.eu\/wp-content\/uploads\/2021\/06\/baul_givi-600x498.jpg 600w\" sizes=\"auto, (max-width: 163px) 100vw, 163px\" \/><\/p>\n<p>GIVI E470NT<br \/>\nPojemno\u015b\u0107 47 lt (dla 2 kask\u00f3w zintegrowanych)<br \/>\nMaksymalne obci\u0105\u017cenie: 3 kg.<br \/>\nKolor czarny matowy.<br \/>\nOdblaskowe po bokach.<br \/>\nWymiary: 325 x 425 x 555 mm (wysoko\u015b\u0107 x szeroko\u015b\u0107 x g\u0142\u0119boko\u015b\u0107)<\/p>\n<p>Transport <strong>NIE jest wliczony w cen\u0119.<\/strong><\/p>\n<p>\u00a0<\/p>\n","protected":false},"featured_media":22948,"comment_status":"closed","ping_status":"closed","template":"","meta":[],"product_brand":[],"product_cat":[943],"product_tag":[],"class_list":{"0":"post-16121","1":"product","2":"type-product","3":"status-publish","4":"has-post-thumbnail","6":"product_cat-naked-elektryczna","8":"first","9":"instock","10":"taxable","11":"shipping-taxable","12":"product-type-variable","13":"has-default-attributes"},"_links":{"self":[{"href":"https:\/\/ebroh.eu\/pl\/wp-json\/wp\/v2\/product\/16121","targetHints":{"allow":["GET"]}}],"collection":[{"href":"https:\/\/ebroh.eu\/pl\/wp-json\/wp\/v2\/product"}],"about":[{"href":"https:\/\/ebroh.eu\/pl\/wp-json\/wp\/v2\/types\/product"}],"replies":[{"embeddable":true,"href":"https:\/\/ebroh.eu\/pl\/wp-json\/wp\/v2\/comments?post=16121"}],"wp:featuredmedia":[{"embeddable":true,"href":"https:\/\/ebroh.eu\/pl\/wp-json\/wp\/v2\/media\/22948"}],"wp:attachment":[{"href":"https:\/\/ebroh.eu\/pl\/wp-json\/wp\/v2\/media?parent=16121"}],"wp:term":[{"taxonomy":"product_brand","embeddable":true,"href":"https:\/\/ebroh.eu\/pl\/wp-json\/wp\/v2\/product_brand?post=16121"},{"taxonomy":"product_cat","embeddable":true,"href":"https:\/\/ebroh.eu\/pl\/wp-json\/wp\/v2\/product_cat?post=16121"},{"taxonomy":"product_tag","embeddable":true,"href":"https:\/\/ebroh.eu\/pl\/wp-json\/wp\/v2\/product_tag?post=16121"}],"curies":[{"name":"wp","href":"https:\/\/api.w.org\/{rel}","templated":true}]}}