{"id":16044,"date":"2021-06-15T12:56:19","date_gmt":"2021-06-15T10:56:27","guid":{"rendered":"https:\/\/ebroh.es\/?post_type=product&#038;p=16044"},"modified":"2023-02-28T15:49:04","modified_gmt":"2023-02-28T13:49:04","slug":"skuter-elektryczny-strada-20th-10k-copia","status":"publish","type":"product","link":"https:\/\/ebroh.eu\/pl\/productos\/bez-kategorii\/skuter-elektryczny-strada-20th-10k-copia\/","title":{"rendered":"Skuter elektryczny Strada 20th-10K"},"content":{"rendered":"","protected":false},"excerpt":{"rendered":"<p><span class=\"VIiyi\" lang=\"pl\"><span class=\"JLqJ4b ChMk0b\" data-language-for-alternatives=\"pl\" data-language-to-translate-into=\"es\" data-phrase-index=\"0\">Dost\u0119pna w r\u00f3\u017cnych kolorach: SZARY, CZARNY, BIA\u0141Y I Z\u0141OTY.<\/span> <span class=\"JLqJ4b ChMk0b\" data-language-for-alternatives=\"pl\" data-language-to-translate-into=\"es\" data-phrase-index=\"1\">Zapytaj nas!<\/span> <span class=\"JLqJ4b ChMk0b\" data-language-for-alternatives=\"pl\" data-language-to-translate-into=\"es\" data-phrase-index=\"3\">Posiada \u0142adowark\u0119 USB, pilota oraz mo\u017cliwo\u015b\u0107 pod\u0142\u0105czenia czytnika OBD2.<\/span> <span class=\"JLqJ4b ChMk0b\" data-language-for-alternatives=\"pl\" data-language-to-translate-into=\"es\" data-phrase-index=\"5\">Cena nie obejmuje baga\u017cnika o du\u017cej pojemno\u015bci.<\/span> <span class=\"JLqJ4b ChMk0b\" data-language-for-alternatives=\"pl\" data-language-to-translate-into=\"es\" data-phrase-index=\"6\">Kupi\u0107!<\/span> <span class=\"JLqJ4b ChMk0b\" data-language-for-alternatives=\"pl\" data-language-to-translate-into=\"es\" data-phrase-index=\"8\">Bateria litowa.<\/span> <span class=\"JLqJ4b ChMk0b\" data-language-for-alternatives=\"pl\" data-language-to-translate-into=\"es\" data-phrase-index=\"10\">Polityka gwarancyjna<\/span> <span class=\"JLqJ4b ChMk0b\" data-language-for-alternatives=\"pl\" data-language-to-translate-into=\"es\" data-phrase-index=\"12\">Dokumentacja rejestracyjna<\/span><\/span><\/p>\n","protected":false},"featured_media":0,"comment_status":"closed","ping_status":"closed","template":"","meta":[],"product_brand":[],"product_cat":[],"product_tag":[],"class_list":{"0":"post-16044","1":"product","2":"type-product","3":"status-publish","6":"first","7":"outofstock","8":"taxable","9":"shipping-taxable","10":"purchasable","11":"product-type-variable"},"_links":{"self":[{"href":"https:\/\/ebroh.eu\/pl\/wp-json\/wp\/v2\/product\/16044","targetHints":{"allow":["GET"]}}],"collection":[{"href":"https:\/\/ebroh.eu\/pl\/wp-json\/wp\/v2\/product"}],"about":[{"href":"https:\/\/ebroh.eu\/pl\/wp-json\/wp\/v2\/types\/product"}],"replies":[{"embeddable":true,"href":"https:\/\/ebroh.eu\/pl\/wp-json\/wp\/v2\/comments?post=16044"}],"wp:attachment":[{"href":"https:\/\/ebroh.eu\/pl\/wp-json\/wp\/v2\/media?parent=16044"}],"wp:term":[{"taxonomy":"product_brand","embeddable":true,"href":"https:\/\/ebroh.eu\/pl\/wp-json\/wp\/v2\/product_brand?post=16044"},{"taxonomy":"product_cat","embeddable":true,"href":"https:\/\/ebroh.eu\/pl\/wp-json\/wp\/v2\/product_cat?post=16044"},{"taxonomy":"product_tag","embeddable":true,"href":"https:\/\/ebroh.eu\/pl\/wp-json\/wp\/v2\/product_tag?post=16044"}],"curies":[{"name":"wp","href":"https:\/\/api.w.org\/{rel}","templated":true}]}}