{"id":15800,"date":"2021-05-11T14:53:26","date_gmt":"2021-05-11T12:53:33","guid":{"rendered":"https:\/\/ebroh.es\/?post_type=product&#038;p=15800"},"modified":"2023-04-11T11:44:57","modified_gmt":"2023-04-11T09:44:57","slug":"strada-20th-xt-elektryczny-hulajnogi","status":"publish","type":"product","link":"https:\/\/ebroh.eu\/pl\/productos\/e-maxi-scooters-pl\/strada-20th-xt-elektryczny-hulajnogi\/","title":{"rendered":"Strada 20th XT elektryczny hulajnogi"},"content":{"rendered":"","protected":false},"excerpt":{"rendered":"<p>Kolory: SZARY, CZARNY i <span class=\"text__translation\">bia\u0142y<\/span>. Skontaktuj si\u0119 z nami i dokonaj rezerwacji!<\/p>\n<p>Posiada \u0142adowark\u0119 USB.<\/p>\n<p>Baga\u017cnik o du\u017cej pojemno\u015bci (miejsce na dwa zatwierdzone kaski) i wspornik wliczone w cen\u0119. Kup teraz!<\/p>\n<p>WYMIENNY AKUMULATOR LITOWY<\/p>\n<p><a href=\"mailto: info@ebroh.es\">Opcjonalny dodatkowy akumulator: Zwi\u0119ksza zasi\u0119g do 120 km. KUP za 1.476 euro VAT wliczony w cen\u0119<\/a><\/p>\n<p>Zasady gwarancji<\/p>\n<p>Dokumentacja rejestracyjna<\/p>\n<p><span class=\"VIiyi\" lang=\"pl\"><span class=\"JLqJ4b ChMk0b\" data-language-for-alternatives=\"pl\" data-language-to-translate-into=\"es\" data-phrase-index=\"12\">\u00a0<\/span><\/span><\/p>\n","protected":false},"featured_media":12714,"comment_status":"closed","ping_status":"closed","template":"","meta":[],"product_brand":[],"product_cat":[1033],"product_tag":[],"class_list":{"0":"post-15800","1":"product","2":"type-product","3":"status-publish","4":"has-post-thumbnail","6":"product_cat-e-maxi-scooters-pl","8":"first","9":"instock","10":"taxable","11":"shipping-taxable","12":"product-type-variable","13":"has-default-attributes"},"_links":{"self":[{"href":"https:\/\/ebroh.eu\/pl\/wp-json\/wp\/v2\/product\/15800","targetHints":{"allow":["GET"]}}],"collection":[{"href":"https:\/\/ebroh.eu\/pl\/wp-json\/wp\/v2\/product"}],"about":[{"href":"https:\/\/ebroh.eu\/pl\/wp-json\/wp\/v2\/types\/product"}],"replies":[{"embeddable":true,"href":"https:\/\/ebroh.eu\/pl\/wp-json\/wp\/v2\/comments?post=15800"}],"wp:featuredmedia":[{"embeddable":true,"href":"https:\/\/ebroh.eu\/pl\/wp-json\/wp\/v2\/media\/12714"}],"wp:attachment":[{"href":"https:\/\/ebroh.eu\/pl\/wp-json\/wp\/v2\/media?parent=15800"}],"wp:term":[{"taxonomy":"product_brand","embeddable":true,"href":"https:\/\/ebroh.eu\/pl\/wp-json\/wp\/v2\/product_brand?post=15800"},{"taxonomy":"product_cat","embeddable":true,"href":"https:\/\/ebroh.eu\/pl\/wp-json\/wp\/v2\/product_cat?post=15800"},{"taxonomy":"product_tag","embeddable":true,"href":"https:\/\/ebroh.eu\/pl\/wp-json\/wp\/v2\/product_tag?post=15800"}],"curies":[{"name":"wp","href":"https:\/\/api.w.org\/{rel}","templated":true}]}}