{"id":12845,"date":"2018-11-26T13:51:36","date_gmt":"2018-11-26T11:51:36","guid":{"rendered":"https:\/\/ebroh.es\/productos\/bez-kategorii\/skuter-elektryczny-spuma-li\/"},"modified":"2023-04-13T09:53:32","modified_gmt":"2023-04-13T07:53:32","slug":"skuter-elektryczny-spuma-li","status":"publish","type":"product","link":"https:\/\/ebroh.eu\/pl\/productos\/e-scooters-pl\/skuter-elektryczny-spuma-li\/","title":{"rendered":"Skuter elektryczny Spuma Li"},"content":{"rendered":"","protected":false},"excerpt":{"rendered":"<p>Dost\u0119pne w r\u00f3\u017cnych kolorach<\/p>\n<p>Rejestracja i transport NIE s\u0105 wliczone w cen\u0119.<\/p>\n<p>Wymienny akumulator litowy. <a href=\"https:\/\/www.youtube.com\/watch?v=kGA-8CFYWg8\">Obejrzyj film<\/a><\/p>\n<p><a href=\"https:\/\/ebroh.es\/pl\/polityka-gwarancyjna\/\">Zasady gwarancji<\/a><\/p>\n<p><a href=\"https:\/\/ebroh.es\/pl\/rejestracja\/\">Rejestracja dokumentacji<\/a><\/p>\n","protected":false},"featured_media":25322,"comment_status":"closed","ping_status":"closed","template":"","meta":[],"product_brand":[],"product_cat":[957],"product_tag":[],"class_list":{"0":"post-12845","1":"product","2":"type-product","3":"status-publish","4":"has-post-thumbnail","6":"product_cat-e-scooters-pl","8":"first","9":"instock","10":"taxable","11":"shipping-taxable","12":"product-type-variable","13":"has-default-attributes"},"_links":{"self":[{"href":"https:\/\/ebroh.eu\/pl\/wp-json\/wp\/v2\/product\/12845","targetHints":{"allow":["GET"]}}],"collection":[{"href":"https:\/\/ebroh.eu\/pl\/wp-json\/wp\/v2\/product"}],"about":[{"href":"https:\/\/ebroh.eu\/pl\/wp-json\/wp\/v2\/types\/product"}],"replies":[{"embeddable":true,"href":"https:\/\/ebroh.eu\/pl\/wp-json\/wp\/v2\/comments?post=12845"}],"wp:featuredmedia":[{"embeddable":true,"href":"https:\/\/ebroh.eu\/pl\/wp-json\/wp\/v2\/media\/25322"}],"wp:attachment":[{"href":"https:\/\/ebroh.eu\/pl\/wp-json\/wp\/v2\/media?parent=12845"}],"wp:term":[{"taxonomy":"product_brand","embeddable":true,"href":"https:\/\/ebroh.eu\/pl\/wp-json\/wp\/v2\/product_brand?post=12845"},{"taxonomy":"product_cat","embeddable":true,"href":"https:\/\/ebroh.eu\/pl\/wp-json\/wp\/v2\/product_cat?post=12845"},{"taxonomy":"product_tag","embeddable":true,"href":"https:\/\/ebroh.eu\/pl\/wp-json\/wp\/v2\/product_tag?post=12845"}],"curies":[{"name":"wp","href":"https:\/\/api.w.org\/{rel}","templated":true}]}}