{"id":12761,"date":"2018-12-24T14:45:04","date_gmt":"2018-12-24T12:45:04","guid":{"rendered":"https:\/\/ebroh.es\/productos\/bez-kategorii\/rower-elektryczny-pasione\/"},"modified":"2023-06-14T14:15:43","modified_gmt":"2023-06-14T12:15:43","slug":"rower-elektryczny-pasione","status":"publish","type":"product","link":"https:\/\/ebroh.eu\/pl\/productos\/e-bikes-pl\/skladanie\/rower-elektryczny-pasione\/","title":{"rendered":"Rower elektryczny Pasione"},"content":{"rendered":"","protected":false},"excerpt":{"rendered":"<p>Dost\u0119pne w r\u00f3\u017cnych kolorach<\/p>\n<p>Lekki i sk\u0142adany: obejrzyj wideo<\/p>\n<p>Pobierz instrukcj\u0119 obs\u0142ugi<\/p>\n<p><a href=\"https:\/\/ebroh.es\/en\/e-bikes-warranty-policy\/\">Polityka gwarancyjna<\/a><\/p>\n<p><span class=\"VIiyi\" lang=\"pl\"><span class=\"JLqJ4b ChMk0b\" data-language-for-alternatives=\"pl\" data-language-to-translate-into=\"es\" data-phrase-index=\"8\" data-number-of-phrases=\"9\">AKCESORIA ZESTAWU KOMFORTOWEGO (brak w zestawie): baga\u017cnik oraz tylne i przednie b\u0142otniki.<\/span><\/span><\/p>\n","protected":false},"featured_media":12765,"comment_status":"closed","ping_status":"closed","template":"","meta":[],"product_brand":[],"product_cat":[965],"product_tag":[],"class_list":{"0":"post-12761","1":"product","2":"type-product","3":"status-publish","4":"has-post-thumbnail","6":"product_cat-skladanie","8":"first","9":"instock","10":"taxable","11":"shipping-taxable","12":"product-type-variable","13":"has-default-attributes"},"_links":{"self":[{"href":"https:\/\/ebroh.eu\/pl\/wp-json\/wp\/v2\/product\/12761","targetHints":{"allow":["GET"]}}],"collection":[{"href":"https:\/\/ebroh.eu\/pl\/wp-json\/wp\/v2\/product"}],"about":[{"href":"https:\/\/ebroh.eu\/pl\/wp-json\/wp\/v2\/types\/product"}],"replies":[{"embeddable":true,"href":"https:\/\/ebroh.eu\/pl\/wp-json\/wp\/v2\/comments?post=12761"}],"wp:featuredmedia":[{"embeddable":true,"href":"https:\/\/ebroh.eu\/pl\/wp-json\/wp\/v2\/media\/12765"}],"wp:attachment":[{"href":"https:\/\/ebroh.eu\/pl\/wp-json\/wp\/v2\/media?parent=12761"}],"wp:term":[{"taxonomy":"product_brand","embeddable":true,"href":"https:\/\/ebroh.eu\/pl\/wp-json\/wp\/v2\/product_brand?post=12761"},{"taxonomy":"product_cat","embeddable":true,"href":"https:\/\/ebroh.eu\/pl\/wp-json\/wp\/v2\/product_cat?post=12761"},{"taxonomy":"product_tag","embeddable":true,"href":"https:\/\/ebroh.eu\/pl\/wp-json\/wp\/v2\/product_tag?post=12761"}],"curies":[{"name":"wp","href":"https:\/\/api.w.org\/{rel}","templated":true}]}}