{"id":16614,"date":"2021-06-23T11:01:00","date_gmt":"2021-06-23T09:01:00","guid":{"rendered":"https:\/\/ebroh.es\/specjalne-hulajnogi\/"},"modified":"2021-06-25T14:50:39","modified_gmt":"2021-06-25T12:50:39","slug":"specjalne-hulajnogi","status":"publish","type":"page","link":"https:\/\/ebroh.eu\/pl\/specjalne-hulajnogi\/","title":{"rendered":"Specjalne Hulajnogi"},"content":{"rendered":"<section class=\"wpb-content-wrapper\"><p>[vc_row full_width=&#8221;stretch_row_content_no_spaces&#8221; full_height=&#8221;yes&#8221; columns_placement=&#8221;stretch&#8221; equal_height=&#8221;yes&#8221; content_placement=&#8221;middle&#8221; video_bg=&#8221;yes&#8221; video_bg_url=&#8221;https:\/\/www.youtube.com\/watch?v=hky76zovTzc&#8221; css=&#8221;.vc_custom_1613383231588{padding-top: 0px !important;padding-bottom: 0px !important;}&#8221; el_id=&#8221;home-video&#8221;][vc_column]<div class=\"vntd-icon-box vntd-content-element box-centered-outline icon-size-lg box-centered box-with-bg bg-color-custom  animated vntd-animated\" data-animation=\"fadeIn\" data-animation-delay=\"3000\"><div class=\"icon-box-icon color-dark\"><i class=\"fa fa-heart-o\"><\/i><\/div><div class=\"icon-box-content\"><h5 class=\"icon-box-title\"style=\"color:ffffff!important;\"><\/h5><p class=\"icon-description\"><\/p><\/div><\/div>[vc_column_text css_animation=&#8221;appear&#8221; font_size=&#8221;xlarger&#8221;]<\/p>\n<h1 style=\"text-align: center;\"><span style=\"color: #999999;\"><span style=\"color: #ffffff;\"><strong>Specjalne <\/strong><\/span>Hulajnogi<\/span><\/h1>\n<h2 style=\"text-align: center;\"><span style=\"color: #00ffff;\">Elektrycznych<\/span><\/h2>\n<p>[\/vc_column_text][\/vc_column][\/vc_row][vc_row full_width=&#8221;stretch_row_content&#8221; css=&#8221;.vc_custom_1542911284138{margin-bottom: 30px !important;}&#8221;][vc_column width=&#8221;1\/6&#8243;][\/vc_column][vc_column width=&#8221;2\/3&#8243;][vc_custom_heading text=&#8221;Modele ELEKTRYCZNE EBROH&#8221; font_container=&#8221;tag:h2|font_size:46px|text_align:center&#8221; use_theme_fonts=&#8221;yes&#8221;][vc_separator][vc_column_text font_size=&#8221;xlarge&#8221; el_class=&#8221;claim&#8221;]<br \/>\nMaj\u0105c \u015bwiadomo\u015b\u0107 znaczenia i potencja\u0142u motocykli elektrycznych, firma z 100% hiszpa\u0144skiej stolicy <strong>Ebroh<\/strong> narodzi\u0142a si\u0119 z powo\u0142aniem do stania si\u0119 autentycznymi specjalistami w dziedzinie alternatywnych rozwi\u0105za\u0144 w zakresie mobilno\u015bci elektrycznej, oferuj\u0105c na rynku r\u00f3\u017cne rodzaje hulajnogi elektrycznych, zar\u00f3wno pod wzgl\u0119dem u\u017cytkowania, jak i segmentacji cen. Tak bardzo, \u017ce <strong>Ebroh<\/strong> jest zdefiniowany jako &#8222;The Bike and Scooter Company&#8221;, z mocnym celem bycia s\u0119dzi\u0105 w motocyklu elektrycznym.<\/p>\n<h1 style=\"text-align: center;\"><span style=\"color: #808080;\"><strong>Odkryj<\/strong><\/span><\/h1>\n<p>[\/vc_column_text][\/vc_column][vc_column width=&#8221;1\/6&#8243;][\/vc_column][\/vc_row][vc_row css=&#8221;.vc_custom_1542282900615{margin-top: 0px !important;margin-bottom: 0px !important;border-bottom-width: 0px !important;padding-top: 0px !important;}&#8221;][vc_column width=&#8221;1\/3&#8243; css=&#8221;.vc_custom_1542282847412{margin-bottom: 0px !important;padding-bottom: 0px !important;}&#8221;][vc_images_carousel images=&#8221;12689,12690,12691&#8243; img_size=&#8221;medium&#8221; onclick=&#8221;custom_link&#8221; custom_links_target=&#8221;_blank&#8221; speed=&#8221;2500&#8243; autoplay=&#8221;yes&#8221; hide_pagination_control=&#8221;yes&#8221; hide_prev_next_buttons=&#8221;yes&#8221; wrap=&#8221;yes&#8221; css_animation=&#8221;fadeIn&#8221; title=&#8221;Scooter el\u00e9ctrico Triolete 3 ruedas&#8221;][\/vc_column][vc_column width=&#8221;1\/3&#8243;][vc_images_carousel images=&#8221;12747,12213,12214&#8243; img_size=&#8221;medium&#8221; autoplay=&#8221;yes&#8221; hide_pagination_control=&#8221;yes&#8221; hide_prev_next_buttons=&#8221;yes&#8221; title=&#8221;Scooter el\u00e9ctrico Club Comfort&#8221;][\/vc_column][vc_column width=&#8221;1\/3&#8243;][vc_images_carousel images=&#8221;15646,15572,15638&#8243; img_size=&#8221;medium&#8221; onclick=&#8221;custom_link&#8221; custom_links_target=&#8221;_blank&#8221; speed=&#8221;2500&#8243; autoplay=&#8221;yes&#8221; hide_pagination_control=&#8221;yes&#8221; hide_prev_next_buttons=&#8221;yes&#8221; wrap=&#8221;yes&#8221; css_animation=&#8221;fadeIn&#8221; title=&#8221;Scooter el\u00e9ctrico especial Quattrolete 4 ruedas&#8221;][\/vc_column][\/vc_row][vc_row full_width=&#8221;stretch_row_content&#8221; equal_height=&#8221;yes&#8221;][vc_column width=&#8221;1\/6&#8243;][\/vc_column][vc_column width=&#8221;2\/3&#8243; col_padding_side=&#8221;top_bottom&#8221;][vc_row_inner equal_height=&#8221;yes&#8221; content_placement=&#8221;middle&#8221; el_class=&#8221;caracteristicas&#8221;][vc_column_inner width=&#8221;1\/2&#8243;][vc_single_image image=&#8221;12689&#8243; img_size=&#8221;500&#215;500&#8243; alignment=&#8221;center&#8221; onclick=&#8221;zoom&#8221; css_animation=&#8221;fadeIn&#8221;][\/vc_column_inner][vc_column_inner width=&#8221;1\/2&#8243;][vc_custom_heading text=&#8221;Triolete&#8221; font_container=&#8221;tag:h2|text_align:center&#8221; use_theme_fonts=&#8221;yes&#8221; link=&#8221;|||&#8221;][vc_column_text font_size=&#8221;xlarge&#8221;]<br \/>\nW <strong>Ebroh<\/strong> mamy jedynie wyobra\u017ca\u0107 sobie, \u017ce mobilno\u015b\u0107 elektryczna powinna by\u0107 dla ka\u017cdego, a <strong>Ebroh Triolete<\/strong> syntetyzuje cechy uniwersalnego hulajnogi elektrycznej. Istnieje wiele cech, takich jak przeno\u015bno\u015b\u0107, solidna, a jednocze\u015bnie lekka konstrukcja, pozwalaj\u0105c na noszenie lub przechowywanie go bez \u017cadnych trudno\u015bci, a jego cechy produkcyjne o wysokiej jako\u015bci standardu.<br \/>\n[\/vc_column_text][\/vc_column_inner][\/vc_row_inner][\/vc_column][vc_column width=&#8221;1\/6&#8243;][\/vc_column][\/vc_row][vc_row full_width=&#8221;stretch_row_content&#8221; equal_height=&#8221;yes&#8221;][vc_column width=&#8221;1\/6&#8243;][\/vc_column][vc_column width=&#8221;2\/3&#8243; col_padding_side=&#8221;top_bottom&#8221;][vc_row_inner equal_height=&#8221;yes&#8221; content_placement=&#8221;middle&#8221; el_class=&#8221;caracteristicas&#8221;][vc_column_inner width=&#8221;1\/2&#8243;][vc_custom_heading text=&#8221;Club Comfort&#8221; font_container=&#8221;tag:h2|text_align:center&#8221; use_theme_fonts=&#8221;yes&#8221; link=&#8221;|||&#8221;][vc_column_text font_size=&#8221;xlarge&#8221;]<br \/>\nHulajnog<strong> Ebroh Club Comfort<\/strong> jest dostosowany do wymaga\u0144 \u201estarszych\u201d u\u017cytkownik\u00f3w i os\u00f3b o ograniczonej sprawno\u015bci ruchowej. Ten jednomiejscowy hulajnog zapewnia maksymaln\u0105 sterowno\u015b\u0107 i stabilno\u015b\u0107 kierowcom. Aby to osi\u0105gn\u0105\u0107, posiada <strong>3 ko\u0142a<\/strong> z oponami o du\u017cej przekroju i systemem wywr\u00f3cenia sprz\u0119\u017cone z osi\u0105 tyln\u0105. Ponadto pod siedzie\u0107 przegubowe mo\u017cna uzyska\u0107 dost\u0119p do ma\u0142ej przestrzeni baga\u017cowej, do kt\u00f3rej dodaje si\u0119 praktyczny <strong>baga\u017cnik o pojemno\u015bci 20 L,<\/strong> wyposa\u017cony w zamek i kolor, aby dopasowa\u0107 do cia\u0142a.<br \/>\n[\/vc_column_text][\/vc_column_inner][vc_column_inner width=&#8221;1\/2&#8243;][vc_single_image image=&#8221;12745&#8243; img_size=&#8221;500&#215;500&#8243; alignment=&#8221;center&#8221; onclick=&#8221;zoom&#8221; css_animation=&#8221;fadeIn&#8221;][\/vc_column_inner][\/vc_row_inner][\/vc_column][vc_column width=&#8221;1\/6&#8243;][\/vc_column][\/vc_row][vc_row full_width=&#8221;stretch_row_content&#8221; equal_height=&#8221;yes&#8221;][vc_column width=&#8221;1\/6&#8243;][\/vc_column][vc_column width=&#8221;2\/3&#8243; col_padding_side=&#8221;top_bottom&#8221;][vc_row_inner equal_height=&#8221;yes&#8221; content_placement=&#8221;middle&#8221; el_class=&#8221;caracteristicas&#8221;][vc_column_inner width=&#8221;1\/2&#8243;][vc_single_image image=&#8221;15638&#8243; img_size=&#8221;500&#215;500&#8243; alignment=&#8221;center&#8221; onclick=&#8221;zoom&#8221; css_animation=&#8221;fadeIn&#8221;][\/vc_column_inner][vc_column_inner width=&#8221;1\/2&#8243;][vc_custom_heading text=&#8221;Quattrolete&#8221; font_container=&#8221;tag:h2|text_align:center&#8221; use_theme_fonts=&#8221;yes&#8221; link=&#8221;|||&#8221;][vc_column_text font_size=&#8221;xlarger&#8221;]<br \/>\nW <strong>Ebroh<\/strong> mamy tylko do wyobra\u017cenia, \u017ce mobilno\u015b\u0107 elektryczna powinna by\u0107 dla ka\u017cdego, a <strong>Ebroh Quattrolete<\/strong> syntezuje cechy uniwersalnego hulajnogi elektrycznej. Istnieje wiele cech, solidna, ale lekka konstrukcja w tym samym czasie, kt\u00f3ry pozwala na przenoszenie go bez \u017cadnych trudno\u015bci, a jego cechy produkcyjne z wysokim standardem jako\u015bci.<br \/>\n[\/vc_column_text][\/vc_column_inner][\/vc_row_inner][\/vc_column][vc_column width=&#8221;1\/6&#8243;][\/vc_column][\/vc_row]<\/p>\n<\/section>","protected":false},"excerpt":{"rendered":"<p>[vc_row full_width=&#8221;stretch_row_content_no_spaces&#8221; full_height=&#8221;yes&#8221; columns_placement=&#8221;stretch&#8221; equal_height=&#8221;yes&#8221; content_placement=&#8221;middle&#8221; video_bg=&#8221;yes&#8221; video_bg_url=&#8221;https:\/\/www.youtube.com\/watch?v=hky76zovTzc&#8221; css=&#8221;.vc_custom_1613383231588{padding-top: 0px !important;padding-bottom: 0px !important;}&#8221; el_id=&#8221;home-video&#8221;][vc_column][vc_column_text css_animation=&#8221;appear&#8221; font_size=&#8221;xlarger&#8221;] Specjalne Hulajnogi Elektrycznych [\/vc_column_text][\/vc_column][\/vc_row][vc_row full_width=&#8221;stretch_row_content&#8221; css=&#8221;.vc_custom_1542911284138{margin-bottom: 30px !important;}&#8221;][vc_column width=&#8221;1\/6&#8243;][\/vc_column][vc_column width=&#8221;2\/3&#8243;][vc_custom_heading text=&#8221;Modele ELEKTRYCZNE EBROH&#8221; font_container=&#8221;tag:h2|font_size:46px|text_align:center&#8221; use_theme_fonts=&#8221;yes&#8221;][vc_separator][vc_column_text font_size=&#8221;xlarge&#8221; el_class=&#8221;claim&#8221;] Maj\u0105c \u015bwiadomo\u015b\u0107 znaczenia i potencja\u0142u motocykli elektrycznych, firma z 100% hiszpa\u0144skiej stolicy Ebroh narodzi\u0142a si\u0119 z powo\u0142aniem [&hellip;]<\/p>\n","protected":false},"author":3,"featured_media":0,"parent":0,"menu_order":0,"comment_status":"closed","ping_status":"closed","template":"","meta":{"footnotes":""},"class_list":["post-16614","page","type-page","status-publish","hentry"],"_links":{"self":[{"href":"https:\/\/ebroh.eu\/pl\/wp-json\/wp\/v2\/pages\/16614","targetHints":{"allow":["GET"]}}],"collection":[{"href":"https:\/\/ebroh.eu\/pl\/wp-json\/wp\/v2\/pages"}],"about":[{"href":"https:\/\/ebroh.eu\/pl\/wp-json\/wp\/v2\/types\/page"}],"author":[{"embeddable":true,"href":"https:\/\/ebroh.eu\/pl\/wp-json\/wp\/v2\/users\/3"}],"replies":[{"embeddable":true,"href":"https:\/\/ebroh.eu\/pl\/wp-json\/wp\/v2\/comments?post=16614"}],"version-history":[{"count":7,"href":"https:\/\/ebroh.eu\/pl\/wp-json\/wp\/v2\/pages\/16614\/revisions"}],"predecessor-version":[{"id":16964,"href":"https:\/\/ebroh.eu\/pl\/wp-json\/wp\/v2\/pages\/16614\/revisions\/16964"}],"wp:attachment":[{"href":"https:\/\/ebroh.eu\/pl\/wp-json\/wp\/v2\/media?parent=16614"}],"curies":[{"name":"wp","href":"https:\/\/api.w.org\/{rel}","templated":true}]}}