{"id":15062,"date":"2021-04-12T15:55:23","date_gmt":"2021-04-12T13:55:23","guid":{"rendered":"https:\/\/ebroh.es\/polityka-gwarancyjna-rowerow-elektrycznych\/"},"modified":"2021-04-13T09:41:49","modified_gmt":"2021-04-13T07:41:49","slug":"polityka-gwarancyjna-rowerow-elektrycznych","status":"publish","type":"page","link":"https:\/\/ebroh.eu\/pl\/polityka-gwarancyjna-rowerow-elektrycznych\/","title":{"rendered":"Polityka gwarancyjna rower\u00f3w elektrycznych"},"content":{"rendered":"<p><span class=\"VIiyi\" lang=\"pl\"><span class=\"JLqJ4b\" data-language-for-alternatives=\"pl\" data-language-to-translate-into=\"es\" data-phrase-index=\"0\"><strong>EBROH<\/strong> oferuje pierwszemu w\u0142a\u015bcicielowi 2-letni\u0105 gwarancj\u0119 na ram\u0119 na wszelkie wady produkcyjne. <\/span><\/span><\/p>\n<p><span class=\"VIiyi\" lang=\"pl\"><span class=\"JLqJ4b\" data-language-for-alternatives=\"pl\" data-language-to-translate-into=\"es\" data-phrase-index=\"0\">Wszystkie inne elementy zamontowane na rowerze, takie jak widelce, ko\u0142a, skrzynia bieg\u00f3w, hamulce, sztyca, mostek i kierownica maj\u0105 Dwuletnia gwarancja na wady produkcyjne, z warunkami gwarancji oferowanymi przez odpowiednich producent\u00f3w lub dystrybutor\u00f3w oryginalnie zmontowane komponenty innych marek. Wszystkie cz\u0119\u015bci i komponenty nara\u017cone na zu\u017cycie, takie jak os\u0142ony, tuleje, reduktory, \u0142o\u017cyska, b\u0119d\u0105 wy\u0142\u0105czone z gwarancji. \u0142a\u0144cuch, tarcze, ko\u0142a z\u0119bate, szprychy, klocki hamulcowe, tarcze hamulcowe i mankiety, gdy przyczyn\u0105 awarii jest samoistne zu\u017cycie. Akumulator i inne elementy elektryczne roweru, takie jak kontroler, wy\u015bwietlacz, okablowanie i silnik, b\u0119d\u0105 mia\u0142y domy\u015bln\u0105 gwarancj\u0119 produkcja, 2 lata. <\/span><\/span><\/p>\n<p><span class=\"VIiyi\" lang=\"pl\"><span class=\"JLqJ4b\" data-language-for-alternatives=\"pl\" data-language-to-translate-into=\"es\" data-phrase-index=\"0\">Niniejsza gwarancja nie obejmuje \u017cadnych problem\u00f3w spowodowanych nieprawid\u0142owym monta\u017cem, niew\u0142a\u015bciwym u\u017cytkowaniem lub u\u017cytkowaniem innego modelu roweru, do kt\u00f3rego jest przeznaczona zosta\u0142 zaprojektowany, brak konserwacji, zaniedbanie, uderzenie, wypadki, u\u017cytkowanie roweru lub ramy w warunkach nieuwzgl\u0119dnionych powszechne, takie jak konkurencja, wynajem lub wykorzystanie w dzia\u0142alno\u015bci komercyjnej. <\/span><\/span><\/p>\n<p><span class=\"VIiyi\" lang=\"pl\"><span class=\"JLqJ4b\" data-language-for-alternatives=\"pl\" data-language-to-translate-into=\"es\" data-phrase-index=\"0\">Wszystkie rowery, ramy i komponenty maj\u0105 zalecane czasy konserwacji i powinny by\u0107 okresowo sprawdzane przez sprzedawc\u0119. urz\u0119dnik. Nieprzestrzeganie tych warunk\u00f3w powoduje uniewa\u017cnienie gwarancji na wady produkcyjne.<\/span><\/span><\/p>\n","protected":false},"excerpt":{"rendered":"<p>EBROH oferuje pierwszemu w\u0142a\u015bcicielowi 2-letni\u0105 gwarancj\u0119 na ram\u0119 na wszelkie wady produkcyjne. Wszystkie inne elementy zamontowane na rowerze, takie jak widelce, ko\u0142a, skrzynia bieg\u00f3w, hamulce, sztyca, mostek i kierownica maj\u0105 Dwuletnia gwarancja na wady produkcyjne, z warunkami gwarancji oferowanymi przez odpowiednich producent\u00f3w lub dystrybutor\u00f3w oryginalnie zmontowane komponenty innych marek. Wszystkie [&hellip;]<\/p>\n","protected":false},"author":3,"featured_media":0,"parent":0,"menu_order":0,"comment_status":"closed","ping_status":"closed","template":"","meta":{"footnotes":""},"class_list":["post-15062","page","type-page","status-publish","hentry"],"_links":{"self":[{"href":"https:\/\/ebroh.eu\/pl\/wp-json\/wp\/v2\/pages\/15062","targetHints":{"allow":["GET"]}}],"collection":[{"href":"https:\/\/ebroh.eu\/pl\/wp-json\/wp\/v2\/pages"}],"about":[{"href":"https:\/\/ebroh.eu\/pl\/wp-json\/wp\/v2\/types\/page"}],"author":[{"embeddable":true,"href":"https:\/\/ebroh.eu\/pl\/wp-json\/wp\/v2\/users\/3"}],"replies":[{"embeddable":true,"href":"https:\/\/ebroh.eu\/pl\/wp-json\/wp\/v2\/comments?post=15062"}],"version-history":[{"count":1,"href":"https:\/\/ebroh.eu\/pl\/wp-json\/wp\/v2\/pages\/15062\/revisions"}],"predecessor-version":[{"id":15093,"href":"https:\/\/ebroh.eu\/pl\/wp-json\/wp\/v2\/pages\/15062\/revisions\/15093"}],"wp:attachment":[{"href":"https:\/\/ebroh.eu\/pl\/wp-json\/wp\/v2\/media?parent=15062"}],"curies":[{"name":"wp","href":"https:\/\/api.w.org\/{rel}","templated":true}]}}