{"id":12475,"date":"2020-12-04T11:44:18","date_gmt":"2020-12-04T09:44:18","guid":{"rendered":"https:\/\/ebroh.es\/badz-dystrybutorem\/"},"modified":"2020-12-04T11:44:19","modified_gmt":"2020-12-04T09:44:19","slug":"badz-dystrybutorem","status":"publish","type":"page","link":"https:\/\/ebroh.eu\/pl\/badz-dystrybutorem\/","title":{"rendered":"B\u0105d\u017a dystrybutorem"},"content":{"rendered":"<section class=\"wpb-content-wrapper\"><p>[vc_row css=&#8221;.vc_custom_1545910977002{padding-top: 50px !important;padding-bottom: 50px !important;}&#8221;][vc_column][vc_column_text]<br \/>\n<span class=\"VIiyi\" lang=\"pl\"><span class=\"JLqJ4b ChMk0b\" data-language-for-alternatives=\"pl\" data-language-to-translate-into=\"auto\" data-phrase-index=\"0\">EBROH to firma ze 100% hiszpa\u0144skim kapita\u0142em.<\/span> <span class=\"JLqJ4b ChMk0b\" data-language-for-alternatives=\"pl\" data-language-to-translate-into=\"auto\" data-phrase-index=\"1\">Firma EBROH narodzi\u0142a si\u0119 z powo\u0142ania, aby sta\u0107 si\u0119 autentycznym specjalist\u0105 w dziedzinie alternatywnych rozwi\u0105za\u0144 mobilno\u015bci elektrycznej, oferuj\u0105c na rynku r\u00f3\u017cne zakresy rower\u00f3w elektrycznych, zar\u00f3wno ze wzgl\u0119du na ich rodzaj u\u017cytkowania, jak i segmentacj\u0119 cenow\u0105.<\/span><\/span><br \/>\n[\/vc_column_text][vc_column_text]<br \/>\n<span class=\"VIiyi\" lang=\"pl\"><span class=\"JLqJ4b ChMk0b\" data-language-for-alternatives=\"pl\" data-language-to-translate-into=\"auto\" data-phrase-index=\"0\">EBROH stawia na najbardziej praktyczne, wydajne i satysfakcjonuj\u0105ce u\u017cytkownika opcje, je\u015bli chodzi o wyb\u00f3r najbardziej odpowiedniego pojazdu do codziennych podr\u00f3\u017cy lub do sp\u0119dzania wolnego czasu.<\/span><\/span><br \/>\n[\/vc_column_text][vc_column_text]<br \/>\n<span class=\"VIiyi\" lang=\"pl\"><span class=\"JLqJ4b ChMk0b\" data-language-for-alternatives=\"pl\" data-language-to-translate-into=\"auto\" data-phrase-index=\"0\">EBROH rozpocz\u0105\u0142 swoj\u0105 dzia\u0142alno\u015b\u0107 handlow\u0105 w 2017 roku od szeregu rower\u00f3w MTB, miejskich i sk\u0142adanych, a tak\u017ce skuter\u00f3w elektrycznych, z zamiarem zostania jednym z g\u0142\u00f3wnych \u201egraczy\u201d w Hiszpanii w zakresie mobilno\u015bci dostosowanej do ka\u017cdej potrzeby.<\/span><\/span><br \/>\n[\/vc_column_text][vc_column_text]<br \/>\n<span class=\"VIiyi\" lang=\"pl\"><span class=\"JLqJ4b ChMk0b\" data-language-for-alternatives=\"pl\" data-language-to-translate-into=\"auto\" data-phrase-index=\"0\">CHCESZ BY\u0106 DYSTRYBUTOREM?<\/span><\/span><br \/>\n[\/vc_column_text][\/vc_column][\/vc_row][vc_row full_width=&#8221;stretch_row_content&#8221; equal_height=&#8221;yes&#8221; parallax=&#8221;content-moving&#8221; parallax_image=&#8221;2220&#8243; css=&#8221;.vc_custom_1546019062335{padding-top: 50px !important;padding-right: 50px !important;padding-bottom: 50px !important;padding-left: 50px !important;}&#8221; el_class=&#8221;distribuidores&#8221;][vc_column width=&#8221;1\/4&#8243;][vc_empty_space height=&#8221;25px&#8221;][vc_custom_heading text=&#8221;DOSTOSUJEMY SI\u0118 DO TWOJEGO BIZNESU&#8221; font_container=&#8221;tag:h2|font_size:30|text_align:center|color:%23ffffff&#8221; use_theme_fonts=&#8221;yes&#8221;][vc_column_text text_color=&#8221;white&#8221;]<br \/>\n<span class=\"VIiyi\" lang=\"pl\"><span class=\"JLqJ4b ChMk0b\" data-language-for-alternatives=\"pl\" data-language-to-translate-into=\"auto\" data-phrase-index=\"0\">Ka\u017cdego dnia dok\u0142adamy wszelkich stara\u0144, aby lepiej zrozumie\u0107 potrzeby Twojej firmy i zapewni\u0107 Ci elastyczne i spersonalizowane rozwi\u0105zania, kt\u00f3re pozwol\u0105 Ci poprawi\u0107 obs\u0142ug\u0119 klienta<\/span><\/span><br \/>\n[\/vc_column_text][\/vc_column][vc_column width=&#8221;1\/4&#8243;][vc_empty_space height=&#8221;25px&#8221;][vc_custom_heading text=&#8221;ZAWSZE DOST\u0118PNE&#8221; font_container=&#8221;tag:h2|font_size:30|text_align:center|color:%23ffffff&#8221; use_theme_fonts=&#8221;yes&#8221;][vc_column_text text_color=&#8221;white&#8221;]<br \/>\n<span class=\"VIiyi\" lang=\"pl\"><span class=\"JLqJ4b ChMk0b\" data-language-for-alternatives=\"pl\" data-language-to-translate-into=\"auto\" data-phrase-index=\"0\">Szczeg\u00f3ln\u0105 wag\u0119 przywi\u0105zujemy do jak najlepszej obs\u0142ugi posprzeda\u017cowej, gwarantuj\u0105c du\u017cy zapas produkt\u00f3w i cz\u0119\u015bci zamiennych, kt\u00f3re wysy\u0142amy w rekordowym czasie<\/span><\/span><br \/>\n[\/vc_column_text][\/vc_column][vc_column width=&#8221;1\/4&#8243;][vc_empty_space height=&#8221;25px&#8221;][vc_custom_heading text=&#8221;DBAMY O KANA\u0141 SPRZEDA\u017bY&#8221; font_container=&#8221;tag:h2|font_size:30|text_align:center|color:%23ffffff&#8221; use_theme_fonts=&#8221;yes&#8221;][vc_column_text text_color=&#8221;white&#8221;]<br \/>\n<span class=\"VIiyi\" lang=\"pl\"><span class=\"JLqJ4b ChMk0b\" data-language-for-alternatives=\"pl\" data-language-to-translate-into=\"auto\" data-phrase-index=\"0\">Dbamy o to, aby\u015b mia\u0142 jak najlepsze warunki handlowe, aby Tw\u00f3j biznes nie przesta\u0142 si\u0119 rozwija\u0107.<\/span> <span class=\"JLqJ4b ChMk0b\" data-language-for-alternatives=\"pl\" data-language-to-translate-into=\"auto\" data-phrase-index=\"1\">Koncentrujemy wszystkie nasze wysi\u0142ki na kierowaniu klient\u00f3w do Twojego punktu sprzeda\u017cy poprzez cross online Mkt, reklam\u0119 w RR.SS.<\/span> <span class=\"JLqJ4b ChMk0b\" data-language-for-alternatives=\"pl\" data-language-to-translate-into=\"auto\" data-phrase-index=\"2\">i reklamy w mediach tradycyjnych<\/span><\/span><br \/>\n[\/vc_column_text][\/vc_column][vc_column width=&#8221;1\/4&#8243;][vc_empty_space height=&#8221;25px&#8221;][vc_custom_heading text=&#8221;WYPR\u00d3BUJ NASZE ROWERY I MOTOCYKLE&#8221; font_container=&#8221;tag:h2|font_size:30|text_align:center|color:%23ffffff&#8221; use_theme_fonts=&#8221;yes&#8221;][vc_column_text text_color=&#8221;white&#8221;]<br \/>\n<span class=\"VIiyi\" lang=\"pl\"><span class=\"JLqJ4b ChMk0b\" data-language-for-alternatives=\"pl\" data-language-to-translate-into=\"auto\" data-phrase-index=\"0\">Chcemy, aby\u015b by\u0142 w pe\u0142ni zadowolony z naszych produkt\u00f3w, zanim zostaniesz punktem sprzeda\u017cy EBROH, popro\u015b naszych przedstawicieli handlowych o pojazd testowy<\/span><\/span><br \/>\n[\/vc_column_text][\/vc_column][\/vc_row][vc_row full_width=&#8221;stretch_row_content_no_spaces&#8221;][vc_column]<div class=\"vntd-image-gallery vntd-content-element \"><div id=\"vntd-gallery-825\" class=\"vntd-grid grid-items vntd-gallery-grid grid-cols-4 hover-effect-scale hover-icon\" data-cols=\"4\" data-data-cols-tablet=\"2\" data-data-cols-mobile=\"1\" data-item-gap=\"15\"><div class=\"item grid-item cbp-item vntd-gallery-item mp-gallery\"><a href=\"https:\/\/ebroh.eu\/wp-content\/uploads\/2018\/12\/GALERIA1.jpg\"><div class=\"gallery-item-overlay\"><i class=\"vntd-gallery-zoom-icon engage-icon-icon engage-icon-zoom-2\"><\/i><\/div><img loading=\"lazy\" decoding=\"async\" width=\"600\" height=\"507\" src=\"https:\/\/ebroh.eu\/wp-content\/uploads\/2018\/12\/GALERIA1-600x507.jpg\" class=\"attachment-engage-masonry-square\" alt=\"\" title=\"GALERIA1\" srcset=\"https:\/\/ebroh.eu\/wp-content\/uploads\/2018\/12\/GALERIA1.jpg 600w, https:\/\/ebroh.eu\/wp-content\/uploads\/2018\/12\/GALERIA1-300x254.jpg 300w\" sizes=\"auto, (max-width: 600px) 100vw, 600px\" \/><\/a><\/div><div class=\"item grid-item cbp-item vntd-gallery-item mp-gallery\"><a href=\"https:\/\/ebroh.eu\/wp-content\/uploads\/2018\/12\/GALERIA2.jpg\"><div class=\"gallery-item-overlay\"><i class=\"vntd-gallery-zoom-icon engage-icon-icon engage-icon-zoom-2\"><\/i><\/div><img loading=\"lazy\" decoding=\"async\" width=\"600\" height=\"508\" src=\"https:\/\/ebroh.eu\/wp-content\/uploads\/2018\/12\/GALERIA2-600x508.jpg\" class=\"attachment-engage-masonry-square\" alt=\"\" title=\"GALERIA2\" srcset=\"https:\/\/ebroh.eu\/wp-content\/uploads\/2018\/12\/GALERIA2.jpg 600w, https:\/\/ebroh.eu\/wp-content\/uploads\/2018\/12\/GALERIA2-300x254.jpg 300w\" sizes=\"auto, (max-width: 600px) 100vw, 600px\" \/><\/a><\/div><div class=\"item grid-item cbp-item vntd-gallery-item mp-gallery\"><a href=\"https:\/\/ebroh.eu\/wp-content\/uploads\/2018\/12\/GALERIA3.jpg\"><div class=\"gallery-item-overlay\"><i class=\"vntd-gallery-zoom-icon engage-icon-icon engage-icon-zoom-2\"><\/i><\/div><img loading=\"lazy\" decoding=\"async\" width=\"600\" height=\"507\" src=\"https:\/\/ebroh.eu\/wp-content\/uploads\/2018\/12\/GALERIA3-600x507.jpg\" class=\"attachment-engage-masonry-square\" alt=\"\" title=\"GALERIA3\" srcset=\"https:\/\/ebroh.eu\/wp-content\/uploads\/2018\/12\/GALERIA3.jpg 600w, https:\/\/ebroh.eu\/wp-content\/uploads\/2018\/12\/GALERIA3-300x254.jpg 300w\" sizes=\"auto, (max-width: 600px) 100vw, 600px\" \/><\/a><\/div><div class=\"item grid-item cbp-item vntd-gallery-item mp-gallery\"><a href=\"https:\/\/ebroh.eu\/wp-content\/uploads\/2018\/12\/GALERIA4.jpg\"><div class=\"gallery-item-overlay\"><i class=\"vntd-gallery-zoom-icon engage-icon-icon engage-icon-zoom-2\"><\/i><\/div><img loading=\"lazy\" decoding=\"async\" width=\"600\" height=\"507\" src=\"https:\/\/ebroh.eu\/wp-content\/uploads\/2018\/12\/GALERIA4-600x507.jpg\" class=\"attachment-engage-masonry-square\" alt=\"\" title=\"GALERIA4\" srcset=\"https:\/\/ebroh.eu\/wp-content\/uploads\/2018\/12\/GALERIA4.jpg 600w, https:\/\/ebroh.eu\/wp-content\/uploads\/2018\/12\/GALERIA4-300x254.jpg 300w\" sizes=\"auto, (max-width: 600px) 100vw, 600px\" \/><\/a><\/div><div class=\"item grid-item cbp-item vntd-gallery-item mp-gallery\"><a href=\"https:\/\/ebroh.eu\/wp-content\/uploads\/2018\/12\/GALERIA5.jpg\"><div class=\"gallery-item-overlay\"><i class=\"vntd-gallery-zoom-icon engage-icon-icon engage-icon-zoom-2\"><\/i><\/div><img loading=\"lazy\" decoding=\"async\" width=\"600\" height=\"508\" src=\"https:\/\/ebroh.eu\/wp-content\/uploads\/2018\/12\/GALERIA5-600x508.jpg\" class=\"attachment-engage-masonry-square\" alt=\"\" title=\"GALERIA5\" srcset=\"https:\/\/ebroh.eu\/wp-content\/uploads\/2018\/12\/GALERIA5.jpg 600w, https:\/\/ebroh.eu\/wp-content\/uploads\/2018\/12\/GALERIA5-300x254.jpg 300w\" sizes=\"auto, (max-width: 600px) 100vw, 600px\" \/><\/a><\/div><div class=\"item grid-item cbp-item vntd-gallery-item mp-gallery\"><a href=\"https:\/\/ebroh.eu\/wp-content\/uploads\/2018\/12\/GALERIA6.jpg\"><div class=\"gallery-item-overlay\"><i class=\"vntd-gallery-zoom-icon engage-icon-icon engage-icon-zoom-2\"><\/i><\/div><img loading=\"lazy\" decoding=\"async\" width=\"600\" height=\"507\" src=\"https:\/\/ebroh.eu\/wp-content\/uploads\/2018\/12\/GALERIA6-600x507.jpg\" class=\"attachment-engage-masonry-square\" alt=\"\" title=\"GALERIA6\" srcset=\"https:\/\/ebroh.eu\/wp-content\/uploads\/2018\/12\/GALERIA6.jpg 600w, https:\/\/ebroh.eu\/wp-content\/uploads\/2018\/12\/GALERIA6-300x254.jpg 300w\" sizes=\"auto, (max-width: 600px) 100vw, 600px\" \/><\/a><\/div><div class=\"item grid-item cbp-item vntd-gallery-item mp-gallery\"><a href=\"https:\/\/ebroh.eu\/wp-content\/uploads\/2018\/12\/GALERIA7.jpg\"><div class=\"gallery-item-overlay\"><i class=\"vntd-gallery-zoom-icon engage-icon-icon engage-icon-zoom-2\"><\/i><\/div><img loading=\"lazy\" decoding=\"async\" width=\"600\" height=\"507\" src=\"https:\/\/ebroh.eu\/wp-content\/uploads\/2018\/12\/GALERIA7-600x507.jpg\" class=\"attachment-engage-masonry-square\" alt=\"\" title=\"GALERIA7\" srcset=\"https:\/\/ebroh.eu\/wp-content\/uploads\/2018\/12\/GALERIA7.jpg 600w, https:\/\/ebroh.eu\/wp-content\/uploads\/2018\/12\/GALERIA7-300x254.jpg 300w\" sizes=\"auto, (max-width: 600px) 100vw, 600px\" \/><\/a><\/div><div class=\"item grid-item cbp-item vntd-gallery-item mp-gallery\"><a href=\"https:\/\/ebroh.eu\/wp-content\/uploads\/2018\/12\/GALERIA8.jpg\"><div class=\"gallery-item-overlay\"><i class=\"vntd-gallery-zoom-icon engage-icon-icon engage-icon-zoom-2\"><\/i><\/div><img loading=\"lazy\" decoding=\"async\" width=\"600\" height=\"504\" src=\"https:\/\/ebroh.eu\/wp-content\/uploads\/2018\/12\/GALERIA8-600x504.jpg\" class=\"attachment-engage-masonry-square\" alt=\"\" title=\"GALERIA8\" srcset=\"https:\/\/ebroh.eu\/wp-content\/uploads\/2018\/12\/GALERIA8.jpg 600w, https:\/\/ebroh.eu\/wp-content\/uploads\/2018\/12\/GALERIA8-300x252.jpg 300w\" sizes=\"auto, (max-width: 600px) 100vw, 600px\" \/><\/a><\/div><\/div><\/div>[\/vc_column][\/vc_row]<\/p>\n<\/section>","protected":false},"excerpt":{"rendered":"<p>[vc_row css=&#8221;.vc_custom_1545910977002{padding-top: 50px !important;padding-bottom: 50px !important;}&#8221;][vc_column][vc_column_text] EBROH to firma ze 100% hiszpa\u0144skim kapita\u0142em. Firma EBROH narodzi\u0142a si\u0119 z powo\u0142ania, aby sta\u0107 si\u0119 autentycznym specjalist\u0105 w dziedzinie alternatywnych rozwi\u0105za\u0144 mobilno\u015bci elektrycznej, oferuj\u0105c na rynku r\u00f3\u017cne zakresy rower\u00f3w elektrycznych, zar\u00f3wno ze wzgl\u0119du na ich rodzaj u\u017cytkowania, jak i segmentacj\u0119 cenow\u0105. [\/vc_column_text][vc_column_text] EBROH [&hellip;]<\/p>\n","protected":false},"author":1,"featured_media":0,"parent":0,"menu_order":0,"comment_status":"closed","ping_status":"closed","template":"","meta":{"footnotes":""},"class_list":["post-12475","page","type-page","status-publish","hentry"],"_links":{"self":[{"href":"https:\/\/ebroh.eu\/pl\/wp-json\/wp\/v2\/pages\/12475","targetHints":{"allow":["GET"]}}],"collection":[{"href":"https:\/\/ebroh.eu\/pl\/wp-json\/wp\/v2\/pages"}],"about":[{"href":"https:\/\/ebroh.eu\/pl\/wp-json\/wp\/v2\/types\/page"}],"author":[{"embeddable":true,"href":"https:\/\/ebroh.eu\/pl\/wp-json\/wp\/v2\/users\/1"}],"replies":[{"embeddable":true,"href":"https:\/\/ebroh.eu\/pl\/wp-json\/wp\/v2\/comments?post=12475"}],"version-history":[{"count":2,"href":"https:\/\/ebroh.eu\/pl\/wp-json\/wp\/v2\/pages\/12475\/revisions"}],"predecessor-version":[{"id":12478,"href":"https:\/\/ebroh.eu\/pl\/wp-json\/wp\/v2\/pages\/12475\/revisions\/12478"}],"wp:attachment":[{"href":"https:\/\/ebroh.eu\/pl\/wp-json\/wp\/v2\/media?parent=12475"}],"curies":[{"name":"wp","href":"https:\/\/api.w.org\/{rel}","templated":true}]}}