{"id":12467,"date":"2020-12-04T11:13:23","date_gmt":"2020-12-04T09:13:23","guid":{"rendered":"https:\/\/ebroh.es\/rejestracja\/"},"modified":"2020-12-04T11:13:26","modified_gmt":"2020-12-04T09:13:26","slug":"rejestracja","status":"publish","type":"page","link":"https:\/\/ebroh.eu\/pl\/rejestracja\/","title":{"rendered":"Rejestracja"},"content":{"rendered":"<section class=\"wpb-content-wrapper\"><p>[vc_row][vc_column][vc_custom_heading text=&#8221;Dokumentacja rejestracyjna&#8221; font_container=&#8221;tag:h2|text_align:center&#8221; use_theme_fonts=&#8221;yes&#8221;][vc_column_text]<span class=\"VIiyi\" lang=\"pl\"><span class=\"JLqJ4b\" data-language-for-alternatives=\"pl\" data-language-to-translate-into=\"auto\" data-phrase-index=\"0\">Pro\u015bba o oficjalny formularz<\/span><\/span><\/p>\n<p><span class=\"VIiyi\" lang=\"pl\"><span class=\"JLqJ4b\" data-language-for-alternatives=\"pl\" data-language-to-translate-into=\"auto\" data-phrase-index=\"0\"><strong> Osoby fizyczne:<\/strong> oficjalny dokument potwierdzaj\u0105cy to\u017csamo\u015b\u0107 i adres posiadacza (dow\u00f3d osobisty, hiszpa\u0144skie prawo jazdy, karta pobytu, paszport oraz numer identyfikacyjny cudzoziemca). W ten spos\u00f3b Ebroh wystawia formularz i faktur\u0119 sprzeda\u017cy, kt\u00f3re dostarcza kupuj\u0105cemu w celu kontynuacji rejestracji. Aby to zrobi\u0107 za po\u015brednictwem agencji, Ebroh wyda \u201eupowa\u017cnienie\u201d upowa\u017cniaj\u0105ce j\u0105 do rejestracji. <\/span><\/span><\/p>\n<p><span class=\"VIiyi\" lang=\"pl\"><span class=\"JLqJ4b\" data-language-for-alternatives=\"pl\" data-language-to-translate-into=\"auto\" data-phrase-index=\"0\"><strong>Osoby prawne:<\/strong> dow\u00f3d to\u017csamo\u015bci firmy oraz dow\u00f3d reprezentacji i to\u017csamo\u015bci pe\u0142nomocnika &#8222;pe\u0142nomocnictwo&#8221;. <\/span><\/span><\/p>\n<p><span class=\"VIiyi\" lang=\"pl\"><span class=\"JLqJ4b\" data-language-for-alternatives=\"pl\" data-language-to-translate-into=\"auto\" data-phrase-index=\"0\"><strong>Osoby niepe\u0142noletnie lub niepe\u0142nosprawne:<\/strong> dane i podpis ojca, matki lub opiekuna, ich dow\u00f3d osobisty i dokument potwierdzaj\u0105cy koncepcj\u0119, na rzecz kt\u00f3rej dzia\u0142aj\u0105. <\/span><\/span><\/p>\n<p><span class=\"VIiyi\" lang=\"pl\"><span class=\"JLqJ4b\" data-language-for-alternatives=\"pl\" data-language-to-translate-into=\"auto\" data-phrase-index=\"0\"><strong>Kraje UE:<\/strong> Ebroh wystawia faktur\u0119 i dokument COC (Europejski Certyfikat Zgodno\u015bci), aby kupuj\u0105cy m\u00f3g\u0142 zarejestrowa\u0107 si\u0119 w kraju, w kt\u00f3rym pojazd ma porusza\u0107 si\u0119. <\/span><\/span><\/p>\n<p><span class=\"VIiyi\" lang=\"pl\"><span class=\"JLqJ4b\" data-language-for-alternatives=\"pl\" data-language-to-translate-into=\"auto\" data-phrase-index=\"0\">Podatki Dow\u00f3d wp\u0142aty lub zwolnienia z podatku obrotowego Urz\u0119du Miasta, w kt\u00f3rym wnioskodawca ma miejsce zamieszkania (orygina\u0142 lub kserokopia). Dow\u00f3d zap\u0142aty \/ zwolnienia \/ niepodlegania podatkowi rejestracyjnemu (wz\u00f3r 576, 06 lub 05 Pa\u0144stwowej Agencji Podatkowej, www.aeat.es). Rejestracja odbywa si\u0119 na koszt kupuj\u0105cego.<\/span><\/span>[\/vc_column_text][\/vc_column][\/vc_row]<\/p>\n<\/section>","protected":false},"excerpt":{"rendered":"<p>[vc_row][vc_column][vc_custom_heading text=&#8221;Dokumentacja rejestracyjna&#8221; font_container=&#8221;tag:h2|text_align:center&#8221; use_theme_fonts=&#8221;yes&#8221;][vc_column_text]Pro\u015bba o oficjalny formularz Osoby fizyczne: oficjalny dokument potwierdzaj\u0105cy to\u017csamo\u015b\u0107 i adres posiadacza (dow\u00f3d osobisty, hiszpa\u0144skie prawo jazdy, karta pobytu, paszport oraz numer identyfikacyjny cudzoziemca). W ten spos\u00f3b Ebroh wystawia formularz i faktur\u0119 sprzeda\u017cy, kt\u00f3re dostarcza kupuj\u0105cemu w celu kontynuacji rejestracji. Aby to zrobi\u0107 za po\u015brednictwem [&hellip;]<\/p>\n","protected":false},"author":3,"featured_media":0,"parent":0,"menu_order":0,"comment_status":"closed","ping_status":"closed","template":"","meta":{"footnotes":""},"class_list":["post-12467","page","type-page","status-publish","hentry"],"_links":{"self":[{"href":"https:\/\/ebroh.eu\/pl\/wp-json\/wp\/v2\/pages\/12467","targetHints":{"allow":["GET"]}}],"collection":[{"href":"https:\/\/ebroh.eu\/pl\/wp-json\/wp\/v2\/pages"}],"about":[{"href":"https:\/\/ebroh.eu\/pl\/wp-json\/wp\/v2\/types\/page"}],"author":[{"embeddable":true,"href":"https:\/\/ebroh.eu\/pl\/wp-json\/wp\/v2\/users\/3"}],"replies":[{"embeddable":true,"href":"https:\/\/ebroh.eu\/pl\/wp-json\/wp\/v2\/comments?post=12467"}],"version-history":[{"count":2,"href":"https:\/\/ebroh.eu\/pl\/wp-json\/wp\/v2\/pages\/12467\/revisions"}],"predecessor-version":[{"id":12469,"href":"https:\/\/ebroh.eu\/pl\/wp-json\/wp\/v2\/pages\/12467\/revisions\/12469"}],"wp:attachment":[{"href":"https:\/\/ebroh.eu\/pl\/wp-json\/wp\/v2\/media?parent=12467"}],"curies":[{"name":"wp","href":"https:\/\/api.w.org\/{rel}","templated":true}]}}