{"id":12440,"date":"2020-12-03T16:49:56","date_gmt":"2020-12-03T14:49:56","guid":{"rendered":"https:\/\/ebroh.es\/polityka-gwarancyjna\/"},"modified":"2021-04-13T09:36:28","modified_gmt":"2021-04-13T07:36:28","slug":"polityka-gwarancyjna","status":"publish","type":"page","link":"https:\/\/ebroh.eu\/pl\/polityka-gwarancyjna\/","title":{"rendered":"Polityka gwarancyjna"},"content":{"rendered":"<p><strong><span class=\"VIiyi\" lang=\"pl\"><span class=\"JLqJ4b\" data-language-for-alternatives=\"pl\" data-language-to-translate-into=\"es\" data-phrase-index=\"0\">Polityka gwarancyjna<\/span><\/span><\/strong><\/p>\n<p><span class=\"VIiyi\" lang=\"pl\"><span class=\"JLqJ4b\" data-language-for-alternatives=\"pl\" data-language-to-translate-into=\"es\" data-phrase-index=\"0\">Wszystkie nasze skutery<strong> Ebroh<\/strong> s\u0105 obj\u0119te gwarancj\u0105 na wady produkcyjne przez <strong>24 miesi\u0105ce<\/strong> od daty dostawy. <\/span><\/span><\/p>\n<p><span class=\"VIiyi\" lang=\"pl\"><span class=\"JLqJ4b\" data-language-for-alternatives=\"pl\" data-language-to-translate-into=\"es\" data-phrase-index=\"0\">Z gwarancji wy\u0142\u0105czone s\u0105 wszystkie elementy podatne na zu\u017cycie, takie jak klocki hamulcowe, opony, osie, \u0142o\u017cyska i \u017car\u00f3wki. <\/span><\/span><\/p>\n<p><span class=\"VIiyi\" lang=\"pl\"><span class=\"JLqJ4b\" data-language-for-alternatives=\"pl\" data-language-to-translate-into=\"es\" data-phrase-index=\"0\">Gwarancja zostanie uniewa\u017cniona, gdy zostanie spe\u0142niony jeden z nast\u0119puj\u0105cych przypadk\u00f3w: <\/span><\/span><\/p>\n<p><span class=\"VIiyi\" lang=\"pl\"><span class=\"JLqJ4b\" data-language-for-alternatives=\"pl\" data-language-to-translate-into=\"es\" data-phrase-index=\"0\">W przypadku wykazania usterki spowodowanej b\u0142\u0119dem ludzkim lub zaniedbaniem u\u017cytkownika maszyny. <\/span><\/span><\/p>\n<p><span class=\"VIiyi\" lang=\"pl\"><span class=\"JLqJ4b\" data-language-for-alternatives=\"pl\" data-language-to-translate-into=\"es\" data-phrase-index=\"0\">Przyczyny meteorologiczne. <\/span><\/span><\/p>\n<p><span class=\"VIiyi\" lang=\"pl\"><span class=\"JLqJ4b\" data-language-for-alternatives=\"pl\" data-language-to-translate-into=\"es\" data-phrase-index=\"0\">Kiedy obowi\u0105zuje ograniczenie u\u017cytkowania maszyny. <\/span><\/span><\/p>\n<p><span class=\"VIiyi\" lang=\"pl\"><span class=\"JLqJ4b\" data-language-for-alternatives=\"pl\" data-language-to-translate-into=\"es\" data-phrase-index=\"0\">Zastosowanie profesjonalne lub komercyjne, umo\u017cliwiaj\u0105ce wygenerowanie okre\u015blonej gwarancji. <\/span><\/span><\/p>\n<p><span class=\"VIiyi\" lang=\"pl\"><span class=\"JLqJ4b\" data-language-for-alternatives=\"pl\" data-language-to-translate-into=\"es\" data-phrase-index=\"0\">W przypadku u\u017cycia nieoryginalnych cz\u0119\u015bci <strong>Ebroh<\/strong> podczas napraw lub jakichkolwiek czynno\u015bci konserwacyjnych lub naprawczych przez serwis techniczny nieautoryzowany przez Ebroh. <\/span><\/span><\/p>\n<p><span class=\"VIiyi\" lang=\"pl\"><span class=\"JLqJ4b\" data-language-for-alternatives=\"pl\" data-language-to-translate-into=\"es\" data-phrase-index=\"0\">Wszystkie motocykle i cz\u0119\u015bci maj\u0105 zalecane okresy konserwacji i musz\u0105 by\u0107 okresowo sprawdzane przez oficjalnego dealera. Nieprzestrzeganie tych warunk\u00f3w powoduje uniewa\u017cnienie gwarancji na wady produkcyjne<\/span><\/span><\/p>\n","protected":false},"excerpt":{"rendered":"<p>Polityka gwarancyjna Wszystkie nasze skutery Ebroh s\u0105 obj\u0119te gwarancj\u0105 na wady produkcyjne przez 24 miesi\u0105ce od daty dostawy. Z gwarancji wy\u0142\u0105czone s\u0105 wszystkie elementy podatne na zu\u017cycie, takie jak klocki hamulcowe, opony, osie, \u0142o\u017cyska i \u017car\u00f3wki. Gwarancja zostanie uniewa\u017cniona, gdy zostanie spe\u0142niony jeden z nast\u0119puj\u0105cych przypadk\u00f3w: W przypadku wykazania usterki [&hellip;]<\/p>\n","protected":false},"author":3,"featured_media":0,"parent":0,"menu_order":0,"comment_status":"closed","ping_status":"closed","template":"","meta":{"footnotes":""},"class_list":["post-12440","page","type-page","status-publish","hentry"],"_links":{"self":[{"href":"https:\/\/ebroh.eu\/pl\/wp-json\/wp\/v2\/pages\/12440","targetHints":{"allow":["GET"]}}],"collection":[{"href":"https:\/\/ebroh.eu\/pl\/wp-json\/wp\/v2\/pages"}],"about":[{"href":"https:\/\/ebroh.eu\/pl\/wp-json\/wp\/v2\/types\/page"}],"author":[{"embeddable":true,"href":"https:\/\/ebroh.eu\/pl\/wp-json\/wp\/v2\/users\/3"}],"replies":[{"embeddable":true,"href":"https:\/\/ebroh.eu\/pl\/wp-json\/wp\/v2\/comments?post=12440"}],"version-history":[{"count":1,"href":"https:\/\/ebroh.eu\/pl\/wp-json\/wp\/v2\/pages\/12440\/revisions"}],"predecessor-version":[{"id":15090,"href":"https:\/\/ebroh.eu\/pl\/wp-json\/wp\/v2\/pages\/12440\/revisions\/15090"}],"wp:attachment":[{"href":"https:\/\/ebroh.eu\/pl\/wp-json\/wp\/v2\/media?parent=12440"}],"curies":[{"name":"wp","href":"https:\/\/api.w.org\/{rel}","templated":true}]}}