{"id":12428,"date":"2020-12-03T16:09:01","date_gmt":"2020-12-03T14:09:01","guid":{"rendered":"https:\/\/ebroh.es\/e-scooters\/"},"modified":"2021-12-09T16:37:23","modified_gmt":"2021-12-09T14:37:23","slug":"e-scooters","status":"publish","type":"page","link":"https:\/\/ebroh.eu\/pl\/e-scooters\/","title":{"rendered":"E-Scooters"},"content":{"rendered":"<section class=\"wpb-content-wrapper\"><p>[vc_row full_width=&#8221;stretch_row_content_no_spaces&#8221; full_height=&#8221;yes&#8221; columns_placement=&#8221;stretch&#8221; equal_height=&#8221;yes&#8221; content_placement=&#8221;middle&#8221; video_bg=&#8221;yes&#8221; video_bg_url=&#8221;https:\/\/www.youtube.com\/watch?v=hky76zovTzc&#8221; css=&#8221;.vc_custom_1613383231588{padding-top: 0px !important;padding-bottom: 0px !important;}&#8221; el_id=&#8221;home-video&#8221;][vc_column]<div class=\"vntd-icon-box vntd-content-element box-centered-outline icon-size-lg box-centered box-with-bg bg-color-custom  animated vntd-animated\" data-animation=\"fadeIn\" data-animation-delay=\"3000\"><div class=\"icon-box-icon color-dark\"><i class=\"fa fa-heart-o\"><\/i><\/div><div class=\"icon-box-content\"><h5 class=\"icon-box-title\"style=\"color:ffffff!important;\"><\/h5><p class=\"icon-description\"><\/p><\/div><\/div>[vc_column_text css_animation=&#8221;appear&#8221; font_size=&#8221;xlarger&#8221;]<\/p>\n<h1 style=\"text-align: center;\" data-mce-style=\"text-align: center;\"><span style=\"color: #999999;\" data-mce-style=\"color: #999999;\"><span style=\"color: #ffffff;\" data-mce-style=\"color: #ffffff;\"><strong>EBROH <\/strong><\/span><strong>SCOOTERS<\/strong><\/span><\/h1>\n<h2 style=\"text-align: center;\" data-mce-style=\"text-align: center;\"><span style=\"color: #00ffff;\" data-mce-style=\"color: #00ffff;\"><span class=\"VIiyi\" lang=\"pl\"><span class=\"JLqJ4b ChMk0b\" data-language-for-alternatives=\"pl\" data-language-to-translate-into=\"es\" data-phrase-index=\"0\">ELEKTRYCZNY<\/span><\/span><\/span><\/h2>\n<p>[\/vc_column_text][\/vc_column][\/vc_row][vc_row full_width=&#8221;stretch_row_content&#8221; css=&#8221;.vc_custom_1542911284138{margin-bottom: 30px !important;}&#8221;][vc_column width=&#8221;1\/6&#8243;][\/vc_column][vc_column width=&#8221;2\/3&#8243;][vc_custom_heading text=&#8221;Modele ELEKTRYCZNE EBROH&#8221; font_container=&#8221;tag:h2|font_size:46px|text_align:center&#8221; use_theme_fonts=&#8221;yes&#8221;][vc_separator][vc_column_text font_size=&#8221;xlarge&#8221; el_class=&#8221;claim&#8221;]<\/p>\n<p><span class=\"VIiyi\" lang=\"pl\"><span class=\"JLqJ4b ChMk0b\" data-language-for-alternatives=\"pl\" data-language-to-translate-into=\"es\" data-phrase-index=\"0\">\u015awiadoma znaczenia i potencja\u0142u skuter\u00f3w elektrycznych, firma ze 100% hiszpa\u0144skim kapita\u0142em Ebroh narodzi\u0142a si\u0119 z powo\u0142ania, aby sta\u0107 si\u0119 autentycznymi specjalistami w dziedzinie alternatywnych rozwi\u0105za\u0144 mobilno\u015bci elektrycznej, oferuj\u0105c na rynku r\u00f3\u017cne zakresy skuter\u00f3w elektrycznych, zar\u00f3wno ze wzgl\u0119du na ich rodzaj zastosowania, jak i dla<\/span> <span class=\"JLqJ4b ChMk0b\" data-language-for-alternatives=\"pl\" data-language-to-translate-into=\"es\" data-phrase-index=\"1\">segmentacja cenowa.<\/span> <span class=\"JLqJ4b ChMk0b\" data-language-for-alternatives=\"pl\" data-language-to-translate-into=\"es\" data-phrase-index=\"2\">Do tego stopnia, \u017ce \u200b\u200bEbroh okre\u015bla si\u0119 jako \u201eThe Electric Bike and Scooter Company\u201d, z mocnym zamiarem bycia punktem odniesienia w motocyklach elektrycznych.<\/span><\/span><\/p>\n<h1 style=\"text-align: center;\" data-mce-style=\"text-align: center;\"><span style=\"color: #808080;\" data-mce-style=\"color: #808080;\"><strong><span class=\"VIiyi\" lang=\"pl\"><span class=\"JLqJ4b ChMk0b\" data-language-for-alternatives=\"pl\" data-language-to-translate-into=\"es\" data-phrase-index=\"0\">ODKRY\u0106<\/span><\/span><\/strong><\/span><\/h1>\n<p>[\/vc_column_text][\/vc_column][vc_column width=&#8221;1\/6&#8243;][\/vc_column][\/vc_row][vc_row css=&#8221;.vc_custom_1542282900615{margin-top: 0px !important;margin-bottom: 0px !important;border-bottom-width: 0px !important;padding-top: 0px !important;}&#8221;][vc_column width=&#8221;1\/3&#8243; css=&#8221;.vc_custom_1542282847412{margin-bottom: 0px !important;padding-bottom: 0px !important;}&#8221;][vc_images_carousel images=&#8221;12856,12855,12895&#8243; img_size=&#8221;medium&#8221; onclick=&#8221;custom_link&#8221; custom_links_target=&#8221;_blank&#8221; speed=&#8221;2500&#8243; autoplay=&#8221;yes&#8221; hide_pagination_control=&#8221;yes&#8221; hide_prev_next_buttons=&#8221;yes&#8221; wrap=&#8221;yes&#8221; css_animation=&#8221;fadeIn&#8221; title=&#8221;Spuma Li 3K&#8221; custom_links=&#8221;#E-8_aHR0cHMlM0ElMkYlMkZlYnJvaC5lcyUyRnBsJTJGcHJvZHVjdG9zJTJGZS1zY29vdGVycy1wbCUyRnNrdXRlci1lbGVrdHJ5Y3pueS1zcHVtYS1saSUyRiUyQ2h0dHBzJTNBJTJGJTJGZWJyb2guZXMlMkZwbCUyRnByb2R1Y3RvcyUyRmUtc2Nvb3RlcnMtcGwlMkZza3V0ZXItZWxla3RyeWN6bnktc3B1bWEtbGklMkYlMkNodHRwcyUzQSUyRiUyRmVicm9oLmVzJTJGcGwlMkZwcm9kdWN0b3MlMkZlLXNjb290ZXJzLXBsJTJGc2t1dGVyLWVsZWt0cnljem55LXNwdW1hLWxpJTJG&#8221;][\/vc_column][vc_column width=&#8221;1\/3&#8243;][vc_images_carousel images=&#8221;12679,12680,14591&#8243; img_size=&#8221;medium&#8221; onclick=&#8221;custom_link&#8221; custom_links_target=&#8221;_blank&#8221; speed=&#8221;2500&#8243; autoplay=&#8221;yes&#8221; hide_pagination_control=&#8221;yes&#8221; hide_prev_next_buttons=&#8221;yes&#8221; wrap=&#8221;yes&#8221; css_animation=&#8221;fadeIn&#8221; title=&#8221;Spuma Li 5K&#8221; custom_links=&#8221;#E-8_aHR0cHMlM0ElMkYlMkZlYnJvaC5lcyUyRnBsJTJGcHJvZHVjdG9zJTJGZS1zY29vdGVycy1wbCUyRnNrdXRlci1lbGVrdHJ5Y3pueS1zcHVtYS1saS01ayUyRiUyQ2h0dHBzJTNBJTJGJTJGZWJyb2guZXMlMkZwbCUyRnByb2R1Y3RvcyUyRmUtc2Nvb3RlcnMtcGwlMkZza3V0ZXItZWxla3RyeWN6bnktc3B1bWEtbGktNWslMkYlMkNodHRwcyUzQSUyRiUyRmVicm9oLmVzJTJGcGwlMkZwcm9kdWN0b3MlMkZlLXNjb290ZXJzLXBsJTJGc2t1dGVyLWVsZWt0cnljem55LXNwdW1hLWxpLTVrJTJG&#8221;][\/vc_column][vc_column width=&#8221;1\/3&#8243;][vc_images_carousel images=&#8221;12741,12744,12743&#8243; img_size=&#8221;medium&#8221; onclick=&#8221;custom_link&#8221; custom_links_target=&#8221;_blank&#8221; speed=&#8221;2500&#8243; autoplay=&#8221;yes&#8221; hide_pagination_control=&#8221;yes&#8221; hide_prev_next_buttons=&#8221;yes&#8221; wrap=&#8221;yes&#8221; css_animation=&#8221;fadeIn&#8221; title=&#8221;Club Comfort&#8221; custom_links=&#8221;#E-8_aHR0cHMlM0ElMkYlMkZlYnJvaC5lcyUyRnBsJTJGcHJvZHVjdG9zJTJGZS1zY29vdGVycy1wbCUyRjMta29sb3d5LXNrdXRlci1lbGVrdHJ5Y3pueS1jbHViLWNvbWZvcnQlMkYlMkNodHRwcyUzQSUyRiUyRmVicm9oLmVzJTJGcGwlMkZwcm9kdWN0b3MlMkZlLXNjb290ZXJzLXBsJTJGMy1rb2xvd3ktc2t1dGVyLWVsZWt0cnljem55LWNsdWItY29tZm9ydCUyRiUyQ2h0dHBzJTNBJTJGJTJGZWJyb2guZXMlMkZwbCUyRnByb2R1Y3RvcyUyRmUtc2Nvb3RlcnMtcGwlMkYzLWtvbG93eS1za3V0ZXItZWxla3RyeWN6bnktY2x1Yi1jb21mb3J0JTJG&#8221;][\/vc_column][\/vc_row][vc_row css=&#8221;.vc_custom_1542282900615{margin-top: 0px !important;margin-bottom: 0px !important;border-bottom-width: 0px !important;padding-top: 0px !important;}&#8221;][vc_column width=&#8221;1\/3&#8243; css=&#8221;.vc_custom_1542282847412{margin-bottom: 0px !important;padding-bottom: 0px !important;}&#8221;][vc_images_carousel images=&#8221;12737,12733,12732&#8243; img_size=&#8221;medium&#8221; onclick=&#8221;custom_link&#8221; custom_links_target=&#8221;_blank&#8221; speed=&#8221;2500&#8243; autoplay=&#8221;yes&#8221; hide_pagination_control=&#8221;yes&#8221; hide_prev_next_buttons=&#8221;yes&#8221; wrap=&#8221;yes&#8221; css_animation=&#8221;fadeIn&#8221; title=&#8221;Strada Li&#8221; custom_links=&#8221;#E-8_aHR0cHMlM0ElMkYlMkZlYnJvaC5lcyUyRnBsJTJGcHJvZHVjdG9zJTJGZS1zY29vdGVycy1wbCUyRnNrdXRlci1lbGVrdHJ5Y3pueS1zdHJhZGEtbGklMkYlMkNodHRwcyUzQSUyRiUyRmVicm9oLmVzJTJGcGwlMkZwcm9kdWN0b3MlMkZlLXNjb290ZXJzLXBsJTJGc2t1dGVyLWVsZWt0cnljem55LXN0cmFkYS1saSUyRiUyQ2h0dHBzJTNBJTJGJTJGZWJyb2guZXMlMkZwbCUyRnByb2R1Y3RvcyUyRmUtc2Nvb3RlcnMtcGwlMkZza3V0ZXItZWxla3RyeWN6bnktc3RyYWRhLWxpJTJG&#8221;][\/vc_column][vc_column width=&#8221;1\/3&#8243;][vc_images_carousel images=&#8221;12669,12673,12672&#8243; img_size=&#8221;medium&#8221; onclick=&#8221;custom_link&#8221; custom_links_target=&#8221;_blank&#8221; speed=&#8221;2500&#8243; autoplay=&#8221;yes&#8221; hide_pagination_control=&#8221;yes&#8221; hide_prev_next_buttons=&#8221;yes&#8221; wrap=&#8221;yes&#8221; css_animation=&#8221;fadeIn&#8221; title=&#8221;Spuma Li Cargo&#8221; custom_links=&#8221;#E-8_aHR0cHMlM0ElMkYlMkZlYnJvaC5lcyUyRnBsJTJGcHJvZHVjdG9zJTJGZS1zY29vdGVycy1wbCUyRnNrdXRlci1lbGVrdHJ5Y3pueS1zcHVtYS1saS1jYXJnbyUyRiUyQ2h0dHBzJTNBJTJGJTJGZWJyb2guZXMlMkZwbCUyRnByb2R1Y3RvcyUyRmUtc2Nvb3RlcnMtcGwlMkZza3V0ZXItZWxla3RyeWN6bnktc3B1bWEtbGktY2FyZ28lMkYlMkNodHRwcyUzQSUyRiUyRmVicm9oLmVzJTJGcGwlMkZwcm9kdWN0b3MlMkZlLXNjb290ZXJzLXBsJTJGc2t1dGVyLWVsZWt0cnljem55LXNwdW1hLWxpLWNhcmdvJTJG&#8221;][\/vc_column][vc_column width=&#8221;1\/3&#8243;][vc_images_carousel images=&#8221;12712,12716,12709&#8243; img_size=&#8221;medium&#8221; onclick=&#8221;custom_link&#8221; custom_links_target=&#8221;_blank&#8221; speed=&#8221;2500&#8243; autoplay=&#8221;yes&#8221; hide_pagination_control=&#8221;yes&#8221; hide_prev_next_buttons=&#8221;yes&#8221; wrap=&#8221;yes&#8221; css_animation=&#8221;fadeIn&#8221; title=&#8221;Strada 20Th 10K&#8221; custom_links=&#8221;#E-8_aHR0cHMlM0ElMkYlMkZlYnJvaC5lcyUyRnBsJTJGcHJvZHVjdG9zJTJGZS1tYXhpLXNjb290ZXJzLXBsJTJGc2t1dGVyLWVsZWt0cnljem55LXN0cmFkYS0yMHRoLTEwayUyRiUyQ2h0dHBzJTNBJTJGJTJGZWJyb2guZXMlMkZwbCUyRnByb2R1Y3RvcyUyRmUtbWF4aS1zY29vdGVycy1wbCUyRnNrdXRlci1lbGVrdHJ5Y3pueS1zdHJhZGEtMjB0aC0xMGslMkYlMkNodHRwcyUzQSUyRiUyRmVicm9oLmVzJTJGcGwlMkZwcm9kdWN0b3MlMkZlLW1heGktc2Nvb3RlcnMtcGwlMkZza3V0ZXItZWxla3RyeWN6bnktc3RyYWRhLTIwdGgtMTBrJTJG&#8221;][\/vc_column][\/vc_row][vc_row full_width=&#8221;stretch_row_content&#8221; equal_height=&#8221;yes&#8221;][vc_column width=&#8221;1\/6&#8243;][\/vc_column][vc_column width=&#8221;2\/3&#8243; col_padding_side=&#8221;top_bottom&#8221;][vc_row_inner equal_height=&#8221;yes&#8221; content_placement=&#8221;middle&#8221; el_class=&#8221;caracteristicas&#8221;][vc_column_inner width=&#8221;1\/2&#8243;][vc_single_image image=&#8221;12858&#8243; img_size=&#8221;500&#215;500&#8243; alignment=&#8221;center&#8221; onclick=&#8221;zoom&#8221; css_animation=&#8221;fadeIn&#8221;][\/vc_column_inner][vc_column_inner width=&#8221;1\/2&#8243;][vc_custom_heading text=&#8221;Spuma Li 3K&#8221; font_container=&#8221;tag:h2|text_align:center&#8221; use_theme_fonts=&#8221;yes&#8221; link=&#8221;url:https%3A%2F%2Febroh.es%2Fpl%2Fproductos%2Fe-scooters-pl%2Fskuter-elektryczny-spuma-li%2F|title:Spuma%20Li|target:%20_blank|&#8221;][vc_column_text font_size=&#8221;xlarge&#8221;]<\/p>\n<p style=\"text-align: center;\" data-mce-style=\"text-align: center;\"><span class=\"VIiyi\" lang=\"pl\"><span class=\"JLqJ4b ChMk0b\" data-language-for-alternatives=\"pl\" data-language-to-translate-into=\"es\" data-phrase-index=\"0\"><strong>Spuma Li<\/strong> jest dystrybuowana w Europie i Portugalii z Saragossy przez <strong>Ebroh<\/strong>.<\/span> <span class=\"JLqJ4b ChMk0b\" data-language-for-alternatives=\"pl\" data-language-to-translate-into=\"es\" data-phrase-index=\"1\">Nasz dzia\u0142 badawczo-rozwojowy wybra\u0142 najlepszych producent\u00f3w komponent\u00f3w do stworzenia dobrze zaprojektowanej hulajnogi.<\/span> <span class=\"JLqJ4b ChMk0b\" data-language-for-alternatives=\"pl\" data-language-to-translate-into=\"es\" data-phrase-index=\"2\">Oferujemy dwuletni\u0105 gwarancj\u0119 oraz pe\u0142en serwis pomocy, cz\u0119\u015bci zamienne i akcesoria.<\/span><\/span><\/p>\n<p>[\/vc_column_text][\/vc_column_inner][\/vc_row_inner][\/vc_column][vc_column width=&#8221;1\/6&#8243;][\/vc_column][\/vc_row][vc_row full_width=&#8221;stretch_row_content&#8221; equal_height=&#8221;yes&#8221;][vc_column width=&#8221;1\/6&#8243;][\/vc_column][vc_column width=&#8221;2\/3&#8243; col_padding_side=&#8221;top_bottom&#8221;][vc_row_inner equal_height=&#8221;yes&#8221; content_placement=&#8221;middle&#8221; el_class=&#8221;caracteristicas&#8221;][vc_column_inner width=&#8221;1\/2&#8243;][vc_custom_heading text=&#8221;Spuma Li 5K&#8221; font_container=&#8221;tag:h2|text_align:center&#8221; use_theme_fonts=&#8221;yes&#8221; link=&#8221;url:https%3A%2F%2Febroh.es%2Fpl%2Fproductos%2Fe-scooters-pl%2Fskuter-elektryczny-spuma-li-5k%2F|title:Spuma%20Li%205K|target:%20_blank|&#8221;][vc_column_text font_size=&#8221;xlarger&#8221;]<\/p>\n<p><span class=\"VIiyi\" lang=\"pl\"><span class=\"JLqJ4b ChMk0b\" data-language-for-alternatives=\"pl\" data-language-to-translate-into=\"es\" data-phrase-index=\"0\">Mocniejszy model <strong>Spuma Li,<\/strong> z silnikiem elektrycznym <strong>4700W<\/strong> BOSCH, trzema trybami zasilania i dwoma wymiennymi akumulatorami.<\/span> <span class=\"JLqJ4b ChMk0b\" data-language-for-alternatives=\"pl\" data-language-to-translate-into=\"es\" data-phrase-index=\"1\">Ma zasi\u0119g do 80 km i maksymaln\u0105 pr\u0119dko\u015b\u0107 80 km \/ h, co odpowiada skuterowi benzynowemu o pojemno\u015bci 125 cm3.<\/span><\/span><\/p>\n<p>[\/vc_column_text][\/vc_column_inner][vc_column_inner width=&#8221;1\/2&#8243;][vc_single_image image=&#8221;12679&#8243; img_size=&#8221;500&#215;500&#8243; alignment=&#8221;center&#8221; onclick=&#8221;zoom&#8221; css_animation=&#8221;fadeIn&#8221;][\/vc_column_inner][\/vc_row_inner][\/vc_column][vc_column width=&#8221;1\/6&#8243;][\/vc_column][\/vc_row][vc_row full_width=&#8221;stretch_row_content&#8221; equal_height=&#8221;yes&#8221;][vc_column width=&#8221;1\/6&#8243;][\/vc_column][vc_column width=&#8221;2\/3&#8243; col_padding_side=&#8221;top_bottom&#8221;][vc_row_inner equal_height=&#8221;yes&#8221; content_placement=&#8221;middle&#8221; el_class=&#8221;caracteristicas&#8221;][vc_column_inner width=&#8221;1\/2&#8243;][vc_custom_heading text=&#8221;Club Comfort&#8221; font_container=&#8221;tag:h2|text_align:center&#8221; use_theme_fonts=&#8221;yes&#8221; link=&#8221;url:https%3A%2F%2Febroh.es%2Fpl%2Fproductos%2Fe-scooters-pl%2F3-kolowy-skuter-elektryczny-club-comfort%2F|title:Rower%20Trail%20DS140%20Carbon%20z%20pe%C5%82nym%20zawieszeniem|target:%20_blank|&#8221;][vc_column_text font_size=&#8221;xlarger&#8221;]<\/p>\n<p><span class=\"VIiyi\" lang=\"pl\"><span class=\"JLqJ4b ChMk0b\" data-language-for-alternatives=\"pl\" data-language-to-translate-into=\"es\" data-phrase-index=\"0\"><strong>Club Comfort<\/strong>, skuter elektryczny, kt\u00f3ry \u0142\u0105czy w sobie zwinno\u015b\u0107 i wygod\u0119.<\/span> <span class=\"JLqJ4b ChMk0b\" data-language-for-alternatives=\"pl\" data-language-to-translate-into=\"es\" data-phrase-index=\"1\">Dzi\u0119ki konfiguracji z 3 ko\u0142ami zapewnia dodatkowe bezpiecze\u0144stwo.<\/span> <span class=\"JLqJ4b ChMk0b\" data-language-for-alternatives=\"pl\" data-language-to-translate-into=\"es\" data-phrase-index=\"2\">Posiada anatomiczne siedzisko, kt\u00f3re dzi\u0119ki szerokiemu oparciu zapewnia maksymalny komfort.<\/span> <span class=\"JLqJ4b ChMk0b\" data-language-for-alternatives=\"pl\" data-language-to-translate-into=\"es\" data-phrase-index=\"3\">Podw\u00f3jna optyka tylna, kt\u00f3ra zapewnia lepsz\u0105 widoczno\u015b\u0107 pojazdu pod ka\u017cdym k\u0105tem.<\/span><\/span><\/p>\n<p>[\/vc_column_text][\/vc_column_inner][vc_column_inner width=&#8221;1\/2&#8243;][vc_single_image image=&#8221;12741&#8243; img_size=&#8221;500&#215;500&#8243; alignment=&#8221;center&#8221; onclick=&#8221;zoom&#8221; css_animation=&#8221;fadeIn&#8221;][\/vc_column_inner][\/vc_row_inner][vc_row_inner equal_height=&#8221;yes&#8221; content_placement=&#8221;middle&#8221; el_class=&#8221;caracteristicas&#8221;][vc_column_inner width=&#8221;1\/2&#8243;][vc_single_image image=&#8221;12736&#8243; img_size=&#8221;500&#215;500&#8243; alignment=&#8221;center&#8221; onclick=&#8221;zoom&#8221; css_animation=&#8221;fadeIn&#8221;][\/vc_column_inner][vc_column_inner width=&#8221;1\/2&#8243;][vc_custom_heading text=&#8221;Strada Li&#8221; font_container=&#8221;tag:h2|text_align:center&#8221; use_theme_fonts=&#8221;yes&#8221; link=&#8221;url:https%3A%2F%2Febroh.es%2Fpl%2Fproductos%2Fe-scooters-pl%2Fskuter-elektryczny-strada-li%2F|title:Veracruz|target:%20_blank|&#8221;][vc_column_text font_size=&#8221;xlarger&#8221;]<\/p>\n<p style=\"text-align: center;\" data-mce-style=\"text-align: center;\"><span class=\"VIiyi\" lang=\"pl\"><span class=\"JLqJ4b ChMk0b\" data-language-for-alternatives=\"pl\" data-language-to-translate-into=\"es\" data-phrase-index=\"0\"><strong>Strada Li<\/strong> \u0142\u0105czy w sobie zr\u00f3wnowa\u017cony rozw\u00f3j i komfort w r\u00f3wnych cz\u0119\u015bciach w sportowym skuterze elektrycznym.<\/span> <span class=\"JLqJ4b ChMk0b\" data-language-for-alternatives=\"pl\" data-language-to-translate-into=\"es\" data-phrase-index=\"1\">Idealny do jazdy po dzisiejszym mie\u015bcie, z akumulatorem litowym, silnikiem Bosch 3000 W i maksymaln\u0105 pr\u0119dko\u015bci\u0105 45 km \/ h.<\/span><\/span><\/p>\n<p>[\/vc_column_text][\/vc_column_inner][\/vc_row_inner][\/vc_column][vc_column width=&#8221;1\/6&#8243;][\/vc_column][\/vc_row][vc_row full_width=&#8221;stretch_row_content&#8221; equal_height=&#8221;yes&#8221;][vc_column width=&#8221;1\/6&#8243;][\/vc_column][vc_column width=&#8221;2\/3&#8243; col_padding_side=&#8221;top_bottom&#8221;][vc_row_inner equal_height=&#8221;yes&#8221; content_placement=&#8221;middle&#8221; el_class=&#8221;caracteristicas&#8221;][vc_column_inner width=&#8221;1\/2&#8243;][vc_custom_heading text=&#8221;Spuma Li Cargo&#8221; font_container=&#8221;tag:h2|text_align:center&#8221; use_theme_fonts=&#8221;yes&#8221; link=&#8221;url:https%3A%2F%2Febroh.es%2Fpl%2Fproductos%2Fe-scooters-pl%2Fskuter-elektryczny-spuma-li-cargo%2F|title:Spuma%20Li%20Cargo|target:%20_blank|&#8221;][vc_column_text font_size=&#8221;xlarger&#8221;]<\/p>\n<p><span class=\"VIiyi\" lang=\"pl\"><span class=\"JLqJ4b ChMk0b\" data-language-for-alternatives=\"pl\" data-language-to-translate-into=\"es\" data-phrase-index=\"0\">Wersja <strong>CARGO<\/strong> <strong>Spuma Li 5K<\/strong>, z tymi samymi funkcjami, co nasza hulajnoga, ale zaprojektowana i zaprojektowana do transportu w mie\u015bcie.<\/span> <span class=\"JLqJ4b ChMk0b\" data-language-for-alternatives=\"pl\" data-language-to-translate-into=\"es\" data-phrase-index=\"1\">Dzi\u0119ki du\u017cej autonomii, kt\u00f3ra pozwala na wype\u0142nienie dnia roboczego, jest to najbardziej odpowiednia opcja do sprawnego poruszania si\u0119 w miejskich korkach i szybkiego dotarcia na przedmie\u015bcia.<\/span><\/span><\/p>\n<p>[\/vc_column_text][\/vc_column_inner][vc_column_inner width=&#8221;1\/2&#8243;][vc_single_image image=&#8221;12432&#8243; img_size=&#8221;500&#215;500&#8243; alignment=&#8221;center&#8221; onclick=&#8221;zoom&#8221; css_animation=&#8221;fadeIn&#8221;][\/vc_column_inner][\/vc_row_inner][vc_row_inner equal_height=&#8221;yes&#8221; content_placement=&#8221;middle&#8221; el_class=&#8221;caracteristicas&#8221;][vc_column_inner width=&#8221;1\/2&#8243;][vc_single_image image=&#8221;12714&#8243; img_size=&#8221;500&#215;500&#8243; alignment=&#8221;center&#8221; onclick=&#8221;zoom&#8221; css_animation=&#8221;fadeIn&#8221;][\/vc_column_inner][vc_column_inner width=&#8221;1\/2&#8243;][vc_custom_heading text=&#8221;Strada 20th 10K&#8221; font_container=&#8221;tag:h2|text_align:center&#8221; use_theme_fonts=&#8221;yes&#8221; link=&#8221;url:https%3A%2F%2Febroh.es%2Fpl%2Fproductos%2Fe-maxi-scooters-pl%2Fskuter-elektryczny-strada-20th-10k%2F|title:Strada%2020th|target:%20_blank|&#8221;][vc_column_text font_size=&#8221;xlarger&#8221;]<\/p>\n<p><span class=\"VIiyi\" lang=\"pl\"><span class=\"JLqJ4b ChMk0b\" data-language-for-alternatives=\"pl\" data-language-to-translate-into=\"es\" data-phrase-index=\"0\"><strong>Ebroh<\/strong> Maxi Scooter z doskona\u0142ymi w\u0142a\u015bciwo\u015bciami do poruszania si\u0119 po obecnym mie\u015bcie.<\/span> <span class=\"JLqJ4b ChMk0b\" data-language-for-alternatives=\"pl\" data-language-to-translate-into=\"es\" data-phrase-index=\"1\"><strong>Strada 20th 10K<\/strong> \u0142\u0105czy szybko\u015b\u0107 i wygod\u0119 w hulajnodze typu Sport.<\/span> <span class=\"JLqJ4b ChMk0b\" data-language-for-alternatives=\"pl\" data-language-to-translate-into=\"es\" data-phrase-index=\"2\">Do 130 km \/ h.<\/span> <span class=\"JLqJ4b ChMk0b\" data-language-for-alternatives=\"pl\" data-language-to-translate-into=\"es\" data-phrase-index=\"3\">Autonomia do 150 km Hamulec REGENERACYJNY.<\/span> <span class=\"JLqJ4b ChMk0b\" data-language-for-alternatives=\"pl\" data-language-to-translate-into=\"es\" data-phrase-index=\"4\">Akumulator litowy 72 V o pojemno\u015bci 93 Ah.<\/span> <span class=\"JLqJ4b ChMk0b\" data-language-for-alternatives=\"pl\" data-language-to-translate-into=\"es\" data-phrase-index=\"5\">Silnik o mocy 10000 W i nowy BMS o sile przyspieszenia 260 A.<\/span><\/span><\/p>\n<p>[\/vc_column_text][\/vc_column_inner][\/vc_row_inner][\/vc_column][vc_column width=&#8221;1\/6&#8243;][\/vc_column][\/vc_row]<\/p>\n<\/section>","protected":false},"excerpt":{"rendered":"<p>[vc_row full_width=&#8221;stretch_row_content_no_spaces&#8221; full_height=&#8221;yes&#8221; columns_placement=&#8221;stretch&#8221; equal_height=&#8221;yes&#8221; content_placement=&#8221;middle&#8221; video_bg=&#8221;yes&#8221; video_bg_url=&#8221;https:\/\/www.youtube.com\/watch?v=hky76zovTzc&#8221; css=&#8221;.vc_custom_1613383231588{padding-top: 0px !important;padding-bottom: 0px !important;}&#8221; el_id=&#8221;home-video&#8221;][vc_column][vc_column_text css_animation=&#8221;appear&#8221; font_size=&#8221;xlarger&#8221;] EBROH SCOOTERS ELEKTRYCZNY [\/vc_column_text][\/vc_column][\/vc_row][vc_row full_width=&#8221;stretch_row_content&#8221; css=&#8221;.vc_custom_1542911284138{margin-bottom: 30px !important;}&#8221;][vc_column width=&#8221;1\/6&#8243;][\/vc_column][vc_column width=&#8221;2\/3&#8243;][vc_custom_heading text=&#8221;Modele ELEKTRYCZNE EBROH&#8221; font_container=&#8221;tag:h2|font_size:46px|text_align:center&#8221; use_theme_fonts=&#8221;yes&#8221;][vc_separator][vc_column_text font_size=&#8221;xlarge&#8221; el_class=&#8221;claim&#8221;] \u015awiadoma znaczenia i potencja\u0142u skuter\u00f3w elektrycznych, firma ze 100% hiszpa\u0144skim kapita\u0142em Ebroh narodzi\u0142a si\u0119 z powo\u0142ania, aby [&hellip;]<\/p>\n","protected":false},"author":1,"featured_media":0,"parent":0,"menu_order":0,"comment_status":"closed","ping_status":"closed","template":"","meta":{"footnotes":""},"class_list":["post-12428","page","type-page","status-publish","hentry"],"_links":{"self":[{"href":"https:\/\/ebroh.eu\/pl\/wp-json\/wp\/v2\/pages\/12428","targetHints":{"allow":["GET"]}}],"collection":[{"href":"https:\/\/ebroh.eu\/pl\/wp-json\/wp\/v2\/pages"}],"about":[{"href":"https:\/\/ebroh.eu\/pl\/wp-json\/wp\/v2\/types\/page"}],"author":[{"embeddable":true,"href":"https:\/\/ebroh.eu\/pl\/wp-json\/wp\/v2\/users\/1"}],"replies":[{"embeddable":true,"href":"https:\/\/ebroh.eu\/pl\/wp-json\/wp\/v2\/comments?post=12428"}],"version-history":[{"count":23,"href":"https:\/\/ebroh.eu\/pl\/wp-json\/wp\/v2\/pages\/12428\/revisions"}],"predecessor-version":[{"id":18310,"href":"https:\/\/ebroh.eu\/pl\/wp-json\/wp\/v2\/pages\/12428\/revisions\/18310"}],"wp:attachment":[{"href":"https:\/\/ebroh.eu\/pl\/wp-json\/wp\/v2\/media?parent=12428"}],"curies":[{"name":"wp","href":"https:\/\/api.w.org\/{rel}","templated":true}]}}