{"id":12397,"date":"2020-12-03T14:38:21","date_gmt":"2020-12-03T12:38:21","guid":{"rendered":"https:\/\/ebroh.es\/e-bikes\/"},"modified":"2021-06-25T15:18:46","modified_gmt":"2021-06-25T13:18:46","slug":"e-bikes","status":"publish","type":"page","link":"https:\/\/ebroh.eu\/pl\/e-bikes\/","title":{"rendered":"E-Bikes"},"content":{"rendered":"<section class=\"wpb-content-wrapper\"><p>[vc_row full_width=&#8221;stretch_row_content_no_spaces&#8221; full_height=&#8221;yes&#8221; columns_placement=&#8221;stretch&#8221; equal_height=&#8221;yes&#8221; content_placement=&#8221;middle&#8221; video_bg=&#8221;yes&#8221; video_bg_url=&#8221;https:\/\/www.youtube.com\/watch?v=hQ0F&#8211;piuOM&amp;t=61s&#8221; css=&#8221;.vc_custom_1597412021351{padding-top: 0px !important;padding-bottom: 0px !important;}&#8221; el_id=&#8221;home-video&#8221;][vc_column]<div class=\"vntd-icon-box vntd-content-element box-centered-outline icon-size-lg box-centered box-with-bg bg-color-custom  animated vntd-animated  icon-box-with-link\" data-animation=\"fadeIn\" data-animation-delay=\"3000\"><a href=\"https:\/\/ebroh.es\/productos\/e-bikes\/plegables\/bicicleta-electrica-pasione\/\" target=\"_self\"><div class=\"icon-box-icon color-dark\"><i class=\"fa fa-heart-o\"><\/i><\/div><div class=\"icon-box-content\"><h5 class=\"icon-box-title\"style=\"color:ffffff!important;\"><\/h5><p class=\"icon-description\"><\/p><\/div><\/a><\/div>[vc_column_text css_animation=&#8221;appear&#8221; font_size=&#8221;xlarger&#8221;]<\/p>\n<h1 style=\"text-align: center;\"><span style=\"color: #999999;\"><span style=\"color: #ffffff;\"><strong>EBROH <\/strong><\/span><strong>PASIONE<\/strong><\/span><\/h1>\n<h2 style=\"text-align: center;\"><span style=\"color: #00ffff;\"><span class=\"VIiyi\" lang=\"pl\"><span class=\"JLqJ4b ChMk0b\" data-language-for-alternatives=\"pl\" data-language-to-translate-into=\"es\" data-phrase-index=\"0\">MIEJSKI, SK\u0141ADANY, ELEKTRYCZNY<\/span><\/span><\/span><\/h2>\n<p>[\/vc_column_text][\/vc_column][\/vc_row][vc_row full_width=&#8221;stretch_row_content&#8221; css=&#8221;.vc_custom_1542911284138{margin-bottom: 30px !important;}&#8221;][vc_column width=&#8221;1\/6&#8243;][\/vc_column][vc_column width=&#8221;2\/3&#8243;][vc_custom_heading text=&#8221;Sk\u0142adany rower elektryczny&#8221; font_container=&#8221;tag:h2|font_size:46px|text_align:center&#8221; use_theme_fonts=&#8221;yes&#8221;][vc_separator][vc_column_text font_size=&#8221;xlarge&#8221; el_class=&#8221;claim&#8221;]<span class=\"VIiyi\" lang=\"pl\"><span class=\"JLqJ4b ChMk0b\" data-language-for-alternatives=\"pl\" data-language-to-translate-into=\"es\" data-phrase-index=\"0\">Ebroh Pasion &amp; Pasione, wielki ma\u0142y cud roweru, miejski, sk\u0142adany, super lekki i niedrogi.<\/span> <span class=\"JLqJ4b ChMk0b\" data-language-for-alternatives=\"pl\" data-language-to-translate-into=\"es\" data-phrase-index=\"1\">Pocz\u0105tki Pasion &amp; Pasione zlokalizowane s\u0105 w Niemczech, sk\u0105d wywodzi si\u0119 grupa programist\u00f3w i kreatywny zesp\u00f3\u0142 zajmuj\u0105cy si\u0119 tworzeniem profesjonalnych rower\u00f3w do wy\u015bcig\u00f3w.<\/span> <span class=\"JLqJ4b ChMk0b\" data-language-for-alternatives=\"pl\" data-language-to-translate-into=\"es\" data-phrase-index=\"2\">Wspomaganie elektryczne Pasione, skonfigurowane na pi\u0119\u0107 poziom\u00f3w wspomagania, pozwoli Ci stawi\u0107 czo\u0142a ka\u017cdej podr\u00f3\u017cy z maksymalnym komfortem.<\/span><\/span><\/p>\n<h1 style=\"text-align: center;\"><span style=\"color: #808080;\"><strong><span class=\"VIiyi\" lang=\"pl\"><span class=\"JLqJ4b ChMk0b\" data-language-for-alternatives=\"pl\" data-language-to-translate-into=\"es\" data-phrase-index=\"0\">Potrzebujesz tylko 20 sekund!<\/span><\/span><\/strong><\/span><\/h1>\n<p><span class=\"VIiyi\" lang=\"pl\"><span class=\"JLqJ4b ChMk0b\" data-language-for-alternatives=\"pl\" data-language-to-translate-into=\"es\" data-phrase-index=\"0\">20 sekund wystarczy, aby zebra\u0107 Pasione.<\/span> <span class=\"JLqJ4b ChMk0b\" data-language-for-alternatives=\"pl\" data-language-to-translate-into=\"es\" data-phrase-index=\"1\">Niska waga podwozia z w\u0142\u00f3kna w\u0119glowego Toray\u00ae T 800, zaledwie 1 kg, sprawia, \u017ce \u200b\u200bsk\u0142adanie Pasione jest \u0142atwe i szybkie.<\/span><\/span>[\/vc_column_text][\/vc_column][vc_column width=&#8221;1\/6&#8243;][\/vc_column][\/vc_row][vc_row css=&#8221;.vc_custom_1542282900615{margin-top: 0px !important;margin-bottom: 0px !important;border-bottom-width: 0px !important;padding-top: 0px !important;}&#8221;][vc_column width=&#8221;1\/4&#8243; css=&#8221;.vc_custom_1542282847412{margin-bottom: 0px !important;padding-bottom: 0px !important;}&#8221;][vc_images_carousel images=&#8221;12423&#8243; img_size=&#8221;medium&#8221; onclick=&#8221;link_no&#8221; speed=&#8221;2500&#8243; autoplay=&#8221;yes&#8221; hide_pagination_control=&#8221;yes&#8221; hide_prev_next_buttons=&#8221;yes&#8221; wrap=&#8221;yes&#8221; css_animation=&#8221;fadeIn&#8221;][\/vc_column][vc_column width=&#8221;1\/4&#8243;][vc_images_carousel images=&#8221;12422&#8243; img_size=&#8221;medium&#8221; onclick=&#8221;link_no&#8221; speed=&#8221;2500&#8243; autoplay=&#8221;yes&#8221; hide_pagination_control=&#8221;yes&#8221; hide_prev_next_buttons=&#8221;yes&#8221; wrap=&#8221;yes&#8221; css_animation=&#8221;fadeIn&#8221;][\/vc_column][vc_column width=&#8221;1\/4&#8243;][vc_images_carousel images=&#8221;12421&#8243; img_size=&#8221;medium&#8221; onclick=&#8221;link_no&#8221; speed=&#8221;2500&#8243; autoplay=&#8221;yes&#8221; hide_pagination_control=&#8221;yes&#8221; hide_prev_next_buttons=&#8221;yes&#8221; wrap=&#8221;yes&#8221; css_animation=&#8221;fadeIn&#8221;][\/vc_column][vc_column width=&#8221;1\/4&#8243;][vc_images_carousel images=&#8221;12420&#8243; img_size=&#8221;medium&#8221; onclick=&#8221;link_no&#8221; speed=&#8221;2500&#8243; autoplay=&#8221;yes&#8221; hide_pagination_control=&#8221;yes&#8221; hide_prev_next_buttons=&#8221;yes&#8221; wrap=&#8221;yes&#8221; css_animation=&#8221;fadeIn&#8221;][\/vc_column][\/vc_row][vc_row full_width=&#8221;stretch_row_content&#8221; equal_height=&#8221;yes&#8221;][vc_column width=&#8221;1\/6&#8243;][\/vc_column][vc_column width=&#8221;2\/3&#8243; col_padding_side=&#8221;top_bottom&#8221;][vc_row_inner equal_height=&#8221;yes&#8221; content_placement=&#8221;middle&#8221; el_class=&#8221;caracteristicas&#8221;][vc_column_inner width=&#8221;1\/2&#8243;][vc_single_image image=&#8221;12419&#8243; img_size=&#8221;500&#215;500&#8243; alignment=&#8221;center&#8221; onclick=&#8221;zoom&#8221; css_animation=&#8221;fadeIn&#8221;][\/vc_column_inner][vc_column_inner width=&#8221;1\/2&#8243;][vc_custom_heading text=&#8221;Silnik&#8221; font_container=&#8221;tag:h2|text_align:center&#8221; use_theme_fonts=&#8221;yes&#8221; link=&#8221;url:https%3A%2F%2Febroh.es%2Fpl%2Fproductos%2Fbikes-pl%2Frower-mtb-m75-carbon%2F|title:Rower%20MTB%20M75%20Carbon|target:%20_blank|&#8221;][vc_column_text font_size=&#8221;xlarge&#8221;]<br \/>\n<span class=\"VIiyi\" lang=\"pl\"><span class=\"JLqJ4b ChMk0b\" data-language-for-alternatives=\"pl\" data-language-to-translate-into=\"es\" data-phrase-index=\"0\">Sercem Pasione jest 250-watowy silnik Bafang \u00ae, bezszczotkowy (bezszczotkowy), kt\u00f3ry pracuje z pr\u0105dem 36 V, z podw\u00f3jnym czujnikiem Halla i wielofunkcyjnym CURTIS KD21C, kt\u00f3ry pokazuje nam stan na\u0142adowania akumulatora,<\/span> <span class=\"JLqJ4b ChMk0b\" data-language-for-alternatives=\"pl\" data-language-to-translate-into=\"es\" data-phrase-index=\"1\">stosunek mocy silnika, pr\u0119dko\u015bci, przejechanych kilometr\u00f3w i innych funkcji.<\/span> <span class=\"JLqJ4b ChMk0b\" data-language-for-alternatives=\"pl\" data-language-to-translate-into=\"es\" data-phrase-index=\"2\">Bafang jest jednym z najwi\u0119kszych producent\u00f3w bezszczotkowych silnik\u00f3w ebike.<\/span> <span class=\"JLqJ4b ChMk0b\" data-language-for-alternatives=\"pl\" data-language-to-translate-into=\"es\" data-phrase-index=\"3\">Jego moment obrotowy i ca\u0142kowicie cicha praca nadaj\u0105 Pasione wyj\u0105tkowego charakteru.<\/span><\/span><br \/>\n[\/vc_column_text][\/vc_column_inner][\/vc_row_inner][\/vc_column][vc_column width=&#8221;1\/6&#8243;][\/vc_column][\/vc_row][vc_row full_width=&#8221;stretch_row_content&#8221; equal_height=&#8221;yes&#8221;][vc_column width=&#8221;1\/6&#8243;][\/vc_column][vc_column width=&#8221;2\/3&#8243; col_padding_side=&#8221;top_bottom&#8221;][vc_row_inner equal_height=&#8221;yes&#8221; content_placement=&#8221;middle&#8221; el_class=&#8221;caracteristicas&#8221;][vc_column_inner width=&#8221;1\/2&#8243;][vc_custom_heading text=&#8221;Bateria&#8221; font_container=&#8221;tag:h2|text_align:center&#8221; use_theme_fonts=&#8221;yes&#8221; link=&#8221;url:https%3A%2F%2Febroh.es%2Fpl%2Fproductos%2Fbez-kategorii%2Frower-techniczny-m90-carbon%2F|title:Rower%20techniczny%20M90%20Carbon|target:%20_blank|&#8221;][vc_column_text font_size=&#8221;xlarger&#8221;]<br \/>\n<span class=\"VIiyi\" lang=\"pl\"><span class=\"JLqJ4b ChMk0b\" data-language-for-alternatives=\"pl\" data-language-to-translate-into=\"es\" data-phrase-index=\"0\">Uk\u0142ad elektryczny oparty na akumulatorze firmy Samsung o napi\u0119ciu 36 V i pojemno\u015bci 8,7 Ah daje nam zasi\u0119g od 50 do 60 km, w zale\u017cno\u015bci od fizjonomii, rodzaju jazdy czy warunk\u00f3w drogowych.<\/span> <span class=\"JLqJ4b ChMk0b\" data-language-for-alternatives=\"pl\" data-language-to-translate-into=\"es\" data-phrase-index=\"1\">.<\/span> <span class=\"JLqJ4b ChMk0b\" data-language-for-alternatives=\"pl\" data-language-to-translate-into=\"es\" data-phrase-index=\"2\">Akumulator z certyfikatem IP67 zapewnia stabiln\u0105 prac\u0119 i bezpieczne dzia\u0142anie w deszczowych warunkach.<\/span> <span class=\"JLqJ4b ChMk0b\" data-language-for-alternatives=\"pl\" data-language-to-translate-into=\"es\" data-phrase-index=\"3\">Pe\u0142ne \u0142adowanie trwa 2-3 godziny, a koszt pr\u0105du, w zale\u017cno\u015bci od taryfy, nigdy nie przekracza 10 eurocent\u00f3w.<\/span> <span class=\"JLqJ4b ChMk0b\" data-language-for-alternatives=\"pl\" data-language-to-translate-into=\"es\" data-phrase-index=\"4\">Nagromadzony jest wyci\u0105gany w ci\u0105gu dw\u00f3ch sekund i zawiera praktyczne, pomocnicze gniazdo USB dla naszych osobistych urz\u0105dze\u0144 elektronicznych.<\/span><\/span><br \/>\n[\/vc_column_text][\/vc_column_inner][vc_column_inner width=&#8221;1\/2&#8243;][vc_single_image image=&#8221;12418&#8243; img_size=&#8221;500&#215;500&#8243; alignment=&#8221;center&#8221; onclick=&#8221;zoom&#8221; css_animation=&#8221;fadeIn&#8221;][\/vc_column_inner][\/vc_row_inner][\/vc_column][vc_column width=&#8221;1\/6&#8243;][\/vc_column][\/vc_row][vc_row full_width=&#8221;stretch_row_content&#8221; equal_height=&#8221;yes&#8221;][vc_column width=&#8221;1\/6&#8243;][\/vc_column][vc_column width=&#8221;2\/3&#8243; col_padding_side=&#8221;top_bottom&#8221;][vc_row_inner equal_height=&#8221;yes&#8221; content_placement=&#8221;middle&#8221; el_class=&#8221;caracteristicas&#8221;][vc_column_inner width=&#8221;1\/2&#8243;][vc_single_image image=&#8221;12417&#8243; img_size=&#8221;500&#215;500&#8243; alignment=&#8221;center&#8221; onclick=&#8221;zoom&#8221; css_animation=&#8221;fadeIn&#8221;][\/vc_column_inner][vc_column_inner width=&#8221;1\/2&#8243;][vc_custom_heading text=&#8221;Oprzyrz\u0105dowanie&#8221; font_container=&#8221;tag:h2|text_align:center&#8221; use_theme_fonts=&#8221;yes&#8221; link=&#8221;url:https%3A%2F%2Febroh.es%2Fpl%2Fproductos%2Fbikes-pl%2Frower-mtb-rally-m115-carbon%2F|title:Rower%20MTB%20Rally%20M115%20Carbon|target:%20_blank|&#8221;][vc_column_text font_size=&#8221;xlarger&#8221;]<span class=\"VIiyi\" lang=\"pl\"><span class=\"JLqJ4b ChMk0b\" data-language-for-alternatives=\"pl\" data-language-to-translate-into=\"es\" data-phrase-index=\"0\">Znaczn\u0105 cz\u0119\u015b\u0107 ergonomii zapewnia ergonomiczna prosta kierownica o d\u0142ugo\u015bci 56 cm i zmiennej \u015brednicy.<\/span> <span class=\"JLqJ4b ChMk0b\" data-language-for-alternatives=\"pl\" data-language-to-translate-into=\"es\" data-phrase-index=\"1\">mankiety maj\u0105 anatomiczny kszta\u0142t z elastycznymi podp\u00f3rkami pod nadgarstki.<\/span> <span class=\"JLqJ4b ChMk0b\" data-language-for-alternatives=\"pl\" data-language-to-translate-into=\"es\" data-phrase-index=\"2\">Prosty wizjer z ekranem LCD i przyciskami pozwala na regulacj\u0119 stopnia wspomagania silnika, na\u0142adowania akumulatora, pr\u0119dko\u015bci oraz przebytej odleg\u0142o\u015bci.<\/span> <span class=\"JLqJ4b ChMk0b\" data-language-for-alternatives=\"pl\" data-language-to-translate-into=\"es\" data-phrase-index=\"3\">Zegarek posiada system pod\u015bwietlenia.<\/span> <span class=\"JLqJ4b ChMk0b\" data-language-for-alternatives=\"pl\" data-language-to-translate-into=\"es\" data-phrase-index=\"4\">Pasione ma r\u00f3wnie\u017c drugi element steruj\u0105cy do obs\u0142ugi kierunkowskaz\u00f3w.<\/span><\/span>[\/vc_column_text][\/vc_column_inner][\/vc_row_inner][\/vc_column][vc_column width=&#8221;1\/6&#8243;][\/vc_column][\/vc_row][vc_row full_width=&#8221;stretch_row_content&#8221; equal_height=&#8221;yes&#8221;][vc_column width=&#8221;1\/6&#8243;][\/vc_column][vc_column width=&#8221;2\/3&#8243; col_padding_side=&#8221;top_bottom&#8221;][vc_row_inner equal_height=&#8221;yes&#8221; content_placement=&#8221;middle&#8221; el_class=&#8221;caracteristicas&#8221;][vc_column_inner width=&#8221;1\/2&#8243;][vc_custom_heading text=&#8221;Zmiana&#8221; font_container=&#8221;tag:h2|text_align:center&#8221; use_theme_fonts=&#8221;yes&#8221; link=&#8221;url:https%3A%2F%2Febroh.es%2Fpl%2Fproductos%2Fbez-kategorii%2Frower-trail-ds140-carbon-z-pelnym-zawieszeniem%2F|title:Rower%20Trail%20DS140%20Carbon%20z%20pe%C5%82nym%20zawieszeniem|target:%20_blank|&#8221;][vc_column_text font_size=&#8221;xlarger&#8221;]<span class=\"VIiyi\" lang=\"pl\"><span class=\"JLqJ4b ChMk0b\" data-language-for-alternatives=\"pl\" data-language-to-translate-into=\"es\" data-phrase-index=\"0\">9-biegowa przerzutka Shimano \u00ae Sora R3000 (tarcza = 48 z\u0119b\u00f3w, kaseta = 32,28,24,21,18,17,15,13 i 11 z\u0119b\u00f3w), kt\u00f3ra obejmuje przerzutk\u0119.<\/span> <span class=\"JLqJ4b ChMk0b\" data-language-for-alternatives=\"pl\" data-language-to-translate-into=\"es\" data-phrase-index=\"1\">Wyb\u00f3r tarczy o du\u017cej \u015brednicy, takiej jak w Pasione, jest uzasadniony ze wzgl\u0119du na d\u0142ugi, ale elastyczny rozw\u00f3j w po\u0142\u0105czeniu z dziewi\u0119cioma prze\u0142o\u017ceniami kasety.<\/span> <span class=\"JLqJ4b ChMk0b\" data-language-for-alternatives=\"pl\" data-language-to-translate-into=\"es\" data-phrase-index=\"2\">Tarcza i mechanizm korbowy to Prowheel Forged by Ounce \u00ae, do kt\u00f3rego przymocowane s\u0105 dwa po\u0142\u0105czone peda\u0142y z tworzywa sztucznego o wysokiej wytrzyma\u0142o\u015bci.<\/span><\/span>[\/vc_column_text][\/vc_column_inner][vc_column_inner width=&#8221;1\/2&#8243;][vc_single_image image=&#8221;12416&#8243; img_size=&#8221;500&#215;500&#8243; alignment=&#8221;center&#8221; onclick=&#8221;zoom&#8221; css_animation=&#8221;fadeIn&#8221;][\/vc_column_inner][\/vc_row_inner][\/vc_column][vc_column width=&#8221;1\/6&#8243;][\/vc_column][\/vc_row][vc_row full_width=&#8221;stretch_row_content&#8221; equal_height=&#8221;yes&#8221;][vc_column width=&#8221;1\/6&#8243;][\/vc_column][vc_column width=&#8221;2\/3&#8243; col_padding_side=&#8221;top_bottom&#8221;][vc_row_inner equal_height=&#8221;yes&#8221; content_placement=&#8221;middle&#8221; el_class=&#8221;caracteristicas&#8221;][vc_column_inner width=&#8221;1\/2&#8243;][vc_single_image image=&#8221;12415&#8243; img_size=&#8221;500&#215;500&#8243; alignment=&#8221;center&#8221; onclick=&#8221;zoom&#8221; css_animation=&#8221;fadeIn&#8221;][\/vc_column_inner][vc_column_inner width=&#8221;1\/2&#8243;][vc_custom_heading text=&#8221;Hamulce&#8221; font_container=&#8221;tag:h2|text_align:center&#8221; use_theme_fonts=&#8221;yes&#8221; link=&#8221;url:https%3A%2F%2Febroh.es%2Fpl%2Fproductos%2Fbez-kategorii%2Frower-trail-ds140-carbon-z-pelnym-zawieszeniem%2F|title:Rower%20Trail%20DS140%20Carbon%20z%20pe%C5%82nym%20zawieszeniem|target:%20_blank|&#8221;][vc_column_text font_size=&#8221;xlarger&#8221;]<br \/>\n<span class=\"VIiyi\" lang=\"pl\"><span class=\"JLqJ4b ChMk0b\" data-language-for-alternatives=\"pl\" data-language-to-translate-into=\"es\" data-phrase-index=\"0\">Hamulce Shimano\u00ae M 315, uruchamiane hydraulicznie, z aluminiowymi d\u017awigniami i pompkami, podobnie jak zaciski, zapewniaj\u0105 mocne i wydajne hamowanie.<\/span> <span class=\"JLqJ4b ChMk0b\" data-language-for-alternatives=\"pl\" data-language-to-translate-into=\"es\" data-phrase-index=\"1\">W piastach zastosowano ultralekkie stalowe tarcze 160 mm.<\/span> <span class=\"JLqJ4b ChMk0b\" data-language-for-alternatives=\"pl\" data-language-to-translate-into=\"es\" data-phrase-index=\"2\">\u015brednicy, z rysunkiem o nieregularnym zarysie.<\/span> <span class=\"JLqJ4b ChMk0b\" data-language-for-alternatives=\"pl\" data-language-to-translate-into=\"es\" data-phrase-index=\"3\">W\u0119\u017ce presti\u017cowej tajwa\u0144skiej marki Jagwire.<\/span><\/span><br \/>\n[\/vc_column_text][\/vc_column_inner][\/vc_row_inner][\/vc_column][vc_column width=&#8221;1\/6&#8243;][\/vc_column][\/vc_row][vc_row full_width=&#8221;stretch_row_content&#8221; equal_height=&#8221;yes&#8221;][vc_column width=&#8221;1\/6&#8243;][\/vc_column][vc_column width=&#8221;2\/3&#8243; col_padding_side=&#8221;top_bottom&#8221;][vc_row_inner equal_height=&#8221;yes&#8221; content_placement=&#8221;middle&#8221; el_class=&#8221;caracteristicas&#8221;][vc_column_inner width=&#8221;1\/2&#8243;][vc_custom_heading text=&#8221;Rama&#8221; font_container=&#8221;tag:h2|text_align:center&#8221; use_theme_fonts=&#8221;yes&#8221; link=&#8221;url:https%3A%2F%2Febroh.es%2Fpl%2Fproductos%2Fbez-kategorii%2Frower-trail-ds140-carbon-z-pelnym-zawieszeniem%2F|title:Rower%20Trail%20DS140%20Carbon%20z%20pe%C5%82nym%20zawieszeniem|target:%20_blank|&#8221;][vc_column_text font_size=&#8221;xlarger&#8221;]<span class=\"VIiyi\" lang=\"pl\"><span class=\"JLqJ4b ChMk0b\" data-language-for-alternatives=\"pl\" data-language-to-translate-into=\"es\" data-phrase-index=\"0\">Rama z w\u0142\u00f3kna w\u0119glowego 20 \u2033 Toray\u00ae T 800 wa\u017cy tylko 1 kg i zapewnia rowerowi konstrukcj\u0119, kt\u00f3ra jest wyj\u0105tkowo mocna i jednocze\u015bnie lekka.<\/span> <span class=\"JLqJ4b ChMk0b\" data-language-for-alternatives=\"pl\" data-language-to-translate-into=\"es\" data-phrase-index=\"1\">Wszystkie ramy s\u0105 projektowane i produkowane wy\u0142\u0105cznie przez dzia\u0142 badawczo-rozwojowy SAVA \u00ae, kt\u00f3re s\u0105 wytrzyma\u0142e i lepsze od konkurencji.<\/span> <span class=\"JLqJ4b ChMk0b\" data-language-for-alternatives=\"pl\" data-language-to-translate-into=\"es\" data-phrase-index=\"2\">W\u0142\u00f3kno w\u0119glowe gwarantuje najni\u017csz\u0105 mo\u017cliw\u0105 wag\u0119 wraz z wytrzyma\u0142o\u015bci\u0105 i elastyczno\u015bci\u0105 niezb\u0119dn\u0105 do nadania temu rowerowi wytrzyma\u0142o\u015bci.<\/span><\/span>[\/vc_column_text][\/vc_column_inner][vc_column_inner width=&#8221;1\/2&#8243;][vc_single_image image=&#8221;12414&#8243; img_size=&#8221;500&#215;500&#8243; alignment=&#8221;center&#8221; onclick=&#8221;zoom&#8221; css_animation=&#8221;fadeIn&#8221;][\/vc_column_inner][\/vc_row_inner][\/vc_column][vc_column width=&#8221;1\/6&#8243;][\/vc_column][\/vc_row][vc_row full_width=&#8221;stretch_row_content&#8221; equal_height=&#8221;yes&#8221;][vc_column width=&#8221;1\/6&#8243;][\/vc_column][vc_column width=&#8221;2\/3&#8243; col_padding_side=&#8221;top_bottom&#8221;][vc_row_inner equal_height=&#8221;yes&#8221; content_placement=&#8221;middle&#8221; el_class=&#8221;caracteristicas&#8221;][vc_column_inner width=&#8221;1\/2&#8243;][vc_single_image image=&#8221;12413&#8243; img_size=&#8221;500&#215;500&#8243; alignment=&#8221;center&#8221; onclick=&#8221;zoom&#8221; css_animation=&#8221;fadeIn&#8221;][\/vc_column_inner][vc_column_inner width=&#8221;1\/2&#8243;][vc_custom_heading text=&#8221;Ko\u0142a&#8221; font_container=&#8221;tag:h2|text_align:center&#8221; use_theme_fonts=&#8221;yes&#8221; link=&#8221;url:https%3A%2F%2Febroh.es%2Fpl%2Fproductos%2Fbez-kategorii%2Frower-trail-ds140-carbon-z-pelnym-zawieszeniem%2F|title:Rower%20Trail%20DS140%20Carbon%20z%20pe%C5%82nym%20zawieszeniem|target:%20_blank|&#8221;][vc_column_text font_size=&#8221;xlarger&#8221;]<span class=\"VIiyi\" lang=\"pl\"><span class=\"JLqJ4b ChMk0b\" data-language-for-alternatives=\"pl\" data-language-to-translate-into=\"es\" data-phrase-index=\"0\">Kolejnym fundamentalnym aspektem stabilno\u015bci i bezpiecze\u0144stwa Pasione s\u0105 ko\u0142a 20-calowe.<\/span> <span class=\"JLqJ4b ChMk0b\" data-language-for-alternatives=\"pl\" data-language-to-translate-into=\"es\" data-phrase-index=\"1\">Wi\u0119kszy wymiar k\u00f3\u0142 zapewnia wi\u0119kszy efekt samonastawienia roweru, co daje nam wi\u0119ksze poczucie stabilno\u015bci, a tym samym wi\u0119ksze bezpiecze\u0144stwo jazdy.<\/span> <span class=\"JLqJ4b ChMk0b\" data-language-for-alternatives=\"pl\" data-language-to-translate-into=\"es\" data-phrase-index=\"2\">Jego wymiary to 20 x 17,5 \u2033, wyposa\u017cone w k\u00f3\u0142ka w komor\u0119 CST \u00ae.<\/span><\/span>[\/vc_column_text][\/vc_column_inner][\/vc_row_inner][\/vc_column][vc_column width=&#8221;1\/6&#8243;][\/vc_column][\/vc_row][vc_row full_width=&#8221;stretch_row_content&#8221; equal_height=&#8221;yes&#8221;][vc_column width=&#8221;1\/6&#8243;][\/vc_column][vc_column width=&#8221;2\/3&#8243; col_padding_side=&#8221;top_bottom&#8221;][vc_row_inner equal_height=&#8221;yes&#8221; content_placement=&#8221;middle&#8221; el_class=&#8221;caracteristicas&#8221;][vc_column_inner width=&#8221;1\/2&#8243;][vc_custom_heading text=&#8221;Sk\u0142adniki&#8221; font_container=&#8221;tag:h2|text_align:center&#8221; use_theme_fonts=&#8221;yes&#8221; link=&#8221;url:https%3A%2F%2Febroh.es%2Fpl%2Fproductos%2Fbez-kategorii%2Frower-trail-ds140-carbon-z-pelnym-zawieszeniem%2F|title:Rower%20Trail%20DS140%20Carbon%20z%20pe%C5%82nym%20zawieszeniem|target:%20_blank|&#8221;][vc_column_text font_size=&#8221;xlarger&#8221;]<br \/>\n<span class=\"VIiyi\" lang=\"pl\"><span class=\"JLqJ4b ChMk0b\" data-language-for-alternatives=\"pl\" data-language-to-translate-into=\"es\" data-phrase-index=\"0\">Ka\u017cdy szczeg\u00f3\u0142 Pasione emanuje jako\u015bci\u0105.<\/span> <span class=\"JLqJ4b ChMk0b\" data-language-for-alternatives=\"pl\" data-language-to-translate-into=\"es\" data-phrase-index=\"1\">Pocz\u0105wszy od eleganckiego podwozia z w\u0142\u00f3kna w\u0119glowego, kompaktowego akumulatora, lekkiej aluminiowej rury sterowej i rur kierownicy, wysokiej jako\u015bci wpuszczanego osprz\u0119tu, przednich i tylnych \u015bwiate\u0142, kierunkowskaz\u00f3w, a nawet pi\u0119knego siode\u0142ka Selle Royal \u00ae ze sk\u00f3ry syntetycznej.<\/span><\/span><br \/>\n[\/vc_column_text][\/vc_column_inner][vc_column_inner width=&#8221;1\/2&#8243;][vc_single_image image=&#8221;12412&#8243; img_size=&#8221;500&#215;500&#8243; alignment=&#8221;center&#8221; onclick=&#8221;zoom&#8221; css_animation=&#8221;fadeIn&#8221;][\/vc_column_inner][\/vc_row_inner][\/vc_column][vc_column width=&#8221;1\/6&#8243;][\/vc_column][\/vc_row][vc_row][vc_column][vc_custom_heading text=&#8221;Wi\u0119cej rower\u00f3w elektrycznych &#8230;&#8221; use_theme_fonts=&#8221;yes&#8221;][vc_gallery type=&#8221;image_grid&#8221; images=&#8221;12815,14220,14923&#8243; img_size=&#8221;medium&#8221; onclick=&#8221;custom_link&#8221; custom_links_target=&#8221;_blank&#8221; custom_links=&#8221;#E-8_aHR0cHMlM0ElMkYlMkZlYnJvaC5lcyUyRmVzJTJGcHJvZHVjdG9zJTJGZS1iaWtlcyUyRm10YiUyRmJpY2ljbGV0YS1lbGVjdHJpY2EtY2llcnpvJTJGJTJDaHR0cHMlM0ElMkYlMkZlYnJvaC5lcyUyRmVzJTJGcHJvZHVjdG9zJTJGZS1iaWtlcyUyRnVyYmFuYXMlMkZiaWNpY2xldGEtZWxlY3RyaWNhLWhhdHklMkYlMkNodHRwcyUzQSUyRiUyRmVicm9oLmVzJTJGZXMlMkZwcm9kdWN0b3MlMkZlLWJpa2VzJTJGcGxlZ2FibGVzJTJGYmljaWNsZXRhLWVsZWN0cmljYS1uZXJ0YSUyRiUyQ2h0dHBzJTNBJTJGJTJGZWJyb2guZXMlMkZlcyUyRnByb2R1Y3RvcyUyRmUtYmlrZXMlMkZtdGIlMkZiaWNpY2xldGEtZWxlY3RyaWNhLXRob3IlMkY=&#8221;][\/vc_column][\/vc_row]<\/p>\n<\/section>","protected":false},"excerpt":{"rendered":"<p>[vc_row full_width=&#8221;stretch_row_content_no_spaces&#8221; full_height=&#8221;yes&#8221; columns_placement=&#8221;stretch&#8221; equal_height=&#8221;yes&#8221; content_placement=&#8221;middle&#8221; video_bg=&#8221;yes&#8221; video_bg_url=&#8221;https:\/\/www.youtube.com\/watch?v=hQ0F&#8211;piuOM&amp;t=61s&#8221; css=&#8221;.vc_custom_1597412021351{padding-top: 0px !important;padding-bottom: 0px !important;}&#8221; el_id=&#8221;home-video&#8221;][vc_column][vc_column_text css_animation=&#8221;appear&#8221; font_size=&#8221;xlarger&#8221;] EBROH PASIONE MIEJSKI, SK\u0141ADANY, ELEKTRYCZNY [\/vc_column_text][\/vc_column][\/vc_row][vc_row full_width=&#8221;stretch_row_content&#8221; css=&#8221;.vc_custom_1542911284138{margin-bottom: 30px !important;}&#8221;][vc_column width=&#8221;1\/6&#8243;][\/vc_column][vc_column width=&#8221;2\/3&#8243;][vc_custom_heading text=&#8221;Sk\u0142adany rower elektryczny&#8221; font_container=&#8221;tag:h2|font_size:46px|text_align:center&#8221; use_theme_fonts=&#8221;yes&#8221;][vc_separator][vc_column_text font_size=&#8221;xlarge&#8221; el_class=&#8221;claim&#8221;]Ebroh Pasion &amp; Pasione, wielki ma\u0142y cud roweru, miejski, sk\u0142adany, super lekki i niedrogi. Pocz\u0105tki Pasion [&hellip;]<\/p>\n","protected":false},"author":1,"featured_media":0,"parent":0,"menu_order":0,"comment_status":"closed","ping_status":"closed","template":"","meta":{"footnotes":""},"class_list":["post-12397","page","type-page","status-publish","hentry"],"_links":{"self":[{"href":"https:\/\/ebroh.eu\/pl\/wp-json\/wp\/v2\/pages\/12397","targetHints":{"allow":["GET"]}}],"collection":[{"href":"https:\/\/ebroh.eu\/pl\/wp-json\/wp\/v2\/pages"}],"about":[{"href":"https:\/\/ebroh.eu\/pl\/wp-json\/wp\/v2\/types\/page"}],"author":[{"embeddable":true,"href":"https:\/\/ebroh.eu\/pl\/wp-json\/wp\/v2\/users\/1"}],"replies":[{"embeddable":true,"href":"https:\/\/ebroh.eu\/pl\/wp-json\/wp\/v2\/comments?post=12397"}],"version-history":[{"count":10,"href":"https:\/\/ebroh.eu\/pl\/wp-json\/wp\/v2\/pages\/12397\/revisions"}],"predecessor-version":[{"id":17036,"href":"https:\/\/ebroh.eu\/pl\/wp-json\/wp\/v2\/pages\/12397\/revisions\/17036"}],"wp:attachment":[{"href":"https:\/\/ebroh.eu\/pl\/wp-json\/wp\/v2\/media?parent=12397"}],"curies":[{"name":"wp","href":"https:\/\/api.w.org\/{rel}","templated":true}]}}