{"id":12342,"date":"2020-12-03T13:49:54","date_gmt":"2020-12-03T11:49:54","guid":{"rendered":"https:\/\/ebroh.es\/kalkulator-oszczednosci\/"},"modified":"2020-12-03T13:49:55","modified_gmt":"2020-12-03T11:49:55","slug":"kalkulator-oszczednosci","status":"publish","type":"page","link":"https:\/\/ebroh.eu\/pl\/kalkulator-oszczednosci\/","title":{"rendered":"Kalkulator oszcz\u0119dno\u015bci"},"content":{"rendered":"<section class=\"wpb-content-wrapper\"><p>[vc_row][vc_column][vc_column_text]<span class=\"VIiyi\" lang=\"pl\"><span class=\"JLqJ4b ChMk0b\" data-language-for-alternatives=\"pl\" data-language-to-translate-into=\"es\" data-phrase-index=\"0\">Wprowad\u017a miesi\u0119czny dystans w kilometrach, aby zobaczy\u0107 oszcz\u0119dno\u015bci<\/span><\/span>[\/vc_column_text][vc_raw_html]PHNjcmlwdD4NCglmdW5jdGlvbiBzY3JvbGxfdG8oeCl7DQoJCXZhciBodCA9IGpRdWVyeSgnI2hlYWRlcicpLmhlaWdodCgpOw0KCQl2YXIgdHAgPSBqUXVlcnkoeCkub2Zmc2V0KCkudG9wIC0gaHQgKyAzOw0KCQlpZihqUXVlcnkoeCkubGVuZ3RoIDwgMSl7IHJldHVybiBmYWxzZTsgfQ0KCQlqUXVlcnkoW2RvY3VtZW50LmRvY3VtZW50RWxlbWVudCwgZG9jdW1lbnQuYm9keV0pLmFuaW1hdGUoew0KCQkJc2Nyb2xsVG9wOiB0cA0KCQl9LCAxMjAwKTsNCgl9DQoJDQoJZnVuY3Rpb24gY29udGVvKHgpew0KCQlqUXVlcnkoeCkuZWFjaChmdW5jdGlvbiAoKSB7DQoJCSAgdmFyICR0aGlzID0galF1ZXJ5KHRoaXMpOw0KCQkgIGpRdWVyeSh7IGNvdW50ZXI6IDAgfSkuYW5pbWF0ZSh7IGNvdW50ZXI6ICR0aGlzLnRleHQoKSB9LCB7DQoJCSAgICBkdXJhdGlvbjogNTAwLA0KCQkgICAgZWFzaW5nOiAnc3dpbmcnLA0KCQkgICAgc3RlcDogZnVuY3Rpb24gKCkgew0KCQkgICAgICAkdGhpcy50ZXh0KHRoaXMuY291bnRlci50b0ZpeGVkKDIpKTsNCgkJICAgIH0sDQoJCQljb21wbGV0ZTogZnVuY3Rpb24oKXsNCgkJCQkkdGhpcy50ZXh0KHRoaXMuY291bnRlci50b0ZpeGVkKDIpLnRvU3RyaW5nKCkucmVwbGFjZSgnLicsJywnKSk7DQoJCQl9DQoJCSAgfSk7DQoJCX0pOw0KCX0NCgkNCglmdW5jdGlvbiBjYWxjdWxhcigpew0KCQl2YXIga20gPSBqUXVlcnkoJyNkaXN0YW5jaWEnKS52YWwoKS5yZXBsYWNlKCcsJywnLicpOw0KCQl2YXIgZSA9IHt9OyB2YXIgZyA9IHt9Ow0KCQl2YXIgZWJyb2ggPSAwOyB2YXIgZ2Fzb2xpbmEgPSAwOw0KCQllWzFdID0ga20gKiAwLjAwMzsgLy9lbmVyZ2lhDQoJCWdbMV0gPSBrbSAqIDAuMDc7DQoJCWVbMl0gPSAxMjA7IC8vc2VndXJvDQoJCWdbMl0gPSAxMjA7DQoJCWVbM10gPSAwOyAvL21hbnRlbmltaWVudG8NCgkJZ1szXSA9IDEwMDsNCgkJZVs0XSA9IGVbMV0gKyAoZVsyXSArIGVbM10pLzEyIDsgLy90b3RhbCBtZW5zdWFsDQoJCWdbNF0gPSBnWzFdICsgKGdbMl0gKyBnWzNdKS8xMjsNCgkJZVs1XSA9IGdbNF0gLSBlWzRdOyAvL2Fob3JybyBtZW5zdWFsDQoJCWdbNV0gPSAwOw0KCQllWzZdID0gKGdbNF0gLSBlWzRdKSoxMjsgLy9haG9ycm8gYW51YWwNCgkJZ1s2XSA9IDA7DQoJCWZvciAoaSA9IDE7IGkgPD0gNjsgaSsrKSB7DQoJCQl2YXIgZWJyb2ggPSBwYXJzZUZsb2F0KGVbaV0pOw0KCQkJdmFyIGdhc29saW5hID0gcGFyc2VGbG9hdChnW2ldKTsJCQkNCgkJCWpRdWVyeSgnI2UnICsgaSkuaHRtbChlYnJvaC50b0ZpeGVkKDIpKTsNCgkJCWpRdWVyeSgnI2cnICsgaSkuaHRtbChnYXNvbGluYS50b0ZpeGVkKDIpKTsNCgkJfQ0KCQljb250ZW8oJy5jb21wYXJhdGl2YSBzcGFuJyk7DQoJCXNjcm9sbF90bygnLmNvbXBhcmF0aXZhJyk7DQoJfQ0KPC9zY3JpcHQ+DQoNCjxzdHlsZT4NCgkuc2VsZWNjaW9uIHsgbWFyZ2luLXRvcDoyMHB4OyBjb2xvcjojMDAwOyB9PGJyIC8+DQoJLnNlbGVjY2lvbiBwIHsgZGlzcGxheTppbmxpbmUtYmxvY2s7IHdpZHRoOjE3MHB4OyBwYWRkaW5nOjAgMCAxNXB4IDA7IG1hcmdpbjowOyB0ZXh0LXRyYW5zZm9ybTp1cHBlcmNhc2U7IH08YnIgLz4NCgkuc2VsZWNjaW9uIHAuaXB0IHsgd2lkdGg6Y2FsYygxMDAlIC0gMzc1cHgpOyBwb3NpdGlvbjpyZWxhdGl2ZTsgbWFyZ2luOjAgMTBweDsgfTxiciAvPg0KCS5zZWxlY2Npb24gcC5idHRuIHsgdGV4dC1hbGlnbjpyaWdodDsgfTxiciAvPg0KCS5zZWxlY2Npb24gI2Rpc3RhbmNpYSB7IHBhZGRpbmc6OXB4IDEwcHg7IHRleHQtdHJhbnNmb3JtOnVwcGVyY2FzZTsgYm9yZGVyOjFweCBzb2xpZCAjRUVFOyBib3JkZXItcmFkaXVzOjMwcHg7IHdpZHRoOjEwMCU7IH08YnIgLz4NCgkuc2VsZWNjaW9uIC5rbSB7IGRpc3BsYXk6aW5saW5lLWJsb2NrOyBiYWNrZ3JvdW5kLWNvbG9yOiNGRkY7IHBvc2l0aW9uOmFic29sdXRlOyB0b3A6MXB4OyByaWdodDoxNXB4OyB0ZXh0LXRyYW5zZm9ybTp1cHBlcmNhc2U7IHBhZGRpbmc6M3B4IDEycHggM3B4IDI0cHg7IGJvcmRlci1sZWZ0OiAxcHggc29saWQgI0VFRTsgfTxiciAvPg0KCS5zZWxlY2Npb24gI2NhbGN1bGFyIHsgaGVpZ2h0OjMwcHg7IHZlcnRpY2FsLWFsaWduOm1pZGRsZTsgbWFyZ2luLXRvcDo1cHg7IGxpbmUtaGVpZ2h0OjVweDsgZm9udC1zaXplOjE0cHg7IHBhZGRpbmc6MCAyMHB4ICFpbXBvcnRhbnQ7IH08YnIgLz4NCgkuY29tcGFyYXRpdmEgdGFibGUgeyB3aWR0aDoxMDAlOyBib3JkZXI6bm9uZSAhaW1wb3J0YW50OyBib3JkZXItc3BhY2luZzogNnB4ICFpbXBvcnRhbnQ7IGJvcmRlci1jb2xsYXBzZTogc2VwYXJhdGUgIWltcG9ydGFudDsgYmFja2dyb3VuZC1jb2xvcjojRkZGOyBtYXJnaW4tYm90dG9tOjA7IH08YnIgLz4NCgkuY29tcGFyYXRpdmEgdGgsIC5jb21wYXJhdGl2YSB0ZCB7IGZvbnQtc2l6ZToyMHB4OyB3aWR0aDozMyU7IG1hcmdpbjo1cHg7IGJvcmRlcjpub25lOyB9PGJyIC8+DQoJLmNvbXBhcmF0aXZhIHRoLCAuY29tcGFyYXRpdmEgdGQuZWJyb2gsIC5jb21wYXJhdGl2YSB0ZC5nYXNvbGluYSB7IHRleHQtYWxpZ246Y2VudGVyOyB9PGJyIC8+DQoJLmNvbXBhcmF0aXZhIHRoLmVicm9oLCAuY29tcGFyYXRpdmEgdGQuZWJyb2ggeyBjb2xvcjojZmM0MDEzOyB9PGJyIC8+DQoJLmNvbXBhcmF0aXZhIHRyOm50aC1jaGlsZChldmVuKSB7IGJhY2tncm91bmQtY29sb3I6I2VmZWZlZjsgfTxiciAvPg0KCS5jb21wYXJhdGl2YSB0cjpudGgtY2hpbGQoZXZlbikgdGQgeyBwYWRkaW5nLXRvcDoxMnB4OyBwYWRkaW5nLWJvdHRvbToxMnB4OyB9PGJyIC8+DQoJLmNvbXBhcmF0aXZhIHNwYW4jYjUsIC5jb21wYXJhdGl2YSBzcGFuI2I2IHsgZm9udC13ZWlnaHQ6Ym9sZDsgfTxiciAvPg0KCS5jb21wYXJhdGl2YSAuc29tYnJhIHsgZm9udC1zaXplOiAwOyB3aWR0aDogOTklOyBoZWlnaHQ6IDMwcHg7IGJvcmRlci10b3A6IDFweCBzb2xpZCAjZGRkOyBwb3NpdGlvbjogcmVsYXRpdmU7IG92ZXJmbG93OiBoaWRkZW47IG1hcmdpbjowIGF1dG87IH08YnIgLz4NCgkuY29tcGFyYXRpdmEgLnNvbWJyYTo6YWZ0ZXIgeyBjb250ZW50OiAnICc7IGRpc3BsYXk6IGJsb2NrOyBoZWlnaHQ6IDYwcHg7IGJveC1zaGFkb3c6IDBweCAxMnB4IDEycHggM3B4IHJnYmEoMCwwLDAsMC4wOSk7IGJvcmRlci1yYWRpdXM6IDc1JTsgcG9zaXRpb246IHJlbGF0aXZlOyB0b3A6IC02MHB4OzxiciAvPg0KCX08YnIgLz4NCglAbWVkaWEgc2NyZWVuIGFuZCAobWF4LXdpZHRoOiA3NjZweCkgezxiciAvPg0KCQkuc2VsZWNjaW9uIC5kc3QgeyBkaXNwbGF5OmlubGluZS1ibG9jazsgY2xlYXI6Ym90aDsgd2lkdGg6MTAwJTsgcGFkZGluZy1ib3R0b206MDsgfTxiciAvPg0KCQkuc2VsZWNjaW9uIHAuaXB0IHsgbWFyZ2luLWxlZnQ6MCAhaW1wb3J0YW50OyB3aWR0aDo2MCUgIWltcG9ydGFudDsgfTxiciAvPg0KCX08YnIgLz4NCglAbWVkaWEgc2NyZWVuIGFuZCAobWF4LXdpZHRoOiA0ODBweCkgezxiciAvPg0KCQkuc2VsZWNjaW9uIHAuaXB0IHsgbWFyZ2luLWxlZnQ6MCAhaW1wb3J0YW50OyB3aWR0aDozMCUgIWltcG9ydGFudDsgfTxiciAvPg0KCQkuc2VsZWNjaW9uIC5rbSB7IGRpc3BsYXk6bm9uZTsgfTxiciAvPg0KCQkuY29tcGFyYXRpdmEgdGgsIC5jb21wYXJhdGl2YSB0ZCB7IGZvbnQtc2l6ZToxMnB4OyBsaW5lLWhlaWdodDoxNHB4OyB9PGJyIC8+DQoJfTxiciAvPg0KPC9zdHlsZT4NCjxkaXYgY2xhc3M9InNlbGVjY2lvbiI+DQo8cCBjbGFzcz0iZHN0Ij48bGFiZWwgZm9yPSJkaXN0YW5jaWEiPjxzcGFuIGNsYXNzPSJWSWl5aSIgbGFuZz0icGwiPjxzcGFuIGNsYXNzPSJKTHFKNGIgQ2hNazBiIiBkYXRhLWxhbmd1YWdlLWZvci1hbHRlcm5hdGl2ZXM9InBsIiBkYXRhLWxhbmd1YWdlLXRvLXRyYW5zbGF0ZS1pbnRvPSJlcyIgZGF0YS1waHJhc2UtaW5kZXg9IjAiPlByemVieXR5IGR5c3RhbnM6PC9zcGFuPjwvc3Bhbj48L2xhYmVsPjwvcD4NCjxwIGNsYXNzPSJpcHQiPjxpbnB1dCBpZD0iZGlzdGFuY2lhIiBuYW1lPSJkaXN0YW5jaWEiIHR5cGU9InRleHQiIHZhbHVlPSIwIiAvPg0KPHNwYW4gY2xhc3M9IlZJaXlpIiBsYW5nPSJwbCI+PHNwYW4gY2xhc3M9IkpMcUo0YiBDaE1rMGIiIGRhdGEtbGFuZ3VhZ2UtZm9yLWFsdGVybmF0aXZlcz0icGwiIGRhdGEtbGFuZ3VhZ2UtdG8tdHJhbnNsYXRlLWludG89ImVzIiBkYXRhLXBocmFzZS1pbmRleD0iMCI+a2lsb21ldHLDs3c8L3NwYW4+PC9zcGFuPjwvcD4NCjxwIGNsYXNzPSJidHRuIj48aW5wdXQgaWQ9ImNhbGN1bGFyIiBjbGFzcz0iYnV0dG9uIiB0eXBlPSJidXR0b24iIHZhbHVlPSJDYWxjdWxhciIgLz48L3A+DQoNCjwvZGl2Pg0KPGRpdiBjbGFzcz0iY29tcGFyYXRpdmEiPg0KPHRhYmxlPg0KPHRib2R5Pg0KPHRyPg0KPHRoPjwvdGg+DQo8dGggY2xhc3M9ImVicm9oIj48c3BhbiBjbGFzcz0iVklpeWkiIGxhbmc9InBsIj48c3BhbiBjbGFzcz0iSkxxSjRiIENoTWswYiIgZGF0YS1sYW5ndWFnZS1mb3ItYWx0ZXJuYXRpdmVzPSJwbCIgZGF0YS1sYW5ndWFnZS10by10cmFuc2xhdGUtaW50bz0iZXMiIGRhdGEtcGhyYXNlLWluZGV4PSIwIj5TS1VURVIgRUxFS1RSWUNaTlk8L3NwYW4+PC9zcGFuPiBFQlJPSDwvdGg+DQo8dGggY2xhc3M9Imdhc29saW5hIj48c3BhbiBjbGFzcz0iVklpeWkiIGxhbmc9InBsIj48c3BhbiBjbGFzcz0iSkxxSjRiIENoTWswYiIgZGF0YS1sYW5ndWFnZS1mb3ItYWx0ZXJuYXRpdmVzPSJwbCIgZGF0YS1sYW5ndWFnZS10by10cmFuc2xhdGUtaW50bz0iZXMiIGRhdGEtcGhyYXNlLWluZGV4PSIwIj5TS1VURVIgQkVOWllOT1dZPC9zcGFuPjwvc3Bhbj48L3RoPg0KPC90cj4NCjx0cj4NCjx0ZD5FTkVSR0lBPC90ZD4NCjx0ZCBjbGFzcz0iZWJyb2giPjxzcGFuIGlkPSJlMSI+MDwvc3Bhbj4g4oKsPC90ZD4NCjx0ZCBjbGFzcz0iZ2Fzb2xpbmEiPjxzcGFuIGlkPSJnMSI+MDwvc3Bhbj4g4oKsPC90ZD4NCjwvdHI+DQo8dHI+DQo8dGQ+PHNwYW4gY2xhc3M9IlZJaXlpIiBsYW5nPSJwbCI+PHNwYW4gY2xhc3M9IkpMcUo0YiBDaE1rMGIiIGRhdGEtbGFuZ3VhZ2UtZm9yLWFsdGVybmF0aXZlcz0icGwiIGRhdGEtbGFuZ3VhZ2UtdG8tdHJhbnNsYXRlLWludG89ImVzIiBkYXRhLXBocmFzZS1pbmRleD0iMCI+QkVaUElFQ1pOWTwvc3Bhbj48L3NwYW4+PC90ZD4NCjx0ZCBjbGFzcz0iZWJyb2giPjxzcGFuIGlkPSJlMiI+MDwvc3Bhbj4g4oKsPC90ZD4NCjx0ZCBjbGFzcz0iZ2Fzb2xpbmEiPjxzcGFuIGlkPSJnMiI+MDwvc3Bhbj4g4oKsPC90ZD4NCjwvdHI+DQo8dHI+DQo8dGQ+PHNwYW4gY2xhc3M9IlZJaXlpIiBsYW5nPSJwbCI+PHNwYW4gY2xhc3M9IkpMcUo0YiBDaE1rMGIiIGRhdGEtbGFuZ3VhZ2UtZm9yLWFsdGVybmF0aXZlcz0icGwiIGRhdGEtbGFuZ3VhZ2UtdG8tdHJhbnNsYXRlLWludG89ImVzIiBkYXRhLXBocmFzZS1pbmRleD0iMCI+S09OU0VSV0FDSkE8L3NwYW4+PC9zcGFuPjwvdGQ+DQo8dGQgY2xhc3M9ImVicm9oIj48c3BhbiBpZD0iZTMiPjA8L3NwYW4+IOKCrDwvdGQ+DQo8dGQgY2xhc3M9Imdhc29saW5hIj48c3BhbiBpZD0iZzMiPjA8L3NwYW4+IOKCrDwvdGQ+DQo8L3RyPg0KPHRyPg0KPHRkPjxzcGFuIGNsYXNzPSJWSWl5aSIgbGFuZz0icGwiPjxzcGFuIGNsYXNzPSJKTHFKNGIgQ2hNazBiIiBkYXRhLWxhbmd1YWdlLWZvci1hbHRlcm5hdGl2ZXM9InBsIiBkYXRhLWxhbmd1YWdlLXRvLXRyYW5zbGF0ZS1pbnRvPSJlcyIgZGF0YS1waHJhc2UtaW5kZXg9IjAiPlJBWkVNIE1JRVNJxJhDWk5JRTwvc3Bhbj48L3NwYW4+PC90ZD4NCjx0ZCBjbGFzcz0iZWJyb2giPjxzcGFuIGlkPSJlNCI+MDwvc3Bhbj4g4oKsPC90ZD4NCjx0ZCBjbGFzcz0iZ2Fzb2xpbmEiPjxzcGFuIGlkPSJnNCI+MDwvc3Bhbj4g4oKsPC90ZD4NCjwvdHI+DQo8dHI+DQo8dGQ+PHNwYW4gY2xhc3M9IlZJaXlpIiBsYW5nPSJwbCI+PHNwYW4gY2xhc3M9IkpMcUo0YiBDaE1rMGIiIGRhdGEtbGFuZ3VhZ2UtZm9yLWFsdGVybmF0aXZlcz0icGwiIGRhdGEtbGFuZ3VhZ2UtdG8tdHJhbnNsYXRlLWludG89ImVzIiBkYXRhLXBocmFzZS1pbmRleD0iMCI+TUlFU0nEmENaTkUgT1NaQ1rEmEROT8WaQ0k8L3NwYW4+PC9zcGFuPjwvdGQ+DQo8dGQgY2xhc3M9ImVicm9oIj48c3BhbiBpZD0iZTUiPjA8L3NwYW4+IOKCrDwvdGQ+DQo8dGQgY2xhc3M9Imdhc29saW5hIj48L3RkPg0KPC90cj4NCjx0cj4NCjx0ZD48c3BhbiBjbGFzcz0iVklpeWkiIGxhbmc9InBsIj48c3BhbiBjbGFzcz0iSkxxSjRiIENoTWswYiIgZGF0YS1sYW5ndWFnZS1mb3ItYWx0ZXJuYXRpdmVzPSJwbCIgZGF0YS1sYW5ndWFnZS10by10cmFuc2xhdGUtaW50bz0iZXMiIGRhdGEtcGhyYXNlLWluZGV4PSIwIj5ST0NaTkUgT1NaQ1rEmEROT8WaQ0k8L3NwYW4+PC9zcGFuPjwvdGQ+DQo8dGQgY2xhc3M9ImVicm9oIj48c3BhbiBpZD0iZTYiPjA8L3NwYW4+IOKCrDwvdGQ+DQo8dGQgY2xhc3M9Imdhc29saW5hIj48L3RkPg0KPC90cj4NCjwvdGJvZHk+DQo8L3RhYmxlPg0KPGRpdiBjbGFzcz0ic29tYnJhIj48L2Rpdj4NCjwvZGl2Pg==[\/vc_raw_html][vc_column_text]<\/p>\n<h6 style=\"text-align: center;\"><span style=\"color: #999999;\"><em><span class=\"VIiyi\" lang=\"pl\"><span class=\"JLqJ4b ChMk0b\" data-language-for-alternatives=\"pl\" data-language-to-translate-into=\"es\" data-phrase-index=\"0\">Dane maj\u0105 charakter szacunkowy i w \u017cadnym wypadku nie oznaczaj\u0105 zobowi\u0105zania dla naszej firmy.<\/span><\/span><\/em><\/span><\/h6>\n<p>&nbsp;[\/vc_column_text][\/vc_column][\/vc_row]<\/p>\n<\/section>","protected":false},"excerpt":{"rendered":"<p>[vc_row][vc_column][vc_column_text]Wprowad\u017a miesi\u0119czny dystans w kilometrach, aby zobaczy\u0107 oszcz\u0119dno\u015bci[\/vc_column_text][vc_raw_html]PHNjcmlwdD4NCglmdW5jdGlvbiBzY3JvbGxfdG8oeCl7DQoJCXZhciBodCA9IGpRdWVyeSgnI2hlYWRlcicpLmhlaWdodCgpOw0KCQl2YXIgdHAgPSBqUXVlcnkoeCkub2Zmc2V0KCkudG9wIC0gaHQgKyAzOw0KCQlpZihqUXVlcnkoeCkubGVuZ3RoIDwgMSl7IHJldHVybiBmYWxzZTsgfQ0KCQlqUXVlcnkoW2RvY3VtZW50LmRvY3VtZW50RWxlbWVudCwgZG9jdW1lbnQuYm9keV0pLmFuaW1hdGUoew0KCQkJc2Nyb2xsVG9wOiB0cA0KCQl9LCAxMjAwKTsNCgl9DQoJDQoJZnVuY3Rpb24gY29udGVvKHgpew0KCQlqUXVlcnkoeCkuZWFjaChmdW5jdGlvbiAoKSB7DQoJCSAgdmFyICR0aGlzID0galF1ZXJ5KHRoaXMpOw0KCQkgIGpRdWVyeSh7IGNvdW50ZXI6IDAgfSkuYW5pbWF0ZSh7IGNvdW50ZXI6ICR0aGlzLnRleHQoKSB9LCB7DQoJCSAgICBkdXJhdGlvbjogNTAwLA0KCQkgICAgZWFzaW5nOiAnc3dpbmcnLA0KCQkgICAgc3RlcDogZnVuY3Rpb24gKCkgew0KCQkgICAgICAkdGhpcy50ZXh0KHRoaXMuY291bnRlci50b0ZpeGVkKDIpKTsNCgkJICAgIH0sDQoJCQljb21wbGV0ZTogZnVuY3Rpb24oKXsNCgkJCQkkdGhpcy50ZXh0KHRoaXMuY291bnRlci50b0ZpeGVkKDIpLnRvU3RyaW5nKCkucmVwbGFjZSgnLicsJywnKSk7DQoJCQl9DQoJCSAgfSk7DQoJCX0pOw0KCX0NCgkNCglmdW5jdGlvbiBjYWxjdWxhcigpew0KCQl2YXIga20gPSBqUXVlcnkoJyNkaXN0YW5jaWEnKS52YWwoKS5yZXBsYWNlKCcsJywnLicpOw0KCQl2YXIgZSA9IHt9OyB2YXIgZyA9IHt9Ow0KCQl2YXIgZWJyb2ggPSAwOyB2YXIgZ2Fzb2xpbmEgPSAwOw0KCQllWzFdID0ga20gKiAwLjAwMzsgLy9lbmVyZ2lhDQoJCWdbMV0gPSBrbSAqIDAuMDc7DQoJCWVbMl0gPSAxMjA7IC8vc2VndXJvDQoJCWdbMl0gPSAxMjA7DQoJCWVbM10gPSAwOyAvL21hbnRlbmltaWVudG8NCgkJZ1szXSA9IDEwMDsNCgkJZVs0XSA9IGVbMV0gKyAoZVsyXSArIGVbM10pLzEyIDsgLy90b3RhbCBtZW5zdWFsDQoJCWdbNF0gPSBnWzFdICsgKGdbMl0gKyBnWzNdKS8xMjsNCgkJZVs1XSA9IGdbNF0gLSBlWzRdOyAvL2Fob3JybyBtZW5zdWFsDQoJCWdbNV0gPSAwOw0KCQllWzZdID0gKGdbNF0gLSBlWzRdKSoxMjsgLy9haG9ycm8gYW51YWwNCgkJZ1s2XSA9IDA7DQoJCWZvciAoaSA9IDE7IGkgPD0gNjsgaSsrKSB7DQoJCQl2YXIgZWJyb2ggPSBwYXJzZUZsb2F0KGVbaV0pOw0KCQkJdmFyIGdhc29saW5hID0gcGFyc2VGbG9hdChnW2ldKTsJCQkNCgkJCWpRdWVyeSgnI2UnICsgaSkuaHRtbChlYnJvaC50b0ZpeGVkKDIpKTsNCgkJCWpRdWVyeSgnI2cnICsgaSkuaHRtbChnYXNvbGluYS50b0ZpeGVkKDIpKTsNCgkJfQ0KCQljb250ZW8oJy5jb21wYXJhdGl2YSBzcGFuJyk7DQoJCXNjcm9sbF90bygnLmNvbXBhcmF0aXZhJyk7DQoJfQ0KPC9zY3JpcHQ+DQoNCjxzdHlsZT4NCgkuc2VsZWNjaW9uIHsgbWFyZ2luLXRvcDoyMHB4OyBjb2xvcjojMDAwOyB9PGJyIC8+DQoJLnNlbGVjY2lvbiBwIHsgZGlzcGxheTppbmxpbmUtYmxvY2s7IHdpZHRoOjE3MHB4OyBwYWRkaW5nOjAgMCAxNXB4IDA7IG1hcmdpbjowOyB0ZXh0LXRyYW5zZm9ybTp1cHBlcmNhc2U7IH08YnIgLz4NCgkuc2VsZWNjaW9uIHAuaXB0IHsgd2lkdGg6Y2FsYygxMDAlIC0gMzc1cHgpOyBwb3NpdGlvbjpyZWxhdGl2ZTsgbWFyZ2luOjAgMTBweDsgfTxiciAvPg0KCS5zZWxlY2Npb24gcC5idHRuIHsgdGV4dC1hbGlnbjpyaWdodDsgfTxiciAvPg0KCS5zZWxlY2Npb24gI2Rpc3RhbmNpYSB7IHBhZGRpbmc6OXB4IDEwcHg7IHRleHQtdHJhbnNmb3JtOnVwcGVyY2FzZTsgYm9yZGVyOjFweCBzb2xpZCAjRUVFOyBib3JkZXItcmFkaXVzOjMwcHg7IHdpZHRoOjEwMCU7IH08YnIgLz4NCgkuc2VsZWNjaW9uIC5rbSB7IGRpc3BsYXk6aW5saW5lLWJsb2NrOyBiYWNrZ3JvdW5kLWNvbG9yOiNGRkY7IHBvc2l0aW9uOmFic29sdXRlOyB0b3A6MXB4OyByaWdodDoxNXB4OyB0ZXh0LXRyYW5zZm9ybTp1cHBlcmNhc2U7IHBhZGRpbmc6M3B4IDEycHggM3B4IDI0cHg7IGJvcmRlci1sZWZ0OiAxcHggc29saWQgI0VFRTsgfTxiciAvPg0KCS5zZWxlY2Npb24gI2NhbGN1bGFyIHsgaGVpZ2h0OjMwcHg7IHZlcnRpY2FsLWFsaWduOm1pZGRsZTsgbWFyZ2luLXRvcDo1cHg7IGxpbmUtaGVpZ2h0OjVweDsgZm9udC1zaXplOjE0cHg7IHBhZGRpbmc6MCAyMHB4ICFpbXBvcnRhbnQ7IH08YnIgLz4NCgkuY29tcGFyYXRpdmEgdGFibGUgeyB3aWR0aDoxMDAlOyBib3JkZXI6bm9uZSAhaW1wb3J0YW50OyBib3JkZXItc3BhY2luZzogNnB4ICFpbXBvcnRhbnQ7IGJvcmRlci1jb2xsYXBzZTogc2VwYXJhdGUgIWltcG9ydGFudDsgYmFja2dyb3VuZC1jb2xvcjojRkZGOyBtYXJnaW4tYm90dG9tOjA7IH08YnIgLz4NCgkuY29tcGFyYXRpdmEgdGgsIC5jb21wYXJhdGl2YSB0ZCB7IGZvbnQtc2l6ZToyMHB4OyB3aWR0aDozMyU7IG1hcmdpbjo1cHg7IGJvcmRlcjpub25lOyB9PGJyIC8+DQoJLmNvbXBhcmF0aXZhIHRoLCAuY29tcGFyYXRpdmEgdGQuZWJyb2gsIC5jb21wYXJhdGl2YSB0ZC5nYXNvbGluYSB7IHRleHQtYWxpZ246Y2VudGVyOyB9PGJyIC8+DQoJLmNvbXBhcmF0aXZhIHRoLmVicm9oLCAuY29tcGFyYXRpdmEgdGQuZWJyb2ggeyBjb2xvcjojZmM0MDEzOyB9PGJyIC8+DQoJLmNvbXBhcmF0aXZhIHRyOm50aC1jaGlsZChldmVuKSB7IGJhY2tncm91bmQtY29sb3I6I2VmZWZlZjsgfTxiciAvPg0KCS5jb21wYXJhdGl2YSB0cjpudGgtY2hpbGQoZXZlbikgdGQgeyBwYWRkaW5nLXRvcDoxMnB4OyBwYWRkaW5nLWJvdHRvbToxMnB4OyB9PGJyIC8+DQoJLmNvbXBhcmF0aXZhIHNwYW4jYjUsIC5jb21wYXJhdGl2YSBzcGFuI2I2IHsgZm9udC13ZWlnaHQ6Ym9sZDsgfTxiciAvPg0KCS5jb21wYXJhdGl2YSAuc29tYnJhIHsgZm9udC1zaXplOiAwOyB3aWR0aDogOTklOyBoZWlnaHQ6IDMwcHg7IGJvcmRlci10b3A6IDFweCBzb2xpZCAjZGRkOyBwb3NpdGlvbjogcmVsYXRpdmU7IG92ZXJmbG93OiBoaWRkZW47IG1hcmdpbjowIGF1dG87IH08YnIgLz4NCgkuY29tcGFyYXRpdmEgLnNvbWJyYTo6YWZ0ZXIgeyBjb250ZW50OiAnICc7IGRpc3BsYXk6IGJsb2NrOyBoZWlnaHQ6IDYwcHg7IGJveC1zaGFkb3c6IDBweCAxMnB4IDEycHggM3B4IHJnYmEoMCwwLDAsMC4wOSk7IGJvcmRlci1yYWRpdXM6IDc1JTsgcG9zaXRpb246IHJlbGF0aXZlOyB0b3A6IC02MHB4OzxiciAvPg0KCX08YnIgLz4NCglAbWVkaWEgc2NyZWVuIGFuZCAobWF4LXdpZHRoOiA3NjZweCkgezxiciAvPg0KCQkuc2VsZWNjaW9uIC5kc3QgeyBkaXNwbGF5OmlubGluZS1ibG9jazsgY2xlYXI6Ym90aDsgd2lkdGg6MTAwJTsgcGFkZGluZy1ib3R0b206MDsgfTxiciAvPg0KCQkuc2VsZWNjaW9uIHAuaXB0IHsgbWFyZ2luLWxlZnQ6MCAhaW1wb3J0YW50OyB3aWR0aDo2MCUgIWltcG9ydGFudDsgfTxiciAvPg0KCX08YnIgLz4NCglAbWVkaWEgc2NyZWVuIGFuZCAobWF4LXdpZHRoOiA0ODBweCkgezxiciAvPg0KCQkuc2VsZWNjaW9uIHAuaXB0IHsgbWFyZ2luLWxlZnQ6MCAhaW1wb3J0YW50OyB3aWR0aDozMCUgIWltcG9ydGFudDsgfTxiciAvPg0KCQkuc2VsZWNjaW9uIC5rbSB7IGRpc3BsYXk6bm9uZTsgfTxiciAvPg0KCQkuY29tcGFyYXRpdmEgdGgsIC5jb21wYXJhdGl2YSB0ZCB7IGZvbnQtc2l6ZToxMnB4OyBsaW5lLWhlaWdodDoxNHB4OyB9PGJyIC8+DQoJfTxiciAvPg0KPC9zdHlsZT4NCjxkaXYgY2xhc3M9InNlbGVjY2lvbiI+DQo8cCBjbGFzcz0iZHN0Ij48bGFiZWwgZm9yPSJkaXN0YW5jaWEiPjxzcGFuIGNsYXNzPSJWSWl5aSIgbGFuZz0icGwiPjxzcGFuIGNsYXNzPSJKTHFKNGIgQ2hNazBiIiBkYXRhLWxhbmd1YWdlLWZvci1hbHRlcm5hdGl2ZXM9InBsIiBkYXRhLWxhbmd1YWdlLXRvLXRyYW5zbGF0ZS1pbnRvPSJlcyIgZGF0YS1waHJhc2UtaW5kZXg9IjAiPlByemVieXR5IGR5c3RhbnM6PC9zcGFuPjwvc3Bhbj48L2xhYmVsPjwvcD4NCjxwIGNsYXNzPSJpcHQiPjxpbnB1dCBpZD0iZGlzdGFuY2lhIiBuYW1lPSJkaXN0YW5jaWEiIHR5cGU9InRleHQiIHZhbHVlPSIwIiAvPg0KPHNwYW4gY2xhc3M9IlZJaXlpIiBsYW5nPSJwbCI+PHNwYW4gY2xhc3M9IkpMcUo0YiBDaE1rMGIiIGRhdGEtbGFuZ3VhZ2UtZm9yLWFsdGVybmF0aXZlcz0icGwiIGRhdGEtbGFuZ3VhZ2UtdG8tdHJhbnNsYXRlLWludG89ImVzIiBkYXRhLXBocmFzZS1pbmRleD0iMCI+a2lsb21ldHLDs3c8L3NwYW4+PC9zcGFuPjwvcD4NCjxwIGNsYXNzPSJidHRuIj48aW5wdXQgaWQ9ImNhbGN1bGFyIiBjbGFzcz0iYnV0dG9uIiB0eXBlPSJidXR0b24iIHZhbHVlPSJDYWxjdWxhciIgLz48L3A+DQoNCjwvZGl2Pg0KPGRpdiBjbGFzcz0iY29tcGFyYXRpdmEiPg0KPHRhYmxlPg0KPHRib2R5Pg0KPHRyPg0KPHRoPjwvdGg+DQo8dGggY2xhc3M9ImVicm9oIj48c3BhbiBjbGFzcz0iVklpeWkiIGxhbmc9InBsIj48c3BhbiBjbGFzcz0iSkxxSjRiIENoTWswYiIgZGF0YS1sYW5ndWFnZS1mb3ItYWx0ZXJuYXRpdmVzPSJwbCIgZGF0YS1sYW5ndWFnZS10by10cmFuc2xhdGUtaW50bz0iZXMiIGRhdGEtcGhyYXNlLWluZGV4PSIwIj5TS1VURVIgRUxFS1RSWUNaTlk8L3NwYW4+PC9zcGFuPiBFQlJPSDwvdGg+DQo8dGggY2xhc3M9Imdhc29saW5hIj48c3BhbiBjbGFzcz0iVklpeWkiIGxhbmc9InBsIj48c3BhbiBjbGFzcz0iSkxxSjRiIENoTWswYiIgZGF0YS1sYW5ndWFnZS1mb3ItYWx0ZXJuYXRpdmVzPSJwbCIgZGF0YS1sYW5ndWFnZS10by10cmFuc2xhdGUtaW50bz0iZXMiIGRhdGEtcGhyYXNlLWluZGV4PSIwIj5TS1VURVIgQkVOWllOT1dZPC9zcGFuPjwvc3Bhbj48L3RoPg0KPC90cj4NCjx0cj4NCjx0ZD5FTkVSR0lBPC90ZD4NCjx0ZCBjbGFzcz0iZWJyb2giPjxzcGFuIGlkPSJlMSI+MDwvc3Bhbj4g4oKsPC90ZD4NCjx0ZCBjbGFzcz0iZ2Fzb2xpbmEiPjxzcGFuIGlkPSJnMSI+MDwvc3Bhbj4g4oKsPC90ZD4NCjwvdHI+DQo8dHI+DQo8dGQ+PHNwYW4gY2xhc3M9IlZJaXlpIiBsYW5nPSJwbCI+PHNwYW4gY2xhc3M9IkpMcUo0YiBDaE1rMGIiIGRhdGEtbGFuZ3VhZ2UtZm9yLWFsdGVybmF0aXZlcz0icGwiIGRhdGEtbGFuZ3VhZ2UtdG8tdHJhbnNsYXRlLWludG89ImVzIiBkYXRhLXBocmFzZS1pbmRleD0iMCI+QkVaUElFQ1pOWTwvc3Bhbj48L3NwYW4+PC90ZD4NCjx0ZCBjbGFzcz0iZWJyb2giPjxzcGFuIGlkPSJlMiI+MDwvc3Bhbj4g4oKsPC90ZD4NCjx0ZCBjbGFzcz0iZ2Fzb2xpbmEiPjxzcGFuIGlkPSJnMiI+MDwvc3Bhbj4g4oKsPC90ZD4NCjwvdHI+DQo8dHI+DQo8dGQ+PHNwYW4gY2xhc3M9IlZJaXlpIiBsYW5nPSJwbCI+PHNwYW4gY2xhc3M9IkpMcUo0YiBDaE1rMGIiIGRhdGEtbGFuZ3VhZ2UtZm9yLWFsdGVybmF0aXZlcz0icGwiIGRhdGEtbGFuZ3VhZ2UtdG8tdHJhbnNsYXRlLWludG89ImVzIiBkYXRhLXBocmFzZS1pbmRleD0iMCI+S09OU0VSV0FDSkE8L3NwYW4+PC9zcGFuPjwvdGQ+DQo8dGQgY2xhc3M9ImVicm9oIj48c3BhbiBpZD0iZTMiPjA8L3NwYW4+IOKCrDwvdGQ+DQo8dGQgY2xhc3M9Imdhc29saW5hIj48c3BhbiBpZD0iZzMiPjA8L3NwYW4+IOKCrDwvdGQ+DQo8L3RyPg0KPHRyPg0KPHRkPjxzcGFuIGNsYXNzPSJWSWl5aSIgbGFuZz0icGwiPjxzcGFuIGNsYXNzPSJKTHFKNGIgQ2hNazBiIiBkYXRhLWxhbmd1YWdlLWZvci1hbHRlcm5hdGl2ZXM9InBsIiBkYXRhLWxhbmd1YWdlLXRvLXRyYW5zbGF0ZS1pbnRvPSJlcyIgZGF0YS1waHJhc2UtaW5kZXg9IjAiPlJBWkVNIE1JRVNJxJhDWk5JRTwvc3Bhbj48L3NwYW4+PC90ZD4NCjx0ZCBjbGFzcz0iZWJyb2giPjxzcGFuIGlkPSJlNCI+MDwvc3Bhbj4g4oKsPC90ZD4NCjx0ZCBjbGFzcz0iZ2Fzb2xpbmEiPjxzcGFuIGlkPSJnNCI+MDwvc3Bhbj4g4oKsPC90ZD4NCjwvdHI+DQo8dHI+DQo8dGQ+PHNwYW4gY2xhc3M9IlZJaXlpIiBsYW5nPSJwbCI+PHNwYW4gY2xhc3M9IkpMcUo0YiBDaE1rMGIiIGRhdGEtbGFuZ3VhZ2UtZm9yLWFsdGVybmF0aXZlcz0icGwiIGRhdGEtbGFuZ3VhZ2UtdG8tdHJhbnNsYXRlLWludG89ImVzIiBkYXRhLXBocmFzZS1pbmRleD0iMCI+TUlFU0nEmENaTkUgT1NaQ1rEmEROT8WaQ0k8L3NwYW4+PC9zcGFuPjwvdGQ+DQo8dGQgY2xhc3M9ImVicm9oIj48c3BhbiBpZD0iZTUiPjA8L3NwYW4+IOKCrDwvdGQ+DQo8dGQgY2xhc3M9Imdhc29saW5hIj48L3RkPg0KPC90cj4NCjx0cj4NCjx0ZD48c3BhbiBjbGFzcz0iVklpeWkiIGxhbmc9InBsIj48c3BhbiBjbGFzcz0iSkxxSjRiIENoTWswYiIgZGF0YS1sYW5ndWFnZS1mb3ItYWx0ZXJuYXRpdmVzPSJwbCIgZGF0YS1sYW5ndWFnZS10by10cmFuc2xhdGUtaW50bz0iZXMiIGRhdGEtcGhyYXNlLWluZGV4PSIwIj5ST0NaTkUgT1NaQ1rEmEROT8WaQ0k8L3NwYW4+PC9zcGFuPjwvdGQ+DQo8dGQgY2xhc3M9ImVicm9oIj48c3BhbiBpZD0iZTYiPjA8L3NwYW4+IOKCrDwvdGQ+DQo8dGQgY2xhc3M9Imdhc29saW5hIj48L3RkPg0KPC90cj4NCjwvdGJvZHk+DQo8L3RhYmxlPg0KPGRpdiBjbGFzcz0ic29tYnJhIj48L2Rpdj4NCjwvZGl2Pg==[\/vc_raw_html][vc_column_text] Dane maj\u0105 charakter szacunkowy i w \u017cadnym wypadku nie oznaczaj\u0105 zobowi\u0105zania dla naszej firmy. &nbsp;[\/vc_column_text][\/vc_column][\/vc_row]<\/p>\n","protected":false},"author":1,"featured_media":0,"parent":0,"menu_order":0,"comment_status":"closed","ping_status":"closed","template":"","meta":{"footnotes":""},"class_list":["post-12342","page","type-page","status-publish","hentry"],"_links":{"self":[{"href":"https:\/\/ebroh.eu\/pl\/wp-json\/wp\/v2\/pages\/12342","targetHints":{"allow":["GET"]}}],"collection":[{"href":"https:\/\/ebroh.eu\/pl\/wp-json\/wp\/v2\/pages"}],"about":[{"href":"https:\/\/ebroh.eu\/pl\/wp-json\/wp\/v2\/types\/page"}],"author":[{"embeddable":true,"href":"https:\/\/ebroh.eu\/pl\/wp-json\/wp\/v2\/users\/1"}],"replies":[{"embeddable":true,"href":"https:\/\/ebroh.eu\/pl\/wp-json\/wp\/v2\/comments?post=12342"}],"version-history":[{"count":2,"href":"https:\/\/ebroh.eu\/pl\/wp-json\/wp\/v2\/pages\/12342\/revisions"}],"predecessor-version":[{"id":12344,"href":"https:\/\/ebroh.eu\/pl\/wp-json\/wp\/v2\/pages\/12342\/revisions\/12344"}],"wp:attachment":[{"href":"https:\/\/ebroh.eu\/pl\/wp-json\/wp\/v2\/media?parent=12342"}],"curies":[{"name":"wp","href":"https:\/\/api.w.org\/{rel}","templated":true}]}}