{"id":12162,"date":"2020-12-02T16:29:54","date_gmt":"2020-12-02T14:29:54","guid":{"rendered":"https:\/\/ebroh.es\/charakterystyka-bravo-gle\/"},"modified":"2021-06-25T15:01:29","modified_gmt":"2021-06-25T13:01:29","slug":"charakterystyka-bravo-gle","status":"publish","type":"page","link":"https:\/\/ebroh.eu\/pl\/charakterystyka-bravo-gle\/","title":{"rendered":"Naked Elektryczna"},"content":{"rendered":"<section class=\"wpb-content-wrapper\"><p>[vc_row full_width=&#8221;stretch_row_content_no_spaces&#8221; full_height=&#8221;yes&#8221; columns_placement=&#8221;stretch&#8221; equal_height=&#8221;yes&#8221; content_placement=&#8221;middle&#8221; video_bg=&#8221;yes&#8221; video_bg_url=&#8221;https:\/\/www.youtube.com\/watch?v=8HtJYaW0dgE&#8221; css=&#8221;.vc_custom_1592209763465{padding-top: 0px !important;padding-bottom: 0px !important;}&#8221; el_id=&#8221;home-video&#8221;][vc_column]<div class=\"vntd-icon-box vntd-content-element box-centered-outline icon-size-lg box-centered box-with-bg bg-color-custom  animated vntd-animated  icon-box-with-link\" data-animation=\"fadeIn\" data-animation-delay=\"3000\"><a href=\"https:\/\/ebroh.es\/productos\/naked-electricas\/bravo-gle\/\" target=\"_self\"><div class=\"icon-box-icon color-dark\"><i class=\"fa fa-heart-o\"><\/i><\/div><div class=\"icon-box-content\"><h5 class=\"icon-box-title\"style=\"color:ffffff!important;\"><\/h5><p class=\"icon-description\"><\/p><\/div><\/a><\/div>[vc_column_text css_animation=&#8221;appear&#8221; font_size=&#8221;xlarger&#8221;]<\/p>\n<h1 style=\"text-align: center;\"><span style=\"color: #999999;\"><span class=\"VIiyi\" lang=\"pl\"><span class=\"JLqJ4b ChMk0b\" data-language-for-alternatives=\"pl\" data-language-to-translate-into=\"es\" data-phrase-index=\"0\">Nowy<\/span><\/span><strong>\u00a0BRAVO GLE<\/strong><\/span><\/h1>\n<h2 style=\"text-align: center;\"><span style=\"color: #00ffff;\"><span class=\"VIiyi\" lang=\"pl\"><span class=\"JLqJ4b ChMk0b\" data-language-for-alternatives=\"pl\" data-language-to-translate-into=\"es\" data-phrase-index=\"0\">Elektryczne serce<\/span><\/span><\/span><\/h2>\n<p>[\/vc_column_text][\/vc_column][\/vc_row][vc_row full_width=&#8221;stretch_row_content&#8221; css=&#8221;.vc_custom_1542911284138{margin-bottom: 30px !important;}&#8221;][vc_column width=&#8221;1\/6&#8243;][\/vc_column][vc_column width=&#8221;2\/3&#8243;][vc_custom_heading text=&#8221;Model elektryczny NAKED BRAVO GLE&#8221; font_container=&#8221;tag:h2|font_size:46px|text_align:center&#8221; use_theme_fonts=&#8221;yes&#8221;][vc_separator][vc_column_text font_size=&#8221;xlarge&#8221; el_class=&#8221;claim&#8221;]<span class=\"VIiyi\" lang=\"pl\"><span class=\"JLqJ4b ChMk0b\" data-language-for-alternatives=\"pl\" data-language-to-translate-into=\"es\" data-phrase-index=\"0\">Projekt <strong>Ebroh Bravo GLE<\/strong> rozpocz\u0105\u0142 si\u0119 prawie dwa lata temu od jego homologacji w Hiszpanii, w zak\u0142adach IDIADA w Tarragonie, co stworzy\u0142o podstaw\u0119 do opracowania pierwszego elektrycznego motocykla sportowego opracowanego w Hiszpanii.<\/span><\/span><\/p>\n<p><span class=\"VIiyi\" lang=\"pl\"> <span class=\"JLqJ4b ChMk0b\" data-language-for-alternatives=\"pl\" data-language-to-translate-into=\"es\" data-phrase-index=\"2\">Profil elektrycznego <strong>Ebroh Bravo GLE<\/strong> to wizerunek motocykla, kt\u00f3ry pozostaje w naszej siatk\u00f3wce, sylwetka nowoczesnego i sportowego motocykla.<\/span> <span class=\"JLqJ4b ChMk0b\" data-language-for-alternatives=\"pl\" data-language-to-translate-into=\"es\" data-phrase-index=\"3\"><strong>Ebroh<\/strong> zdecydowa\u0142 si\u0119 na podej\u015bcie czysto \u201eSport Touring\u201d dla swojego pierwszego motocykla elektrycznego, opracowanego i dostrojonego w Saragossie na ca\u0142y rynek europejski.<\/span> <span class=\"JLqJ4b ChMk0b\" data-language-for-alternatives=\"pl\" data-language-to-translate-into=\"es\" data-phrase-index=\"4\"><strong>Ebroh Bravo GLE<\/strong> wpisuje si\u0119 w ten trend, kt\u00f3ry wyst\u0119puje w wi\u0119kszo\u015bci wielofunkcyjnych rower\u00f3w sportowych.<\/span> <span class=\"JLqJ4b ChMk0b\" data-language-for-alternatives=\"pl\" data-language-to-translate-into=\"es\" data-phrase-index=\"5\">\u0141agodz\u0105 one twoj\u0105 postaw\u0119 za kierownic\u0105, staraj\u0105c si\u0119 przyj\u0105\u0107 bardziej ergonomiczn\u0105 pozycj\u0119 za kierownic\u0105, a tym samym minimalizuj\u0105 w jak najwi\u0119kszym stopniu zm\u0119czenie podczas pokonywania kilometr\u00f3w.<\/span><\/span><\/p>\n<h1 style=\"text-align: center;\"><span style=\"color: #808080;\"><strong><span class=\"VIiyi\" lang=\"pl\"><span class=\"JLqJ4b ChMk0b\" data-language-for-alternatives=\"pl\" data-language-to-translate-into=\"es\" data-phrase-index=\"0\">ODKRY\u0106<\/span><\/span><\/strong><\/span><\/h1>\n<p>[\/vc_column_text][\/vc_column][vc_column width=&#8221;1\/6&#8243;][\/vc_column][\/vc_row][vc_row css=&#8221;.vc_custom_1542282900615{margin-top: 0px !important;margin-bottom: 0px !important;border-bottom-width: 0px !important;padding-top: 0px !important;}&#8221;][vc_column width=&#8221;1\/3&#8243; css=&#8221;.vc_custom_1542282847412{margin-bottom: 0px !important;padding-bottom: 0px !important;}&#8221;][vc_images_carousel images=&#8221;12461,12629,12184&#8243; img_size=&#8221;medium&#8221; onclick=&#8221;link_no&#8221; speed=&#8221;2500&#8243; autoplay=&#8221;yes&#8221; hide_pagination_control=&#8221;yes&#8221; hide_prev_next_buttons=&#8221;yes&#8221; wrap=&#8221;yes&#8221; css_animation=&#8221;fadeIn&#8221;][\/vc_column][vc_column width=&#8221;1\/3&#8243;][vc_images_carousel images=&#8221;12623,12622,12621&#8243; img_size=&#8221;medium&#8221; onclick=&#8221;link_no&#8221; speed=&#8221;2500&#8243; autoplay=&#8221;yes&#8221; hide_pagination_control=&#8221;yes&#8221; hide_prev_next_buttons=&#8221;yes&#8221; wrap=&#8221;yes&#8221; css_animation=&#8221;fadeIn&#8221;][\/vc_column][vc_column width=&#8221;1\/3&#8243;][vc_images_carousel images=&#8221;12624,12626,12625&#8243; img_size=&#8221;medium&#8221; onclick=&#8221;link_no&#8221; speed=&#8221;2500&#8243; autoplay=&#8221;yes&#8221; hide_pagination_control=&#8221;yes&#8221; hide_prev_next_buttons=&#8221;yes&#8221; wrap=&#8221;yes&#8221; css_animation=&#8221;fadeIn&#8221;][\/vc_column][\/vc_row][vc_row full_width=&#8221;stretch_row_content&#8221; equal_height=&#8221;yes&#8221;][vc_column width=&#8221;1\/6&#8243;][\/vc_column][vc_column width=&#8221;2\/3&#8243; col_padding_side=&#8221;top_bottom&#8221;][vc_row_inner equal_height=&#8221;yes&#8221; content_placement=&#8221;middle&#8221; el_class=&#8221;caracteristicas&#8221;][vc_column_inner width=&#8221;1\/2&#8243;][vc_single_image image=&#8221;12181&#8243; img_size=&#8221;500&#215;500&#8243; alignment=&#8221;center&#8221; onclick=&#8221;zoom&#8221; css_animation=&#8221;fadeIn&#8221;][\/vc_column_inner][vc_column_inner width=&#8221;1\/2&#8243;][vc_custom_heading text=&#8221;Du\u017ce wymiary&#8221; font_container=&#8221;tag:h2|text_align:center&#8221; use_theme_fonts=&#8221;yes&#8221; link=&#8221;url:https%3A%2F%2Febroh.es%2Fproductos%2Fnaked-electricas%2Fbravo-gle%2F|&#8221;][vc_column_text font_size=&#8221;xlarge&#8221;]<\/p>\n<div class=\"J0lOec\" style=\"text-align: center;\"><span class=\"VIiyi\" lang=\"pl\"><span class=\"JLqJ4b ChMk0b\" data-language-for-alternatives=\"pl\" data-language-to-translate-into=\"es\" data-phrase-index=\"0\">Og\u00f3lne wymiary nowego <strong>Ebroh Bravo GLE<\/strong> zosta\u0142y hojnie narysowane.<\/span> <span class=\"JLqJ4b ChMk0b\" data-language-for-alternatives=\"pl\" data-language-to-translate-into=\"es\" data-phrase-index=\"1\">Jego wymiary to 2060 mm d\u0142ugo\u015bci i 1110 mm wysoko\u015bci.<\/span> <span class=\"JLqJ4b ChMk0b\" data-language-for-alternatives=\"pl\" data-language-to-translate-into=\"es\" data-phrase-index=\"2\">Rozstaw osi 1410 mm.<\/span> <span class=\"JLqJ4b ChMk0b\" data-language-for-alternatives=\"pl\" data-language-to-translate-into=\"es\" data-phrase-index=\"3\">Jego waga to 147 kg.<\/span> <\/span><\/div>\n<div class=\"J0lOec\" style=\"text-align: center;\"><span class=\"VIiyi\" lang=\"pl\"><span class=\"JLqJ4b ChMk0b\" data-language-for-alternatives=\"pl\" data-language-to-translate-into=\"es\" data-phrase-index=\"5\">Rama sk\u0142ada si\u0119 z podw\u00f3jnej g\u00f3rnej ko\u0142yski i drugiej dolnej, obejmuj\u0105cej akumulator niklowo-kobaltowy z czterech stron.<\/span> <span class=\"JLqJ4b ChMk0b\" data-language-for-alternatives=\"pl\" data-language-to-translate-into=\"es\" data-phrase-index=\"6\">Stalowa konstrukcja rurowa, kt\u00f3ra opr\u00f3cz lekko\u015bci zapewnia nam stabilno\u015b\u0107, sztywno\u015b\u0107 i odporno\u015b\u0107 na skr\u0119canie.<\/span><\/span><\/div>\n<div class=\"UdTY9 Yb6eTe\" style=\"text-align: center;\" aria-hidden=\"true\" data-location=\"2\">\n<div class=\"kO6q6e\"><\/div>\n<\/div>\n<div class=\"BdDRKe\">\n<div class=\"aJIq1d DSmisd\" data-language-code=\"pl\" data-language-name=\"polaco\" data-text=\"Og\u00f3lne wymiary nowego Ebroh Bravo GLE zosta\u0142y hojnie narysowane. Jego wymiary to 2060 mm d\u0142ugo\u015bci i 1110 mm wysoko\u015bci. Rozstaw osi 1410 mm. Jego waga to 147 kg.\n\nRama sk\u0142ada si\u0119 z podw\u00f3jnej g\u00f3rnej ko\u0142yski i drugiej dolnej, obejmuj\u0105cej akumulator niklowo-kobaltowy z czterech stron. Stalowa konstrukcja rurowa, kt\u00f3ra opr\u00f3cz lekko\u015bci zapewnia nam stabilno\u015b\u0107, sztywno\u015b\u0107 i odporno\u015b\u0107 na skr\u0119canie.\" data-crosslingual-hint=\"\" data-location=\"2\" data-enable-toggle-playback-speed=\"true\"><\/p>\n<div data-show-delay-ms=\"250\" data-append-to-body=\"true\" data-propagate-tooltip-mouseover-events=\"true\" data-anchor-corner=\"bottom-left\" data-popup-corner=\"top-left\">\n<div style=\"text-align: center;\"><\/div>\n<\/div>\n<\/div>\n<\/div>\n<div class=\"aJIq1d DSmisd\" data-language-code=\"pl\" data-language-name=\"polaco\" data-text=\"Og\u00f3lne wymiary nowego Ebroh Bravo GLE zosta\u0142y hojnie narysowane. Jego wymiary to 2060 mm d\u0142ugo\u015bci i 1110 mm wysoko\u015bci. Rozstaw osi 1410 mm. Jego waga to 147 kg.\n\nRama sk\u0142ada si\u0119 z podw\u00f3jnej g\u00f3rnej ko\u0142yski i drugiej dolnej, obejmuj\u0105cej akumulator niklowo-kobaltowy z czterech stron. Stalowa konstrukcja rurowa, kt\u00f3ra opr\u00f3cz lekko\u015bci zapewnia nam stabilno\u015b\u0107, sztywno\u015b\u0107 i odporno\u015b\u0107 na skr\u0119canie.\" data-crosslingual-hint=\"\" data-location=\"2\" data-enable-toggle-playback-speed=\"true\"><\/p>\n<div data-show-delay-ms=\"250\" data-append-to-body=\"true\" data-propagate-tooltip-mouseover-events=\"true\" data-anchor-corner=\"bottom-left\" data-popup-corner=\"top-left\"><\/div>\n<\/div>\n<div data-show-delay-ms=\"250\" data-append-to-body=\"true\" data-propagate-tooltip-mouseover-events=\"true\" data-anchor-corner=\"bottom-left\" data-popup-corner=\"top-left\">\n<div><\/div>\n<\/div>\n<p>[\/vc_column_text][\/vc_column_inner][\/vc_row_inner][\/vc_column][vc_column width=&#8221;1\/6&#8243;][\/vc_column][\/vc_row][vc_row full_width=&#8221;stretch_row_content&#8221; equal_height=&#8221;yes&#8221;][vc_column width=&#8221;1\/6&#8243;][\/vc_column][vc_column width=&#8221;2\/3&#8243; col_padding_side=&#8221;top_bottom&#8221;][vc_row_inner equal_height=&#8221;yes&#8221; content_placement=&#8221;middle&#8221; el_class=&#8221;caracteristicas&#8221;][vc_column_inner width=&#8221;1\/2&#8243;][vc_custom_heading text=&#8221;Cz\u0119\u015b\u0107 cyklu&#8221; font_container=&#8221;tag:h2|text_align:center&#8221; use_theme_fonts=&#8221;yes&#8221; link=&#8221;url:https%3A%2F%2Febroh.es%2Fproductos%2Fnaked-electricas%2Fbravo-gle%2F|&#8221;][vc_column_text font_size=&#8221;xlarger&#8221;]<\/p>\n<p style=\"text-align: center;\"><span class=\"VIiyi\" lang=\"pl\"><span class=\"JLqJ4b ChMk0b\" data-language-for-alternatives=\"pl\" data-language-to-translate-into=\"es\" data-phrase-index=\"0\">Do <strong>Ebroh Bravo GLE<\/strong> dobrano widelec hydrauliczny o \u015brednicy 35 mm bez regulacji.<\/span> <span class=\"JLqJ4b ChMk0b\" data-language-for-alternatives=\"pl\" data-language-to-translate-into=\"es\" data-phrase-index=\"1\">Sztyce s\u0105 r\u00f3wnie\u017c oversize, o rozmiarze 194 mm.<\/span> <span class=\"JLqJ4b ChMk0b\" data-language-for-alternatives=\"pl\" data-language-to-translate-into=\"es\" data-phrase-index=\"2\">mi\u0119dzy \u015brodkami kotew pr\u0119ta wieszaka.<\/span> <span class=\"JLqJ4b ChMk0b\" data-language-for-alternatives=\"pl\" data-language-to-translate-into=\"es\" data-phrase-index=\"3\">Za nim jest prosty monoshock o skoku 100 mm.<\/span> <span class=\"JLqJ4b ChMk0b\" data-language-for-alternatives=\"pl\" data-language-to-translate-into=\"es\" data-phrase-index=\"4\">Cz\u0119\u015b\u0107 rowerow\u0105 uzupe\u0142nia dobre wyposa\u017cenie w obr\u0119cze (17 &#8221;), ko\u0142a (110\/70 z przodu; 140\/70 z ty\u0142u), opony bezd\u0119tkowe i podw\u00f3jne hamulce tarczowe na przednim kole oraz podw\u00f3jne r\u00f3wnoleg\u0142e zaciski t\u0142okowe i pojedyncz\u0105 tarcz\u0119<\/span> <span class=\"JLqJ4b ChMk0b\" data-language-for-alternatives=\"pl\" data-language-to-translate-into=\"es\" data-phrase-index=\"5\">za.<\/span> <span class=\"JLqJ4b ChMk0b\" data-language-for-alternatives=\"pl\" data-language-to-translate-into=\"es\" data-phrase-index=\"6\">Zawiera system dystrybucji hamowania CBS.<\/span><\/span><\/p>\n<p>[\/vc_column_text][\/vc_column_inner][vc_column_inner width=&#8221;1\/2&#8243;][vc_single_image image=&#8221;12182&#8243; img_size=&#8221;500&#215;500&#8243; alignment=&#8221;center&#8221; onclick=&#8221;zoom&#8221; css_animation=&#8221;fadeIn&#8221;][\/vc_column_inner][\/vc_row_inner][\/vc_column][vc_column width=&#8221;1\/6&#8243;][\/vc_column][\/vc_row][vc_row full_width=&#8221;stretch_row_content&#8221; equal_height=&#8221;yes&#8221;][vc_column width=&#8221;1\/6&#8243;][\/vc_column][vc_column width=&#8221;2\/3&#8243; col_padding_side=&#8221;top_bottom&#8221;][vc_row_inner equal_height=&#8221;yes&#8221; content_placement=&#8221;middle&#8221; el_class=&#8221;caracteristicas&#8221;][vc_column_inner width=&#8221;1\/2&#8243;][vc_single_image image=&#8221;12180&#8243; img_size=&#8221;500&#215;500&#8243; alignment=&#8221;center&#8221; onclick=&#8221;zoom&#8221; css_animation=&#8221;fadeIn&#8221;][\/vc_column_inner][vc_column_inner width=&#8221;1\/2&#8243;][vc_custom_heading text=&#8221;Centralna bateria i silnik @Brushless 5kW&#8221; font_container=&#8221;tag:h2|text_align:center&#8221; use_theme_fonts=&#8221;yes&#8221; link=&#8221;url:https%3A%2F%2Febroh.es%2Fproductos%2Fnaked-electricas%2Fbravo-gle%2F|&#8221;][vc_column_text font_size=&#8221;xlarger&#8221;]<br \/>\nCentralna bateria litowo-jonowa tr\u00f3jsk\u0142adnikowa, Ni-Co, 72V 80Ah, o \u0142\u0105cznej wadze 35 Kg Centralne po\u0142o\u017cenie oraz w dolnej cz\u0119\u015bci <strong>Bravo GLE<\/strong> sprzyja stabilno\u015bci, kontroli bezw\u0142adno\u015bci i obci\u0105\u017cenia podczas ruch\u00f3w . Uk\u0142ad \u0142adowania jest monitorowany, pracuje z napi\u0119ciem z domowej instalacji. \u0141adowarka jest zewn\u0119trzna, a \u015bredni czas pe\u0142nego na\u0142adowania to oko\u0142o 5 godzin.<\/p>\n<p>Silnik pracuje z napi\u0119ciem 72V i daje 5kW. Jest to silnik synchroniczny \u201ebezszczotkowy\u201d. Pod wzgl\u0119dem osi\u0105g\u00f3w maksymalna pr\u0119dko\u015b\u0107 <strong>Ebroh Bravo GL<\/strong>E wynosi 90 km \/ hi oferuje zasi\u0119g 100 km.<br \/>\n[\/vc_column_text][\/vc_column_inner][\/vc_row_inner][\/vc_column][vc_column width=&#8221;1\/6&#8243;][\/vc_column][\/vc_row][vc_row full_width=&#8221;stretch_row_content&#8221; equal_height=&#8221;yes&#8221;][vc_column width=&#8221;1\/6&#8243;][\/vc_column][vc_column width=&#8221;2\/3&#8243; col_padding_side=&#8221;top_bottom&#8221;][vc_row_inner equal_height=&#8221;yes&#8221; content_placement=&#8221;middle&#8221; el_class=&#8221;caracteristicas&#8221;][vc_column_inner width=&#8221;1\/2&#8243;][vc_custom_heading text=&#8221;Sterowanie, oprzyrz\u0105dowanie i o\u015bwietlenie.&#8221; font_container=&#8221;tag:h2|text_align:center&#8221; use_theme_fonts=&#8221;yes&#8221; link=&#8221;url:https%3A%2F%2Febroh.es%2Fproductos%2Fnaked-electricas%2Fbravo-gle%2F|&#8221;][vc_column_text font_size=&#8221;xlarger&#8221;]<\/p>\n<p style=\"text-align: center;\"><span class=\"VIiyi\" lang=\"pl\"><span class=\"JLqJ4b ChMk0b\" data-language-for-alternatives=\"pl\" data-language-to-translate-into=\"es\" data-phrase-index=\"0\">Ka\u017cda d\u017awignia w <strong>Bravo GLE<\/strong> uruchamia hamulce na ka\u017cdej osi, rezygnuj\u0105c ze skrzyni bieg\u00f3w i d\u017awigni sprz\u0119g\u0142a typowej dla silnik\u00f3w benzynowych.<\/span> <\/span><\/p>\n<p style=\"text-align: center;\"><span class=\"VIiyi\" lang=\"pl\"><span class=\"JLqJ4b ChMk0b\" data-language-for-alternatives=\"pl\" data-language-to-translate-into=\"es\" data-phrase-index=\"1\">Posiada pokr\u0119t\u0142o do wyboru trybu jazdy, jazdy do ty\u0142u, miasta, autostrady lub pozycji neutralnej.<\/span> <span class=\"JLqJ4b ChMk0b\" data-language-for-alternatives=\"pl\" data-language-to-translate-into=\"es\" data-phrase-index=\"3\">Oprzyrz\u0105dowanie jest ujednolicone w centralnym zegarze cyfrowym z pr\u0119dko\u015bciomierzem, licznikiem przebiegu, poziomem na\u0142adowania akumulatora, zegarem oraz wska\u017anikami \u015bwiate\u0142, kierunkowskaz\u00f3w i wybranego trybu jazdy.<\/span> <\/span><\/p>\n<p style=\"text-align: center;\"><span class=\"VIiyi\" lang=\"pl\"><span class=\"JLqJ4b ChMk0b\" data-language-for-alternatives=\"pl\" data-language-to-translate-into=\"es\" data-phrase-index=\"5\">\u015awiat\u0142a przednie, tylne i kierunkowskazy wykonane s\u0105 z diod LED.<\/span> <span class=\"JLqJ4b ChMk0b\" data-language-for-alternatives=\"pl\" data-language-to-translate-into=\"es\" data-phrase-index=\"6\">Centralny reflektor sk\u0142ada si\u0119 z podw\u00f3jnej elipsoidalnej optyki, r\u00f3wnie\u017c LED.<\/span><\/span><\/p>\n<p>[\/vc_column_text][\/vc_column_inner][vc_column_inner width=&#8221;1\/2&#8243;][vc_single_image image=&#8221;12179&#8243; img_size=&#8221;500&#215;500&#8243; alignment=&#8221;center&#8221; onclick=&#8221;zoom&#8221; css_animation=&#8221;fadeIn&#8221;][\/vc_column_inner][\/vc_row_inner][\/vc_column][vc_column width=&#8221;1\/6&#8243;][\/vc_column][\/vc_row][vc_row][vc_column][vc_gallery type=&#8221;image_grid&#8221; images=&#8221;12175,12176,12177,12178&#8243; img_size=&#8221;medium&#8221; css_animation=&#8221;fadeIn&#8221;][vc_custom_heading text=&#8221;I\u015a\u0106 DO SKLEPU&#8221; font_container=&#8221;tag:h3|text_align:center|color:%23df4104&#8243; use_theme_fonts=&#8221;yes&#8221; css_animation=&#8221;fadeInRight&#8221; link=&#8221;url:https%3A%2F%2Febroh.es%2Fproductos%2Fnaked-electricas%2Fbravo-gle%2F|&#8221;][\/vc_column][\/vc_row]<\/p>\n<\/section>","protected":false},"excerpt":{"rendered":"<p>[vc_row full_width=&#8221;stretch_row_content_no_spaces&#8221; full_height=&#8221;yes&#8221; columns_placement=&#8221;stretch&#8221; equal_height=&#8221;yes&#8221; content_placement=&#8221;middle&#8221; video_bg=&#8221;yes&#8221; video_bg_url=&#8221;https:\/\/www.youtube.com\/watch?v=8HtJYaW0dgE&#8221; css=&#8221;.vc_custom_1592209763465{padding-top: 0px !important;padding-bottom: 0px !important;}&#8221; el_id=&#8221;home-video&#8221;][vc_column][vc_column_text css_animation=&#8221;appear&#8221; font_size=&#8221;xlarger&#8221;] Nowy\u00a0BRAVO GLE Elektryczne serce [\/vc_column_text][\/vc_column][\/vc_row][vc_row full_width=&#8221;stretch_row_content&#8221; css=&#8221;.vc_custom_1542911284138{margin-bottom: 30px !important;}&#8221;][vc_column width=&#8221;1\/6&#8243;][\/vc_column][vc_column width=&#8221;2\/3&#8243;][vc_custom_heading text=&#8221;Model elektryczny NAKED BRAVO GLE&#8221; font_container=&#8221;tag:h2|font_size:46px|text_align:center&#8221; use_theme_fonts=&#8221;yes&#8221;][vc_separator][vc_column_text font_size=&#8221;xlarge&#8221; el_class=&#8221;claim&#8221;]Projekt Ebroh Bravo GLE rozpocz\u0105\u0142 si\u0119 prawie dwa lata temu od jego homologacji w Hiszpanii, [&hellip;]<\/p>\n","protected":false},"author":3,"featured_media":0,"parent":0,"menu_order":0,"comment_status":"closed","ping_status":"closed","template":"","meta":{"footnotes":""},"class_list":["post-12162","page","type-page","status-publish","hentry"],"_links":{"self":[{"href":"https:\/\/ebroh.eu\/pl\/wp-json\/wp\/v2\/pages\/12162","targetHints":{"allow":["GET"]}}],"collection":[{"href":"https:\/\/ebroh.eu\/pl\/wp-json\/wp\/v2\/pages"}],"about":[{"href":"https:\/\/ebroh.eu\/pl\/wp-json\/wp\/v2\/types\/page"}],"author":[{"embeddable":true,"href":"https:\/\/ebroh.eu\/pl\/wp-json\/wp\/v2\/users\/3"}],"replies":[{"embeddable":true,"href":"https:\/\/ebroh.eu\/pl\/wp-json\/wp\/v2\/comments?post=12162"}],"version-history":[{"count":7,"href":"https:\/\/ebroh.eu\/pl\/wp-json\/wp\/v2\/pages\/12162\/revisions"}],"predecessor-version":[{"id":16985,"href":"https:\/\/ebroh.eu\/pl\/wp-json\/wp\/v2\/pages\/12162\/revisions\/16985"}],"wp:attachment":[{"href":"https:\/\/ebroh.eu\/pl\/wp-json\/wp\/v2\/media?parent=12162"}],"curies":[{"name":"wp","href":"https:\/\/api.w.org\/{rel}","templated":true}]}}