{"id":9961,"date":"2020-10-19T11:07:30","date_gmt":"2020-10-19T09:07:30","guid":{"rendered":"https:\/\/ebroh.es\/e-scooters\/"},"modified":"2021-12-09T16:34:14","modified_gmt":"2021-12-09T14:34:14","slug":"e-scooters","status":"publish","type":"page","link":"https:\/\/ebroh.eu\/it\/e-scooters\/","title":{"rendered":"E-Scooters"},"content":{"rendered":"<section class=\"wpb-content-wrapper\"><p>[vc_row full_width=&#8221;stretch_row_content_no_spaces&#8221; full_height=&#8221;yes&#8221; columns_placement=&#8221;stretch&#8221; equal_height=&#8221;yes&#8221; content_placement=&#8221;middle&#8221; video_bg=&#8221;yes&#8221; video_bg_url=&#8221;https:\/\/www.youtube.com\/watch?v=hky76zovTzc&#8221; css=&#8221;.vc_custom_1613383231588{padding-top: 0px !important;padding-bottom: 0px !important;}&#8221; el_id=&#8221;home-video&#8221;][vc_column]<div class=\"vntd-icon-box vntd-content-element box-centered-outline icon-size-lg box-centered box-with-bg bg-color-custom  animated vntd-animated\" data-animation=\"fadeIn\" data-animation-delay=\"3000\"><div class=\"icon-box-icon color-dark\"><i class=\"fa fa-heart-o\"><\/i><\/div><div class=\"icon-box-content\"><h5 class=\"icon-box-title\"style=\"color:ffffff!important;\"><\/h5><p class=\"icon-description\"><\/p><\/div><\/div>[vc_column_text css_animation=&#8221;appear&#8221; font_size=&#8221;xlarger&#8221;]<\/p>\n<h1 style=\"text-align: center;\"><span style=\"color: #999999;\"><span style=\"color: #ffffff;\"><strong>EBROH <\/strong><\/span><strong>SCOOTERS<\/strong><\/span><\/h1>\n<h2 style=\"text-align: center;\"><span style=\"color: #00ffff;\"><span class=\"tlid-translation translation\" lang=\"it\"><span class=\"\" title=\"\">ELETTRICO<\/span><\/span><\/span><\/h2>\n<p>[\/vc_column_text][\/vc_column][\/vc_row][vc_row full_width=&#8221;stretch_row_content&#8221; css=&#8221;.vc_custom_1542911284138{margin-bottom: 30px !important;}&#8221;][vc_column width=&#8221;1\/6&#8243;][\/vc_column][vc_column width=&#8221;2\/3&#8243;][vc_custom_heading text=&#8221;Modelli EBROH ELETTRICI&#8221; font_container=&#8221;tag:h2|font_size:46px|text_align:center&#8221; use_theme_fonts=&#8221;yes&#8221;][vc_separator][vc_column_text font_size=&#8221;xlarge&#8221; el_class=&#8221;claim&#8221;]<\/p>\n<p><span class=\"tlid-translation translation\" lang=\"it\"><span title=\"\">Consapevole dell&#8217;importanza e delle potenzialit\u00e0 degli scooter elettrici, l&#8217;azienda con capitale spagnola al 100% Ebroh nasce con la vocazione di diventare autentici specialisti in alternative di mobilit\u00e0 elettrica, offrendo al mercato diverse gamme di scooter elettrici, sia per la loro tipologia di utilizzo che per<\/span> <span title=\"\">la segmentazione dei prezzi.<\/span> <span class=\"\" title=\"\">Tant&#8217;\u00e8 che Ebroh si definisce \u201cThe Electric Bike and Scooter Company\u201d, con la ferma intenzione di essere un punto di riferimento nelle motociclette elettriche.<\/span><\/span><\/p>\n<h1 style=\"text-align: center;\"><span style=\"color: #808080;\"><strong><span class=\"tlid-translation translation\" lang=\"it\"><span class=\"\" title=\"\">SCOPRIRE<\/span><\/span><\/strong><\/span><\/h1>\n<p>[\/vc_column_text][\/vc_column][vc_column width=&#8221;1\/6&#8243;][\/vc_column][\/vc_row][vc_row css=&#8221;.vc_custom_1542282900615{margin-top: 0px !important;margin-bottom: 0px !important;border-bottom-width: 0px !important;padding-top: 0px !important;}&#8221;][vc_column width=&#8221;1\/3&#8243; css=&#8221;.vc_custom_1542282847412{margin-bottom: 0px !important;padding-bottom: 0px !important;}&#8221;][vc_images_carousel images=&#8221;9316,9315,9355&#8243; img_size=&#8221;medium&#8221; onclick=&#8221;custom_link&#8221; custom_links_target=&#8221;_blank&#8221; speed=&#8221;2500&#8243; autoplay=&#8221;yes&#8221; hide_pagination_control=&#8221;yes&#8221; hide_prev_next_buttons=&#8221;yes&#8221; wrap=&#8221;yes&#8221; css_animation=&#8221;fadeIn&#8221; title=&#8221;Spuma Li 3K&#8221; custom_links=&#8221;#E-8_aHR0cHMlM0ElMkYlMkZlYnJvaC5lcyUyRml0JTJGcHJvZHVjdG9zJTJGZS1zY29vdGVycy1pdCUyRmVsZWt0cmlzY2hlLXNjb290ZXItc3B1bWEtbGklMkYlMkNodHRwcyUzQSUyRiUyRmVicm9oLmVzJTJGaXQlMkZwcm9kdWN0b3MlMkZlLXNjb290ZXJzLWl0JTJGZWxla3RyaXNjaGUtc2Nvb3Rlci1zcHVtYS1saSUyRiUyQ2h0dHBzJTNBJTJGJTJGZWJyb2guZXMlMkZpdCUyRnByb2R1Y3RvcyUyRmUtc2Nvb3RlcnMtaXQlMkZlbGVrdHJpc2NoZS1zY29vdGVyLXNwdW1hLWxpJTJG&#8221;][\/vc_column][vc_column width=&#8221;1\/3&#8243;][vc_images_carousel images=&#8221;9369,9370,14587&#8243; img_size=&#8221;medium&#8221; onclick=&#8221;custom_link&#8221; custom_links_target=&#8221;_blank&#8221; speed=&#8221;2500&#8243; autoplay=&#8221;yes&#8221; hide_pagination_control=&#8221;yes&#8221; hide_prev_next_buttons=&#8221;yes&#8221; wrap=&#8221;yes&#8221; css_animation=&#8221;fadeIn&#8221; title=&#8221;Spuma Li 5K&#8221; custom_links=&#8221;#E-8_aHR0cHMlM0ElMkYlMkZlYnJvaC5lcyUyRml0JTJGcHJvZHVjdG9zJTJGZS1zY29vdGVycy1pdCUyRnNjb290ZXItZWxldHRyaWNvLXNwdW1hLWxpLTVrJTJGJTJDaHR0cHMlM0ElMkYlMkZlYnJvaC5lcyUyRml0JTJGcHJvZHVjdG9zJTJGZS1zY29vdGVycy1pdCUyRnNjb290ZXItZWxldHRyaWNvLXNwdW1hLWxpLTVrJTJGJTJDaHR0cHMlM0ElMkYlMkZlYnJvaC5lcyUyRml0JTJGcHJvZHVjdG9zJTJGZS1zY29vdGVycy1pdCUyRnNjb290ZXItZWxldHRyaWNvLXNwdW1hLWxpLTVrJTJG&#8221;][\/vc_column][vc_column width=&#8221;1\/3&#8243;][vc_images_carousel images=&#8221;9434,9437,9436&#8243; img_size=&#8221;medium&#8221; onclick=&#8221;custom_link&#8221; custom_links_target=&#8221;_blank&#8221; speed=&#8221;2500&#8243; autoplay=&#8221;yes&#8221; hide_pagination_control=&#8221;yes&#8221; hide_prev_next_buttons=&#8221;yes&#8221; wrap=&#8221;yes&#8221; css_animation=&#8221;fadeIn&#8221; title=&#8221;Club Comfort&#8221; custom_links=&#8221;#E-8_aHR0cHMlM0ElMkYlMkZlYnJvaC5lcyUyRml0JTJGcHJvZHVjdG9zJTJGZS1zY29vdGVycy1pdCUyRnNjb290ZXItZWxldHRyaWNvLWEtMy1ydW90ZS1jbHViLWNvbWZvcnQlMkYlMkNodHRwcyUzQSUyRiUyRmVicm9oLmVzJTJGaXQlMkZwcm9kdWN0b3MlMkZlLXNjb290ZXJzLWl0JTJGc2Nvb3Rlci1lbGV0dHJpY28tYS0zLXJ1b3RlLWNsdWItY29tZm9ydCUyRiUyQ2h0dHBzJTNBJTJGJTJGZWJyb2guZXMlMkZpdCUyRnByb2R1Y3RvcyUyRmUtc2Nvb3RlcnMtaXQlMkZzY29vdGVyLWVsZXR0cmljby1hLTMtcnVvdGUtY2x1Yi1jb21mb3J0JTJG&#8221;][\/vc_column][\/vc_row][vc_row css=&#8221;.vc_custom_1542282900615{margin-top: 0px !important;margin-bottom: 0px !important;border-bottom-width: 0px !important;padding-top: 0px !important;}&#8221;][vc_column width=&#8221;1\/3&#8243; css=&#8221;.vc_custom_1542282847412{margin-bottom: 0px !important;padding-bottom: 0px !important;}&#8221;][vc_images_carousel images=&#8221;9468,9464,9463&#8243; img_size=&#8221;medium&#8221; onclick=&#8221;custom_link&#8221; custom_links_target=&#8221;_blank&#8221; speed=&#8221;2500&#8243; autoplay=&#8221;yes&#8221; hide_pagination_control=&#8221;yes&#8221; hide_prev_next_buttons=&#8221;yes&#8221; wrap=&#8221;yes&#8221; css_animation=&#8221;fadeIn&#8221; title=&#8221;Strada Li&#8221; custom_links=&#8221;#E-8_aHR0cHMlM0ElMkYlMkZlYnJvaC5lcyUyRml0JTJGcHJvZHVjdG9zJTJGZS1zY29vdGVycy1pdCUyRnNjb290ZXItZWxlY3RyaWNvLXN0cmFkYS1saSUyRiUyQ2h0dHBzJTNBJTJGJTJGZWJyb2guZXMlMkZpdCUyRnByb2R1Y3RvcyUyRmUtc2Nvb3RlcnMtaXQlMkZzY29vdGVyLWVsZWN0cmljby1zdHJhZGEtbGklMkYlMkNodHRwcyUzQSUyRiUyRmVicm9oLmVzJTJGaXQlMkZwcm9kdWN0b3MlMkZlLXNjb290ZXJzLWl0JTJGc2Nvb3Rlci1lbGVjdHJpY28tc3RyYWRhLWxpJTJG&#8221;][\/vc_column][vc_column width=&#8221;1\/3&#8243;][vc_images_carousel images=&#8221;9543,9547,9546&#8243; img_size=&#8221;medium&#8221; onclick=&#8221;custom_link&#8221; custom_links_target=&#8221;_blank&#8221; speed=&#8221;2500&#8243; autoplay=&#8221;yes&#8221; hide_pagination_control=&#8221;yes&#8221; hide_prev_next_buttons=&#8221;yes&#8221; wrap=&#8221;yes&#8221; css_animation=&#8221;fadeIn&#8221; title=&#8221;Spuma Li Cargo&#8221; custom_links=&#8221;#E-8_aHR0cHMlM0ElMkYlMkZlYnJvaC5lcyUyRml0JTJGcHJvZHVjdG9zJTJGZS1zY29vdGVycy1pdCUyRnNjb290ZXItZWxldHRyaWNvLXNwdW1hLWxpLWNhcmdvJTJGJTJDaHR0cHMlM0ElMkYlMkZlYnJvaC5lcyUyRml0JTJGcHJvZHVjdG9zJTJGZS1zY29vdGVycy1pdCUyRnNjb290ZXItZWxldHRyaWNvLXNwdW1hLWxpLWNhcmdvJTJGJTJDaHR0cHMlM0ElMkYlMkZlYnJvaC5lcyUyRml0JTJGcHJvZHVjdG9zJTJGZS1zY29vdGVycy1pdCUyRnNjb290ZXItZWxldHRyaWNvLXNwdW1hLWxpLWNhcmdvJTJG&#8221;][\/vc_column][vc_column width=&#8221;1\/3&#8243;][vc_images_carousel images=&#8221;12707,9491,12704&#8243; img_size=&#8221;medium&#8221; onclick=&#8221;custom_link&#8221; custom_links_target=&#8221;_blank&#8221; speed=&#8221;2500&#8243; autoplay=&#8221;yes&#8221; hide_pagination_control=&#8221;yes&#8221; hide_prev_next_buttons=&#8221;yes&#8221; wrap=&#8221;yes&#8221; css_animation=&#8221;fadeIn&#8221; title=&#8221;Strada 20Th 10K&#8221; custom_links=&#8221;#E-8_aHR0cHMlM0ElMkYlMkZlYnJvaC5lcyUyRml0JTJGcHJvZHVjdG9zJTJGZS1tYXhpLXNjb290ZXJzLWl0JTJGc2Nvb3Rlci1lbGV0dHJpY28tc3RyYWRhLTIwdGgtMTBrJTJGJTJDaHR0cHMlM0ElMkYlMkZlYnJvaC5lcyUyRml0JTJGcHJvZHVjdG9zJTJGZS1tYXhpLXNjb290ZXJzLWl0JTJGc2Nvb3Rlci1lbGV0dHJpY28tc3RyYWRhLTIwdGgtMTBrJTJGJTJDaHR0cHMlM0ElMkYlMkZlYnJvaC5lcyUyRml0JTJGcHJvZHVjdG9zJTJGZS1tYXhpLXNjb290ZXJzLWl0JTJGc2Nvb3Rlci1lbGV0dHJpY28tc3RyYWRhLTIwdGgtMTBrJTJG&#8221;][\/vc_column][\/vc_row][vc_row full_width=&#8221;stretch_row_content&#8221; equal_height=&#8221;yes&#8221;][vc_column width=&#8221;1\/6&#8243;][\/vc_column][vc_column width=&#8221;2\/3&#8243; col_padding_side=&#8221;top_bottom&#8221;][vc_row_inner equal_height=&#8221;yes&#8221; content_placement=&#8221;middle&#8221; el_class=&#8221;caracteristicas&#8221;][vc_column_inner width=&#8221;1\/2&#8243;][vc_single_image image=&#8221;9318&#8243; img_size=&#8221;500&#215;500&#8243; alignment=&#8221;center&#8221; onclick=&#8221;zoom&#8221; css_animation=&#8221;fadeIn&#8221;][\/vc_column_inner][vc_column_inner width=&#8221;1\/2&#8243;][vc_custom_heading text=&#8221;Spuma Li 3K&#8221; font_container=&#8221;tag:h2|text_align:center&#8221; use_theme_fonts=&#8221;yes&#8221; link=&#8221;url:https%3A%2F%2Febroh.es%2Fit%2Fproductos%2Fe-scooters-it%2Felektrische-scooter-spuma-li%2F|title:Spuma%20Li|target:%20_blank|&#8221;][vc_column_text font_size=&#8221;xlarge&#8221;]<\/p>\n<p><span class=\"tlid-translation translation\" lang=\"it\"><span title=\"\"><strong>Spuma Li<\/strong> \u00e8 distribuito in Europa e Portogallo da Saragozza da <strong>Ebroh<\/strong>.<\/span> <span class=\"\" title=\"\">Il nostro dipartimento di ricerca e sviluppo ha scelto i migliori produttori di componenti per realizzare uno scooter ben progettato.<\/span> <span class=\"\" title=\"\">Offriamo una garanzia di due anni e un servizio completo, ricambi e assistenza accessori.<\/span><\/span><\/p>\n<p>[\/vc_column_text][\/vc_column_inner][\/vc_row_inner][\/vc_column][vc_column width=&#8221;1\/6&#8243;][\/vc_column][\/vc_row][vc_row full_width=&#8221;stretch_row_content&#8221; equal_height=&#8221;yes&#8221;][vc_column width=&#8221;1\/6&#8243;][\/vc_column][vc_column width=&#8221;2\/3&#8243; col_padding_side=&#8221;top_bottom&#8221;][vc_row_inner equal_height=&#8221;yes&#8221; content_placement=&#8221;middle&#8221; el_class=&#8221;caracteristicas&#8221;][vc_column_inner width=&#8221;1\/2&#8243;][vc_custom_heading text=&#8221;Spuma Li 5K&#8221; font_container=&#8221;tag:h2|text_align:center&#8221; use_theme_fonts=&#8221;yes&#8221; link=&#8221;url:https%3A%2F%2Febroh.es%2Fit%2Fproductos%2Fe-scooters-it%2Fscooter-elettrico-spuma-li-5k%2F|title:Spuma%20Li%205K|target:%20_blank|&#8221;][vc_column_text font_size=&#8221;xlarger&#8221;]<\/p>\n<p><span class=\"tlid-translation translation\" lang=\"it\"><span class=\"\" title=\"\">Modello Spuma Li pi\u00f9 potente, con motore elettrico BOSCH da 4700 W, tre modalit\u00e0 di alimentazione e due batterie rimovibili.<\/span> <span class=\"\" title=\"\">Ha un&#8217;autonomia fino a 80 km e una velocit\u00e0 massima di 80 km \/ h, equivalente a uno scooter a benzina da 125 cc.<\/span><\/span><\/p>\n<p>[\/vc_column_text][\/vc_column_inner][vc_column_inner width=&#8221;1\/2&#8243;][vc_single_image image=&#8221;9369&#8243; img_size=&#8221;500&#215;500&#8243; alignment=&#8221;center&#8221; onclick=&#8221;zoom&#8221; css_animation=&#8221;fadeIn&#8221;][\/vc_column_inner][\/vc_row_inner][\/vc_column][vc_column width=&#8221;1\/6&#8243;][\/vc_column][\/vc_row][vc_row full_width=&#8221;stretch_row_content&#8221; equal_height=&#8221;yes&#8221;][vc_column width=&#8221;1\/6&#8243;][\/vc_column][vc_column width=&#8221;2\/3&#8243; col_padding_side=&#8221;top_bottom&#8221;][vc_row_inner equal_height=&#8221;yes&#8221; content_placement=&#8221;middle&#8221; el_class=&#8221;caracteristicas&#8221;][vc_column_inner width=&#8221;1\/2&#8243;][vc_custom_heading text=&#8221;Club Comfort&#8221; font_container=&#8221;tag:h2|text_align:center&#8221; use_theme_fonts=&#8221;yes&#8221; link=&#8221;url:https%3A%2F%2Febroh.es%2Fit%2Fproductos%2Fe-scooters-it%2Fscooter-elettrico-a-3-ruote-club-comfort%2F|title:Bici%20a%20sospensione%20completa%20in%20carbonio%20Trail%20DS140|target:%20_blank|&#8221;][vc_column_text font_size=&#8221;xlarger&#8221;]<\/p>\n<p><span class=\"tlid-translation translation\" lang=\"it\"><span title=\"\">Il <strong>Club Comfort<\/strong>, uno scooter elettrico che unisce agilit\u00e0 e comfort.<\/span> <span class=\"\" title=\"\">Grazie alla sua configurazione a 3 ruote, offre una maggiore sicurezza.<\/span> <span class=\"\" title=\"\">Presenta una seduta anatomica che, grazie all&#8217;ampio schienale, garantisce il massimo comfort.<\/span> <span class=\"\" title=\"\">Doppia ottica posteriore, che fornisce una maggiore visibilit\u00e0 del veicolo da qualsiasi angolo di visione.<\/span><\/span><\/p>\n<p>[\/vc_column_text][\/vc_column_inner][vc_column_inner width=&#8221;1\/2&#8243;][vc_single_image image=&#8221;9434&#8243; img_size=&#8221;500&#215;500&#8243; alignment=&#8221;center&#8221; onclick=&#8221;zoom&#8221; css_animation=&#8221;fadeIn&#8221;][\/vc_column_inner][\/vc_row_inner][vc_row_inner equal_height=&#8221;yes&#8221; content_placement=&#8221;middle&#8221; el_class=&#8221;caracteristicas&#8221;][vc_column_inner width=&#8221;1\/2&#8243;][vc_single_image image=&#8221;9467&#8243; img_size=&#8221;500&#215;500&#8243; alignment=&#8221;center&#8221; onclick=&#8221;zoom&#8221; css_animation=&#8221;fadeIn&#8221;][\/vc_column_inner][vc_column_inner width=&#8221;1\/2&#8243;][vc_custom_heading text=&#8221;Strada Li&#8221; font_container=&#8221;tag:h2|text_align:center&#8221; use_theme_fonts=&#8221;yes&#8221; link=&#8221;url:https%3A%2F%2Febroh.es%2Fit%2Fproductos%2Fe-scooters-it%2Fscooter-electrico-strada-li%2F|title:Veracruz|target:%20_blank|&#8221;][vc_column_text font_size=&#8221;xlarger&#8221;]<\/p>\n<p><span class=\"tlid-translation translation\" lang=\"it\"><span title=\"\"><strong>Strada Li<\/strong> combina sostenibilit\u00e0 e comfort in parti uguali in uno scooter elettrico di tipo Sport.<\/span> <span class=\"\" title=\"\">Perfetto per guidare nella citt\u00e0 di oggi, con una batteria al litio, un motore Bosch da 3000 W e una velocit\u00e0 massima di 45 km \/ h.<\/span><\/span><\/p>\n<p>[\/vc_column_text][\/vc_column_inner][\/vc_row_inner][\/vc_column][vc_column width=&#8221;1\/6&#8243;][\/vc_column][\/vc_row][vc_row full_width=&#8221;stretch_row_content&#8221; equal_height=&#8221;yes&#8221;][vc_column width=&#8221;1\/6&#8243;][\/vc_column][vc_column width=&#8221;2\/3&#8243; col_padding_side=&#8221;top_bottom&#8221;][vc_row_inner equal_height=&#8221;yes&#8221; content_placement=&#8221;middle&#8221; el_class=&#8221;caracteristicas&#8221;][vc_column_inner width=&#8221;1\/2&#8243;][vc_custom_heading text=&#8221;Spuma Li Cargo&#8221; font_container=&#8221;tag:h2|text_align:center&#8221; use_theme_fonts=&#8221;yes&#8221; link=&#8221;url:https%3A%2F%2Febroh.es%2Fit%2Fproductos%2Fe-scooters-it%2Fscooter-elettrico-spuma-li-cargo%2F|title:Spuma%20Li%20Cargo|target:%20_blank|&#8221;][vc_column_text font_size=&#8221;xlarger&#8221;]<\/p>\n<p><span class=\"tlid-translation translation\" lang=\"it\"><span class=\"\" title=\"\">Versione<strong> CARGO<\/strong> dello <strong>Spuma Li 5K<\/strong>, con le stesse caratteristiche del nostro Scooter, ma concepito e progettato per la consegna in citt\u00e0.<\/span> <span class=\"\" title=\"\">Dotata di una grande autonomia per poter adempiere alla giornata lavorativa, \u00e8 l&#8217;opzione pi\u00f9 adatta per muoversi con agilit\u00e0 negli ingorghi della citt\u00e0, e raggiungere velocemente le periferie.<\/span><\/span><\/p>\n<p>[\/vc_column_text][\/vc_column_inner][vc_column_inner width=&#8221;1\/2&#8243;][vc_single_image image=&#8221;9965&#8243; img_size=&#8221;500&#215;500&#8243; alignment=&#8221;center&#8221; onclick=&#8221;zoom&#8221; css_animation=&#8221;fadeIn&#8221;][\/vc_column_inner][\/vc_row_inner][vc_row_inner equal_height=&#8221;yes&#8221; content_placement=&#8221;middle&#8221; el_class=&#8221;caracteristicas&#8221;][vc_column_inner width=&#8221;1\/2&#8243;][vc_single_image image=&#8221;9489&#8243; img_size=&#8221;500&#215;500&#8243; alignment=&#8221;center&#8221; onclick=&#8221;zoom&#8221; css_animation=&#8221;fadeIn&#8221;][\/vc_column_inner][vc_column_inner width=&#8221;1\/2&#8243;][vc_custom_heading text=&#8221;Strada 20th 10K&#8221; font_container=&#8221;tag:h2|text_align:center&#8221; use_theme_fonts=&#8221;yes&#8221; link=&#8221;url:https%3A%2F%2Febroh.es%2Fit%2Fproductos%2Fe-maxi-scooters-it%2Fscooter-elettrico-strada-20th-10k%2F|title:Strada%2020th|target:%20_blank|&#8221;][vc_column_text font_size=&#8221;xlarger&#8221;]<\/p>\n<p><span class=\"tlid-translation translation\" lang=\"it\"><span title=\"\"><strong>Ebroh<\/strong> Maxi Scooter con le qualit\u00e0 perfette per circolare nella citt\u00e0 attuale.<\/span> <span title=\"\"><strong>Strada 20th 10K<\/strong> combina velocit\u00e0 e comfort in uno scooter di tipo Sport.<\/span> <span title=\"\">Fino a 130 km \/ h.<\/span> <span title=\"\">Autonomia fino a 150 Km. Freno RIGENERATIVO.<\/span> <span title=\"\">Batteria al litio da 72 V con 93 Ah.<\/span> <span class=\"\" title=\"\">Motore dalle prestazioni di 10.000 Watt e nuovo BMS con forza di accelerazione di 260A.<\/span><\/span><\/p>\n<p>[\/vc_column_text][\/vc_column_inner][\/vc_row_inner][\/vc_column][vc_column width=&#8221;1\/6&#8243;][\/vc_column][\/vc_row]<\/p>\n<\/section>","protected":false},"excerpt":{"rendered":"<p>[vc_row full_width=&#8221;stretch_row_content_no_spaces&#8221; full_height=&#8221;yes&#8221; columns_placement=&#8221;stretch&#8221; equal_height=&#8221;yes&#8221; content_placement=&#8221;middle&#8221; video_bg=&#8221;yes&#8221; video_bg_url=&#8221;https:\/\/www.youtube.com\/watch?v=hky76zovTzc&#8221; css=&#8221;.vc_custom_1613383231588{padding-top: 0px !important;padding-bottom: 0px !important;}&#8221; el_id=&#8221;home-video&#8221;][vc_column][vc_column_text css_animation=&#8221;appear&#8221; font_size=&#8221;xlarger&#8221;] EBROH SCOOTERS ELETTRICO [\/vc_column_text][\/vc_column][\/vc_row][vc_row full_width=&#8221;stretch_row_content&#8221; css=&#8221;.vc_custom_1542911284138{margin-bottom: 30px !important;}&#8221;][vc_column width=&#8221;1\/6&#8243;][\/vc_column][vc_column width=&#8221;2\/3&#8243;][vc_custom_heading text=&#8221;Modelli EBROH ELETTRICI&#8221; font_container=&#8221;tag:h2|font_size:46px|text_align:center&#8221; use_theme_fonts=&#8221;yes&#8221;][vc_separator][vc_column_text font_size=&#8221;xlarge&#8221; el_class=&#8221;claim&#8221;] Consapevole dell&#8217;importanza e delle potenzialit\u00e0 degli scooter elettrici, l&#8217;azienda con capitale spagnola al 100% Ebroh nasce con [&hellip;]<\/p>\n","protected":false},"author":1,"featured_media":0,"parent":0,"menu_order":0,"comment_status":"closed","ping_status":"closed","template":"","meta":{"footnotes":""},"class_list":["post-9961","page","type-page","status-publish","hentry"],"_links":{"self":[{"href":"https:\/\/ebroh.eu\/it\/wp-json\/wp\/v2\/pages\/9961","targetHints":{"allow":["GET"]}}],"collection":[{"href":"https:\/\/ebroh.eu\/it\/wp-json\/wp\/v2\/pages"}],"about":[{"href":"https:\/\/ebroh.eu\/it\/wp-json\/wp\/v2\/types\/page"}],"author":[{"embeddable":true,"href":"https:\/\/ebroh.eu\/it\/wp-json\/wp\/v2\/users\/1"}],"replies":[{"embeddable":true,"href":"https:\/\/ebroh.eu\/it\/wp-json\/wp\/v2\/comments?post=9961"}],"version-history":[{"count":24,"href":"https:\/\/ebroh.eu\/it\/wp-json\/wp\/v2\/pages\/9961\/revisions"}],"predecessor-version":[{"id":18307,"href":"https:\/\/ebroh.eu\/it\/wp-json\/wp\/v2\/pages\/9961\/revisions\/18307"}],"wp:attachment":[{"href":"https:\/\/ebroh.eu\/it\/wp-json\/wp\/v2\/media?parent=9961"}],"curies":[{"name":"wp","href":"https:\/\/api.w.org\/{rel}","templated":true}]}}