{"id":9894,"date":"2020-10-16T15:43:59","date_gmt":"2020-10-16T13:43:59","guid":{"rendered":"https:\/\/ebroh.es\/caratteristiche-bravo-gle\/"},"modified":"2021-06-25T14:59:13","modified_gmt":"2021-06-25T12:59:13","slug":"caratteristiche-bravo-gle","status":"publish","type":"page","link":"https:\/\/ebroh.eu\/it\/caratteristiche-bravo-gle\/","title":{"rendered":"NAKED ELETTRICO"},"content":{"rendered":"<section class=\"wpb-content-wrapper\"><p>[vc_row full_width=&#8221;stretch_row_content_no_spaces&#8221; full_height=&#8221;yes&#8221; columns_placement=&#8221;stretch&#8221; equal_height=&#8221;yes&#8221; content_placement=&#8221;middle&#8221; video_bg=&#8221;yes&#8221; video_bg_url=&#8221;https:\/\/www.youtube.com\/watch?v=8HtJYaW0dgE&#8221; css=&#8221;.vc_custom_1592209763465{padding-top: 0px !important;padding-bottom: 0px !important;}&#8221; el_id=&#8221;home-video&#8221;][vc_column]<div class=\"vntd-icon-box vntd-content-element box-centered-outline icon-size-lg box-centered box-with-bg bg-color-custom  animated vntd-animated  icon-box-with-link\" data-animation=\"fadeIn\" data-animation-delay=\"3000\"><a href=\"https:\/\/ebroh.es\/productos\/naked-electricas\/bravo-gle\/\" target=\"_self\"><div class=\"icon-box-icon color-dark\"><i class=\"fa fa-heart-o\"><\/i><\/div><div class=\"icon-box-content\"><h5 class=\"icon-box-title\"style=\"color:ffffff!important;\"><\/h5><p class=\"icon-description\"><\/p><\/div><\/a><\/div>[vc_column_text css_animation=&#8221;appear&#8221; font_size=&#8221;xlarger&#8221;]<\/p>\n<h1 style=\"text-align: center;\"><span style=\"color: #999999;\"><strong><span class=\"tlid-translation translation\" lang=\"it\" style=\"color: #ffffff;\"><span class=\"\" title=\"\">Nuovo<\/span><\/span> BRAVO GLE<\/strong><\/span><\/h1>\n<h2 style=\"text-align: center;\"><span style=\"color: #00ffff;\"><span class=\"tlid-translation translation\" lang=\"it\"><span class=\"\" title=\"\">Cuore elettrico<\/span><\/span><\/span><\/h2>\n<p>[\/vc_column_text][\/vc_column][\/vc_row][vc_row full_width=&#8221;stretch_row_content&#8221; css=&#8221;.vc_custom_1542911284138{margin-bottom: 30px !important;}&#8221;][vc_column width=&#8221;1\/6&#8243;][\/vc_column][vc_column width=&#8221;2\/3&#8243;][vc_custom_heading text=&#8221;Modello elettrico NAKED BRAVO GLE&#8221; font_container=&#8221;tag:h2|font_size:46px|text_align:center&#8221; use_theme_fonts=&#8221;yes&#8221;][vc_separator][vc_column_text font_size=&#8221;xlarge&#8221; el_class=&#8221;claim&#8221;]<\/p>\n<p><span class=\"tlid-translation translation\" lang=\"it\"><span class=\"\" title=\"\">Il progetto <strong>Ebroh Bravo GLE<\/strong> \u00e8 iniziato quasi due anni fa con l&#8217;omologazione in Spagna, presso gli stabilimenti IDIADA di Tarragona, che ha creato le basi per lo sviluppo della prima motocicletta sportiva elettrica sviluppata in Spagna.<\/span> <span class=\"\" title=\"\">Il profilo della <strong>Ebroh Bravo GLE<\/strong> elettrica \u00e8 l&#8217;immagine della moto che resta nella nostra retina, la silhouette di una moto moderna e sportiva.<\/span> <span title=\"\"><strong>Ebroh<\/strong> ha optato per un approccio decisamente <em>&#8220;Sport Touring&#8221;<\/em> per la sua prima motocicletta elettrica, sviluppata e messa a punto a Saragozza per l&#8217;intero mercato europeo.<\/span> <span title=\"\">L&#8217;<strong>Ebroh Bravo GLE<\/strong> segue questa tendenza vista nella stragrande maggioranza delle biciclette sportive multiuso.<\/span> <span title=\"\">Questi addolciscono la postura di guida cercando di adottare una posizione di guida pi\u00f9 ergonomica, e mitigano cos\u00ec il pi\u00f9 possibile l&#8217;aspetto della fatica quando si accumulano i chilometri.<\/span><\/span><\/p>\n<h1 style=\"text-align: center;\"><span class=\"tlid-translation translation\" lang=\"it\"><span class=\"\" title=\"\">SCOPRIRE<\/span><\/span><\/h1>\n<p>[\/vc_column_text][\/vc_column][vc_column width=&#8221;1\/6&#8243;][\/vc_column][\/vc_row][vc_row css=&#8221;.vc_custom_1542282900615{margin-top: 0px !important;margin-bottom: 0px !important;border-bottom-width: 0px !important;padding-top: 0px !important;}&#8221;][vc_column width=&#8221;1\/3&#8243; css=&#8221;.vc_custom_1542282847412{margin-bottom: 0px !important;padding-bottom: 0px !important;}&#8221;][vc_images_carousel images=&#8221;11023,9234,9916&#8243; img_size=&#8221;medium&#8221; onclick=&#8221;link_no&#8221; speed=&#8221;2500&#8243; autoplay=&#8221;yes&#8221; hide_pagination_control=&#8221;yes&#8221; hide_prev_next_buttons=&#8221;yes&#8221; wrap=&#8221;yes&#8221; css_animation=&#8221;fadeIn&#8221;][\/vc_column][vc_column width=&#8221;1\/3&#8243;][vc_images_carousel images=&#8221;9228,9227,9226&#8243; img_size=&#8221;medium&#8221; onclick=&#8221;link_no&#8221; speed=&#8221;2500&#8243; autoplay=&#8221;yes&#8221; hide_pagination_control=&#8221;yes&#8221; hide_prev_next_buttons=&#8221;yes&#8221; wrap=&#8221;yes&#8221; css_animation=&#8221;fadeIn&#8221;][\/vc_column][vc_column width=&#8221;1\/3&#8243;][vc_images_carousel images=&#8221;9229,9231,9230&#8243; img_size=&#8221;medium&#8221; onclick=&#8221;link_no&#8221; speed=&#8221;2500&#8243; autoplay=&#8221;yes&#8221; hide_pagination_control=&#8221;yes&#8221; hide_prev_next_buttons=&#8221;yes&#8221; wrap=&#8221;yes&#8221; css_animation=&#8221;fadeIn&#8221;][\/vc_column][\/vc_row][vc_row full_width=&#8221;stretch_row_content&#8221; equal_height=&#8221;yes&#8221;][vc_column width=&#8221;1\/6&#8243;][\/vc_column][vc_column width=&#8221;2\/3&#8243; col_padding_side=&#8221;top_bottom&#8221;][vc_row_inner equal_height=&#8221;yes&#8221; content_placement=&#8221;middle&#8221; el_class=&#8221;caracteristicas&#8221;][vc_column_inner width=&#8221;1\/2&#8243;][vc_single_image image=&#8221;9913&#8243; img_size=&#8221;500&#215;500&#8243; alignment=&#8221;center&#8221; onclick=&#8221;zoom&#8221; css_animation=&#8221;fadeIn&#8221;][\/vc_column_inner][vc_column_inner width=&#8221;1\/2&#8243;][vc_custom_heading text=&#8221;Dimensioni generose&#8221; font_container=&#8221;tag:h2|text_align:center&#8221; use_theme_fonts=&#8221;yes&#8221; link=&#8221;url:https%3A%2F%2Febroh.es%2Fit%2Fproductos%2Fnaked-electricas-it%2Fbravo-gle%2F|&#8221;][vc_column_text font_size=&#8221;xlarge&#8221;]<\/p>\n<p><span class=\"tlid-translation translation\" lang=\"it\"><span class=\"\" title=\"\">Le dimensioni generali della nuova <strong>Ebroh Bravo GLE<\/strong> sono state generosamente disegnate.<\/span> <span class=\"\" title=\"\">Le sue misure sono 2.060 mm di lunghezza per 1.110 mm di altezza.<\/span> <span title=\"\">Il passo di 1.410 mm.<\/span> <span class=\"\" title=\"\">Il suo peso \u00e8 di 147 Kg.<\/span><\/p>\n<p><span class=\"\" title=\"\">Il telaio \u00e8 composto da una doppia culla superiore e una seconda inferiore, che abbraccia sui quattro lati il \u200b\u200bsuo accumulatore Nickel Cobalt.<\/span> <span class=\"\" title=\"\">La struttura in tubi di acciaio che ci fornisce, oltre a leggerezza, stabilit\u00e0, rigidit\u00e0 e capacit\u00e0 torsionale allo stesso modo.<\/span><\/span><\/p>\n<p>[\/vc_column_text][\/vc_column_inner][\/vc_row_inner][\/vc_column][vc_column width=&#8221;1\/6&#8243;][\/vc_column][\/vc_row][vc_row full_width=&#8221;stretch_row_content&#8221; equal_height=&#8221;yes&#8221;][vc_column width=&#8221;1\/6&#8243;][\/vc_column][vc_column width=&#8221;2\/3&#8243; col_padding_side=&#8221;top_bottom&#8221;][vc_row_inner equal_height=&#8221;yes&#8221; content_placement=&#8221;middle&#8221; el_class=&#8221;caracteristicas&#8221;][vc_column_inner width=&#8221;1\/2&#8243;][vc_custom_heading text=&#8221;Parte del ciclo&#8221; font_container=&#8221;tag:h2|text_align:center&#8221; use_theme_fonts=&#8221;yes&#8221; link=&#8221;url:https%3A%2F%2Febroh.es%2Fit%2Fproductos%2Fnaked-electricas-it%2Fbravo-gle%2F|&#8221;][vc_column_text font_size=&#8221;xlarger&#8221;]<\/p>\n<p><span class=\"tlid-translation translation\" lang=\"it\"><span class=\"\" title=\"\">Per l&#8217;<strong>Ebroh Bravo GLE<\/strong> \u00e8 stata selezionata una forcella idraulica con un diametro di 35 mm senza regolazioni.<\/span> <span title=\"\">Anche i reggisella sono oversize, con una misura di 194 mm.<\/span> <span title=\"\">tra i centri degli ancoraggi della barra appendiabiti.<\/span> <span class=\"\" title=\"\">Dietro c&#8217;\u00e8 un semplice monoammortizzatore con corsa di 100 mm.<\/span> <span class=\"\" title=\"\">La parte ciclo si completa con una buona dotazione di cerchi (17 &#8221;), ruote (110\/70 anteriori; 140\/70 posteriori), pneumatici tubeless e freni a doppio disco sulla ruota anteriore e pinze a doppio pistoncino parallelo e disco singolo<\/span> <span title=\"\">dietro a.<\/span> <span title=\"\">Incorpora il sistema di distribuzione della frenata CBS.<\/span><\/span><\/p>\n<p>[\/vc_column_text][\/vc_column_inner][vc_column_inner width=&#8221;1\/2&#8243;][vc_single_image image=&#8221;9914&#8243; img_size=&#8221;500&#215;500&#8243; alignment=&#8221;center&#8221; onclick=&#8221;zoom&#8221; css_animation=&#8221;fadeIn&#8221;][\/vc_column_inner][\/vc_row_inner][\/vc_column][vc_column width=&#8221;1\/6&#8243;][\/vc_column][\/vc_row][vc_row full_width=&#8221;stretch_row_content&#8221; equal_height=&#8221;yes&#8221;][vc_column width=&#8221;1\/6&#8243;][\/vc_column][vc_column width=&#8221;2\/3&#8243; col_padding_side=&#8221;top_bottom&#8221;][vc_row_inner equal_height=&#8221;yes&#8221; content_placement=&#8221;middle&#8221; el_class=&#8221;caracteristicas&#8221;][vc_column_inner width=&#8221;1\/2&#8243;][vc_single_image image=&#8221;9912&#8243; img_size=&#8221;500&#215;500&#8243; alignment=&#8221;center&#8221; onclick=&#8221;zoom&#8221; css_animation=&#8221;fadeIn&#8221;][\/vc_column_inner][vc_column_inner width=&#8221;1\/2&#8243;][vc_custom_heading text=&#8221;Batteria centrale e motore @Brushless 5kW&#8221; font_container=&#8221;tag:h2|text_align:center&#8221; use_theme_fonts=&#8221;yes&#8221; link=&#8221;url:https%3A%2F%2Febroh.es%2Fit%2Fproductos%2Fnaked-electricas-it%2Fbravo-gle%2F|&#8221;][vc_column_text font_size=&#8221;xlarger&#8221;]<\/p>\n<div class=\"text-wrap tlid-copy-target\">\n<div class=\"result-shield-container tlid-copy-target\" tabindex=\"0\"><span class=\"tlid-translation translation\" lang=\"it\"><span class=\"\" title=\"\">Batteria centrale ternaria agli Ioni di Litio, Ni-Co, 72V 80Ah, con un peso complessivo di 35 Kg. La posizione centrale e nella parte inferiore del <strong>Bravo GLE<\/strong> favorisce stabilit\u00e0, controllo dell&#8217;inerzia e carico nei movimenti<\/span> <span title=\"\">.<\/span> <span title=\"\">Il sistema di ricarica \u00e8 monitorato, funziona con una tensione di installazione domestica.<\/span> <span title=\"\">Il caricabatterie \u00e8 esterno e il tempo medio per la ricarica completa \u00e8 di circa 5 ore.<\/span><\/p>\n<p><span title=\"\">Il motore funziona con una tensione di 72V e produce 5kW.<\/span> <span title=\"\">\u00c8 un motore sincrono &#8220;Brushless&#8221;.<\/span> <span class=\"\" title=\"\">In termini di prestazioni, la velocit\u00e0 massima dell&#8217;<strong>Ebroh Bravo GLE<\/strong> \u00e8 di 90 km \/ he offre un&#8217;autonomia di 100 km.<\/span><\/span><\/div>\n<\/div>\n<div class=\"tlid-result-transliteration-container result-transliteration-container transliteration-container\">\n<div class=\"tlid-transliteration-content transliteration-content full\">\u00a0<\/div>\n<\/div>\n<div class=\"result-footer source-or-target-footer tlid-copy-target\">\u00a0<\/div>\n<p>[\/vc_column_text][\/vc_column_inner][\/vc_row_inner][\/vc_column][vc_column width=&#8221;1\/6&#8243;][\/vc_column][\/vc_row][vc_row full_width=&#8221;stretch_row_content&#8221; equal_height=&#8221;yes&#8221;][vc_column width=&#8221;1\/6&#8243;][\/vc_column][vc_column width=&#8221;2\/3&#8243; col_padding_side=&#8221;top_bottom&#8221;][vc_row_inner equal_height=&#8221;yes&#8221; content_placement=&#8221;middle&#8221; el_class=&#8221;caracteristicas&#8221;][vc_column_inner width=&#8221;1\/2&#8243;][vc_custom_heading text=&#8221;Controlli, strumentazione e illuminazione.&#8221; font_container=&#8221;tag:h2|text_align:center&#8221; use_theme_fonts=&#8221;yes&#8221; link=&#8221;url:https%3A%2F%2Febroh.es%2Fit%2Fproductos%2Fnaked-electricas-it%2Fbravo-gle%2F|&#8221;][vc_column_text font_size=&#8221;xlarger&#8221;]<\/p>\n<div class=\"text-wrap tlid-copy-target\">\n<div class=\"result-shield-container tlid-copy-target\" tabindex=\"0\"><span class=\"tlid-translation translation\" lang=\"it\"><span title=\"\">Ogni leva del <strong>Bravo GLE<\/strong> aziona i freni su ogni asse, eliminando il cambio e la leva della frizione comuni ai motori a benzina.<\/span> <span title=\"\">Ha una manopola rotante per selezionare le modalit\u00e0 di guida, retromarcia, citt\u00e0, autostrada o posizione neutra.<\/span><\/p>\n<p><span title=\"\">La strumentazione \u00e8 unificata in un orologio digitale centrale con tachimetro, contachilometri, carica batteria, orologio e indicatori per luci, indicatori di direzione e modalit\u00e0 di guida selezionata.<\/span><\/p>\n<p><span title=\"\">Le luci anteriori, posteriori e degli indicatori di direzione sono realizzate con diodi LED.<\/span> <span title=\"\">Il faro centrale \u00e8 costituito da una doppia ottica ellissoidale, anch&#8217;essa LED.<\/span><\/span><\/div>\n<\/div>\n<div class=\"tlid-result-transliteration-container result-transliteration-container transliteration-container\">\n<div class=\"tlid-transliteration-content transliteration-content full\">\u00a0<\/div>\n<\/div>\n<p>[\/vc_column_text][\/vc_column_inner][vc_column_inner width=&#8221;1\/2&#8243;][vc_single_image image=&#8221;9911&#8243; img_size=&#8221;500&#215;500&#8243; alignment=&#8221;center&#8221; onclick=&#8221;zoom&#8221; css_animation=&#8221;fadeIn&#8221;][\/vc_column_inner][\/vc_row_inner][\/vc_column][vc_column width=&#8221;1\/6&#8243;][\/vc_column][\/vc_row][vc_row][vc_column][vc_gallery type=&#8221;image_grid&#8221; images=&#8221;9907,9908,9909,9910&#8243; img_size=&#8221;medium&#8221; css_animation=&#8221;fadeIn&#8221;][vc_custom_heading text=&#8221;ANDARE AL NEGOZIO&#8221; font_container=&#8221;tag:h3|text_align:center|color:%23df4104&#8243; use_theme_fonts=&#8221;yes&#8221; css_animation=&#8221;fadeInRight&#8221; link=&#8221;url:https%3A%2F%2Febroh.es%2Fit%2Fproductos%2Fnaked-electricas-it%2Fbravo-gle%2F|&#8221;][\/vc_column][\/vc_row]<\/p>\n<\/section>","protected":false},"excerpt":{"rendered":"<p>[vc_row full_width=&#8221;stretch_row_content_no_spaces&#8221; full_height=&#8221;yes&#8221; columns_placement=&#8221;stretch&#8221; equal_height=&#8221;yes&#8221; content_placement=&#8221;middle&#8221; video_bg=&#8221;yes&#8221; video_bg_url=&#8221;https:\/\/www.youtube.com\/watch?v=8HtJYaW0dgE&#8221; css=&#8221;.vc_custom_1592209763465{padding-top: 0px !important;padding-bottom: 0px !important;}&#8221; el_id=&#8221;home-video&#8221;][vc_column][vc_column_text css_animation=&#8221;appear&#8221; font_size=&#8221;xlarger&#8221;] Nuovo BRAVO GLE Cuore elettrico [\/vc_column_text][\/vc_column][\/vc_row][vc_row full_width=&#8221;stretch_row_content&#8221; css=&#8221;.vc_custom_1542911284138{margin-bottom: 30px !important;}&#8221;][vc_column width=&#8221;1\/6&#8243;][\/vc_column][vc_column width=&#8221;2\/3&#8243;][vc_custom_heading text=&#8221;Modello elettrico NAKED BRAVO GLE&#8221; font_container=&#8221;tag:h2|font_size:46px|text_align:center&#8221; use_theme_fonts=&#8221;yes&#8221;][vc_separator][vc_column_text font_size=&#8221;xlarge&#8221; el_class=&#8221;claim&#8221;] Il progetto Ebroh Bravo GLE \u00e8 iniziato quasi due anni fa con l&#8217;omologazione [&hellip;]<\/p>\n","protected":false},"author":3,"featured_media":0,"parent":0,"menu_order":0,"comment_status":"closed","ping_status":"closed","template":"","meta":{"footnotes":""},"class_list":["post-9894","page","type-page","status-publish","hentry"],"_links":{"self":[{"href":"https:\/\/ebroh.eu\/it\/wp-json\/wp\/v2\/pages\/9894","targetHints":{"allow":["GET"]}}],"collection":[{"href":"https:\/\/ebroh.eu\/it\/wp-json\/wp\/v2\/pages"}],"about":[{"href":"https:\/\/ebroh.eu\/it\/wp-json\/wp\/v2\/types\/page"}],"author":[{"embeddable":true,"href":"https:\/\/ebroh.eu\/it\/wp-json\/wp\/v2\/users\/3"}],"replies":[{"embeddable":true,"href":"https:\/\/ebroh.eu\/it\/wp-json\/wp\/v2\/comments?post=9894"}],"version-history":[{"count":8,"href":"https:\/\/ebroh.eu\/it\/wp-json\/wp\/v2\/pages\/9894\/revisions"}],"predecessor-version":[{"id":16981,"href":"https:\/\/ebroh.eu\/it\/wp-json\/wp\/v2\/pages\/9894\/revisions\/16981"}],"wp:attachment":[{"href":"https:\/\/ebroh.eu\/it\/wp-json\/wp\/v2\/media?parent=9894"}],"curies":[{"name":"wp","href":"https:\/\/api.w.org\/{rel}","templated":true}]}}